{"id":7405,"date":"2023-08-07T08:42:35","date_gmt":"2023-08-07T08:42:35","guid":{"rendered":"https:\/\/turismo-sj.developersasapglobalsolution.com\/oligarquia-alicante\/"},"modified":"2023-09-19T15:30:05","modified_gmt":"2023-09-19T15:30:05","slug":"oligarquia-alicante","status":"publish","type":"page","link":"https:\/\/turismosantjoan.es\/ca\/oligarquia-alicante\/","title":{"rendered":"Oligarquia alicante"},"content":{"rendered":"\t\t<div data-elementor-type=\"wp-page\" data-elementor-id=\"7405\" class=\"elementor elementor-7405 elementor-4376\" data-elementor-post-type=\"page\">\n\t\t\t\t\t\t<section class=\"elementor-section elementor-top-section elementor-element elementor-element-c4a2602 elementor-section-content-middle elementor-section-boxed elementor-section-height-default elementor-section-height-default\" data-id=\"c4a2602\" data-element_type=\"section\" data-e-type=\"section\" data-settings=\"{&quot;background_background&quot;:&quot;classic&quot;,&quot;shape_divider_bottom&quot;:&quot;mountains&quot;,&quot;shape_divider_top&quot;:&quot;mountains&quot;}\">\n\t\t\t\t\t\t\t<div class=\"elementor-background-overlay\"><\/div>\n\t\t\t\t\t\t<div class=\"elementor-shape elementor-shape-top\" aria-hidden=\"true\" data-negative=\"false\">\n\t\t\t<svg xmlns=\"http:\/\/www.w3.org\/2000\/svg\" viewBox=\"0 0 1000 100\" preserveAspectRatio=\"none\">\n\t<path class=\"elementor-shape-fill\" opacity=\"0.33\" d=\"M473,67.3c-203.9,88.3-263.1-34-320.3,0C66,119.1,0,59.7,0,59.7V0h1000v59.7 c0,0-62.1,26.1-94.9,29.3c-32.8,3.3-62.8-12.3-75.8-22.1C806,49.6,745.3,8.7,694.9,4.7S492.4,59,473,67.3z\"\/>\n\t<path class=\"elementor-shape-fill\" opacity=\"0.66\" d=\"M734,67.3c-45.5,0-77.2-23.2-129.1-39.1c-28.6-8.7-150.3-10.1-254,39.1 s-91.7-34.4-149.2,0C115.7,118.3,0,39.8,0,39.8V0h1000v36.5c0,0-28.2-18.5-92.1-18.5C810.2,18.1,775.7,67.3,734,67.3z\"\/>\n\t<path class=\"elementor-shape-fill\" d=\"M766.1,28.9c-200-57.5-266,65.5-395.1,19.5C242,1.8,242,5.4,184.8,20.6C128,35.8,132.3,44.9,89.9,52.5C28.6,63.7,0,0,0,0 h1000c0,0-9.9,40.9-83.6,48.1S829.6,47,766.1,28.9z\"\/>\n<\/svg>\t\t<\/div>\n\t\t\t\t<div class=\"elementor-shape elementor-shape-bottom\" aria-hidden=\"true\" data-negative=\"false\">\n\t\t\t<svg xmlns=\"http:\/\/www.w3.org\/2000\/svg\" viewBox=\"0 0 1000 100\" preserveAspectRatio=\"none\">\n\t<path class=\"elementor-shape-fill\" opacity=\"0.33\" d=\"M473,67.3c-203.9,88.3-263.1-34-320.3,0C66,119.1,0,59.7,0,59.7V0h1000v59.7 c0,0-62.1,26.1-94.9,29.3c-32.8,3.3-62.8-12.3-75.8-22.1C806,49.6,745.3,8.7,694.9,4.7S492.4,59,473,67.3z\"\/>\n\t<path class=\"elementor-shape-fill\" opacity=\"0.66\" d=\"M734,67.3c-45.5,0-77.2-23.2-129.1-39.1c-28.6-8.7-150.3-10.1-254,39.1 s-91.7-34.4-149.2,0C115.7,118.3,0,39.8,0,39.8V0h1000v36.5c0,0-28.2-18.5-92.1-18.5C810.2,18.1,775.7,67.3,734,67.3z\"\/>\n\t<path class=\"elementor-shape-fill\" d=\"M766.1,28.9c-200-57.5-266,65.5-395.1,19.5C242,1.8,242,5.4,184.8,20.6C128,35.8,132.3,44.9,89.9,52.5C28.6,63.7,0,0,0,0 h1000c0,0-9.9,40.9-83.6,48.1S829.6,47,766.1,28.9z\"\/>\n<\/svg>\t\t<\/div>\n\t\t\t\t\t<div class=\"elementor-container elementor-column-gap-no\">\n\t\t\t\t\t<div class=\"elementor-column elementor-col-100 elementor-top-column elementor-element elementor-element-d6d3aea\" data-id=\"d6d3aea\" data-element_type=\"column\" data-e-type=\"column\" data-settings=\"{&quot;background_background&quot;:&quot;classic&quot;}\">\n\t\t\t<div class=\"elementor-widget-wrap elementor-element-populated\">\n\t\t\t\t\t\t<section class=\"elementor-section elementor-inner-section elementor-element elementor-element-5617189 elementor-section-full_width elementor-section-height-default elementor-section-height-default\" data-id=\"5617189\" data-element_type=\"section\" data-e-type=\"section\">\n\t\t\t\t\t\t<div class=\"elementor-container elementor-column-gap-default\">\n\t\t\t\t\t<div class=\"elementor-column elementor-col-100 elementor-inner-column elementor-element elementor-element-7f51222\" data-id=\"7f51222\" data-element_type=\"column\" data-e-type=\"column\">\n\t\t\t<div class=\"elementor-widget-wrap elementor-element-populated\">\n\t\t\t\t\t\t<div class=\"elementor-element elementor-element-70d24a6 elementor-invisible elementor-widget elementor-widget-heading\" data-id=\"70d24a6\" data-element_type=\"widget\" data-e-type=\"widget\" data-settings=\"{&quot;_animation&quot;:&quot;fadeInUp&quot;,&quot;_animation_delay&quot;:100}\" data-widget_type=\"heading.default\">\n\t\t\t\t<div class=\"elementor-widget-container\">\n\t\t\t\t\t<h1 class=\"elementor-heading-title elementor-size-default\">OLIGARQUIA ALACANTINA<\/h1>\t\t\t\t<\/div>\n\t\t\t\t<\/div>\n\t\t\t\t\t<\/div>\n\t\t<\/div>\n\t\t\t\t\t<\/div>\n\t\t<\/section>\n\t\t\t\t\t<\/div>\n\t\t<\/div>\n\t\t\t\t\t<\/div>\n\t\t<\/section>\n\t\t\t\t<section class=\"elementor-section elementor-top-section elementor-element elementor-element-5ba2946 elementor-section-boxed elementor-section-height-default elementor-section-height-default\" data-id=\"5ba2946\" data-element_type=\"section\" data-e-type=\"section\">\n\t\t\t\t\t\t<div class=\"elementor-container elementor-column-gap-default\">\n\t\t\t\t\t<div class=\"elementor-column elementor-col-100 elementor-top-column elementor-element elementor-element-6861ef6\" data-id=\"6861ef6\" data-element_type=\"column\" data-e-type=\"column\">\n\t\t\t<div class=\"elementor-widget-wrap elementor-element-populated\">\n\t\t\t\t\t\t<div class=\"elementor-element elementor-element-35fb122 elementor-widget elementor-widget-text-editor\" data-id=\"35fb122\" data-element_type=\"widget\" data-e-type=\"widget\" data-widget_type=\"text-editor.default\">\n\t\t\t\t<div class=\"elementor-widget-container\">\n\t\t\t\t\t\t\t\t\t<p>Al llarg dels segles XVIII i XIX es va produir un enorme desenvolupament del comer\u00e7 a Alacant, gr\u00e0cies al qual va emergir en la capital una <strong>burgesia<\/strong> la influ\u00e8ncia de la qual es va estendre a les localitats pr\u00f2ximes. Aquesta burgesia adinerada va comen\u00e7ar a gaudir de l&#8217;oci que es visibilitzava en els caf\u00e9s, els teatres, les corregudes de bous, els banys p\u00fablics i en les celebracions tant religioses com profanes, on van destacar els carnestoltes, els cert\u00e0mens literaris i els jocs florals, principalment. Amb aix\u00f2 es pretenia mostrar l&#8217;estrat social al qual es pertanyia, tractant-se amb les classes acabalades de la capital, i buscant un reconeixement social similar al de la noblesa tradicional.<\/p>\t\t\t\t\t\t\t\t<\/div>\n\t\t\t\t<\/div>\n\t\t\t\t<div class=\"elementor-element elementor-element-be461ee elementor-widget elementor-widget-image\" data-id=\"be461ee\" data-element_type=\"widget\" data-e-type=\"widget\" data-widget_type=\"image.default\">\n\t\t\t\t<div class=\"elementor-widget-container\">\n\t\t\t\t\t\t\t\t\t\t\t\t\t\t\t<img fetchpriority=\"high\" decoding=\"async\" width=\"800\" height=\"598\" src=\"https:\/\/turismosantjoan.es\/wp-content\/uploads\/2023\/07\/oligarquia-4-1024x766.jpg\" class=\"attachment-large size-large wp-image-502\" alt=\"\" srcset=\"https:\/\/turismosantjoan.es\/wp-content\/uploads\/2023\/07\/oligarquia-4-1024x766.jpg 1024w, https:\/\/turismosantjoan.es\/wp-content\/uploads\/2023\/07\/oligarquia-4-300x224.jpg 300w, https:\/\/turismosantjoan.es\/wp-content\/uploads\/2023\/07\/oligarquia-4-768x574.jpg 768w, https:\/\/turismosantjoan.es\/wp-content\/uploads\/2023\/07\/oligarquia-4-1536x1148.jpg 1536w, https:\/\/turismosantjoan.es\/wp-content\/uploads\/2023\/07\/oligarquia-4.jpg 1656w\" sizes=\"(max-width: 800px) 100vw, 800px\" \/>\t\t\t\t\t\t\t\t\t\t\t\t\t\t\t<\/div>\n\t\t\t\t<\/div>\n\t\t\t\t<div class=\"elementor-element elementor-element-3c7b355 elementor-widget elementor-widget-text-editor\" data-id=\"3c7b355\" data-element_type=\"widget\" data-e-type=\"widget\" data-widget_type=\"text-editor.default\">\n\t\t\t\t<div class=\"elementor-widget-container\">\n\t\t\t\t\t\t\t\t\t<p>Plaza de Bous d&#8217;Alacant. Finals del S. XIX<\/p>\t\t\t\t\t\t\t\t<\/div>\n\t\t\t\t<\/div>\n\t\t\t\t<div class=\"elementor-element elementor-element-edf39ad elementor-widget elementor-widget-text-editor\" data-id=\"edf39ad\" data-element_type=\"widget\" data-e-type=\"widget\" data-widget_type=\"text-editor.default\">\n\t\t\t\t<div class=\"elementor-widget-container\">\n\t\t\t\t\t\t\t\t\t<p>\u00c9s a partir d&#8217;aquest moment quan aquestes classes acomodades van comen\u00e7ar a comprar les millors finques de l&#8217;Horta alacantina, com a signes de distinci\u00f3 social i de riquesa. Es van adquirir viles <strong>en les partides d&#8217;Orgegia, La Condomina, T\u00e1ngel, Santa Fa\u00e7 i en els municipis del Campello, Mutxamel i Sant Joan d&#8217;Alacant.<\/strong> Aquestes finques no van ser llocs on nom\u00e9s passar per\u00edodes curts de temps, sin\u00f3 que es van arribar a ocupar des dels mesos d&#8217;abril-maig fins a setembre-octubre, i a vegades fins a principis de desembre. Aquesta activitat va ser coneguda entre la burgesia local com l&#8217;estiueig. <\/p>\t\t\t\t\t\t\t\t<\/div>\n\t\t\t\t<\/div>\n\t\t\t\t<section class=\"elementor-section elementor-inner-section elementor-element elementor-element-9a512d5 elementor-section-boxed elementor-section-height-default elementor-section-height-default\" data-id=\"9a512d5\" data-element_type=\"section\" data-e-type=\"section\">\n\t\t\t\t\t\t<div class=\"elementor-container elementor-column-gap-default\">\n\t\t\t\t\t<div class=\"elementor-column elementor-col-50 elementor-inner-column elementor-element elementor-element-3a9ad79\" data-id=\"3a9ad79\" data-element_type=\"column\" data-e-type=\"column\">\n\t\t\t<div class=\"elementor-widget-wrap elementor-element-populated\">\n\t\t\t\t\t\t<div class=\"elementor-element elementor-element-c5c07c1 elementor-widget elementor-widget-image\" data-id=\"c5c07c1\" data-element_type=\"widget\" data-e-type=\"widget\" data-widget_type=\"image.default\">\n\t\t\t\t<div class=\"elementor-widget-container\">\n\t\t\t\t\t\t\t\t\t\t\t\t\t\t\t<img decoding=\"async\" width=\"800\" height=\"544\" src=\"https:\/\/turismosantjoan.es\/wp-content\/uploads\/2023\/07\/oligarquia-balneario-diana-1024x696.jpeg\" class=\"attachment-large size-large wp-image-498\" alt=\"\" srcset=\"https:\/\/turismosantjoan.es\/wp-content\/uploads\/2023\/07\/oligarquia-balneario-diana-1024x696.jpeg 1024w, https:\/\/turismosantjoan.es\/wp-content\/uploads\/2023\/07\/oligarquia-balneario-diana-300x204.jpeg 300w, https:\/\/turismosantjoan.es\/wp-content\/uploads\/2023\/07\/oligarquia-balneario-diana-768x522.jpeg 768w, https:\/\/turismosantjoan.es\/wp-content\/uploads\/2023\/07\/oligarquia-balneario-diana-1536x1044.jpeg 1536w, https:\/\/turismosantjoan.es\/wp-content\/uploads\/2023\/07\/oligarquia-balneario-diana.jpeg 1656w\" sizes=\"(max-width: 800px) 100vw, 800px\" \/>\t\t\t\t\t\t\t\t\t\t\t\t\t\t\t<\/div>\n\t\t\t\t<\/div>\n\t\t\t\t<div class=\"elementor-element elementor-element-d44a417 elementor-widget elementor-widget-text-editor\" data-id=\"d44a417\" data-element_type=\"widget\" data-e-type=\"widget\" data-widget_type=\"text-editor.default\">\n\t\t\t\t<div class=\"elementor-widget-container\">\n\t\t\t\t\t\t\t\t\t<p style=\"text-align: center;\">Balneari Diana. Finals del s. XIX, platja del Postiguet (Alacant)<\/p>\t\t\t\t\t\t\t\t<\/div>\n\t\t\t\t<\/div>\n\t\t\t\t\t<\/div>\n\t\t<\/div>\n\t\t\t\t<div class=\"elementor-column elementor-col-50 elementor-inner-column elementor-element elementor-element-54bd791\" data-id=\"54bd791\" data-element_type=\"column\" data-e-type=\"column\">\n\t\t\t<div class=\"elementor-widget-wrap elementor-element-populated\">\n\t\t\t\t\t\t<div class=\"elementor-element elementor-element-3e93643 elementor-widget elementor-widget-image\" data-id=\"3e93643\" data-element_type=\"widget\" data-e-type=\"widget\" data-widget_type=\"image.default\">\n\t\t\t\t<div class=\"elementor-widget-container\">\n\t\t\t\t\t\t\t\t\t\t\t\t\t\t\t<img decoding=\"async\" width=\"800\" height=\"544\" src=\"https:\/\/turismosantjoan.es\/wp-content\/uploads\/2023\/07\/oligarquia-real-club-de-ragatas-de-alicante-1024x696.jpeg\" class=\"attachment-large size-large wp-image-505\" alt=\"\" srcset=\"https:\/\/turismosantjoan.es\/wp-content\/uploads\/2023\/07\/oligarquia-real-club-de-ragatas-de-alicante-1024x696.jpeg 1024w, https:\/\/turismosantjoan.es\/wp-content\/uploads\/2023\/07\/oligarquia-real-club-de-ragatas-de-alicante-300x204.jpeg 300w, https:\/\/turismosantjoan.es\/wp-content\/uploads\/2023\/07\/oligarquia-real-club-de-ragatas-de-alicante-768x522.jpeg 768w, https:\/\/turismosantjoan.es\/wp-content\/uploads\/2023\/07\/oligarquia-real-club-de-ragatas-de-alicante-1536x1044.jpeg 1536w, https:\/\/turismosantjoan.es\/wp-content\/uploads\/2023\/07\/oligarquia-real-club-de-ragatas-de-alicante.jpeg 1656w\" sizes=\"(max-width: 800px) 100vw, 800px\" \/>\t\t\t\t\t\t\t\t\t\t\t\t\t\t\t<\/div>\n\t\t\t\t<\/div>\n\t\t\t\t<div class=\"elementor-element elementor-element-c961e57 elementor-widget elementor-widget-text-editor\" data-id=\"c961e57\" data-element_type=\"widget\" data-e-type=\"widget\" data-widget_type=\"text-editor.default\">\n\t\t\t\t<div class=\"elementor-widget-container\">\n\t\t\t\t\t\t\t\t\t<p style=\"text-align: center;\">Real Club de Ragatas d&#8217;Alacant. Finals s. XIX, port d&#8217;Alacant<\/p>\t\t\t\t\t\t\t\t<\/div>\n\t\t\t\t<\/div>\n\t\t\t\t\t<\/div>\n\t\t<\/div>\n\t\t\t\t\t<\/div>\n\t\t<\/section>\n\t\t\t\t<div class=\"elementor-element elementor-element-a811014 elementor-widget elementor-widget-text-editor\" data-id=\"a811014\" data-element_type=\"widget\" data-e-type=\"widget\" data-widget_type=\"text-editor.default\">\n\t\t\t\t<div class=\"elementor-widget-container\">\n\t\t\t\t\t\t\t\t\t<p>Moltes d&#8217;aquestes resid\u00e8ncies privades es van posar de moda com a centres de reuni\u00f3 social i en elles es prenia el caf\u00e9, s&#8217;organitzaven <strong>tert\u00falies, recepcions i festes aix\u00ed com algun espectacle musical i teatral.<\/strong> Els esdeveniments es realitzaven en els salons o en els espais oberts com els jardins de les viles. Algunes finques posse\u00efen els seus propis teatres com \u00e9s el cas del <a href=\"https:\/\/www.turismosantjoan.es\/?page_id=99994696\">Comte o La Paz<\/a> de Sant Joan.<\/p>\t\t\t\t\t\t\t\t<\/div>\n\t\t\t\t<\/div>\n\t\t\t\t<div class=\"elementor-element elementor-element-72d15e3 elementor-widget elementor-widget-image\" data-id=\"72d15e3\" data-element_type=\"widget\" data-e-type=\"widget\" data-widget_type=\"image.default\">\n\t\t\t\t<div class=\"elementor-widget-container\">\n\t\t\t\t\t\t\t\t\t\t\t\t\t\t\t<img loading=\"lazy\" decoding=\"async\" width=\"800\" height=\"600\" src=\"https:\/\/turismosantjoan.es\/wp-content\/uploads\/2023\/07\/villa-el-del-conde-1024x768.jpeg\" class=\"attachment-large size-large wp-image-3206\" alt=\"\" srcset=\"https:\/\/turismosantjoan.es\/wp-content\/uploads\/2023\/07\/villa-el-del-conde-1024x768.jpeg 1024w, https:\/\/turismosantjoan.es\/wp-content\/uploads\/2023\/07\/villa-el-del-conde-300x225.jpeg 300w, https:\/\/turismosantjoan.es\/wp-content\/uploads\/2023\/07\/villa-el-del-conde-768x576.jpeg 768w, https:\/\/turismosantjoan.es\/wp-content\/uploads\/2023\/07\/villa-el-del-conde-1536x1152.jpeg 1536w, https:\/\/turismosantjoan.es\/wp-content\/uploads\/2023\/07\/villa-el-del-conde.jpeg 1950w\" sizes=\"(max-width: 800px) 100vw, 800px\" \/>\t\t\t\t\t\t\t\t\t\t\t\t\t\t\t<\/div>\n\t\t\t\t<\/div>\n\t\t\t\t<div class=\"elementor-element elementor-element-7a1da8c elementor-widget elementor-widget-text-editor\" data-id=\"7a1da8c\" data-element_type=\"widget\" data-e-type=\"widget\" data-widget_type=\"text-editor.default\">\n\t\t\t\t<div class=\"elementor-widget-container\">\n\t\t\t\t\t\t\t\t\t<p>Gravat Finca El del Comte o La Paz en els jardins del qual existia un teatre (Sant Joan d&#8217;Alacant)<\/p>\t\t\t\t\t\t\t\t<\/div>\n\t\t\t\t<\/div>\n\t\t\t\t<div class=\"elementor-element elementor-element-d8aafe0 elementor-widget elementor-widget-text-editor\" data-id=\"d8aafe0\" data-element_type=\"widget\" data-e-type=\"widget\" data-widget_type=\"text-editor.default\">\n\t\t\t\t<div class=\"elementor-widget-container\">\n\t\t\t\t\t\t\t\t\t<p align=\"JUSTIFY\">Tot aix\u00f2 va atraure les visites de <strong>personalitats importants<\/strong> de la societat del moment. Destaquen Sr. Emilio Castelar, Sr. Benito P\u00e9rez Gald\u00f3s i Sr. Isaac Peral. Aix\u00ed mateix el poeta i governador civil d&#8217;Alacant <a href=\"https:\/\/www.turismosantjoan.es\/?page_id=99991710\">D. Ram\u00f3n de Campoamor i Camp Osorio<\/a>, va residir amb la seua esposa Guillermina en la finca O\u2019Gorman, hui desapareguda, on va escriure alguns dels seus poemes m\u00e9s famosos.<\/p><p align=\"JUSTIFY\">A mediados del siglo XIX, la presencia de <strong>nobles<\/strong> com el<a href=\"https:\/\/www.turismosantjoan.es\/?page_id=99993908\"> Conde de Casa-Rojas<\/a>, el <a href=\"https:\/\/www.turismosantjoan.es\/?page_id=99995405\">Bar\u00f3 de Finestrat<\/a>, el Marqu\u00e9s d&#8217;Algorfa, el Comte de Santa Clara i el Marqu\u00e9s de R\u00edoflorido, evidenciava la pr\u00f2spera activitat econ\u00f2mica de la capital, al costat de l&#8217;impuls comercial que la pr\u00f2pia Horta proporcionava amb les seues explotacions agr\u00edcoles, amb el cas paradigm\u00e0tic de la producci\u00f3 vin\u00edcola del Fondill\u00f3n.<\/p>\t\t\t\t\t\t\t\t<\/div>\n\t\t\t\t<\/div>\n\t\t\t\t<div class=\"elementor-element elementor-element-06c1989 elementor-widget elementor-widget-image\" data-id=\"06c1989\" data-element_type=\"widget\" data-e-type=\"widget\" data-widget_type=\"image.default\">\n\t\t\t\t<div class=\"elementor-widget-container\">\n\t\t\t\t\t\t\t\t\t\t\t\t\t\t\t<img loading=\"lazy\" decoding=\"async\" width=\"800\" height=\"551\" src=\"https:\/\/turismosantjoan.es\/wp-content\/uploads\/2023\/08\/salon-cervantes-1162x800-1-1024x705.gif\" class=\"attachment-large size-large wp-image-4383\" alt=\"\" srcset=\"https:\/\/turismosantjoan.es\/wp-content\/uploads\/2023\/08\/salon-cervantes-1162x800-1-1024x705.gif 1024w, https:\/\/turismosantjoan.es\/wp-content\/uploads\/2023\/08\/salon-cervantes-1162x800-1-300x207.gif 300w, https:\/\/turismosantjoan.es\/wp-content\/uploads\/2023\/08\/salon-cervantes-1162x800-1-768x529.gif 768w\" sizes=\"(max-width: 800px) 100vw, 800px\" \/>\t\t\t\t\t\t\t\t\t\t\t\t\t\t\t<\/div>\n\t\t\t\t<\/div>\n\t\t\t\t<div class=\"elementor-element elementor-element-97080e0 elementor-widget elementor-widget-text-editor\" data-id=\"97080e0\" data-element_type=\"widget\" data-e-type=\"widget\" data-widget_type=\"text-editor.default\">\n\t\t\t\t<div class=\"elementor-widget-container\">\n\t\t\t\t\t\t\t\t\t<p>Secci\u00f3 fa\u00e7ana teatre Cervantes a Sant Joan d&#8217;Alacant. Projecte de Juan Vidal, 1925. AMSJA<\/p>\t\t\t\t\t\t\t\t<\/div>\n\t\t\t\t<\/div>\n\t\t\t\t\t<\/div>\n\t\t<\/div>\n\t\t\t\t\t<\/div>\n\t\t<\/section>\n\t\t\t\t<\/div>\n\t\t","protected":false},"excerpt":{"rendered":"<p>OLIGARQUIA ALACANTINA Al llarg dels segles XVIII i XIX es va produir un enorme desenvolupament del comer\u00e7 a Alacant, gr\u00e0cies al qual va emergir en la capital una burgesia la influ\u00e8ncia de la qual es va estendre a les localitats pr\u00f2ximes. Aquesta burgesia adinerada va comen\u00e7ar a gaudir de l&#8217;oci que es visibilitzava en els [&hellip;]<\/p>\n","protected":false},"author":1,"featured_media":0,"parent":0,"menu_order":0,"comment_status":"closed","ping_status":"closed","template":"","meta":{"footnotes":""},"class_list":["post-7405","page","type-page","status-publish","hentry"],"_links":{"self":[{"href":"https:\/\/turismosantjoan.es\/ca\/wp-json\/wp\/v2\/pages\/7405","targetHints":{"allow":["GET"]}}],"collection":[{"href":"https:\/\/turismosantjoan.es\/ca\/wp-json\/wp\/v2\/pages"}],"about":[{"href":"https:\/\/turismosantjoan.es\/ca\/wp-json\/wp\/v2\/types\/page"}],"author":[{"embeddable":true,"href":"https:\/\/turismosantjoan.es\/ca\/wp-json\/wp\/v2\/users\/1"}],"replies":[{"embeddable":true,"href":"https:\/\/turismosantjoan.es\/ca\/wp-json\/wp\/v2\/comments?post=7405"}],"version-history":[{"count":0,"href":"https:\/\/turismosantjoan.es\/ca\/wp-json\/wp\/v2\/pages\/7405\/revisions"}],"wp:attachment":[{"href":"https:\/\/turismosantjoan.es\/ca\/wp-json\/wp\/v2\/media?parent=7405"}],"curies":[{"name":"wp","href":"https:\/\/api.w.org\/{rel}","templated":true}]}}