{"id":7407,"date":"2023-07-21T09:56:34","date_gmt":"2023-07-21T09:56:34","guid":{"rendered":"https:\/\/turismo-sj.developersasapglobalsolution.com\/partidor-del-toril\/"},"modified":"2023-09-19T15:36:13","modified_gmt":"2023-09-19T15:36:13","slug":"partidor-del-toril","status":"publish","type":"page","link":"https:\/\/turismosantjoan.es\/ca\/partidor-del-toril\/","title":{"rendered":"Partidor del Toril"},"content":{"rendered":"\t\t<div data-elementor-type=\"wp-page\" data-elementor-id=\"7407\" class=\"elementor elementor-7407 elementor-2618\" data-elementor-post-type=\"page\">\n\t\t\t\t\t\t<section class=\"elementor-section elementor-top-section elementor-element elementor-element-2399517 elementor-section-boxed elementor-section-height-default elementor-section-height-default\" data-id=\"2399517\" data-element_type=\"section\" data-e-type=\"section\" data-settings=\"{&quot;shape_divider_top&quot;:&quot;mountains&quot;,&quot;background_background&quot;:&quot;classic&quot;}\">\n\t\t\t\t\t<div class=\"elementor-shape elementor-shape-top\" aria-hidden=\"true\" data-negative=\"false\">\n\t\t\t<svg xmlns=\"http:\/\/www.w3.org\/2000\/svg\" viewBox=\"0 0 1000 100\" preserveAspectRatio=\"none\">\n\t<path class=\"elementor-shape-fill\" opacity=\"0.33\" d=\"M473,67.3c-203.9,88.3-263.1-34-320.3,0C66,119.1,0,59.7,0,59.7V0h1000v59.7 c0,0-62.1,26.1-94.9,29.3c-32.8,3.3-62.8-12.3-75.8-22.1C806,49.6,745.3,8.7,694.9,4.7S492.4,59,473,67.3z\"\/>\n\t<path class=\"elementor-shape-fill\" opacity=\"0.66\" d=\"M734,67.3c-45.5,0-77.2-23.2-129.1-39.1c-28.6-8.7-150.3-10.1-254,39.1 s-91.7-34.4-149.2,0C115.7,118.3,0,39.8,0,39.8V0h1000v36.5c0,0-28.2-18.5-92.1-18.5C810.2,18.1,775.7,67.3,734,67.3z\"\/>\n\t<path class=\"elementor-shape-fill\" d=\"M766.1,28.9c-200-57.5-266,65.5-395.1,19.5C242,1.8,242,5.4,184.8,20.6C128,35.8,132.3,44.9,89.9,52.5C28.6,63.7,0,0,0,0 h1000c0,0-9.9,40.9-83.6,48.1S829.6,47,766.1,28.9z\"\/>\n<\/svg>\t\t<\/div>\n\t\t\t\t\t<div class=\"elementor-container elementor-column-gap-no\">\n\t\t\t\t\t<div class=\"elementor-column elementor-col-100 elementor-top-column elementor-element elementor-element-25023d3\" data-id=\"25023d3\" data-element_type=\"column\" data-e-type=\"column\">\n\t\t\t<div class=\"elementor-widget-wrap elementor-element-populated\">\n\t\t\t\t\t\t<div class=\"elementor-element elementor-element-bb7f7c5 elementor-widget elementor-widget-heading\" data-id=\"bb7f7c5\" data-element_type=\"widget\" data-e-type=\"widget\" data-widget_type=\"heading.default\">\n\t\t\t\t<div class=\"elementor-widget-container\">\n\t\t\t\t\t<h1 class=\"elementor-heading-title elementor-size-xxl\">Partidor del Toril<\/h1>\t\t\t\t<\/div>\n\t\t\t\t<\/div>\n\t\t\t\t\t<\/div>\n\t\t<\/div>\n\t\t\t\t\t<\/div>\n\t\t<\/section>\n\t\t\t\t<section class=\"elementor-section elementor-top-section elementor-element elementor-element-36c5ac8 elementor-section-boxed elementor-section-height-default elementor-section-height-default\" data-id=\"36c5ac8\" data-element_type=\"section\" data-e-type=\"section\">\n\t\t\t\t\t\t<div class=\"elementor-container elementor-column-gap-default\">\n\t\t\t\t\t<div class=\"elementor-column elementor-col-100 elementor-top-column elementor-element elementor-element-1749f36\" data-id=\"1749f36\" data-element_type=\"column\" data-e-type=\"column\">\n\t\t\t<div class=\"elementor-widget-wrap elementor-element-populated\">\n\t\t\t\t\t\t<div class=\"elementor-element elementor-element-152237e elementor-widget elementor-widget-text-editor\" data-id=\"152237e\" data-element_type=\"widget\" data-e-type=\"widget\" data-widget_type=\"text-editor.default\">\n\t\t\t\t<div class=\"elementor-widget-container\">\n\t\t\t\t\t\t\t\t\t<p align=\"JUSTIFY\"><strong>El Partidor del Toril<\/strong> se situa en el n\u00fam. 12-14 del carrer Comandant Seva, al costat de la pla\u00e7a Maisonnave i l&#8217;Esgl\u00e9sia Parroquial Sant Joan Baptista.<\/p><p align=\"JUSTIFY\">El sistema de s\u00e9quies de l&#8217;Horta d&#8217;Alacant ve determinat en el nostre municipi per dos eixos fonamentals. D&#8217;una banda, <strong>la S\u00e9quia Major<\/strong>, d&#8217;origen isl\u00e0mic, que des de l&#8217;assut de Mutxamel portava l&#8217;aigua del riu<em> Monnegre<\/em> fins a la part nord de Sant Joan d&#8217;Alacant; i d&#8217;altra banda, el Gualer\u00f3 -de <em>gual <\/em>o <em>gola<\/em> que significa gola-, la s\u00e9quia constru\u00efda per a portar les aig\u00fces des de <strong>l&#8217;assut de Sant Joan en 1377<\/strong>. Totes dues s\u00e9quies conflu\u00efen i les seues aig\u00fces baixaven per l&#8217;hist\u00f2ric carrer de la Maigmona, sent aprofitades, entre altres, pel mol\u00ed que encara podem veure all\u00ed.<\/p><p align=\"JUSTIFY\">El partidor del Toril (o <em>Turil<\/em>) \u2013 segons els autors locals deriva de l&#8217;\u00e0rab <em>tura<\/em> que vol dir canal- era un element clau en el sistema de regadiu. Constru\u00eft entre els segles <strong>XV i XVI,<\/strong> al costat probablement de la desapareguda torre defensiva de <em>Juan Senia<\/em>, permetia dividir en dos el cabal de la S\u00e9quia Major i crear una s\u00e9quia principal que continuava pel Carrer Major i la del Carmen com brazal de <strong>Sant Joan cap a Benimagrell<\/strong> i una altra secund\u00e0ria a l&#8217;esquerra denominada brazal de la Moleta cap a les terres de Fabraquer regades per les hijuelas de la Moleta de Dins i de Fora, entre altres. La forma original d&#8217;aquest partidor era m\u00e9s xicoteta i rectangular, amb una vora de carreus que suportaven la porta i el sistema que permetia dirigir l&#8217;aigua a un costat o a un altre; no obstant aix\u00f2, despr\u00e9s de les successives reformes urbanes el partidor va quedar modificat tal com podem veure&#8217;l hui dia.<\/p><p align=\"JUSTIFY\">Amb la caiguda de l&#8217;activitat agr\u00edcola en el nostre municipi i l&#8217;arribada de sistemes m\u00e9s moderns de canalitzaci\u00f3 i distribuci\u00f3 de l&#8217;aigua, l&#8217;entramat de les s\u00e9quies va quedar en des\u00fas i per tant el partidor va quedar relegat a l&#8217;oblit.<\/p><p align=\"JUSTIFY\">Amb el pas del temps i l&#8217;aband\u00f3, el partidor va experimentar una severa deterioraci\u00f3 de les seues instal\u00b7lacions. No obstant aix\u00f2, les obres d&#8217;adequaci\u00f3 i urbanitzaci\u00f3 de la pla\u00e7a Maisonnave dutes a terme en 2015, van propiciar la demolici\u00f3 de l&#8217;immoble que ocupava la parcel\u00b7la deixant-lo al descobert. Despr\u00e9s d&#8217;exhaustius treballs de desenrunat i rehabilitaci\u00f3 de la seua estructura, <strong>el jaciment roman visible a trav\u00e9s d&#8217;un cristall protector<\/strong> perqu\u00e8 santjoaners i visitants puguen gaudir d&#8217;aquesta construcci\u00f3 hist\u00f2rica del sistema del regadiu de l&#8217;Horta d&#8217;Alacant.<\/p>\t\t\t\t\t\t\t\t<\/div>\n\t\t\t\t<\/div>\n\t\t\t\t<div class=\"elementor-element elementor-element-3553dec elementor-widget elementor-widget-image\" data-id=\"3553dec\" data-element_type=\"widget\" data-e-type=\"widget\" data-widget_type=\"image.default\">\n\t\t\t\t<div class=\"elementor-widget-container\">\n\t\t\t\t\t\t\t\t\t\t\t\t\t\t\t<img fetchpriority=\"high\" decoding=\"async\" width=\"800\" height=\"273\" src=\"https:\/\/turismosantjoan.es\/wp-content\/uploads\/2023\/07\/partidor-del-toril-1-1024x349.jpeg\" class=\"attachment-large size-large wp-image-2621\" alt=\"\" srcset=\"https:\/\/turismosantjoan.es\/wp-content\/uploads\/2023\/07\/partidor-del-toril-1-1024x349.jpeg 1024w, https:\/\/turismosantjoan.es\/wp-content\/uploads\/2023\/07\/partidor-del-toril-1-300x102.jpeg 300w, https:\/\/turismosantjoan.es\/wp-content\/uploads\/2023\/07\/partidor-del-toril-1-768x262.jpeg 768w, https:\/\/turismosantjoan.es\/wp-content\/uploads\/2023\/07\/partidor-del-toril-1-1536x524.jpeg 1536w, https:\/\/turismosantjoan.es\/wp-content\/uploads\/2023\/07\/partidor-del-toril-1.jpeg 2048w\" sizes=\"(max-width: 800px) 100vw, 800px\" \/>\t\t\t\t\t\t\t\t\t\t\t\t\t\t\t<\/div>\n\t\t\t\t<\/div>\n\t\t\t\t<div class=\"elementor-element elementor-element-99ffc54 elementor-widget elementor-widget-image\" data-id=\"99ffc54\" data-element_type=\"widget\" data-e-type=\"widget\" data-widget_type=\"image.default\">\n\t\t\t\t<div class=\"elementor-widget-container\">\n\t\t\t\t\t\t\t\t\t\t\t\t\t\t\t<img decoding=\"async\" width=\"800\" height=\"552\" src=\"https:\/\/turismosantjoan.es\/wp-content\/uploads\/2023\/07\/Imagen-31.jpg\" class=\"attachment-large size-large wp-image-2624\" alt=\"\" srcset=\"https:\/\/turismosantjoan.es\/wp-content\/uploads\/2023\/07\/Imagen-31.jpg 1024w, https:\/\/turismosantjoan.es\/wp-content\/uploads\/2023\/07\/Imagen-31-300x207.jpg 300w, https:\/\/turismosantjoan.es\/wp-content\/uploads\/2023\/07\/Imagen-31-768x530.jpg 768w\" sizes=\"(max-width: 800px) 100vw, 800px\" \/>\t\t\t\t\t\t\t\t\t\t\t\t\t\t\t<\/div>\n\t\t\t\t<\/div>\n\t\t\t\t\t<\/div>\n\t\t<\/div>\n\t\t\t\t\t<\/div>\n\t\t<\/section>\n\t\t\t\t<section class=\"elementor-section elementor-top-section elementor-element elementor-element-2a4ec81 elementor-section-boxed elementor-section-height-default elementor-section-height-default\" data-id=\"2a4ec81\" data-element_type=\"section\" data-e-type=\"section\">\n\t\t\t\t\t\t<div class=\"elementor-container elementor-column-gap-default\">\n\t\t\t\t\t<div class=\"elementor-column elementor-col-100 elementor-top-column elementor-element elementor-element-92c3054\" data-id=\"92c3054\" data-element_type=\"column\" data-e-type=\"column\">\n\t\t\t<div class=\"elementor-widget-wrap elementor-element-populated\">\n\t\t\t\t\t\t<div class=\"elementor-element elementor-element-7a58e68 elementor-widget elementor-widget-heading\" data-id=\"7a58e68\" data-element_type=\"widget\" data-e-type=\"widget\" data-widget_type=\"heading.default\">\n\t\t\t\t<div class=\"elementor-widget-container\">\n\t\t\t\t\t<h2 class=\"elementor-heading-title elementor-size-default\">Sabies que\u2026?<\/h2>\t\t\t\t<\/div>\n\t\t\t\t<\/div>\n\t\t\t\t<div class=\"elementor-element elementor-element-3a39c2c elementor-widget elementor-widget-text-editor\" data-id=\"3a39c2c\" data-element_type=\"widget\" data-e-type=\"widget\" data-widget_type=\"text-editor.default\">\n\t\t\t\t<div class=\"elementor-widget-container\">\n\t\t\t\t\t\t\t\t\t<p align=\"JUSTIFY\">L&#8217;aigua de les s\u00e9quies no sols servia per al reg dels horts sin\u00f3 tamb\u00e9 per a omplir els pous tant privats com p\u00fablics. A pocs metres d&#8217;ac\u00ed, enfront de l&#8217;Esgl\u00e9sia parroquial, existia un d&#8217;aquests pous p\u00fablics mantingut pel propi Ajuntament.<\/p>\t\t\t\t\t\t\t\t<\/div>\n\t\t\t\t<\/div>\n\t\t\t\t<div class=\"elementor-element elementor-element-4a86b2e elementor-widget elementor-widget-image\" data-id=\"4a86b2e\" data-element_type=\"widget\" data-e-type=\"widget\" data-widget_type=\"image.default\">\n\t\t\t\t<div class=\"elementor-widget-container\">\n\t\t\t\t\t\t\t\t\t\t\t\t\t\t\t<img decoding=\"async\" width=\"800\" height=\"448\" src=\"https:\/\/turismosantjoan.es\/wp-content\/uploads\/2023\/07\/partidor-del-toril-3-1024x574.jpeg\" class=\"attachment-large size-large wp-image-2630\" alt=\"\" srcset=\"https:\/\/turismosantjoan.es\/wp-content\/uploads\/2023\/07\/partidor-del-toril-3-1024x574.jpeg 1024w, https:\/\/turismosantjoan.es\/wp-content\/uploads\/2023\/07\/partidor-del-toril-3-300x168.jpeg 300w, https:\/\/turismosantjoan.es\/wp-content\/uploads\/2023\/07\/partidor-del-toril-3-768x431.jpeg 768w, https:\/\/turismosantjoan.es\/wp-content\/uploads\/2023\/07\/partidor-del-toril-3-1536x862.jpeg 1536w, https:\/\/turismosantjoan.es\/wp-content\/uploads\/2023\/07\/partidor-del-toril-3.jpeg 1815w\" sizes=\"(max-width: 800px) 100vw, 800px\" \/>\t\t\t\t\t\t\t\t\t\t\t\t\t\t\t<\/div>\n\t\t\t\t<\/div>\n\t\t\t\t\t<\/div>\n\t\t<\/div>\n\t\t\t\t\t<\/div>\n\t\t<\/section>\n\t\t\t\t<\/div>\n\t\t","protected":false},"excerpt":{"rendered":"<p>Partidor del Toril El Partidor del Toril se situa en el n\u00fam. 12-14 del carrer Comandant Seva, al costat de la pla\u00e7a Maisonnave i l&#8217;Esgl\u00e9sia Parroquial Sant Joan Baptista. El sistema de s\u00e9quies de l&#8217;Horta d&#8217;Alacant ve determinat en el nostre municipi per dos eixos fonamentals. D&#8217;una banda, la S\u00e9quia Major, d&#8217;origen isl\u00e0mic, que des [&hellip;]<\/p>\n","protected":false},"author":1,"featured_media":0,"parent":0,"menu_order":0,"comment_status":"closed","ping_status":"closed","template":"","meta":{"footnotes":""},"class_list":["post-7407","page","type-page","status-publish","hentry"],"_links":{"self":[{"href":"https:\/\/turismosantjoan.es\/ca\/wp-json\/wp\/v2\/pages\/7407","targetHints":{"allow":["GET"]}}],"collection":[{"href":"https:\/\/turismosantjoan.es\/ca\/wp-json\/wp\/v2\/pages"}],"about":[{"href":"https:\/\/turismosantjoan.es\/ca\/wp-json\/wp\/v2\/types\/page"}],"author":[{"embeddable":true,"href":"https:\/\/turismosantjoan.es\/ca\/wp-json\/wp\/v2\/users\/1"}],"replies":[{"embeddable":true,"href":"https:\/\/turismosantjoan.es\/ca\/wp-json\/wp\/v2\/comments?post=7407"}],"version-history":[{"count":0,"href":"https:\/\/turismosantjoan.es\/ca\/wp-json\/wp\/v2\/pages\/7407\/revisions"}],"wp:attachment":[{"href":"https:\/\/turismosantjoan.es\/ca\/wp-json\/wp\/v2\/media?parent=7407"}],"curies":[{"name":"wp","href":"https:\/\/api.w.org\/{rel}","templated":true}]}}