{"id":7419,"date":"2023-07-21T09:42:33","date_gmt":"2023-07-21T09:42:33","guid":{"rendered":"https:\/\/turismo-sj.developersasapglobalsolution.com\/refugi-pedro-jose\/"},"modified":"2023-09-19T16:01:22","modified_gmt":"2023-09-19T16:01:22","slug":"refugi-pedro-jose","status":"publish","type":"page","link":"https:\/\/turismosantjoan.es\/ca\/refugi-pedro-jose\/","title":{"rendered":"Refugi Pedro Jos\u00e9"},"content":{"rendered":"\t\t<div data-elementor-type=\"wp-page\" data-elementor-id=\"7419\" class=\"elementor elementor-7419 elementor-2601\" data-elementor-post-type=\"page\">\n\t\t\t\t\t\t<section class=\"elementor-section elementor-top-section elementor-element elementor-element-aff0802 elementor-section-boxed elementor-section-height-default elementor-section-height-default\" data-id=\"aff0802\" data-element_type=\"section\" data-e-type=\"section\" data-settings=\"{&quot;shape_divider_top&quot;:&quot;mountains&quot;,&quot;background_background&quot;:&quot;classic&quot;}\">\n\t\t\t\t\t<div class=\"elementor-shape elementor-shape-top\" aria-hidden=\"true\" data-negative=\"false\">\n\t\t\t<svg xmlns=\"http:\/\/www.w3.org\/2000\/svg\" viewBox=\"0 0 1000 100\" preserveAspectRatio=\"none\">\n\t<path class=\"elementor-shape-fill\" opacity=\"0.33\" d=\"M473,67.3c-203.9,88.3-263.1-34-320.3,0C66,119.1,0,59.7,0,59.7V0h1000v59.7 c0,0-62.1,26.1-94.9,29.3c-32.8,3.3-62.8-12.3-75.8-22.1C806,49.6,745.3,8.7,694.9,4.7S492.4,59,473,67.3z\"\/>\n\t<path class=\"elementor-shape-fill\" opacity=\"0.66\" d=\"M734,67.3c-45.5,0-77.2-23.2-129.1-39.1c-28.6-8.7-150.3-10.1-254,39.1 s-91.7-34.4-149.2,0C115.7,118.3,0,39.8,0,39.8V0h1000v36.5c0,0-28.2-18.5-92.1-18.5C810.2,18.1,775.7,67.3,734,67.3z\"\/>\n\t<path class=\"elementor-shape-fill\" d=\"M766.1,28.9c-200-57.5-266,65.5-395.1,19.5C242,1.8,242,5.4,184.8,20.6C128,35.8,132.3,44.9,89.9,52.5C28.6,63.7,0,0,0,0 h1000c0,0-9.9,40.9-83.6,48.1S829.6,47,766.1,28.9z\"\/>\n<\/svg>\t\t<\/div>\n\t\t\t\t\t<div class=\"elementor-container elementor-column-gap-no\">\n\t\t\t\t\t<div class=\"elementor-column elementor-col-100 elementor-top-column elementor-element elementor-element-0e5296a\" data-id=\"0e5296a\" data-element_type=\"column\" data-e-type=\"column\">\n\t\t\t<div class=\"elementor-widget-wrap elementor-element-populated\">\n\t\t\t\t\t\t<div class=\"elementor-element elementor-element-bd901a5 elementor-widget elementor-widget-heading\" data-id=\"bd901a5\" data-element_type=\"widget\" data-e-type=\"widget\" data-widget_type=\"heading.default\">\n\t\t\t\t<div class=\"elementor-widget-container\">\n\t\t\t\t\t<h1 class=\"elementor-heading-title elementor-size-xxl\">Refugi Pedro Jos\u00e9<\/h1>\t\t\t\t<\/div>\n\t\t\t\t<\/div>\n\t\t\t\t\t<\/div>\n\t\t<\/div>\n\t\t\t\t\t<\/div>\n\t\t<\/section>\n\t\t\t\t<section class=\"elementor-section elementor-top-section elementor-element elementor-element-f84ba4c elementor-section-boxed elementor-section-height-default elementor-section-height-default\" data-id=\"f84ba4c\" data-element_type=\"section\" data-e-type=\"section\">\n\t\t\t\t\t\t<div class=\"elementor-container elementor-column-gap-default\">\n\t\t\t\t\t<div class=\"elementor-column elementor-col-100 elementor-top-column elementor-element elementor-element-bd9e65c\" data-id=\"bd9e65c\" data-element_type=\"column\" data-e-type=\"column\">\n\t\t\t<div class=\"elementor-widget-wrap elementor-element-populated\">\n\t\t\t\t\t\t<section class=\"elementor-section elementor-inner-section elementor-element elementor-element-f51526f elementor-section-boxed elementor-section-height-default elementor-section-height-default\" data-id=\"f51526f\" data-element_type=\"section\" data-e-type=\"section\">\n\t\t\t\t\t\t<div class=\"elementor-container elementor-column-gap-default\">\n\t\t\t\t\t<div class=\"elementor-column elementor-col-50 elementor-inner-column elementor-element elementor-element-e2575db\" data-id=\"e2575db\" data-element_type=\"column\" data-e-type=\"column\">\n\t\t\t<div class=\"elementor-widget-wrap elementor-element-populated\">\n\t\t\t\t\t\t<div class=\"elementor-element elementor-element-a813ed9 elementor-widget elementor-widget-image\" data-id=\"a813ed9\" data-element_type=\"widget\" data-e-type=\"widget\" data-widget_type=\"image.default\">\n\t\t\t\t<div class=\"elementor-widget-container\">\n\t\t\t\t\t\t\t\t\t\t\t\t\t\t\t<img fetchpriority=\"high\" decoding=\"async\" width=\"800\" height=\"532\" src=\"https:\/\/turismosantjoan.es\/wp-content\/uploads\/2023\/07\/Finca-Pedro-Jose-1024x681-1.jpg\" class=\"attachment-large size-large wp-image-116\" alt=\"\" srcset=\"https:\/\/turismosantjoan.es\/wp-content\/uploads\/2023\/07\/Finca-Pedro-Jose-1024x681-1.jpg 1024w, https:\/\/turismosantjoan.es\/wp-content\/uploads\/2023\/07\/Finca-Pedro-Jose-1024x681-1-300x200.jpg 300w, https:\/\/turismosantjoan.es\/wp-content\/uploads\/2023\/07\/Finca-Pedro-Jose-1024x681-1-768x511.jpg 768w\" sizes=\"(max-width: 800px) 100vw, 800px\" \/>\t\t\t\t\t\t\t\t\t\t\t\t\t\t\t<\/div>\n\t\t\t\t<\/div>\n\t\t\t\t\t<\/div>\n\t\t<\/div>\n\t\t\t\t<div class=\"elementor-column elementor-col-50 elementor-inner-column elementor-element elementor-element-50ca5e3\" data-id=\"50ca5e3\" data-element_type=\"column\" data-e-type=\"column\">\n\t\t\t<div class=\"elementor-widget-wrap elementor-element-populated\">\n\t\t\t\t\t\t<div class=\"elementor-element elementor-element-b72515d elementor-widget elementor-widget-text-editor\" data-id=\"b72515d\" data-element_type=\"widget\" data-e-type=\"widget\" data-widget_type=\"text-editor.default\">\n\t\t\t\t<div class=\"elementor-widget-container\">\n\t\t\t\t\t\t\t\t\t<p align=\"JUSTIFY\">La finca Pedro Jos\u00e9, hui Jutjats de pau, alberga una de les petjades m\u00e9s rellevants que la Guerra Civil ha deixat en el paisatge alacant\u00ed: un refugi antiaeri de tipus t\u00fanel protagonista del cap\u00edtol final del conflicte.<\/p><p align=\"JUSTIFY\">Aquest tipus de construccions, gr\u00e0cies a la modificaci\u00f3 de la llei de patrimoni cultural de la comunitat valenciana, s\u00f3n hui considerades com a b\u00e9ns immobles de rellev\u00e0ncia local, i per tant, estan protegides. Fins no fa molts anys, aquests es trobaven ocults, per\u00f2 gr\u00e0cies als treballs de recuperaci\u00f3 i divulgaci\u00f3 de la Mem\u00f2ria Hist\u00f2rica podem con\u00e9ixer aquests elements, testimonis silenciosos dels episodis dels quals van ser protagonistes.<\/p><p align=\"JUSTIFY\"> <\/p><p align=\"JUSTIFY\"> <\/p>\t\t\t\t\t\t\t\t<\/div>\n\t\t\t\t<\/div>\n\t\t\t\t\t<\/div>\n\t\t<\/div>\n\t\t\t\t\t<\/div>\n\t\t<\/section>\n\t\t\t\t<section class=\"elementor-section elementor-inner-section elementor-element elementor-element-51fe609 elementor-section-boxed elementor-section-height-default elementor-section-height-default\" data-id=\"51fe609\" data-element_type=\"section\" data-e-type=\"section\">\n\t\t\t\t\t\t<div class=\"elementor-container elementor-column-gap-default\">\n\t\t\t\t\t<div class=\"elementor-column elementor-col-50 elementor-inner-column elementor-element elementor-element-2310481\" data-id=\"2310481\" data-element_type=\"column\" data-e-type=\"column\">\n\t\t\t<div class=\"elementor-widget-wrap elementor-element-populated\">\n\t\t\t\t\t\t<div class=\"elementor-element elementor-element-d917be1 elementor-widget elementor-widget-text-editor\" data-id=\"d917be1\" data-element_type=\"widget\" data-e-type=\"widget\" data-widget_type=\"text-editor.default\">\n\t\t\t\t<div class=\"elementor-widget-container\">\n\t\t\t\t\t\t\t\t\t<p>A pesar que la ciutat d&#8217;Alacant va ser l&#8217;objectiu dels bombardejos a causa de la seua condici\u00f3 de ciutat de rereguarda republicana durant el conflicte, Sant Joan d&#8217;Alacant, com a centre geogr\u00e0fic de l&#8217;Horta alacantina, va ser enclavament de diversos refugis de car\u00e0cter privat en finques confiscades per militars. Entre aquests es troba el de la Finca El Rellotge, ocupada pel General Jos\u00e9 Miaja. A m\u00e9s, Sant Joan d&#8217;Alacant va ser tamb\u00e9 dest\u00ed d&#8217;aquells alacantins que, terroritzats, fugien cada nit agafant el tramvia per a pernoctar en les ve\u00efnes localitats de l&#8217;Horta alacantina, episodi conegut com \u201cla columna de la por\u201d.<\/p><p align=\"JUSTIFY\"> <\/p>\t\t\t\t\t\t\t\t<\/div>\n\t\t\t\t<\/div>\n\t\t\t\t\t<\/div>\n\t\t<\/div>\n\t\t\t\t<div class=\"elementor-column elementor-col-50 elementor-inner-column elementor-element elementor-element-4b1d249\" data-id=\"4b1d249\" data-element_type=\"column\" data-e-type=\"column\">\n\t\t\t<div class=\"elementor-widget-wrap elementor-element-populated\">\n\t\t\t\t\t\t<div class=\"elementor-element elementor-element-2537b37 elementor-widget elementor-widget-image\" data-id=\"2537b37\" data-element_type=\"widget\" data-e-type=\"widget\" data-widget_type=\"image.default\">\n\t\t\t\t<div class=\"elementor-widget-container\">\n\t\t\t\t\t\t\t\t\t\t\t\t\t\t\t<img decoding=\"async\" width=\"800\" height=\"570\" src=\"https:\/\/turismosantjoan.es\/wp-content\/uploads\/2023\/07\/refugioPedrojose-1024x729.jpg\" class=\"attachment-large size-large wp-image-383\" alt=\"\" srcset=\"https:\/\/turismosantjoan.es\/wp-content\/uploads\/2023\/07\/refugioPedrojose-1024x729.jpg 1024w, https:\/\/turismosantjoan.es\/wp-content\/uploads\/2023\/07\/refugioPedrojose-300x214.jpg 300w, https:\/\/turismosantjoan.es\/wp-content\/uploads\/2023\/07\/refugioPedrojose-768x547.jpg 768w, https:\/\/turismosantjoan.es\/wp-content\/uploads\/2023\/07\/refugioPedrojose-1536x1094.jpg 1536w, https:\/\/turismosantjoan.es\/wp-content\/uploads\/2023\/07\/refugioPedrojose.jpg 1656w\" sizes=\"(max-width: 800px) 100vw, 800px\" \/>\t\t\t\t\t\t\t\t\t\t\t\t\t\t\t<\/div>\n\t\t\t\t<\/div>\n\t\t\t\t\t<\/div>\n\t\t<\/div>\n\t\t\t\t\t<\/div>\n\t\t<\/section>\n\t\t\t\t\t<\/div>\n\t\t<\/div>\n\t\t\t\t\t<\/div>\n\t\t<\/section>\n\t\t\t\t<section class=\"elementor-section elementor-top-section elementor-element elementor-element-5951614 elementor-section-boxed elementor-section-height-default elementor-section-height-default\" data-id=\"5951614\" data-element_type=\"section\" data-e-type=\"section\">\n\t\t\t\t\t\t<div class=\"elementor-container elementor-column-gap-default\">\n\t\t\t\t\t<div class=\"elementor-column elementor-col-100 elementor-top-column elementor-element elementor-element-fc4f339\" data-id=\"fc4f339\" data-element_type=\"column\" data-e-type=\"column\">\n\t\t\t<div class=\"elementor-widget-wrap elementor-element-populated\">\n\t\t\t\t\t\t<div class=\"elementor-element elementor-element-cd4fb20 elementor-widget elementor-widget-text-editor\" data-id=\"cd4fb20\" data-element_type=\"widget\" data-e-type=\"widget\" data-widget_type=\"text-editor.default\">\n\t\t\t\t<div class=\"elementor-widget-container\">\n\t\t\t\t\t\t\t\t\t<p align=\"JUSTIFY\">La localitzaci\u00f3 del refugi antiaeri de la finca Pedro Jos\u00e9 ha sigut possible gr\u00e0cies al treball de recerca etnogr\u00e0fica. Aquest ens ha perm\u00e9s saber que a l&#8217;inici de la contesa va ser confiscada a la fam\u00edlia Ivorra, que es va haver de traslladar a una altra finca i va passar a ser la resid\u00e8ncia del tinent de carabiners Jos\u00e9 Mu\u00f1oz Vizca\u00edno, qui va manar construir el refugi antiaeri sota l&#8217;habitatge. Entre les fonts orals consultades, destaquen la ultima propiet\u00e0ria de la finca, Carmen Ivorra i la filla de la mestressa de la finca, Rafaela Baeza Seva, els qui van realitzar una descripci\u00f3 de com recordaven l&#8217;estructura i de les entrades amb les quals comptava.<\/p><p align=\"JUSTIFY\">A partir d&#8217;aquesta informaci\u00f3 va ser possible comen\u00e7ar la fase d&#8217;intervenci\u00f3 en 2016 i 2017 dirigida mitjan\u00e7ant una actuaci\u00f3 arqueol\u00f2gica de localitzaci\u00f3 de les entrades i excavaci\u00f3 d&#8217;aquest, la qual cosa ha revelat un refugi antiaeri amb tres entrades: la primera, en la fa\u00e7ana principal de l&#8217;habitatge; la segona, en la part posterior; i una tercera encara sense localitzar amb exactitud per\u00f2 que se sap que estaria connectada amb el celler de la casa. Aquesta entrada, segons les fonts orals, era de grans dimensions, i seria la principal. Les altres dues entrades han sigut excavades revelant-se les escales i el corredor central.<\/p><p align=\"JUSTIFY\">L&#8217;estada central del refugi compta amb un armari de rebost i amb un xicotet repeu. A m\u00e9s, s&#8217;ha descobert un graner tancant el corredor que comunicaria amb el celler. Aquest graner va ser constru\u00eft en la postguerra, quan la fam\u00edlia Ivorra va tornar a la finca. Tamb\u00e9 s&#8217;han trobat alguns elements que indicarien la pres\u00e8ncia d&#8217;un enllumenat a l&#8217;interior del refugi.<\/p><p align=\"JUSTIFY\">M\u00e9s enll\u00e0 de les seues caracter\u00edstiques arquitect\u00f2niques, aquest refugi destaca perqu\u00e8 va ser l&#8217;escenari de l&#8217;\u00faltim cap\u00edtol de la Guerra Civil: el canvi de poders de la capital Alacantina, una claudicaci\u00f3 diplom\u00e0tica que segellaria el final del conflicte. El representant de Falange a Alacant, Jos\u00e9 Mallol Alberola, es va encarregar de negociar amb Tinent Coronel de Carabiners Jos\u00e9 Mu\u00f1oz Vizca\u00edno per a organitzar un final de la Guerra incruent a la prov\u00edncia. Aquesta, es va produir en el celler del refugi en una s\u00e8rie d&#8217;entrevistes entre tots dos. Una vegada que les autoritats alacantines van abandonar la ciutat, Jos\u00e9 Mu\u00f1oz va adquirir el c\u00e0rrec de governador militar, fent-se el trasp\u00e0s efectiu en una oficina de la capital. Jos\u00e9 Mallol per part seua, va adquirir el c\u00e0rrec de governador civil estant al comandament fins a l&#8217;entrada de les tropes a la ciutat. Gr\u00e0cies a l&#8217;autobiografia de Mallol \u201cL&#8217;Estampida\u201d (2000) s&#8217;han pogut documentar aquests esdeveniments hist\u00f2rics, entre altres publicacions de gran rigor hist\u00f2ric com la publicaci\u00f3 d&#8217;Aldeguer i Sant (1999), \u201cAlacant, 1939\u201d.<\/p><p align=\"JUSTIFY\">En els \u00faltims anys, amb motiu de la posada en valor de les petjades del patrimoni defensiu i b\u00e8l\u00b7lic que han perdurat fins als nostres dies, ha propiciat que governants locals prenguen consci\u00e8ncia en la seua localitat sobre el potencial tur\u00edstic i educatiu que aquests recursos tenen en la contribuci\u00f3 dels valors simb\u00f2lics identificatius d&#8217;un territori. Sens dubte, el refugi de la Finca Pedro Jos\u00e9 reuneix aquest potencial a m\u00e9s de ser l&#8217;\u00fanic excavat en l&#8217;actualitat en el municipi. \u00c9s, per tant, l\u00f2gica la proposta de posada en valor i muse\u00eftzaci\u00f3 d&#8217;aquest. Amb aquesta proposta es tracta d&#8217;aconseguir una major comprensi\u00f3 hist\u00f2rica i un coneixement del territori que comparteixen Alacant i Sant Joan durant el per\u00edode de la Guerra Civil. Aix\u00ed, el refugi Pedro Jos\u00e9 passaria a formar part com a parada essencial d&#8217;una ruta sobre el patrimoni defensiu de la Guerra Civil entre totes dues localitats amb la finalitat d&#8217;oferir un turisme alternatiu al sol i platja tan caracter\u00edstic de la Costa Blanca.<\/p>\t\t\t\t\t\t\t\t<\/div>\n\t\t\t\t<\/div>\n\t\t\t\t\t<\/div>\n\t\t<\/div>\n\t\t\t\t\t<\/div>\n\t\t<\/section>\n\t\t\t\t<\/div>\n\t\t","protected":false},"excerpt":{"rendered":"<p>Refugi Pedro Jos\u00e9 La finca Pedro Jos\u00e9, hui Jutjats de pau, alberga una de les petjades m\u00e9s rellevants que la Guerra Civil ha deixat en el paisatge alacant\u00ed: un refugi antiaeri de tipus t\u00fanel protagonista del cap\u00edtol final del conflicte. Aquest tipus de construccions, gr\u00e0cies a la modificaci\u00f3 de la llei de patrimoni cultural de [&hellip;]<\/p>\n","protected":false},"author":1,"featured_media":0,"parent":0,"menu_order":0,"comment_status":"closed","ping_status":"closed","template":"","meta":{"footnotes":""},"class_list":["post-7419","page","type-page","status-publish","hentry"],"_links":{"self":[{"href":"https:\/\/turismosantjoan.es\/ca\/wp-json\/wp\/v2\/pages\/7419","targetHints":{"allow":["GET"]}}],"collection":[{"href":"https:\/\/turismosantjoan.es\/ca\/wp-json\/wp\/v2\/pages"}],"about":[{"href":"https:\/\/turismosantjoan.es\/ca\/wp-json\/wp\/v2\/types\/page"}],"author":[{"embeddable":true,"href":"https:\/\/turismosantjoan.es\/ca\/wp-json\/wp\/v2\/users\/1"}],"replies":[{"embeddable":true,"href":"https:\/\/turismosantjoan.es\/ca\/wp-json\/wp\/v2\/comments?post=7419"}],"version-history":[{"count":0,"href":"https:\/\/turismosantjoan.es\/ca\/wp-json\/wp\/v2\/pages\/7419\/revisions"}],"wp:attachment":[{"href":"https:\/\/turismosantjoan.es\/ca\/wp-json\/wp\/v2\/media?parent=7419"}],"curies":[{"name":"wp","href":"https:\/\/api.w.org\/{rel}","templated":true}]}}