{"id":7421,"date":"2023-07-25T07:40:11","date_gmt":"2023-07-25T07:40:11","guid":{"rendered":"https:\/\/turismo-sj.developersasapglobalsolution.com\/residencia-de-pensionistes-ferroviaris\/"},"modified":"2023-09-19T16:15:53","modified_gmt":"2023-09-19T16:15:53","slug":"residencia-de-pensionistes-ferroviaris","status":"publish","type":"page","link":"https:\/\/turismosantjoan.es\/ca\/residencia-de-pensionistes-ferroviaris\/","title":{"rendered":"Resid\u00e8ncia de Pensionistes Ferroviaris"},"content":{"rendered":"\t\t<div data-elementor-type=\"wp-page\" data-elementor-id=\"7421\" class=\"elementor elementor-7421 elementor-3254\" data-elementor-post-type=\"page\">\n\t\t\t\t\t\t<section class=\"elementor-section elementor-top-section elementor-element elementor-element-010b22f elementor-section-boxed elementor-section-height-default elementor-section-height-default\" data-id=\"010b22f\" data-element_type=\"section\" data-e-type=\"section\" data-settings=\"{&quot;shape_divider_top&quot;:&quot;mountains&quot;,&quot;background_background&quot;:&quot;classic&quot;}\">\n\t\t\t\t\t<div class=\"elementor-shape elementor-shape-top\" aria-hidden=\"true\" data-negative=\"false\">\n\t\t\t<svg xmlns=\"http:\/\/www.w3.org\/2000\/svg\" viewBox=\"0 0 1000 100\" preserveAspectRatio=\"none\">\n\t<path class=\"elementor-shape-fill\" opacity=\"0.33\" d=\"M473,67.3c-203.9,88.3-263.1-34-320.3,0C66,119.1,0,59.7,0,59.7V0h1000v59.7 c0,0-62.1,26.1-94.9,29.3c-32.8,3.3-62.8-12.3-75.8-22.1C806,49.6,745.3,8.7,694.9,4.7S492.4,59,473,67.3z\"\/>\n\t<path class=\"elementor-shape-fill\" opacity=\"0.66\" d=\"M734,67.3c-45.5,0-77.2-23.2-129.1-39.1c-28.6-8.7-150.3-10.1-254,39.1 s-91.7-34.4-149.2,0C115.7,118.3,0,39.8,0,39.8V0h1000v36.5c0,0-28.2-18.5-92.1-18.5C810.2,18.1,775.7,67.3,734,67.3z\"\/>\n\t<path class=\"elementor-shape-fill\" d=\"M766.1,28.9c-200-57.5-266,65.5-395.1,19.5C242,1.8,242,5.4,184.8,20.6C128,35.8,132.3,44.9,89.9,52.5C28.6,63.7,0,0,0,0 h1000c0,0-9.9,40.9-83.6,48.1S829.6,47,766.1,28.9z\"\/>\n<\/svg>\t\t<\/div>\n\t\t\t\t\t<div class=\"elementor-container elementor-column-gap-no\">\n\t\t\t\t\t<div class=\"elementor-column elementor-col-100 elementor-top-column elementor-element elementor-element-c15981b\" data-id=\"c15981b\" data-element_type=\"column\" data-e-type=\"column\">\n\t\t\t<div class=\"elementor-widget-wrap elementor-element-populated\">\n\t\t\t\t\t\t<div class=\"elementor-element elementor-element-4063677 elementor-widget elementor-widget-heading\" data-id=\"4063677\" data-element_type=\"widget\" data-e-type=\"widget\" data-widget_type=\"heading.default\">\n\t\t\t\t<div class=\"elementor-widget-container\">\n\t\t\t\t\t<h1 class=\"elementor-heading-title elementor-size-xxl\">Resid\u00e8ncia de Pensionistes Ferroviaris<\/h1>\t\t\t\t<\/div>\n\t\t\t\t<\/div>\n\t\t\t\t\t<\/div>\n\t\t<\/div>\n\t\t\t\t\t<\/div>\n\t\t<\/section>\n\t\t\t\t<section class=\"elementor-section elementor-top-section elementor-element elementor-element-947d40b elementor-section-boxed elementor-section-height-default elementor-section-height-default\" data-id=\"947d40b\" data-element_type=\"section\" data-e-type=\"section\">\n\t\t\t\t\t\t<div class=\"elementor-container elementor-column-gap-default\">\n\t\t\t\t\t<div class=\"elementor-column elementor-col-100 elementor-top-column elementor-element elementor-element-f341f03\" data-id=\"f341f03\" data-element_type=\"column\" data-e-type=\"column\">\n\t\t\t<div class=\"elementor-widget-wrap elementor-element-populated\">\n\t\t\t\t\t\t<div class=\"elementor-element elementor-element-bc2e6ca elementor-widget elementor-widget-google_maps\" data-id=\"bc2e6ca\" data-element_type=\"widget\" data-e-type=\"widget\" data-widget_type=\"google_maps.default\">\n\t\t\t\t<div class=\"elementor-widget-container\">\n\t\t\t\t\t\t\t<div class=\"elementor-custom-embed\">\n\t\t\t<iframe loading=\"lazy\"\n\t\t\t\t\tsrc=\"https:\/\/maps.google.com\/maps?q=Carrer%20Sant%20Antoni%2C%2074%2C%2003550%20Sant%20Joan%20d%27Alacant%2C%20Alicante%2C%20Espa%C3%B1a&#038;t=m&#038;z=15&#038;output=embed&#038;iwloc=near\"\n\t\t\t\t\ttitle=\"Carrer Sant Antoni, 74, 03550 Sant Joan d&#039;Alacant, Alicante, Espa\u00f1a\"\n\t\t\t\t\taria-label=\"Carrer Sant Antoni, 74, 03550 Sant Joan d&#039;Alacant, Alicante, Espa\u00f1a\"\n\t\t\t><\/iframe>\n\t\t<\/div>\n\t\t\t\t\t\t<\/div>\n\t\t\t\t<\/div>\n\t\t\t\t\t<\/div>\n\t\t<\/div>\n\t\t\t\t\t<\/div>\n\t\t<\/section>\n\t\t\t\t<section class=\"elementor-section elementor-top-section elementor-element elementor-element-4ef2e51 elementor-section-boxed elementor-section-height-default elementor-section-height-default\" data-id=\"4ef2e51\" data-element_type=\"section\" data-e-type=\"section\">\n\t\t\t\t\t\t<div class=\"elementor-container elementor-column-gap-default\">\n\t\t\t\t\t<div class=\"elementor-column elementor-col-100 elementor-top-column elementor-element elementor-element-e5fb0d4\" data-id=\"e5fb0d4\" data-element_type=\"column\" data-e-type=\"column\">\n\t\t\t<div class=\"elementor-widget-wrap elementor-element-populated\">\n\t\t\t\t\t\t<div class=\"elementor-element elementor-element-8386560 elementor-widget elementor-widget-text-editor\" data-id=\"8386560\" data-element_type=\"widget\" data-e-type=\"widget\" data-widget_type=\"text-editor.default\">\n\t\t\t\t<div class=\"elementor-widget-container\">\n\t\t\t\t\t\t\t\t\t<div class=\"wpb_text_column wpb_content_element \"><div class=\"wpb_wrapper\"><p align=\"JUSTIFY\"><a href=\"http:\/\/rua.ua.es\/dspace\/handle\/10045\/43191\">El racionalisme<\/a> \u00e9s un moviment d&#8217;avantguarda que va sorgir en el marc de desolaci\u00f3 i destrucci\u00f3 provocat per la I Guerra Mundial. Es va difondre per Europa entre 1925 i 1940. El racionalisme buscava l&#8217;estandarditzaci\u00f3 i prefabricaci\u00f3 dels elements constructius. Es caracteritzava per la supressi\u00f3 de l&#8217;ornament, la utilitzaci\u00f3 de formes geom\u00e8triques simples i ortogonals adaptades a la funci\u00f3 dels espais habitables. Ten\u00eda un fuerte componente din\u00e1mico y pl\u00e1stico. Tamb\u00e9 es restringia la gamma de colors, emprant el roig, groc i blau, juntament amb el negre, gris i blanc, encara que a Espanya era freq\u00fcent usar l&#8217;ocre i el beix. Prevalien els nous materials de l&#8217;\u00e8poca, com el formig\u00f3, el vidre i l&#8217;acer. Els edificis racionalistes solen presentar la planta baixa lliure, elevada sobre pilotis (pilars), encara que no \u00e9s el cas d&#8217;aquesta resid\u00e8ncia. La coberta plana, present en aquesta obra, \u00e9s un altre dels trets caracter\u00edstics d&#8217;aquesta mena d&#8217;arquitectures.<\/p><p align=\"JUSTIFY\">La Resid\u00e8ncia de Pensionistes Ferroviaris t\u00e9 planta en forma d&#8217;H, amb un eix de simetria nord-sud. Les habitacions es despleguen en els tres bra\u00e7os de la construcci\u00f3. Al tronc central es macla un cos que alberga els serveis comunitaris, on situa la cuina i la biblioteca en el soterrani, la infermeria i el gran menjador en la planta baixa, el gimn\u00e0s i la capella a doble altura en la planta primera, mentre que el cor i els serveis terap\u00e8utics se situen en la tercera planta. En les ales laterals es troben les habitacions a les quals s&#8217;accedeix per un corredor central, que culminen amb unes sales comunes amb forma corba, atorgant gran plasticitat al conjunt. Importants volades configuren les terrasses de les habitacions, accentuant l&#8217;horitzontalitat de la composici\u00f3 gr\u00e0cies a les l\u00ednies d&#8217;ombra, conformant una s\u00e8rie de balcons correguts separats amb mampares.<\/p><p align=\"JUSTIFY\">El clima benigne de Sant Joan i la nostra espl\u00e8ndida localitzaci\u00f3 han propiciat que el municipi es vincule tradicionalment amb la pau i l&#8217;assossec. Per aqueix motiu s&#8217;han implantat en la poblaci\u00f3 nombroses resid\u00e8ncies per a les persones majors. Tot l&#8217;edifici es projecta atenent els espais exteriors, tant les zones privades amb les seues terrasses com en la resta d&#8217;estades que presenten grans finestrals de fusta. A l&#8217;est de la propietat encara es conserva un hort de c\u00edtrics i en el nord-est es troba el jard\u00ed de la Pineda. Palmeres i pins juntament amb altres esp\u00e8cies envolten complex residencial, convertint les seues 188 places disponibles en un lloc ideal per a penjar els h\u00e0bits i dedicar-se a la bona vida.<\/p><\/div><\/div>\t\t\t\t\t\t\t\t<\/div>\n\t\t\t\t<\/div>\n\t\t\t\t\t<\/div>\n\t\t<\/div>\n\t\t\t\t\t<\/div>\n\t\t<\/section>\n\t\t\t\t<\/div>\n\t\t","protected":false},"excerpt":{"rendered":"<p>Resid\u00e8ncia de Pensionistes Ferroviaris El racionalisme \u00e9s un moviment d&#8217;avantguarda que va sorgir en el marc de desolaci\u00f3 i destrucci\u00f3 provocat per la I Guerra Mundial. Es va difondre per Europa entre 1925 i 1940. El racionalisme buscava l&#8217;estandarditzaci\u00f3 i prefabricaci\u00f3 dels elements constructius. Es caracteritzava per la supressi\u00f3 de l&#8217;ornament, la utilitzaci\u00f3 de formes [&hellip;]<\/p>\n","protected":false},"author":1,"featured_media":0,"parent":0,"menu_order":0,"comment_status":"closed","ping_status":"closed","template":"","meta":{"footnotes":""},"class_list":["post-7421","page","type-page","status-publish","hentry"],"_links":{"self":[{"href":"https:\/\/turismosantjoan.es\/ca\/wp-json\/wp\/v2\/pages\/7421","targetHints":{"allow":["GET"]}}],"collection":[{"href":"https:\/\/turismosantjoan.es\/ca\/wp-json\/wp\/v2\/pages"}],"about":[{"href":"https:\/\/turismosantjoan.es\/ca\/wp-json\/wp\/v2\/types\/page"}],"author":[{"embeddable":true,"href":"https:\/\/turismosantjoan.es\/ca\/wp-json\/wp\/v2\/users\/1"}],"replies":[{"embeddable":true,"href":"https:\/\/turismosantjoan.es\/ca\/wp-json\/wp\/v2\/comments?post=7421"}],"version-history":[{"count":0,"href":"https:\/\/turismosantjoan.es\/ca\/wp-json\/wp\/v2\/pages\/7421\/revisions"}],"wp:attachment":[{"href":"https:\/\/turismosantjoan.es\/ca\/wp-json\/wp\/v2\/media?parent=7421"}],"curies":[{"name":"wp","href":"https:\/\/api.w.org\/{rel}","templated":true}]}}