{"id":7423,"date":"2023-08-03T09:06:58","date_gmt":"2023-08-03T09:06:58","guid":{"rendered":"https:\/\/turismo-sj.developersasapglobalsolution.com\/reis-mags\/"},"modified":"2023-09-19T16:18:44","modified_gmt":"2023-09-19T16:18:44","slug":"reis-mags","status":"publish","type":"page","link":"https:\/\/turismosantjoan.es\/ca\/reis-mags\/","title":{"rendered":"Reis Mags"},"content":{"rendered":"\t\t<div data-elementor-type=\"wp-page\" data-elementor-id=\"7423\" class=\"elementor elementor-7423 elementor-4002\" data-elementor-post-type=\"page\">\n\t\t\t\t\t\t<section class=\"elementor-section elementor-top-section elementor-element elementor-element-1d820856 elementor-section-boxed elementor-section-height-default elementor-section-height-default\" data-id=\"1d820856\" data-element_type=\"section\" data-e-type=\"section\" data-settings=\"{&quot;shape_divider_top&quot;:&quot;mountains&quot;,&quot;background_background&quot;:&quot;classic&quot;}\">\n\t\t\t\t\t<div class=\"elementor-shape elementor-shape-top\" aria-hidden=\"true\" data-negative=\"false\">\n\t\t\t<svg xmlns=\"http:\/\/www.w3.org\/2000\/svg\" viewBox=\"0 0 1000 100\" preserveAspectRatio=\"none\">\n\t<path class=\"elementor-shape-fill\" opacity=\"0.33\" d=\"M473,67.3c-203.9,88.3-263.1-34-320.3,0C66,119.1,0,59.7,0,59.7V0h1000v59.7 c0,0-62.1,26.1-94.9,29.3c-32.8,3.3-62.8-12.3-75.8-22.1C806,49.6,745.3,8.7,694.9,4.7S492.4,59,473,67.3z\"\/>\n\t<path class=\"elementor-shape-fill\" opacity=\"0.66\" d=\"M734,67.3c-45.5,0-77.2-23.2-129.1-39.1c-28.6-8.7-150.3-10.1-254,39.1 s-91.7-34.4-149.2,0C115.7,118.3,0,39.8,0,39.8V0h1000v36.5c0,0-28.2-18.5-92.1-18.5C810.2,18.1,775.7,67.3,734,67.3z\"\/>\n\t<path class=\"elementor-shape-fill\" d=\"M766.1,28.9c-200-57.5-266,65.5-395.1,19.5C242,1.8,242,5.4,184.8,20.6C128,35.8,132.3,44.9,89.9,52.5C28.6,63.7,0,0,0,0 h1000c0,0-9.9,40.9-83.6,48.1S829.6,47,766.1,28.9z\"\/>\n<\/svg>\t\t<\/div>\n\t\t\t\t\t<div class=\"elementor-container elementor-column-gap-no\">\n\t\t\t\t\t<div class=\"elementor-column elementor-col-100 elementor-top-column elementor-element elementor-element-17554499\" data-id=\"17554499\" data-element_type=\"column\" data-e-type=\"column\">\n\t\t\t<div class=\"elementor-widget-wrap elementor-element-populated\">\n\t\t\t\t\t\t<div class=\"elementor-element elementor-element-1ce5c102 elementor-widget elementor-widget-heading\" data-id=\"1ce5c102\" data-element_type=\"widget\" data-e-type=\"widget\" data-widget_type=\"heading.default\">\n\t\t\t\t<div class=\"elementor-widget-container\">\n\t\t\t\t\t<h1 class=\"elementor-heading-title elementor-size-xxl\">Reis Mags<\/h1>\t\t\t\t<\/div>\n\t\t\t\t<\/div>\n\t\t\t\t\t<\/div>\n\t\t<\/div>\n\t\t\t\t\t<\/div>\n\t\t<\/section>\n\t\t\t\t<section class=\"elementor-section elementor-top-section elementor-element elementor-element-5cc552e2 elementor-section-boxed elementor-section-height-default elementor-section-height-default\" data-id=\"5cc552e2\" data-element_type=\"section\" data-e-type=\"section\">\n\t\t\t\t\t\t<div class=\"elementor-container elementor-column-gap-default\">\n\t\t\t\t\t<div class=\"elementor-column elementor-col-100 elementor-top-column elementor-element elementor-element-7cff8cef\" data-id=\"7cff8cef\" data-element_type=\"column\" data-e-type=\"column\">\n\t\t\t<div class=\"elementor-widget-wrap elementor-element-populated\">\n\t\t\t\t\t\t<div class=\"elementor-element elementor-element-49b63b07 elementor-widget elementor-widget-text-editor\" data-id=\"49b63b07\" data-element_type=\"widget\" data-e-type=\"widget\" data-widget_type=\"text-editor.default\">\n\t\t\t\t<div class=\"elementor-widget-container\">\n\t\t\t\t\t\t\t\t\t<div class=\"wpb_text_column wpb_content_element \"><div class=\"wpb_wrapper\"><p align=\"JUSTIFY\">La tradici\u00f3 dels reis mags es basa en el passatge b\u00edblic de l&#8217;adoraci\u00f3 a Crist per aquests despr\u00e9s del seu naixement en el pesebre de Betlem. Els Reis Mags, despr\u00e9s de con\u00e9ixer els plans de l&#8217;Herodes de matar a tots els xiquets amb la intenci\u00f3 d&#8217;assegurar-se el tron, evitant al possible Messies, arriben al pesebre seguint una estrela i ofereixen a Jes\u00fas, or, encens i mirra, s\u00edmbols de la condici\u00f3 real, divina i humana del nounat.<\/p><\/div><\/div>\t\t\t\t\t\t\t\t<\/div>\n\t\t\t\t<\/div>\n\t\t\t\t<section class=\"elementor-section elementor-inner-section elementor-element elementor-element-d321c3e elementor-section-boxed elementor-section-height-default elementor-section-height-default\" data-id=\"d321c3e\" data-element_type=\"section\" data-e-type=\"section\">\n\t\t\t\t\t\t<div class=\"elementor-container elementor-column-gap-default\">\n\t\t\t\t\t<div class=\"elementor-column elementor-col-50 elementor-inner-column elementor-element elementor-element-e9c43a8\" data-id=\"e9c43a8\" data-element_type=\"column\" data-e-type=\"column\">\n\t\t\t<div class=\"elementor-widget-wrap elementor-element-populated\">\n\t\t\t\t\t\t<div class=\"elementor-element elementor-element-429f068 elementor-widget elementor-widget-image\" data-id=\"429f068\" data-element_type=\"widget\" data-e-type=\"widget\" data-widget_type=\"image.default\">\n\t\t\t\t<div class=\"elementor-widget-container\">\n\t\t\t\t\t\t\t\t\t\t\t\t\t\t\t<img fetchpriority=\"high\" decoding=\"async\" width=\"800\" height=\"534\" src=\"https:\/\/turismosantjoan.es\/wp-content\/uploads\/2023\/09\/FOTO-DE-SUSTITUCION-1-CARROZA-REY-MAGO--1024x683.jpg\" class=\"attachment-large size-large wp-image-6021\" alt=\"\" srcset=\"https:\/\/turismosantjoan.es\/wp-content\/uploads\/2023\/09\/FOTO-DE-SUSTITUCION-1-CARROZA-REY-MAGO--1024x683.jpg 1024w, https:\/\/turismosantjoan.es\/wp-content\/uploads\/2023\/09\/FOTO-DE-SUSTITUCION-1-CARROZA-REY-MAGO--300x200.jpg 300w, https:\/\/turismosantjoan.es\/wp-content\/uploads\/2023\/09\/FOTO-DE-SUSTITUCION-1-CARROZA-REY-MAGO--768x512.jpg 768w, https:\/\/turismosantjoan.es\/wp-content\/uploads\/2023\/09\/FOTO-DE-SUSTITUCION-1-CARROZA-REY-MAGO--1536x1024.jpg 1536w, https:\/\/turismosantjoan.es\/wp-content\/uploads\/2023\/09\/FOTO-DE-SUSTITUCION-1-CARROZA-REY-MAGO--2048x1365.jpg 2048w\" sizes=\"(max-width: 800px) 100vw, 800px\" \/>\t\t\t\t\t\t\t\t\t\t\t\t\t\t\t<\/div>\n\t\t\t\t<\/div>\n\t\t\t\t\t<\/div>\n\t\t<\/div>\n\t\t\t\t<div class=\"elementor-column elementor-col-50 elementor-inner-column elementor-element elementor-element-c4c9bf3\" data-id=\"c4c9bf3\" data-element_type=\"column\" data-e-type=\"column\">\n\t\t\t<div class=\"elementor-widget-wrap elementor-element-populated\">\n\t\t\t\t\t\t<div class=\"elementor-element elementor-element-91aeccc elementor-widget elementor-widget-image\" data-id=\"91aeccc\" data-element_type=\"widget\" data-e-type=\"widget\" data-widget_type=\"image.default\">\n\t\t\t\t<div class=\"elementor-widget-container\">\n\t\t\t\t\t\t\t\t\t\t\t\t\t\t\t<img decoding=\"async\" width=\"800\" height=\"534\" src=\"https:\/\/turismosantjoan.es\/wp-content\/uploads\/2023\/09\/FOTO-DE-SUSTITUCION-2-REY-BALTASAR-1024x683.jpg\" class=\"attachment-large size-large wp-image-6024\" alt=\"\" srcset=\"https:\/\/turismosantjoan.es\/wp-content\/uploads\/2023\/09\/FOTO-DE-SUSTITUCION-2-REY-BALTASAR-1024x683.jpg 1024w, https:\/\/turismosantjoan.es\/wp-content\/uploads\/2023\/09\/FOTO-DE-SUSTITUCION-2-REY-BALTASAR-300x200.jpg 300w, https:\/\/turismosantjoan.es\/wp-content\/uploads\/2023\/09\/FOTO-DE-SUSTITUCION-2-REY-BALTASAR-768x512.jpg 768w, https:\/\/turismosantjoan.es\/wp-content\/uploads\/2023\/09\/FOTO-DE-SUSTITUCION-2-REY-BALTASAR-1536x1024.jpg 1536w, https:\/\/turismosantjoan.es\/wp-content\/uploads\/2023\/09\/FOTO-DE-SUSTITUCION-2-REY-BALTASAR-2048x1365.jpg 2048w\" sizes=\"(max-width: 800px) 100vw, 800px\" \/>\t\t\t\t\t\t\t\t\t\t\t\t\t\t\t<\/div>\n\t\t\t\t<\/div>\n\t\t\t\t\t<\/div>\n\t\t<\/div>\n\t\t\t\t\t<\/div>\n\t\t<\/section>\n\t\t\t\t<div class=\"elementor-element elementor-element-88e4e7e elementor-widget elementor-widget-text-editor\" data-id=\"88e4e7e\" data-element_type=\"widget\" data-e-type=\"widget\" data-widget_type=\"text-editor.default\">\n\t\t\t\t<div class=\"elementor-widget-container\">\n\t\t\t\t\t\t\t\t\t<p align=\"JUSTIFY\">Si b\u00e9 la festa se celebra el 6 de gener, la vespra \u00e9s quan aconsegueix el m\u00e0xim apogeu m\u00e0gic de la celebraci\u00f3 en la coneguda com la nit dels Reis Mags. Aquesta nit \u00e9s habitual en tota Espanya la celebraci\u00f3 de la cavalcada de Reis, una desfilada en el qual els protagonistes s\u00f3n Melchor, Gaspar i Baltasar sobre carrosses, cavalls o camells, acompanyats per vistoses ostentacions i per altres personatges b\u00edblics, costumistes o animats amb un clar sabor familiar o infantil, ja que els xiquets s\u00f3n els protagonistes de la festa. Les cavalcades van comen\u00e7ar a la fi del segle XIX, especialment a <a href=\"https:\/\/www.alcoi.org\/es\/cabalgata\/cabalgata.html\">Alcoi<\/a> on es data en 1866 per primera vegada, competint per aquest honor amb la ciutat de Barcelona.<\/p><p align=\"JUSTIFY\">A Sant Joan, la cavalcada va comen\u00e7ar fa bastants anys per iniciativa de la Parr\u00f2quia, i en l&#8217;actualitat, \u00e9s una de les cites m\u00e9s esperades del calendari. Dies previs a l&#8217;arribada dels Reis Mags, el carter real passa per Sant Joan d&#8217;Alacant per a recollir les cartes dels xiquets i d&#8217;alguns majors amb les seues peticions de regals i desitjos. Per\u00f2 el moment m\u00e9s esperat \u00e9s el dia 5 a la vesprada, quan per fi ens visiten els Reis que han arribat de formes molt diferents fins i tot en diverses ocasions en helic\u00f2pter.<\/p><p align=\"JUSTIFY\">La desfilada parteix des de la pla\u00e7a de la Constituci\u00f3 i arriba fins a la pla\u00e7a de l&#8217;Ajuntament, on habitualment les seues majestats d&#8217;Orient fan l&#8217;ofrena al xiquet Jes\u00fas, San Jos\u00e9 i la Mare de D\u00e9u en un escenari disposat en la pla\u00e7a a aquest efecte, o a l&#8217;interior de l&#8217;Esgl\u00e9sia sent rebuts per les campanes, la m\u00fasica i els focs artificials. Tamb\u00e9 dirigeixen un discurs als xiquets presents que els esperen ansiosos per a poder veure&#8217;ls, escoltar-los, con\u00e9ixer-los i fotografiar-se amb ells. En la desfilada participen nombroses persones de col\u00b7lectius festers, culturals i musicals del municipi. Els Reis Mags a m\u00e9s visiten aqueixa nit i l&#8217;endem\u00e0 dels malalts i personal de l&#8217;Hospital de Sant Joan, aix\u00ed com d&#8217;altres resid\u00e8ncies de majors, portant l&#8217;afecte i esperit nadalenc a aquestes persones.<\/p><p align=\"JUSTIFY\">Despr\u00e9s de la cavalcada, els xiquets xicotets tornen a les seues cases emocionats i es fiquen al llit despr\u00e9s de menjar el tortell per a en despertar, obrir ansiosament els regals.<\/p><p align=\"JUSTIFY\">Les fam\u00edlies i grups d&#8217;amics es reuneixen per a compartir aqueixa nit el sopar en la qual mai falta com a colof\u00f3 l&#8217;esperat tortell de Reis, moltes vegades acompanyat d&#8217;un delici\u00f3s xocolate calent. Alguns situen aquesta tradici\u00f3 del tortell en \u00e8poca romana vinculant-la als Saturnals que van ser sincretizados amb el Nadal. Uns altres, els situen en l&#8217;Edat mitjana. La veritat \u00e9s que aquestes postres tan t\u00edpiques \u00e9s fonamental en qualsevol celebraci\u00f3 del dia de Reis i en el seu interior mai falten les sorpreses com a diverses figures diminutes que acompanyen a la del Rei i la temuda Fava seca; qui troba aquesta \u00faltima, haur\u00e0 de pagar el tortell mentre que la persona que trobe al Rei, haur\u00e0 guanyat la corona daurada de cartolina que decora el centre del tortell. Durant aquests dies us obradors, fleques i pastisseries de Sant Joan d&#8217;Alacant malden per elaborar el tortell m\u00e9s delici\u00f3s.<\/p>\t\t\t\t\t\t\t\t<\/div>\n\t\t\t\t<\/div>\n\t\t\t\t<div class=\"elementor-element elementor-element-e401377 elementor-widget elementor-widget-image\" data-id=\"e401377\" data-element_type=\"widget\" data-e-type=\"widget\" data-widget_type=\"image.default\">\n\t\t\t\t<div class=\"elementor-widget-container\">\n\t\t\t\t\t\t\t\t\t\t\t\t\t\t\t<img decoding=\"async\" width=\"800\" height=\"534\" src=\"https:\/\/turismosantjoan.es\/wp-content\/uploads\/2023\/09\/FOTO-DE-SUSTITUCION-3-CARROZA-DESFILE-REYES-MAGOS-1024x683.jpg\" class=\"attachment-large size-large wp-image-6027\" alt=\"\" srcset=\"https:\/\/turismosantjoan.es\/wp-content\/uploads\/2023\/09\/FOTO-DE-SUSTITUCION-3-CARROZA-DESFILE-REYES-MAGOS-1024x683.jpg 1024w, https:\/\/turismosantjoan.es\/wp-content\/uploads\/2023\/09\/FOTO-DE-SUSTITUCION-3-CARROZA-DESFILE-REYES-MAGOS-300x200.jpg 300w, https:\/\/turismosantjoan.es\/wp-content\/uploads\/2023\/09\/FOTO-DE-SUSTITUCION-3-CARROZA-DESFILE-REYES-MAGOS-768x512.jpg 768w, https:\/\/turismosantjoan.es\/wp-content\/uploads\/2023\/09\/FOTO-DE-SUSTITUCION-3-CARROZA-DESFILE-REYES-MAGOS-1536x1024.jpg 1536w, https:\/\/turismosantjoan.es\/wp-content\/uploads\/2023\/09\/FOTO-DE-SUSTITUCION-3-CARROZA-DESFILE-REYES-MAGOS-2048x1365.jpg 2048w\" sizes=\"(max-width: 800px) 100vw, 800px\" \/>\t\t\t\t\t\t\t\t\t\t\t\t\t\t\t<\/div>\n\t\t\t\t<\/div>\n\t\t\t\t\t<\/div>\n\t\t<\/div>\n\t\t\t\t\t<\/div>\n\t\t<\/section>\n\t\t\t\t<section class=\"elementor-section elementor-top-section elementor-element elementor-element-64c88e6 elementor-section-boxed elementor-section-height-default elementor-section-height-default\" data-id=\"64c88e6\" data-element_type=\"section\" data-e-type=\"section\">\n\t\t\t\t\t\t<div class=\"elementor-container elementor-column-gap-default\">\n\t\t\t\t\t<div class=\"elementor-column elementor-col-100 elementor-top-column elementor-element elementor-element-3e761d3e\" data-id=\"3e761d3e\" data-element_type=\"column\" data-e-type=\"column\">\n\t\t\t<div class=\"elementor-widget-wrap elementor-element-populated\">\n\t\t\t\t\t\t<div class=\"elementor-element elementor-element-584fedb elementor-widget elementor-widget-heading\" data-id=\"584fedb\" data-element_type=\"widget\" data-e-type=\"widget\" data-widget_type=\"heading.default\">\n\t\t\t\t<div class=\"elementor-widget-container\">\n\t\t\t\t\t<h2 class=\"elementor-heading-title elementor-size-default\">Sabies que\u2026?<\/h2>\t\t\t\t<\/div>\n\t\t\t\t<\/div>\n\t\t\t\t<div class=\"elementor-element elementor-element-5aa70515 elementor-widget elementor-widget-text-editor\" data-id=\"5aa70515\" data-element_type=\"widget\" data-e-type=\"widget\" data-widget_type=\"text-editor.default\">\n\t\t\t\t<div class=\"elementor-widget-container\">\n\t\t\t\t\t\t\t\t\t<p align=\"JUSTIFY\">La vesprada del 5 de gener era molt esperada pels xiquets de Sant Joan que organitzats en colles recollien nombroses quantitats d&#8217;atuells vells met\u00e0l\u00b7lics com a olles i casseroles que unien amb cordes arrossegant aquell conjunt d&#8217;andr\u00f2mines pels carrers mentre feien sonar botzines, tubs de canya i xiulets cantant can\u00e7ons infantils. En arribar a la pla\u00e7a Maissonave els majors els obligaven a desfer aquella improvisada desfilada chirriante i els xiquets corrien abandonant els munts de ferralla enmig del carrer conscients de les seues entremaliadures.<\/p>\t\t\t\t\t\t\t\t<\/div>\n\t\t\t\t<\/div>\n\t\t\t\t\t<\/div>\n\t\t<\/div>\n\t\t\t\t\t<\/div>\n\t\t<\/section>\n\t\t\t\t<\/div>\n\t\t","protected":false},"excerpt":{"rendered":"<p>Reis Mags La tradici\u00f3 dels reis mags es basa en el passatge b\u00edblic de l&#8217;adoraci\u00f3 a Crist per aquests despr\u00e9s del seu naixement en el pesebre de Betlem. Els Reis Mags, despr\u00e9s de con\u00e9ixer els plans de l&#8217;Herodes de matar a tots els xiquets amb la intenci\u00f3 d&#8217;assegurar-se el tron, evitant al possible Messies, arriben [&hellip;]<\/p>\n","protected":false},"author":1,"featured_media":0,"parent":0,"menu_order":0,"comment_status":"closed","ping_status":"closed","template":"","meta":{"footnotes":""},"class_list":["post-7423","page","type-page","status-publish","hentry"],"_links":{"self":[{"href":"https:\/\/turismosantjoan.es\/ca\/wp-json\/wp\/v2\/pages\/7423","targetHints":{"allow":["GET"]}}],"collection":[{"href":"https:\/\/turismosantjoan.es\/ca\/wp-json\/wp\/v2\/pages"}],"about":[{"href":"https:\/\/turismosantjoan.es\/ca\/wp-json\/wp\/v2\/types\/page"}],"author":[{"embeddable":true,"href":"https:\/\/turismosantjoan.es\/ca\/wp-json\/wp\/v2\/users\/1"}],"replies":[{"embeddable":true,"href":"https:\/\/turismosantjoan.es\/ca\/wp-json\/wp\/v2\/comments?post=7423"}],"version-history":[{"count":0,"href":"https:\/\/turismosantjoan.es\/ca\/wp-json\/wp\/v2\/pages\/7423\/revisions"}],"wp:attachment":[{"href":"https:\/\/turismosantjoan.es\/ca\/wp-json\/wp\/v2\/media?parent=7423"}],"curies":[{"name":"wp","href":"https:\/\/api.w.org\/{rel}","templated":true}]}}