{"id":7427,"date":"2023-07-20T09:50:18","date_gmt":"2023-07-20T07:50:18","guid":{"rendered":"https:\/\/turismo-sj.developersasapglobalsolution.com\/ruta-del-vi\/"},"modified":"2024-11-19T09:09:49","modified_gmt":"2024-11-19T08:09:49","slug":"ruta-del-vi","status":"publish","type":"page","link":"https:\/\/turismosantjoan.es\/ca\/ruta-del-vi\/","title":{"rendered":"Ruta del Vi"},"content":{"rendered":"\t\t<div data-elementor-type=\"wp-page\" data-elementor-id=\"7427\" class=\"elementor elementor-7427 elementor-2257\" data-elementor-post-type=\"page\">\n\t\t\t\t\t\t<section class=\"elementor-section elementor-top-section elementor-element elementor-element-36eb50d elementor-section-boxed elementor-section-height-default elementor-section-height-default\" data-id=\"36eb50d\" data-element_type=\"section\" data-e-type=\"section\">\n\t\t\t\t\t\t<div class=\"elementor-container elementor-column-gap-default\">\n\t\t\t\t\t<div class=\"elementor-column elementor-col-100 elementor-top-column elementor-element elementor-element-1bf1cf8\" data-id=\"1bf1cf8\" data-element_type=\"column\" data-e-type=\"column\">\n\t\t\t<div class=\"elementor-widget-wrap elementor-element-populated\">\n\t\t\t\t\t\t<div class=\"elementor-element elementor-element-f15717b elementor-widget elementor-widget-image\" data-id=\"f15717b\" data-element_type=\"widget\" data-e-type=\"widget\" data-widget_type=\"image.default\">\n\t\t\t\t<div class=\"elementor-widget-container\">\n\t\t\t\t\t\t\t\t\t\t\t\t\t\t\t<img fetchpriority=\"high\" decoding=\"async\" width=\"800\" height=\"534\" src=\"https:\/\/turismosantjoan.es\/wp-content\/uploads\/2023\/07\/Foto-NdP-1024x683.jpeg\" class=\"attachment-large size-large wp-image-156\" alt=\"\" srcset=\"https:\/\/turismosantjoan.es\/wp-content\/uploads\/2023\/07\/Foto-NdP-1024x683.jpeg 1024w, https:\/\/turismosantjoan.es\/wp-content\/uploads\/2023\/07\/Foto-NdP-300x200.jpeg 300w, https:\/\/turismosantjoan.es\/wp-content\/uploads\/2023\/07\/Foto-NdP-768x512.jpeg 768w, https:\/\/turismosantjoan.es\/wp-content\/uploads\/2023\/07\/Foto-NdP.jpeg 1368w\" sizes=\"(max-width: 800px) 100vw, 800px\" \/>\t\t\t\t\t\t\t\t\t\t\t\t\t\t\t<\/div>\n\t\t\t\t<\/div>\n\t\t\t\t\t<\/div>\n\t\t<\/div>\n\t\t\t\t\t<\/div>\n\t\t<\/section>\n\t\t\t\t<section class=\"elementor-section elementor-top-section elementor-element elementor-element-7a1cd03 elementor-section-boxed elementor-section-height-default elementor-section-height-default\" data-id=\"7a1cd03\" data-element_type=\"section\" data-e-type=\"section\">\n\t\t\t\t\t\t<div class=\"elementor-container elementor-column-gap-default\">\n\t\t\t\t\t<div class=\"elementor-column elementor-col-100 elementor-top-column elementor-element elementor-element-6b5130a\" data-id=\"6b5130a\" data-element_type=\"column\" data-e-type=\"column\">\n\t\t\t<div class=\"elementor-widget-wrap elementor-element-populated\">\n\t\t\t\t\t\t<div class=\"elementor-element elementor-element-b0ddb84 elementor-widget elementor-widget-image\" data-id=\"b0ddb84\" data-element_type=\"widget\" data-e-type=\"widget\" data-widget_type=\"image.default\">\n\t\t\t\t<div class=\"elementor-widget-container\">\n\t\t\t\t\t\t\t\t\t\t\t\t\t\t\t<img decoding=\"async\" width=\"740\" height=\"236\" src=\"https:\/\/turismosantjoan.es\/wp-content\/uploads\/2023\/11\/escudos-nota-de-prensa-ruta-del-vino.jpg\" class=\"attachment-large size-large wp-image-9329\" alt=\"\" srcset=\"https:\/\/turismosantjoan.es\/wp-content\/uploads\/2023\/11\/escudos-nota-de-prensa-ruta-del-vino.jpg 740w, https:\/\/turismosantjoan.es\/wp-content\/uploads\/2023\/11\/escudos-nota-de-prensa-ruta-del-vino-300x96.jpg 300w\" sizes=\"(max-width: 740px) 100vw, 740px\" \/>\t\t\t\t\t\t\t\t\t\t\t\t\t\t\t<\/div>\n\t\t\t\t<\/div>\n\t\t\t\t<div class=\"elementor-element elementor-element-9513766 elementor-widget elementor-widget-text-editor\" data-id=\"9513766\" data-element_type=\"widget\" data-e-type=\"widget\" data-widget_type=\"text-editor.default\">\n\t\t\t\t<div class=\"elementor-widget-container\">\n\t\t\t\t\t\t\t\t\t<p>\u00a0 \u00a0 \u00a0 \u00a0 \u00a0 \u00a0 \u00a0 \u00a0 \u00a0 \u00a0 \u00a0 \u00a0 \u00a0 \u00a0 \u00a0 \u00a0 \u00a0 \u00a0 \u00a0 \u00a0 \u00a0 \u00a0 \u00a0 \u00a0 \u00a0 \u00a0 \u00a0 \u00a0 \u00a0 \u00a0 \u00a0 \u00a0 \u00a0 \u00a0 \u00a0 \u00a0 \u00a0 \u00a0 \u00a0 \u00a0 \u00a0 \u00a0 \u00a0 \u00a0 \u00a0<strong>Nota de prensa 27\/07\/2022<\/strong><\/p><p>\u00a0 \u00a0 \u00a0 \u00a0 \u00a0 \u00a0 \u00a0 \u00a0 \u00a0 \u00a0 \u00a0 \u00a0 \u00a0 \u00a0 \u00a0 \u00a0 \u00a0 \u00a0 \u00a0 \u00a0 \u00a0 \u00a0 \u00a0 \u00a0 \u00a0 \u00a0 \u00a0 \u00a0 \u00a0 \u00a0 \u00a0 \u00a0 \u00a0 \u00a0 <span style=\"text-decoration: underline;\"><strong>Sant Joan d&#8217;Alacant passa a formar part de la Ruta del Vi d&#8217;Alacant<\/strong><\/span><\/p><p>Totes dues Institucions van aprovar l&#8217;adhesi\u00f3 fa tan sols uns dies. Els socis de la Ruta del Vi en el seu conjunt van aprovar en l&#8217;assemblea celebrada dilluns passat 18 de juliol, l&#8217;alta del nou dest\u00ed. Amb Sant Joan d&#8217;Alacant s\u00f3n 12 els destins que passen a formar part li la ruta, al costat de la Vall de Pop, l&#8217;Alfas del Pi, Villena, Salinas, Algue\u00f1a, El Pin\u00f2s, Mon\u00f3var, Petrer, Novelda, Sax, Calp i Teulada-Moraira.<\/p><p>Per part seua, l&#8217;ajuntament de Sant Joan d&#8217;Alacant, en acord de ple celebrat divendres passat 15 de juliol, va determinar, aix\u00ed mateix, la seua adhesi\u00f3 a l&#8217;associaci\u00f3.<\/p><p>mb esta incorporaci\u00f3, la Ruta del Vi es proposa continuar creixent de manera coherent, seguint els est\u00e0ndards de qualitat marcats per Rutes del Vi d&#8217;Espanya en el seu manual de producte. El seg\u00fcent pas l\u00f2gic ser\u00e0 la incorporaci\u00f3 d&#8217;empreses del municipi: establiments de restauraci\u00f3, allotjament, aix\u00ed com altres empreses de serveis tur\u00edstics.<\/p><p>Un dels factors que han determinat esta decisi\u00f3 \u00e9s la petjada vitivin\u00edcola del municipi evidenciada en la Finca Ansaldo, BIC de titularitat municipal. La finca rep el seu nom de la fam\u00edlia genovesa Ansaldo que, despr\u00e9s d&#8217;assentar-se a Sant Joan en el segle XVII, es va dedicar al comer\u00e7 i explotaci\u00f3 de vi. Recentment restaurat, el conjunt arquitect\u00f2nic es compon: torre de defensa, cuines, ermita, alm\u00e0ssera i antics cellers. L&#8217;immoble hui dia alberga sales polivantes, espais musealizados, i un centre d&#8217;interpretaci\u00f3 de l&#8217;Horta d&#8217;Alacant. Un element divulgador, este \u00faltim, que aportar\u00e0 valor hist\u00f2ric a l&#8217;oferta de museus del vi existent en la Ruta del Vi, conformada pel Museu Etnol\u00f2gic d&#8217;Alcalal\u00ed, el Celler Museu Maserof a Xal\u00f3 o la Casa del Marbre i el Vi al Pin\u00f3s.<\/p><p>Per a Mar\u00eda Mi\u00f1ano, presidenta de la Ruta del Vi d&#8217;Alacant &#8220;la incorporaci\u00f3 de Sant Joan d&#8217;Alacant a la Ruta del Vi \u00e0mplia i enriqueix l&#8217;oferta enotur\u00edstica existent, constituint un interessant nus de connexi\u00f3 entre les comarques del Vinalop\u00f3 al sud interior i les de la Marina al nord-est i obrint la porta a possibles incorporacions dels municipis ve\u00efns&#8221;.<\/p><p>En paraules de Manel Giner, regidor de Foment Econ\u00f2mic de Sant Joan &#8220;que el nostre municipi s&#8217;haja incorporat a la Ruta del Vi d&#8217;Alacant com el primer de la Comarca de l&#8217;Alacant\u00ed, \u00e9s un motiu d&#8217;alegria i orgull, perqu\u00e8 permetr\u00e0 que Sant Joan es retrobe amb el seu passat vitivin\u00edcola i que la nostra activitat econ\u00f2mica es beneficie dels avantatges de treballar, al costat de la resta de socis p\u00fablics i privats d&#8217;este club de producte, participant de les seues accions de formaci\u00f3, capacitaci\u00f3, millora i difusi\u00f3 de la nostra oferta. I tot aix\u00f2, gr\u00e0cies a la col\u00b7laboraci\u00f3 p\u00fablic-privada que representa la Ruta del Vi&#8221;.<\/p><p><u>\u00a0<\/u><\/p>\t\t\t\t\t\t\t\t<\/div>\n\t\t\t\t<\/div>\n\t\t\t\t\t<\/div>\n\t\t<\/div>\n\t\t\t\t\t<\/div>\n\t\t<\/section>\n\t\t\t\t<\/div>\n\t\t","protected":false},"excerpt":{"rendered":"<p>\u00a0 \u00a0 \u00a0 \u00a0 \u00a0 \u00a0 \u00a0 \u00a0 \u00a0 \u00a0 \u00a0 \u00a0 \u00a0 \u00a0 \u00a0 \u00a0 \u00a0 \u00a0 \u00a0 \u00a0 \u00a0 \u00a0 \u00a0 \u00a0 \u00a0 \u00a0 \u00a0 \u00a0 \u00a0 \u00a0 \u00a0 \u00a0 \u00a0 \u00a0 \u00a0 \u00a0 \u00a0 \u00a0 \u00a0 \u00a0 \u00a0 \u00a0 \u00a0 \u00a0 \u00a0Nota de prensa 27\/07\/2022 \u00a0 \u00a0 \u00a0 \u00a0 \u00a0 \u00a0 \u00a0 [&hellip;]<\/p>\n","protected":false},"author":1,"featured_media":0,"parent":0,"menu_order":0,"comment_status":"closed","ping_status":"closed","template":"","meta":{"footnotes":""},"class_list":["post-7427","page","type-page","status-publish","hentry"],"_links":{"self":[{"href":"https:\/\/turismosantjoan.es\/ca\/wp-json\/wp\/v2\/pages\/7427","targetHints":{"allow":["GET"]}}],"collection":[{"href":"https:\/\/turismosantjoan.es\/ca\/wp-json\/wp\/v2\/pages"}],"about":[{"href":"https:\/\/turismosantjoan.es\/ca\/wp-json\/wp\/v2\/types\/page"}],"author":[{"embeddable":true,"href":"https:\/\/turismosantjoan.es\/ca\/wp-json\/wp\/v2\/users\/1"}],"replies":[{"embeddable":true,"href":"https:\/\/turismosantjoan.es\/ca\/wp-json\/wp\/v2\/comments?post=7427"}],"version-history":[{"count":0,"href":"https:\/\/turismosantjoan.es\/ca\/wp-json\/wp\/v2\/pages\/7427\/revisions"}],"wp:attachment":[{"href":"https:\/\/turismosantjoan.es\/ca\/wp-json\/wp\/v2\/media?parent=7427"}],"curies":[{"name":"wp","href":"https:\/\/api.w.org\/{rel}","templated":true}]}}