{"id":7433,"date":"2023-07-25T09:20:07","date_gmt":"2023-07-25T09:20:07","guid":{"rendered":"https:\/\/turismo-sj.developersasapglobalsolution.com\/sant-antoni-o-el-del-pro\/"},"modified":"2023-09-20T07:44:43","modified_gmt":"2023-09-20T07:44:43","slug":"sant-antoni-o-el-del-pro","status":"publish","type":"page","link":"https:\/\/turismosantjoan.es\/ca\/sant-antoni-o-el-del-pro\/","title":{"rendered":"Sant Antoni o El del Pr\u00f3"},"content":{"rendered":"\t\t<div data-elementor-type=\"wp-page\" data-elementor-id=\"7433\" class=\"elementor elementor-7433 elementor-3529\" data-elementor-post-type=\"page\">\n\t\t\t\t\t\t<section class=\"elementor-section elementor-top-section elementor-element elementor-element-214ae878 elementor-section-boxed elementor-section-height-default elementor-section-height-default\" data-id=\"214ae878\" data-element_type=\"section\" data-e-type=\"section\" data-settings=\"{&quot;shape_divider_top&quot;:&quot;mountains&quot;,&quot;background_background&quot;:&quot;classic&quot;}\">\n\t\t\t\t\t<div class=\"elementor-shape elementor-shape-top\" aria-hidden=\"true\" data-negative=\"false\">\n\t\t\t<svg xmlns=\"http:\/\/www.w3.org\/2000\/svg\" viewBox=\"0 0 1000 100\" preserveAspectRatio=\"none\">\n\t<path class=\"elementor-shape-fill\" opacity=\"0.33\" d=\"M473,67.3c-203.9,88.3-263.1-34-320.3,0C66,119.1,0,59.7,0,59.7V0h1000v59.7 c0,0-62.1,26.1-94.9,29.3c-32.8,3.3-62.8-12.3-75.8-22.1C806,49.6,745.3,8.7,694.9,4.7S492.4,59,473,67.3z\"\/>\n\t<path class=\"elementor-shape-fill\" opacity=\"0.66\" d=\"M734,67.3c-45.5,0-77.2-23.2-129.1-39.1c-28.6-8.7-150.3-10.1-254,39.1 s-91.7-34.4-149.2,0C115.7,118.3,0,39.8,0,39.8V0h1000v36.5c0,0-28.2-18.5-92.1-18.5C810.2,18.1,775.7,67.3,734,67.3z\"\/>\n\t<path class=\"elementor-shape-fill\" d=\"M766.1,28.9c-200-57.5-266,65.5-395.1,19.5C242,1.8,242,5.4,184.8,20.6C128,35.8,132.3,44.9,89.9,52.5C28.6,63.7,0,0,0,0 h1000c0,0-9.9,40.9-83.6,48.1S829.6,47,766.1,28.9z\"\/>\n<\/svg>\t\t<\/div>\n\t\t\t\t\t<div class=\"elementor-container elementor-column-gap-no\">\n\t\t\t\t\t<div class=\"elementor-column elementor-col-100 elementor-top-column elementor-element elementor-element-2a348185\" data-id=\"2a348185\" data-element_type=\"column\" data-e-type=\"column\">\n\t\t\t<div class=\"elementor-widget-wrap elementor-element-populated\">\n\t\t\t\t\t\t<div class=\"elementor-element elementor-element-2e1bfb5f elementor-widget elementor-widget-heading\" data-id=\"2e1bfb5f\" data-element_type=\"widget\" data-e-type=\"widget\" data-widget_type=\"heading.default\">\n\t\t\t\t<div class=\"elementor-widget-container\">\n\t\t\t\t\t<h1 class=\"elementor-heading-title elementor-size-xxl\">Sant Antoni o El del Pr\u00f3<\/h1>\t\t\t\t<\/div>\n\t\t\t\t<\/div>\n\t\t\t\t\t<\/div>\n\t\t<\/div>\n\t\t\t\t\t<\/div>\n\t\t<\/section>\n\t\t\t\t<section class=\"elementor-section elementor-top-section elementor-element elementor-element-616e3f4 elementor-section-boxed elementor-section-height-default elementor-section-height-default\" data-id=\"616e3f4\" data-element_type=\"section\" data-e-type=\"section\">\n\t\t\t\t\t\t<div class=\"elementor-container elementor-column-gap-default\">\n\t\t\t\t\t<div class=\"elementor-column elementor-col-100 elementor-top-column elementor-element elementor-element-54dd77b9\" data-id=\"54dd77b9\" data-element_type=\"column\" data-e-type=\"column\">\n\t\t\t<div class=\"elementor-widget-wrap elementor-element-populated\">\n\t\t\t\t\t\t<div class=\"elementor-element elementor-element-1f4b7fb4 elementor-widget elementor-widget-google_maps\" data-id=\"1f4b7fb4\" data-element_type=\"widget\" data-e-type=\"widget\" data-widget_type=\"google_maps.default\">\n\t\t\t\t<div class=\"elementor-widget-container\">\n\t\t\t\t\t\t\t<div class=\"elementor-custom-embed\">\n\t\t\t<iframe loading=\"lazy\"\n\t\t\t\t\tsrc=\"https:\/\/maps.google.com\/maps?q=38.388172%2C%20-0.423276&#038;t=m&#038;z=15&#038;output=embed&#038;iwloc=near\"\n\t\t\t\t\ttitle=\"38.388172, -0.423276\"\n\t\t\t\t\taria-label=\"38.388172, -0.423276\"\n\t\t\t><\/iframe>\n\t\t<\/div>\n\t\t\t\t\t\t<\/div>\n\t\t\t\t<\/div>\n\t\t\t\t\t<\/div>\n\t\t<\/div>\n\t\t\t\t\t<\/div>\n\t\t<\/section>\n\t\t\t\t<section class=\"elementor-section elementor-top-section elementor-element elementor-element-362b0cbf elementor-section-boxed elementor-section-height-default elementor-section-height-default\" data-id=\"362b0cbf\" data-element_type=\"section\" data-e-type=\"section\">\n\t\t\t\t\t\t<div class=\"elementor-container elementor-column-gap-default\">\n\t\t\t\t\t<div class=\"elementor-column elementor-col-100 elementor-top-column elementor-element elementor-element-4fe42258\" data-id=\"4fe42258\" data-element_type=\"column\" data-e-type=\"column\">\n\t\t\t<div class=\"elementor-widget-wrap elementor-element-populated\">\n\t\t\t\t\t\t<div class=\"elementor-element elementor-element-425798f5 elementor-widget elementor-widget-text-editor\" data-id=\"425798f5\" data-element_type=\"widget\" data-e-type=\"widget\" data-widget_type=\"text-editor.default\">\n\t\t\t\t<div class=\"elementor-widget-container\">\n\t\t\t\t\t\t\t\t\t<div class=\"wpb_text_column wpb_content_element \"><div class=\"wpb_wrapper\"><p align=\"JUSTIFY\">L&#8217;habitatge <a href=\"http:\/\/rua.ua.es\/dspace\/handle\/10045\/66648\">Sant Antoni o El del Pr\u00f3<\/a> \u00e9s de tipus residencial ocupa una planta lleugerament rectangular i presenta un volum molt compacte. En la planta baixa, destaca el vest\u00edbul de dues crugies, comunicades entre si per una obertura formada per un enorme arc de cadirat. A aquesta estada s&#8217;obririen les diferents depend\u00e8ncies espec\u00edfiques destinades al desenvolupament de la vida agr\u00edcola com els estables i el celler, situada en la part posterior i convertida actualment en un magatzem.<\/p><p align=\"JUSTIFY\">Pel que respecta a la planta superior, aquesta es desenvolupa al voltant del vest\u00edbul i albergaria les habitacions destinades a la vida p\u00fablica i privada com els salons situats sobre el celler, els dormitoris i una xicoteta capella on es venerava a Santa Rita. Existeix la tradici\u00f3 d&#8217;anar a visitar a la santa el dia de la seua onom\u00e0stica, el 22 de maig.<\/p><\/div><\/div><div class=\"wpb_text_column wpb_content_element \"><div class=\"wpb_wrapper\"><p align=\"JUSTIFY\">La fa\u00e7ana principal d&#8217;aquesta construcci\u00f3 est\u00e0 orientada a ponent i en ella, s&#8217;aprecien les reformes efectuades durant el segle XIX, on destaquen els retancats dels buits, les fusteries i la serralleria dels balcons.<\/p><p align=\"JUSTIFY\">A m\u00e9s, hem d&#8217;esmentar les serralleries de les fa\u00e7anes posteriors ja que per les seues caracter\u00edstiques formals es poden datar en el segle XVIII; i, el paviment del vest\u00edbul de fang cuit \u00e9s l&#8217;original. Finalment, existeix un pati delimitat en paral\u00b7lel amb la fa\u00e7ana principal on destaquen uns pins de gran inter\u00e9s tant per la seua grand\u00e0ria com per la seua antiguitat.<\/p><\/div><\/div>\t\t\t\t\t\t\t\t<\/div>\n\t\t\t\t<\/div>\n\t\t\t\t\t<\/div>\n\t\t<\/div>\n\t\t\t\t\t<\/div>\n\t\t<\/section>\n\t\t\t\t<\/div>\n\t\t","protected":false},"excerpt":{"rendered":"<p>Sant Antoni o El del Pr\u00f3 L&#8217;habitatge Sant Antoni o El del Pr\u00f3 \u00e9s de tipus residencial ocupa una planta lleugerament rectangular i presenta un volum molt compacte. En la planta baixa, destaca el vest\u00edbul de dues crugies, comunicades entre si per una obertura formada per un enorme arc de cadirat. A aquesta estada s&#8217;obririen [&hellip;]<\/p>\n","protected":false},"author":1,"featured_media":0,"parent":0,"menu_order":0,"comment_status":"closed","ping_status":"closed","template":"","meta":{"footnotes":""},"class_list":["post-7433","page","type-page","status-publish","hentry"],"_links":{"self":[{"href":"https:\/\/turismosantjoan.es\/ca\/wp-json\/wp\/v2\/pages\/7433","targetHints":{"allow":["GET"]}}],"collection":[{"href":"https:\/\/turismosantjoan.es\/ca\/wp-json\/wp\/v2\/pages"}],"about":[{"href":"https:\/\/turismosantjoan.es\/ca\/wp-json\/wp\/v2\/types\/page"}],"author":[{"embeddable":true,"href":"https:\/\/turismosantjoan.es\/ca\/wp-json\/wp\/v2\/users\/1"}],"replies":[{"embeddable":true,"href":"https:\/\/turismosantjoan.es\/ca\/wp-json\/wp\/v2\/comments?post=7433"}],"version-history":[{"count":0,"href":"https:\/\/turismosantjoan.es\/ca\/wp-json\/wp\/v2\/pages\/7433\/revisions"}],"wp:attachment":[{"href":"https:\/\/turismosantjoan.es\/ca\/wp-json\/wp\/v2\/media?parent=7433"}],"curies":[{"name":"wp","href":"https:\/\/api.w.org\/{rel}","templated":true}]}}