{"id":7437,"date":"2023-08-03T09:50:38","date_gmt":"2023-08-03T09:50:38","guid":{"rendered":"https:\/\/turismo-sj.developersasapglobalsolution.com\/setmana-santa\/"},"modified":"2023-09-20T08:00:02","modified_gmt":"2023-09-20T08:00:02","slug":"setmana-santa","status":"publish","type":"page","link":"https:\/\/turismosantjoan.es\/ca\/setmana-santa\/","title":{"rendered":"Setmana Santa"},"content":{"rendered":"\t\t<div data-elementor-type=\"wp-page\" data-elementor-id=\"7437\" class=\"elementor elementor-7437 elementor-4074\" data-elementor-post-type=\"page\">\n\t\t\t\t\t\t<section class=\"elementor-section elementor-top-section elementor-element elementor-element-39b8496c elementor-section-boxed elementor-section-height-default elementor-section-height-default\" data-id=\"39b8496c\" data-element_type=\"section\" data-e-type=\"section\" data-settings=\"{&quot;shape_divider_top&quot;:&quot;mountains&quot;,&quot;background_background&quot;:&quot;classic&quot;}\">\n\t\t\t\t\t<div class=\"elementor-shape elementor-shape-top\" aria-hidden=\"true\" data-negative=\"false\">\n\t\t\t<svg xmlns=\"http:\/\/www.w3.org\/2000\/svg\" viewBox=\"0 0 1000 100\" preserveAspectRatio=\"none\">\n\t<path class=\"elementor-shape-fill\" opacity=\"0.33\" d=\"M473,67.3c-203.9,88.3-263.1-34-320.3,0C66,119.1,0,59.7,0,59.7V0h1000v59.7 c0,0-62.1,26.1-94.9,29.3c-32.8,3.3-62.8-12.3-75.8-22.1C806,49.6,745.3,8.7,694.9,4.7S492.4,59,473,67.3z\"\/>\n\t<path class=\"elementor-shape-fill\" opacity=\"0.66\" d=\"M734,67.3c-45.5,0-77.2-23.2-129.1-39.1c-28.6-8.7-150.3-10.1-254,39.1 s-91.7-34.4-149.2,0C115.7,118.3,0,39.8,0,39.8V0h1000v36.5c0,0-28.2-18.5-92.1-18.5C810.2,18.1,775.7,67.3,734,67.3z\"\/>\n\t<path class=\"elementor-shape-fill\" d=\"M766.1,28.9c-200-57.5-266,65.5-395.1,19.5C242,1.8,242,5.4,184.8,20.6C128,35.8,132.3,44.9,89.9,52.5C28.6,63.7,0,0,0,0 h1000c0,0-9.9,40.9-83.6,48.1S829.6,47,766.1,28.9z\"\/>\n<\/svg>\t\t<\/div>\n\t\t\t\t\t<div class=\"elementor-container elementor-column-gap-no\">\n\t\t\t\t\t<div class=\"elementor-column elementor-col-100 elementor-top-column elementor-element elementor-element-23f7cb9f\" data-id=\"23f7cb9f\" data-element_type=\"column\" data-e-type=\"column\">\n\t\t\t<div class=\"elementor-widget-wrap elementor-element-populated\">\n\t\t\t\t\t\t<div class=\"elementor-element elementor-element-42cb7143 elementor-widget elementor-widget-heading\" data-id=\"42cb7143\" data-element_type=\"widget\" data-e-type=\"widget\" data-widget_type=\"heading.default\">\n\t\t\t\t<div class=\"elementor-widget-container\">\n\t\t\t\t\t<h1 class=\"elementor-heading-title elementor-size-xxl\">Setmana Santa a Sant Joan<\/h1>\t\t\t\t<\/div>\n\t\t\t\t<\/div>\n\t\t\t\t\t<\/div>\n\t\t<\/div>\n\t\t\t\t\t<\/div>\n\t\t<\/section>\n\t\t\t\t<section class=\"elementor-section elementor-top-section elementor-element elementor-element-1a5f6911 elementor-section-boxed elementor-section-height-default elementor-section-height-default\" data-id=\"1a5f6911\" data-element_type=\"section\" data-e-type=\"section\">\n\t\t\t\t\t\t<div class=\"elementor-container elementor-column-gap-default\">\n\t\t\t\t\t<div class=\"elementor-column elementor-col-100 elementor-top-column elementor-element elementor-element-4bdfa981\" data-id=\"4bdfa981\" data-element_type=\"column\" data-e-type=\"column\">\n\t\t\t<div class=\"elementor-widget-wrap elementor-element-populated\">\n\t\t\t\t\t\t<div class=\"elementor-element elementor-element-472fbbfb elementor-widget elementor-widget-text-editor\" data-id=\"472fbbfb\" data-element_type=\"widget\" data-e-type=\"widget\" data-widget_type=\"text-editor.default\">\n\t\t\t\t<div class=\"elementor-widget-container\">\n\t\t\t\t\t\t\t\t\t<div class=\"wpb_text_column wpb_content_element \"><div class=\"wpb_wrapper\"><p align=\"JUSTIFY\">La Setmana Santa a Sant Joan d&#8217;Alacant \u00e9s una de les celebracions locals m\u00e9s antiga de la que es t\u00e9 const\u00e0ncia de la seua exist\u00e8ncia, all\u00e0 pel segle XVII. Existeixen documents que demostren la devoci\u00f3 popular en la Process\u00f3 del Divendres Sant cap a la imatge d&#8217;un Crist, probablement el de la Pau, entorn de l&#8217;any 1637. En el segle XVIII, est\u00e0 confirmada l&#8217;exist\u00e8ncia de les imatges de Jes\u00fas Nazareno i la Sant\u00edssima Verge de la Soledat, mentre que el segle XIX apareix ja informaci\u00f3 de l&#8217;exist\u00e8ncia de la Verge dels Dolores i el Sant Sepulcre. I \u00e9s en el segle XIX, concretament en 1883, quan el mestre Sr. Juan Go\u00f1i compon Els Set Dolores de la Verge, una composici\u00f3 polif\u00f2nica \u00fanica, que el poble de Sant Joan ha conservat fins a l&#8217;actualitat.<\/p><p align=\"JUSTIFY\">En 1920 es va incorporar la imatge de Jes\u00fas Atado a la Columna. Tamb\u00e9 existia en aquells anys la imatge de Sant Joan de la Palma. En les primeres d\u00e8cades del segle XX, la Setmana Santa consistia en diversos actes lit\u00fargics i devocionales, entre els quals destacava el Cant dels Dolores que es cantaven tots els dies del Septenari fins al Divendres de Dolores.<\/p><\/div><\/div>\t\t\t\t\t\t\t\t<\/div>\n\t\t\t\t<\/div>\n\t\t\t\t<section class=\"elementor-section elementor-inner-section elementor-element elementor-element-916f5ae elementor-section-boxed elementor-section-height-default elementor-section-height-default\" data-id=\"916f5ae\" data-element_type=\"section\" data-e-type=\"section\">\n\t\t\t\t\t\t<div class=\"elementor-container elementor-column-gap-default\">\n\t\t\t\t\t<div class=\"elementor-column elementor-col-50 elementor-inner-column elementor-element elementor-element-81fe0cf\" data-id=\"81fe0cf\" data-element_type=\"column\" data-e-type=\"column\">\n\t\t\t<div class=\"elementor-widget-wrap elementor-element-populated\">\n\t\t\t\t\t\t<div class=\"elementor-element elementor-element-3225288 elementor-widget elementor-widget-image\" data-id=\"3225288\" data-element_type=\"widget\" data-e-type=\"widget\" data-widget_type=\"image.default\">\n\t\t\t\t<div class=\"elementor-widget-container\">\n\t\t\t\t\t\t\t\t\t\t\t\t\t\t\t<img fetchpriority=\"high\" decoding=\"async\" width=\"800\" height=\"533\" src=\"https:\/\/turismosantjoan.es\/wp-content\/uploads\/2023\/08\/semana-santa-2-1024x682.jpg\" class=\"attachment-large size-large wp-image-4078\" alt=\"\" srcset=\"https:\/\/turismosantjoan.es\/wp-content\/uploads\/2023\/08\/semana-santa-2-1024x682.jpg 1024w, https:\/\/turismosantjoan.es\/wp-content\/uploads\/2023\/08\/semana-santa-2-300x200.jpg 300w, https:\/\/turismosantjoan.es\/wp-content\/uploads\/2023\/08\/semana-santa-2-768x512.jpg 768w, https:\/\/turismosantjoan.es\/wp-content\/uploads\/2023\/08\/semana-santa-2-1536x1023.jpg 1536w, https:\/\/turismosantjoan.es\/wp-content\/uploads\/2023\/08\/semana-santa-2.jpg 1822w\" sizes=\"(max-width: 800px) 100vw, 800px\" \/>\t\t\t\t\t\t\t\t\t\t\t\t\t\t\t<\/div>\n\t\t\t\t<\/div>\n\t\t\t\t\t<\/div>\n\t\t<\/div>\n\t\t\t\t<div class=\"elementor-column elementor-col-50 elementor-inner-column elementor-element elementor-element-a410ed8\" data-id=\"a410ed8\" data-element_type=\"column\" data-e-type=\"column\">\n\t\t\t<div class=\"elementor-widget-wrap elementor-element-populated\">\n\t\t\t\t\t\t<div class=\"elementor-element elementor-element-4c9e549 elementor-widget elementor-widget-image\" data-id=\"4c9e549\" data-element_type=\"widget\" data-e-type=\"widget\" data-widget_type=\"image.default\">\n\t\t\t\t<div class=\"elementor-widget-container\">\n\t\t\t\t\t\t\t\t\t\t\t\t\t\t\t<img decoding=\"async\" width=\"800\" height=\"534\" src=\"https:\/\/turismosantjoan.es\/wp-content\/uploads\/2023\/08\/semana-santa-2016-sin-mosca-06-1024x683.jpg\" class=\"attachment-large size-large wp-image-4084\" alt=\"\" srcset=\"https:\/\/turismosantjoan.es\/wp-content\/uploads\/2023\/08\/semana-santa-2016-sin-mosca-06-1024x683.jpg 1024w, https:\/\/turismosantjoan.es\/wp-content\/uploads\/2023\/08\/semana-santa-2016-sin-mosca-06-300x200.jpg 300w, https:\/\/turismosantjoan.es\/wp-content\/uploads\/2023\/08\/semana-santa-2016-sin-mosca-06-768x512.jpg 768w, https:\/\/turismosantjoan.es\/wp-content\/uploads\/2023\/08\/semana-santa-2016-sin-mosca-06-1536x1024.jpg 1536w, https:\/\/turismosantjoan.es\/wp-content\/uploads\/2023\/08\/semana-santa-2016-sin-mosca-06-2048x1365.jpg 2048w\" sizes=\"(max-width: 800px) 100vw, 800px\" \/>\t\t\t\t\t\t\t\t\t\t\t\t\t\t\t<\/div>\n\t\t\t\t<\/div>\n\t\t\t\t\t<\/div>\n\t\t<\/div>\n\t\t\t\t\t<\/div>\n\t\t<\/section>\n\t\t\t\t<div class=\"elementor-element elementor-element-d64862a elementor-widget elementor-widget-text-editor\" data-id=\"d64862a\" data-element_type=\"widget\" data-e-type=\"widget\" data-widget_type=\"text-editor.default\">\n\t\t\t\t<div class=\"elementor-widget-container\">\n\t\t\t\t\t\t\t\t\t<div class=\"wpb_text_column wpb_content_element \"><div class=\"wpb_wrapper\"><p align=\"JUSTIFY\">En 1936 es van destruir la pr\u00e0ctica totalitat de les imatges a causa de la Guerra Civil (tan sols es va salvar la Verge de la Soledat) i va anar en els anys 40 quan la Parr\u00f2quia de Sant Joan Baptista va renovar la majoria de les talles desaparegudes, a les quals va unir noves imatges com La nostra Senyora de la Caritat (tallada a la fi del segle XVIII).<\/p><p align=\"JUSTIFY\">En la segona meitat del segle XX va ren\u00e0ixer l&#8217;esperit per rellan\u00e7ar la Setmana Santa, van tornar celebrar-se processons, es van recuperar tradicions com el Cant dels Dolores i es van constituir m\u00e9s confraries (Santa Dona Ver\u00f3nica, en 1992, i Jes\u00fas Atado a la Columna i La nostra Senyora dels Dolores, en 2007).<\/p><p align=\"JUSTIFY\">La creaci\u00f3 en 1981 de Junta de Confraries (actual Junta Major de Confraries i Germanors de Setmana Santa de Sant Joan d&#8217;Alacant) va ser el recolzament definitiu per a assentar les bases del que hui dia \u00e9s la Setmana Santa de Sant Joan d&#8217;Alacant. En aquells Anys 80, amb el suport fonamental del rector Sr. Carmelo D\u00e1vila, comen\u00e7a a funcionar la Junta de Confraries, amb l&#8217;objectiu de coordinar i organitzar els actes de Setmana Santa. Des de llavors, es van refor\u00e7ar els actes i celebracions, recuperant-se algunes antigues com el cant dels Dolores, que van tornar a sonar en 1997 i ho fan fins a l&#8217;actualitat.<\/p><p align=\"JUSTIFY\">Precisament, i en homenatge a Sr. Carmelo, al mar\u00e7 de 2015 s&#8217;inaugura la Casa de la Setmana Santa \u2018Carmelo D\u00e1vila\u2019, un edifici municipal on la Junta Major guarda, conserva i protegeix tot el patrimoni religi\u00f3s que ha atresorat la Setmana Santa de Sant Joan durant segles.<\/p><p align=\"JUSTIFY\">En l&#8217;actualitat la Setmana Santa de Sant Joan d&#8217;Alacant compta amb nombrosos actes i celebracions, tant de car\u00e0cter cultural com religi\u00f3s. En la part cultural destaca la Presentaci\u00f3 del Llibre i Cartell anunciadors (que ha superat les 25 edicions), l&#8217;Exposici\u00f3 de Fotografies de la Setmana Santa d&#8217;Espanya (que s&#8217;acosta a les 30 edicions), el Concurs de Fotografia (que es porta convocant des de fa set anys) i el Preg\u00f3 de Setmana Santa.<\/p><\/div><\/div>\t\t\t\t\t\t\t\t<\/div>\n\t\t\t\t<\/div>\n\t\t\t\t<div class=\"elementor-element elementor-element-2b179ad elementor-widget elementor-widget-image\" data-id=\"2b179ad\" data-element_type=\"widget\" data-e-type=\"widget\" data-widget_type=\"image.default\">\n\t\t\t\t<div class=\"elementor-widget-container\">\n\t\t\t\t\t\t\t\t\t\t\t\t\t\t\t<img decoding=\"async\" width=\"800\" height=\"534\" src=\"https:\/\/turismosantjoan.es\/wp-content\/uploads\/2023\/08\/SEMANA-SANTA-1199x800-1-1024x683.jpg\" class=\"attachment-large size-large wp-image-4081\" alt=\"\" srcset=\"https:\/\/turismosantjoan.es\/wp-content\/uploads\/2023\/08\/SEMANA-SANTA-1199x800-1-1024x683.jpg 1024w, https:\/\/turismosantjoan.es\/wp-content\/uploads\/2023\/08\/SEMANA-SANTA-1199x800-1-300x200.jpg 300w, https:\/\/turismosantjoan.es\/wp-content\/uploads\/2023\/08\/SEMANA-SANTA-1199x800-1-768x512.jpg 768w, https:\/\/turismosantjoan.es\/wp-content\/uploads\/2023\/08\/SEMANA-SANTA-1199x800-1.jpg 1199w\" sizes=\"(max-width: 800px) 100vw, 800px\" \/>\t\t\t\t\t\t\t\t\t\t\t\t\t\t\t<\/div>\n\t\t\t\t<\/div>\n\t\t\t\t<div class=\"elementor-element elementor-element-40fc1d6 elementor-widget elementor-widget-text-editor\" data-id=\"40fc1d6\" data-element_type=\"widget\" data-e-type=\"widget\" data-widget_type=\"text-editor.default\">\n\t\t\t\t<div class=\"elementor-widget-container\">\n\t\t\t\t\t\t\t\t\t<div class=\"wpb_text_column wpb_content_element \"><div class=\"wpb_wrapper\"><p align=\"JUSTIFY\">En la part lit\u00fargica, els actes principals comencen el <strong>Dissabte de Passi\u00f3<\/strong> amb el Cant dels Dolores. Al final de l&#8217;acte, seguint la tradici\u00f3, els m\u00fasics i cantors reben una dotzena d&#8217;ous, i els sacerdots, dues dotzenes. L&#8217;endem\u00e0, <strong>Diumenge de Rams<\/strong>, se celebra la process\u00f3 amb la imatge de Jes\u00fas Triunfante i es beneeixen les palmes i rams en la Pla\u00e7a de la Constituci\u00f3. El <strong>Dimarts Sant<\/strong> t\u00e9 lloc la Process\u00f3 del Silenci amb les imatges de Jes\u00fas Atado a la Columna i la Verge dels Dolores, en un ambient de recolliment.<\/p><p align=\"JUSTIFY\">El <strong>Jueves Sant<\/strong> a la vesprada, se celebra la missa de l&#8217;\u00daltim Sopar i posteriorment, es realitza el trasllat al Monument en la Capella del Crist, decorat amb palmes, rams d&#8217;olivera i un tap\u00eds. A la nit t\u00e9 lloc un Viacrucis per la localitat. El <strong>Divendres Sant<\/strong> a la vesprada se celebren els Oficis a l&#8217;esgl\u00e9sia, i despr\u00e9s t\u00e9 lloc la process\u00f3 del Sant Enterrament, en la qual participen les imatges del Nazareno, la Ver\u00f3nica, la Dolorosa, el Sant\u00edssim Crist de la Pau, la Caritat, el Sant Sepulcre, una Creu Guia i la Soledat. Al final de la process\u00f3, a la porta de l&#8217;esgl\u00e9sia t\u00e9 lloc la benedicci\u00f3 amb la imatge del Sant\u00edssim Crist de la Pau, igual que el 14 de setembre.<\/p><p align=\"JUSTIFY\">El <strong>Dissabte Sant<\/strong> a la nit t\u00e9 lloc la Vig\u00edlia Pasqual a l&#8217;esgl\u00e9sia amb la renovaci\u00f3 del foc i l&#8217;aigua, i finalment el <strong>Diumenge de Resurrecci\u00f3<\/strong> se celebra la Process\u00f3 de la Trobada amb la Verge dels Dolores i el Sant\u00edssim Sagrament sota pal\u00b7li. En el moment de la Trobada, voltegen amb for\u00e7a les campanes, es llancen coets i centenars d&#8217;al\u00b7leluies de colors envaeixen el cel. Llavors, es retira el vel negre que tapa la cara de la Verge en senyal de dol, que se substitueix per una rosa blanca com a s\u00edmbol de la resurrecci\u00f3. Aix\u00ed es posa el punt i final a la Setmana Santa.<\/p><\/div><\/div>\t\t\t\t\t\t\t\t<\/div>\n\t\t\t\t<\/div>\n\t\t\t\t\t<\/div>\n\t\t<\/div>\n\t\t\t\t\t<\/div>\n\t\t<\/section>\n\t\t\t\t<section class=\"elementor-section elementor-top-section elementor-element elementor-element-7bcd7e9b elementor-section-boxed elementor-section-height-default elementor-section-height-default\" data-id=\"7bcd7e9b\" data-element_type=\"section\" data-e-type=\"section\">\n\t\t\t\t\t\t<div class=\"elementor-container elementor-column-gap-default\">\n\t\t\t\t\t<div class=\"elementor-column elementor-col-100 elementor-top-column elementor-element elementor-element-685839b3\" data-id=\"685839b3\" data-element_type=\"column\" data-e-type=\"column\">\n\t\t\t<div class=\"elementor-widget-wrap elementor-element-populated\">\n\t\t\t\t\t\t<div class=\"elementor-element elementor-element-5b47ce49 elementor-widget elementor-widget-heading\" data-id=\"5b47ce49\" data-element_type=\"widget\" data-e-type=\"widget\" data-widget_type=\"heading.default\">\n\t\t\t\t<div class=\"elementor-widget-container\">\n\t\t\t\t\t<h2 class=\"elementor-heading-title elementor-size-default\">Sabies que\u2026?<\/h2>\t\t\t\t<\/div>\n\t\t\t\t<\/div>\n\t\t\t\t<div class=\"elementor-element elementor-element-3e099b7 elementor-widget elementor-widget-text-editor\" data-id=\"3e099b7\" data-element_type=\"widget\" data-e-type=\"widget\" data-widget_type=\"text-editor.default\">\n\t\t\t\t<div class=\"elementor-widget-container\">\n\t\t\t\t\t\t\t\t\t<p align=\"JUSTIFY\">A primers de segle XX, el <strong>Diumenge de Rams<\/strong> s&#8217;obria la Setmana Santa amb les celebracions d&#8217;aquest dia. El <strong>Jueves Sant<\/strong>, despr\u00e9s de la celebraci\u00f3 de la missa al mat\u00ed, s&#8217;habilitava el Monument en l&#8217;altar major de l&#8217;esgl\u00e9sia. Des d&#8217;aqueix moment, les campanes deixaven de sonar i eren substitu\u00efdes pels sons de la matraca. A la nit es representava el prendiment de Jes\u00fas en l&#8217;Hort de les Oliveres, preparant per a aix\u00f2 espais com el jard\u00ed de la finca La Concepci\u00f3. Despr\u00e9s d&#8217;aix\u00f2, es tornava a l&#8217;esgl\u00e9sia, i davant el monument, es realitzava un serm\u00f3. En aquest acte participaven un grup d&#8217;homes vestits de soldats romans, com tamb\u00e9 acompanyaven la process\u00f3 escortant la imatge del Sant Sepulcre.<\/p><p align=\"JUSTIFY\">L&#8217;endem\u00e0, <strong>Divendres Sant<\/strong>, se celebrava el serm\u00f3 de les Set Paraules i els Oficis. L&#8217;esgl\u00e9sia quedava a les fosques per a recordar la mort de Crist i els sacerdots, colpejaven amb maces molts elements i objectes per a crear baluern, recordant la tempesta i el terratr\u00e9mol que, segons la tradici\u00f3, van seguir a la mort de Crist. Al caient de la vesprada, se celebrava la process\u00f3-rogativa del Divendres Sant o dels \u2018Caraputxos\u2019 amb les imatges abans esmentades, que partia de l&#8217;esgl\u00e9sia i arribava fins a l&#8217;ermita de Benimagrell, la qual era presidida pel Sant\u00edssim Crist de la Pau que, sota pal\u00b7li, tancava el festeig acompanyat per centenars de fidels que clamaven miseric\u00f2rdia.<\/p><p align=\"JUSTIFY\">L&#8217;endem\u00e0, <strong>Dissabte Sant o de Gloria<\/strong>, al mat\u00ed se celebrava la Resurrecci\u00f3 de Crist. A les deu del mat\u00ed amb el volteig de campanes, s&#8217;anunciava el moment, i per a celebrar-lo, la gent trencava plats i objectes cer\u00e0mics, mentre molts homes des del camp, disparaven les seues escopetes a fi de donar per finalitzat el silenci previ per la mort de Crist. A m\u00e9s es bene\u00efa l&#8217;aigua i tots acudien amb els seus pitxers i c\u00e0nters per a recollir-la.<\/p><p align=\"JUSTIFY\">Finalment, el <strong>Diumenge de Pasqua<\/strong>, al mat\u00ed se celebrava la process\u00f3 de la Trobada amb les imatges de la Immaculada i el Sant\u00edssim Sagrament, que es trobaven en la Pla\u00e7a Maisonnave. Acabada la process\u00f3, la jornada seguia com tots els diumenges, amb el mercat habitual.<\/p><p align=\"JUSTIFY\">A l&#8217;arribada de la Guerra Civil es va produir la destrucci\u00f3 de totes les imatges que existia a l&#8217;esgl\u00e9sia, i amb elles les que participaven en les celebracions de la Setmana Santa. Aix\u00f2 va obligar a realitzar noves talles processionals una vegada acabada la contesa. Les primeres a recuperar-se, al mar\u00e7 de 1940, van ser les del Sant\u00edssim Crist de la Pau, realitzada per l&#8217;escultor Jos\u00e9 Mar\u00eda Ponsoda, i Jes\u00fas Nazareno, obra d&#8217;Enrique Bellido. Poc despr\u00e9s van arribar les de la Verge dels Dolores i el Sant Sepulcre. La Verge de la Soledat, una imatge del segle XIX, va ser donada per una fam\u00edlia que la guardava en el seu habitatge. Al llarg del segle XX es van produir la resta incorporacions, com la Verge de la Caritat, una xicoteta imatge coneguda com la \u2018Xicoteta\u2019, que es guardava en un habitatge privat. En aquests anys es van reorganitzar i van refundar totes les confraries, cadascuna encarregada de cuidar la seua imatge.<\/p><p align=\"JUSTIFY\">Si b\u00e9 durant les dues d\u00e8cades seg\u00fcents a la Guerra Civil, les celebracions es van mantindre de manera similar a les anteriors a la guerra. En els anys seixanta es van produir moltes alteracions, especialment en la process\u00f3 del Divendres Sant. A causa de la pressi\u00f3 de moltes persones que demanaven que la process\u00f3 seguira l&#8217;ordre l\u00f2gic de fets ocorreguts en la Passi\u00f3, el Sant\u00edssim Crist va deixar d&#8217;eixir al final per a fer-ho entre la Verge dels Dolores i la Caritat, perdent el lloc principal de presid\u00e8ncia que tenia des dels or\u00edgens de la process\u00f3. Un altre fet important, va ser la construcci\u00f3 de la N-332, que va derrocar part del barri de Benimagrell, fent impossible que el recorregut penitencial arribara fins all\u00ed.<\/p><p align=\"JUSTIFY\">En 1993 es va incorporar a la process\u00f3 del Divendres Sant la imatge de la Santa Dona Ver\u00f3nica, utilitzant una xicoteta imatge que hi havia a l&#8217;esgl\u00e9sia fins que, en 1996, es va beneir la nova talla realitzada per Valent\u00edn Garc\u00eda Quinto. L&#8217;any 2000 es va beneir la imatge de Jes\u00fas Triunfante, que participa tots els anys en la process\u00f3 del Diumenge de Rams. L&#8217;\u00faltima incorporaci\u00f3 ha sigut la d&#8217;imatge de Jes\u00fas Atado a la Columna, l&#8217;any 2009.<\/p>\t\t\t\t\t\t\t\t<\/div>\n\t\t\t\t<\/div>\n\t\t\t\t\t<\/div>\n\t\t<\/div>\n\t\t\t\t\t<\/div>\n\t\t<\/section>\n\t\t\t\t<\/div>\n\t\t","protected":false},"excerpt":{"rendered":"<p>Setmana Santa a Sant Joan La Setmana Santa a Sant Joan d&#8217;Alacant \u00e9s una de les celebracions locals m\u00e9s antiga de la que es t\u00e9 const\u00e0ncia de la seua exist\u00e8ncia, all\u00e0 pel segle XVII. Existeixen documents que demostren la devoci\u00f3 popular en la Process\u00f3 del Divendres Sant cap a la imatge d&#8217;un Crist, probablement el [&hellip;]<\/p>\n","protected":false},"author":1,"featured_media":0,"parent":0,"menu_order":0,"comment_status":"closed","ping_status":"closed","template":"","meta":{"footnotes":""},"class_list":["post-7437","page","type-page","status-publish","hentry"],"_links":{"self":[{"href":"https:\/\/turismosantjoan.es\/ca\/wp-json\/wp\/v2\/pages\/7437","targetHints":{"allow":["GET"]}}],"collection":[{"href":"https:\/\/turismosantjoan.es\/ca\/wp-json\/wp\/v2\/pages"}],"about":[{"href":"https:\/\/turismosantjoan.es\/ca\/wp-json\/wp\/v2\/types\/page"}],"author":[{"embeddable":true,"href":"https:\/\/turismosantjoan.es\/ca\/wp-json\/wp\/v2\/users\/1"}],"replies":[{"embeddable":true,"href":"https:\/\/turismosantjoan.es\/ca\/wp-json\/wp\/v2\/comments?post=7437"}],"version-history":[{"count":0,"href":"https:\/\/turismosantjoan.es\/ca\/wp-json\/wp\/v2\/pages\/7437\/revisions"}],"wp:attachment":[{"href":"https:\/\/turismosantjoan.es\/ca\/wp-json\/wp\/v2\/media?parent=7437"}],"curies":[{"name":"wp","href":"https:\/\/api.w.org\/{rel}","templated":true}]}}