{"id":7441,"date":"2023-08-04T11:06:40","date_gmt":"2023-08-04T11:06:40","guid":{"rendered":"https:\/\/turismo-sj.developersasapglobalsolution.com\/tots-els-sants\/"},"modified":"2023-09-20T08:06:09","modified_gmt":"2023-09-20T08:06:09","slug":"tots-els-sants","status":"publish","type":"page","link":"https:\/\/turismosantjoan.es\/ca\/tots-els-sants\/","title":{"rendered":"Tots els Sants"},"content":{"rendered":"\t\t<div data-elementor-type=\"wp-page\" data-elementor-id=\"7441\" class=\"elementor elementor-7441 elementor-4291\" data-elementor-post-type=\"page\">\n\t\t\t\t\t\t<section class=\"elementor-section elementor-top-section elementor-element elementor-element-1150881 elementor-section-boxed elementor-section-height-default elementor-section-height-default\" data-id=\"1150881\" data-element_type=\"section\" data-e-type=\"section\" data-settings=\"{&quot;shape_divider_top&quot;:&quot;mountains&quot;,&quot;background_background&quot;:&quot;classic&quot;}\">\n\t\t\t\t\t<div class=\"elementor-shape elementor-shape-top\" aria-hidden=\"true\" data-negative=\"false\">\n\t\t\t<svg xmlns=\"http:\/\/www.w3.org\/2000\/svg\" viewBox=\"0 0 1000 100\" preserveAspectRatio=\"none\">\n\t<path class=\"elementor-shape-fill\" opacity=\"0.33\" d=\"M473,67.3c-203.9,88.3-263.1-34-320.3,0C66,119.1,0,59.7,0,59.7V0h1000v59.7 c0,0-62.1,26.1-94.9,29.3c-32.8,3.3-62.8-12.3-75.8-22.1C806,49.6,745.3,8.7,694.9,4.7S492.4,59,473,67.3z\"\/>\n\t<path class=\"elementor-shape-fill\" opacity=\"0.66\" d=\"M734,67.3c-45.5,0-77.2-23.2-129.1-39.1c-28.6-8.7-150.3-10.1-254,39.1 s-91.7-34.4-149.2,0C115.7,118.3,0,39.8,0,39.8V0h1000v36.5c0,0-28.2-18.5-92.1-18.5C810.2,18.1,775.7,67.3,734,67.3z\"\/>\n\t<path class=\"elementor-shape-fill\" d=\"M766.1,28.9c-200-57.5-266,65.5-395.1,19.5C242,1.8,242,5.4,184.8,20.6C128,35.8,132.3,44.9,89.9,52.5C28.6,63.7,0,0,0,0 h1000c0,0-9.9,40.9-83.6,48.1S829.6,47,766.1,28.9z\"\/>\n<\/svg>\t\t<\/div>\n\t\t\t\t\t<div class=\"elementor-container elementor-column-gap-no\">\n\t\t\t\t\t<div class=\"elementor-column elementor-col-100 elementor-top-column elementor-element elementor-element-354af936\" data-id=\"354af936\" data-element_type=\"column\" data-e-type=\"column\">\n\t\t\t<div class=\"elementor-widget-wrap elementor-element-populated\">\n\t\t\t\t\t\t<div class=\"elementor-element elementor-element-6a15558e elementor-widget elementor-widget-heading\" data-id=\"6a15558e\" data-element_type=\"widget\" data-e-type=\"widget\" data-widget_type=\"heading.default\">\n\t\t\t\t<div class=\"elementor-widget-container\">\n\t\t\t\t\t<h1 class=\"elementor-heading-title elementor-size-xxl\">Tots els Sants<\/h1>\t\t\t\t<\/div>\n\t\t\t\t<\/div>\n\t\t\t\t\t<\/div>\n\t\t<\/div>\n\t\t\t\t\t<\/div>\n\t\t<\/section>\n\t\t\t\t<section class=\"elementor-section elementor-top-section elementor-element elementor-element-26a06d elementor-section-boxed elementor-section-height-default elementor-section-height-default\" data-id=\"26a06d\" data-element_type=\"section\" data-e-type=\"section\">\n\t\t\t\t\t\t<div class=\"elementor-container elementor-column-gap-default\">\n\t\t\t\t\t<div class=\"elementor-column elementor-col-100 elementor-top-column elementor-element elementor-element-50fa856f\" data-id=\"50fa856f\" data-element_type=\"column\" data-e-type=\"column\">\n\t\t\t<div class=\"elementor-widget-wrap elementor-element-populated\">\n\t\t\t\t\t\t<div class=\"elementor-element elementor-element-7d19ee5d elementor-widget elementor-widget-text-editor\" data-id=\"7d19ee5d\" data-element_type=\"widget\" data-e-type=\"widget\" data-widget_type=\"text-editor.default\">\n\t\t\t\t<div class=\"elementor-widget-container\">\n\t\t\t\t\t\t\t\t\t<div class=\"wpb_text_column wpb_content_element \"><div class=\"wpb_wrapper\"><p align=\"JUSTIFY\">La part religiosa de la festa cristiana comen\u00e7a el dia 1 amb la visita habitual al <a href=\"https:\/\/turismosantjoan.es\/ca\/cementeri-de-sant-joan\/\">cementeri municipal<\/a>, on familiars i amics s&#8217;acosten per a depositar flors o veles als seus sers estimats o compartir records o viv\u00e8ncies. A la vesprada, t\u00e9 lloc una missa en el cementeri donant principi amb la vespra del dia de Difunts que acaba amb els primers \u2018tocs a mort\u2019 fins a la nit. L&#8217;endem\u00e0 \u00e9s el dia t\u00edpic d&#8217;acudir a <a href=\"https:\/\/turismosantjoan.es\/ca\/esglesia-parroquial-sant-joan-baptista\/\">l&#8217;esgl\u00e9sia<\/a> a les misses de record dels difunts.<\/p><p align=\"JUSTIFY\">La festa religiosa cristiana es va iniciar en l&#8217;Edat mitjana com a intent de canalitzar la celebraci\u00f3 pagana cap al record de Tots els Sants i els difunts, malgrat la qual cosa els fidels van desenvolupar altres costums poc ortodoxos a manera de supersticions com col\u00b7locar teles i draps luxosos sobre les tombes o veles de colors, danses del purgatori o banquets funeraris, que van ser perseguides pel Concili de Trento.<\/p><\/div><\/div>\t\t\t\t\t\t\t\t<\/div>\n\t\t\t\t<\/div>\n\t\t\t\t<section class=\"elementor-section elementor-inner-section elementor-element elementor-element-c49ce7a elementor-section-boxed elementor-section-height-default elementor-section-height-default\" data-id=\"c49ce7a\" data-element_type=\"section\" data-e-type=\"section\">\n\t\t\t\t\t\t<div class=\"elementor-container elementor-column-gap-default\">\n\t\t\t\t\t<div class=\"elementor-column elementor-col-50 elementor-inner-column elementor-element elementor-element-2219c45\" data-id=\"2219c45\" data-element_type=\"column\" data-e-type=\"column\">\n\t\t\t<div class=\"elementor-widget-wrap elementor-element-populated\">\n\t\t\t\t\t\t<div class=\"elementor-element elementor-element-61652fe elementor-widget elementor-widget-image\" data-id=\"61652fe\" data-element_type=\"widget\" data-e-type=\"widget\" data-widget_type=\"image.default\">\n\t\t\t\t<div class=\"elementor-widget-container\">\n\t\t\t\t\t\t\t\t\t\t\t\t\t\t\t<img fetchpriority=\"high\" decoding=\"async\" width=\"800\" height=\"535\" src=\"https:\/\/turismosantjoan.es\/wp-content\/uploads\/2023\/09\/FOTO-DE-SUSTITUCION-1-1024x685.jpg\" class=\"attachment-large size-large wp-image-6236\" alt=\"\" srcset=\"https:\/\/turismosantjoan.es\/wp-content\/uploads\/2023\/09\/FOTO-DE-SUSTITUCION-1-1024x685.jpg 1024w, https:\/\/turismosantjoan.es\/wp-content\/uploads\/2023\/09\/FOTO-DE-SUSTITUCION-1-300x201.jpg 300w, https:\/\/turismosantjoan.es\/wp-content\/uploads\/2023\/09\/FOTO-DE-SUSTITUCION-1-768x514.jpg 768w, https:\/\/turismosantjoan.es\/wp-content\/uploads\/2023\/09\/FOTO-DE-SUSTITUCION-1-1536x1028.jpg 1536w, https:\/\/turismosantjoan.es\/wp-content\/uploads\/2023\/09\/FOTO-DE-SUSTITUCION-1-2048x1371.jpg 2048w\" sizes=\"(max-width: 800px) 100vw, 800px\" \/>\t\t\t\t\t\t\t\t\t\t\t\t\t\t\t<\/div>\n\t\t\t\t<\/div>\n\t\t\t\t\t<\/div>\n\t\t<\/div>\n\t\t\t\t<div class=\"elementor-column elementor-col-50 elementor-inner-column elementor-element elementor-element-d3af5a9\" data-id=\"d3af5a9\" data-element_type=\"column\" data-e-type=\"column\">\n\t\t\t<div class=\"elementor-widget-wrap elementor-element-populated\">\n\t\t\t\t\t\t<div class=\"elementor-element elementor-element-3401017 elementor-widget elementor-widget-image\" data-id=\"3401017\" data-element_type=\"widget\" data-e-type=\"widget\" data-widget_type=\"image.default\">\n\t\t\t\t<div class=\"elementor-widget-container\">\n\t\t\t\t\t\t\t\t\t\t\t\t\t\t\t<img decoding=\"async\" width=\"800\" height=\"534\" src=\"https:\/\/turismosantjoan.es\/wp-content\/uploads\/2023\/09\/FOTO-DE-SUSTICICON-2-1024x683.jpg\" class=\"attachment-large size-large wp-image-6233\" alt=\"\" srcset=\"https:\/\/turismosantjoan.es\/wp-content\/uploads\/2023\/09\/FOTO-DE-SUSTICICON-2-1024x683.jpg 1024w, https:\/\/turismosantjoan.es\/wp-content\/uploads\/2023\/09\/FOTO-DE-SUSTICICON-2-300x200.jpg 300w, https:\/\/turismosantjoan.es\/wp-content\/uploads\/2023\/09\/FOTO-DE-SUSTICICON-2-768x512.jpg 768w, https:\/\/turismosantjoan.es\/wp-content\/uploads\/2023\/09\/FOTO-DE-SUSTICICON-2-1536x1024.jpg 1536w, https:\/\/turismosantjoan.es\/wp-content\/uploads\/2023\/09\/FOTO-DE-SUSTICICON-2-2048x1365.jpg 2048w\" sizes=\"(max-width: 800px) 100vw, 800px\" \/>\t\t\t\t\t\t\t\t\t\t\t\t\t\t\t<\/div>\n\t\t\t\t<\/div>\n\t\t\t\t\t<\/div>\n\t\t<\/div>\n\t\t\t\t\t<\/div>\n\t\t<\/section>\n\t\t\t\t<div class=\"elementor-element elementor-element-5dce02c elementor-widget elementor-widget-text-editor\" data-id=\"5dce02c\" data-element_type=\"widget\" data-e-type=\"widget\" data-widget_type=\"text-editor.default\">\n\t\t\t\t<div class=\"elementor-widget-container\">\n\t\t\t\t\t\t\t\t\t<div class=\"wpb_text_column wpb_content_element \"><div class=\"wpb_wrapper\"><p align=\"JUSTIFY\">Durant el Barroc, la meditaci\u00f3 sobre la mort aconseguiria una gran import\u00e0ncia amb el que la festa va aconseguir gran desenvolupament. En el segle XVIII es va comen\u00e7ar a produir el trasllat dels cementeris als afores dels nuclis de poblaci\u00f3, si b\u00e9 la mesura no es desenvoluparia completament fins a ben entrat el segle XIX, la qual cosa provocaria el trasllat de la celebraci\u00f3 a dos escenaris diferents: els cementeris i les esgl\u00e9sies. En els cementeris, la visita obligada als familiars difunts, i a les esgl\u00e9sies les misses en record per les seues \u00e0nimes.<\/p><p align=\"JUSTIFY\">El primitiu cementeri de Sant Joan va estar sempre situat al costat de l&#8217;esgl\u00e9sia per\u00f2 va anar modificant la seua ubicaci\u00f3 entorn d&#8217;aquesta. En el segle XIX es va traslladar al seu actual empla\u00e7ament en la partida de la Coix, als peus de la muntanya Calvari, sense que sapiem la data exacta d&#8217;aquest fet, si b\u00e9 sabem que en 1885 es van realitzar importants obres en el cementeri. L&#8217;\u00faltima reforma va tindre lloc a principis d&#8217;aquest segle, incloent en el per\u00edmetre un dels antics aljubs que hi havia en la faldes del Calvari. Encara es poden contemplar interessants panteons de finals del segle XIX i principis del XX.<\/p><p align=\"JUSTIFY\">Respecte a les llegendes associades a difunts i \u00e0nimes, existia o existeix la creen\u00e7a que les \u00e0nimes dels morts tornen a les seues cases aquests dies, d&#8217;ac\u00ed la import\u00e0ncia que estiga tot en perfecte estat, especialment els llits.<\/p><p align=\"JUSTIFY\">El ritual funerari actual \u00e9s molt simplificat, per\u00f2 fins no fa molt temps era molt tradicional amb arrels molt antigues. Segons la posici\u00f3 econ\u00f2mica del difunt la celebraci\u00f3 seria diferent, reflectint-se especialment en el festeig f\u00fanebre presidit per una art\u00edstica carrossa decorada amb velluts amb serrells i bordons daurats i tirada per cavalls empenachados i engualdrapados en la qual es depositava el f\u00e8retre. Existia una dita popular que deia: \u2018quant m\u00e9s rics, m\u00e9s animals\u2019, que resumia amb un to sat\u00edric la diferenciaci\u00f3 social dels morts segons el nombre de cavalls que tiraven de la carrossa f\u00fanebre. Aquella desfilada l&#8217;obria la creu i darrere d&#8217;ell participaven el clergat i el poble, efectuant-se tres parades en el recorregut. Tamb\u00e9 podien fins i tot participar lacais amb espases i lliurees sobre els seus muscles escortant la carrossa.<\/p><p align=\"JUSTIFY\">No obstant aix\u00f2, en la majoria dels casos els enterraments eren de gent humil i per tant molt senzilla. Quan moria alg\u00fa es preparava en una estada de la casa la vetla amb el \u2018cos present\u2019 mentre les campanes comen\u00e7aven a anunciar al poble el dec\u00e9s. El mort era vetlat nit i dia a la casa a la qual assistien familiars, amics i curiosos, fins al moment del seu trasllat a l&#8217;esgl\u00e9sia per al funeral, quan acudien els sacerdots que iniciaven el respons. Des d&#8217;all\u00ed marxaven els homes cap a l&#8217;esgl\u00e9sia portant el f\u00e8retre, mentre que les dones romanien a la casa iniciant-se els resos que podien durar diversos dies. Despr\u00e9s de la cerim\u00f2nia f\u00fanebre, es tornava a organitzar el festeig des de l&#8217;esgl\u00e9sia fins a la <a href=\"https:\/\/www.turismosantjoan.es\/?page_id=99995417\">finca La Concepci\u00f3<\/a>, on es desfeia la comitiva i els assistents acomiadaven als familiars del difunt amb el condol. Des d&#8217;all\u00ed, els qui ho desitjaven continuaven fins al cementeri on el difunt era inhumat.<\/p><p align=\"JUSTIFY\">Cas curi\u00f3s representa la lit\u00fargia dels \u2018mortitxolets\u2019, \u2018albaets\u2019 o xiquets morts. Era una celebraci\u00f3 trista que no obstant aix\u00f2, revestia d&#8217;un ritual festiu en tractar de simbolitzar-se la mort dels xicotets en puresa i innoc\u00e8ncia i el seu pas directe al cel, suposat motiu d&#8217;alegria. En el segle XIX especialment, i part del XX es va generalitzar aquest tipus de celebracions que inclo\u00efen danses i banquets entorn del ciri i enterrament dels xiquets, i el funeral a l&#8217;esgl\u00e9sia seguia una lit\u00fargia de goig en acci\u00f3 de gr\u00e0cies. Quan el festeig f\u00fanebre arribava a l&#8217;eixida del poble camine del cementeri, la f\u00f3rmula t\u00edpica a Sant Joan d&#8217;Alacant per a donar el condol era: \u2018Siga enhorabona\u2019, a manera de felicitaci\u00f3 per l&#8217;ascens de l&#8217;\u00e0nima del xiquet o xiqueta al cel, encara que puga sonar a broma i sarcasme.<\/p><\/div><\/div>\t\t\t\t\t\t\t\t<\/div>\n\t\t\t\t<\/div>\n\t\t\t\t<div class=\"elementor-element elementor-element-11b4399 elementor-widget elementor-widget-image\" data-id=\"11b4399\" data-element_type=\"widget\" data-e-type=\"widget\" data-widget_type=\"image.default\">\n\t\t\t\t<div class=\"elementor-widget-container\">\n\t\t\t\t\t\t\t\t\t\t\t\t\t\t\t<img decoding=\"async\" width=\"800\" height=\"534\" src=\"https:\/\/turismosantjoan.es\/wp-content\/uploads\/2023\/08\/14-4-1200x800-1-1024x683.gif\" class=\"attachment-large size-large wp-image-4295\" alt=\"\" srcset=\"https:\/\/turismosantjoan.es\/wp-content\/uploads\/2023\/08\/14-4-1200x800-1-1024x683.gif 1024w, https:\/\/turismosantjoan.es\/wp-content\/uploads\/2023\/08\/14-4-1200x800-1-300x200.gif 300w, https:\/\/turismosantjoan.es\/wp-content\/uploads\/2023\/08\/14-4-1200x800-1-768x512.gif 768w\" sizes=\"(max-width: 800px) 100vw, 800px\" \/>\t\t\t\t\t\t\t\t\t\t\t\t\t\t\t<\/div>\n\t\t\t\t<\/div>\n\t\t\t\t\t<\/div>\n\t\t<\/div>\n\t\t\t\t\t<\/div>\n\t\t<\/section>\n\t\t\t\t<section class=\"elementor-section elementor-top-section elementor-element elementor-element-3437054e elementor-section-boxed elementor-section-height-default elementor-section-height-default\" data-id=\"3437054e\" data-element_type=\"section\" data-e-type=\"section\">\n\t\t\t\t\t\t<div class=\"elementor-container elementor-column-gap-default\">\n\t\t\t\t\t<div class=\"elementor-column elementor-col-100 elementor-top-column elementor-element elementor-element-4d0d1918\" data-id=\"4d0d1918\" data-element_type=\"column\" data-e-type=\"column\">\n\t\t\t<div class=\"elementor-widget-wrap elementor-element-populated\">\n\t\t\t\t\t\t<div class=\"elementor-element elementor-element-32789a7b elementor-widget elementor-widget-heading\" data-id=\"32789a7b\" data-element_type=\"widget\" data-e-type=\"widget\" data-widget_type=\"heading.default\">\n\t\t\t\t<div class=\"elementor-widget-container\">\n\t\t\t\t\t<h2 class=\"elementor-heading-title elementor-size-default\">Sabies que\u2026?<\/h2>\t\t\t\t<\/div>\n\t\t\t\t<\/div>\n\t\t\t\t<div class=\"elementor-element elementor-element-23ea3a8d elementor-widget elementor-widget-text-editor\" data-id=\"23ea3a8d\" data-element_type=\"widget\" data-e-type=\"widget\" data-widget_type=\"text-editor.default\">\n\t\t\t\t<div class=\"elementor-widget-container\">\n\t\t\t\t\t\t\t\t\t<p align=\"JUSTIFY\">A Sant Joan d&#8217;Alacant coincidint amb la festa de Tots Santos i fidels difunts es va celebrar fins als anys seixanta el \u2018<strong>Queixalet<\/strong>\u2019. Consistia en un esmorzar per als escolans i campaners per a reposar forces del llarg treball que suposava romandre durant hores en el campanar i tocar els nombrosos tocs de difunts i \u00e0nimes que se succe\u00efen aqueixos dies. Com a mostra, el dia 1 de novembre els tocs transcorrien des de les cinc de la vesprada fins a \u00faltimes hores del dia, i el dia 2, dedicat a les \u00c0nimes, des de les quatre del mat\u00ed, quan comen\u00e7aven les misses. Els aliments o els diners amb el qual s&#8217;adquiria el menjar d&#8217;aquesta \u00e0gape procedien de la donaci\u00f3 dels ve\u00efns. A aquest efecte, uns dies abans del \u2019Quixalet\u2019, els escolans recorrien els carrers i finques del poble revestits amb sotana i *roquete portant cabassos i una campana que feien sonar en arribar per a avisar als habitants de la casa que anaven a recol\u00b7lectar per al \u2018Quixalet\u2019. El resultat final era una espl\u00e8ndida i suculent sopar en el \u2019quart vel\u2019 de l&#8217;esgl\u00e9sia el dia 1, al qual seguia un esmorzar similar l&#8217;endem\u00e0, refrigeris en els quals mai faltaven xulles, llonganisses, botifarres i tomaca fregida regada amb un bon vi, als quals succe\u00efen les postres amb fruites i codonys. En teoria les donacions dels ve\u00efns eren una esp\u00e8cie de pagament als campaners i ajudants pel seu servei en fer sonar les campanes i aix\u00ed recordar als difunts i recordar a tots l&#8217;obligaci\u00f3 de resar i anar a missa aquests dies.<\/p><p align=\"JUSTIFY\">A l&#8217;esgl\u00e9sia se celebrava la lit\u00fargia pr\u00f2pia dels difunts amb la Novena d&#8217;\u00c0nimes. En l&#8217;altar major de la parr\u00f2quia es col\u00b7locava un t\u00famul funerari de quatre pisos amb teles negres en les quals apareixien brodats al\u00b7lusius a la mort amb calaveres i esquelets amb dalles, rellotges d&#8217;arena o frases mortu\u00f2ries. Aquella macabra baluerna que superava els 7 metres d&#8217;altura estava a m\u00e9s il\u00b7luminat amb torxes, ja que el temple romania en penombra, mentre s&#8217;entonaven cants f\u00fanebres i les campanes ta\u00f1\u00edan els tocs de difunts. Rematava el t\u00famul una gran creu blanca. Era un recurs perfecte per a atemorir a qualsevol, al que cal unir les malifetes dels bromistes, xiquets especialment, que s&#8217;amagaven sota les teles i feien sons d&#8217;ultratomba o movien els esquelets. En l&#8217;actualitat, aquests rituals han desaparegut de la celebraci\u00f3.<\/p>\t\t\t\t\t\t\t\t<\/div>\n\t\t\t\t<\/div>\n\t\t\t\t\t<\/div>\n\t\t<\/div>\n\t\t\t\t\t<\/div>\n\t\t<\/section>\n\t\t\t\t<\/div>\n\t\t","protected":false},"excerpt":{"rendered":"<p>Tots els Sants La part religiosa de la festa cristiana comen\u00e7a el dia 1 amb la visita habitual al cementeri municipal, on familiars i amics s&#8217;acosten per a depositar flors o veles als seus sers estimats o compartir records o viv\u00e8ncies. A la vesprada, t\u00e9 lloc una missa en el cementeri donant principi amb la [&hellip;]<\/p>\n","protected":false},"author":1,"featured_media":0,"parent":0,"menu_order":0,"comment_status":"closed","ping_status":"closed","template":"","meta":{"footnotes":""},"class_list":["post-7441","page","type-page","status-publish","hentry"],"_links":{"self":[{"href":"https:\/\/turismosantjoan.es\/ca\/wp-json\/wp\/v2\/pages\/7441","targetHints":{"allow":["GET"]}}],"collection":[{"href":"https:\/\/turismosantjoan.es\/ca\/wp-json\/wp\/v2\/pages"}],"about":[{"href":"https:\/\/turismosantjoan.es\/ca\/wp-json\/wp\/v2\/types\/page"}],"author":[{"embeddable":true,"href":"https:\/\/turismosantjoan.es\/ca\/wp-json\/wp\/v2\/users\/1"}],"replies":[{"embeddable":true,"href":"https:\/\/turismosantjoan.es\/ca\/wp-json\/wp\/v2\/comments?post=7441"}],"version-history":[{"count":0,"href":"https:\/\/turismosantjoan.es\/ca\/wp-json\/wp\/v2\/pages\/7441\/revisions"}],"wp:attachment":[{"href":"https:\/\/turismosantjoan.es\/ca\/wp-json\/wp\/v2\/media?parent=7441"}],"curies":[{"name":"wp","href":"https:\/\/api.w.org\/{rel}","templated":true}]}}