{"id":7445,"date":"2023-07-21T10:55:59","date_gmt":"2023-07-21T08:55:59","guid":{"rendered":"https:\/\/turismo-sj.developersasapglobalsolution.com\/torre-ansaldo-info\/"},"modified":"2025-04-23T13:15:17","modified_gmt":"2025-04-23T11:15:17","slug":"torre-ansaldo-info","status":"publish","type":"page","link":"https:\/\/turismosantjoan.es\/ca\/torre-ansaldo-info\/","title":{"rendered":"Torre Ansaldo info"},"content":{"rendered":"\t\t<div data-elementor-type=\"wp-page\" data-elementor-id=\"7445\" class=\"elementor elementor-7445 elementor-2758\" data-elementor-post-type=\"page\">\n\t\t\t\t\t\t<section class=\"elementor-section elementor-top-section elementor-element elementor-element-fcc4a28 elementor-section-boxed elementor-section-height-default elementor-section-height-default\" data-id=\"fcc4a28\" data-element_type=\"section\" data-e-type=\"section\" data-settings=\"{&quot;shape_divider_top&quot;:&quot;mountains&quot;,&quot;background_background&quot;:&quot;classic&quot;}\">\n\t\t\t\t\t<div class=\"elementor-shape elementor-shape-top\" aria-hidden=\"true\" data-negative=\"false\">\n\t\t\t<svg xmlns=\"http:\/\/www.w3.org\/2000\/svg\" viewBox=\"0 0 1000 100\" preserveAspectRatio=\"none\">\n\t<path class=\"elementor-shape-fill\" opacity=\"0.33\" d=\"M473,67.3c-203.9,88.3-263.1-34-320.3,0C66,119.1,0,59.7,0,59.7V0h1000v59.7 c0,0-62.1,26.1-94.9,29.3c-32.8,3.3-62.8-12.3-75.8-22.1C806,49.6,745.3,8.7,694.9,4.7S492.4,59,473,67.3z\"\/>\n\t<path class=\"elementor-shape-fill\" opacity=\"0.66\" d=\"M734,67.3c-45.5,0-77.2-23.2-129.1-39.1c-28.6-8.7-150.3-10.1-254,39.1 s-91.7-34.4-149.2,0C115.7,118.3,0,39.8,0,39.8V0h1000v36.5c0,0-28.2-18.5-92.1-18.5C810.2,18.1,775.7,67.3,734,67.3z\"\/>\n\t<path class=\"elementor-shape-fill\" d=\"M766.1,28.9c-200-57.5-266,65.5-395.1,19.5C242,1.8,242,5.4,184.8,20.6C128,35.8,132.3,44.9,89.9,52.5C28.6,63.7,0,0,0,0 h1000c0,0-9.9,40.9-83.6,48.1S829.6,47,766.1,28.9z\"\/>\n<\/svg>\t\t<\/div>\n\t\t\t\t\t<div class=\"elementor-container elementor-column-gap-no\">\n\t\t\t\t\t<div class=\"elementor-column elementor-col-100 elementor-top-column elementor-element elementor-element-474465c\" data-id=\"474465c\" data-element_type=\"column\" data-e-type=\"column\">\n\t\t\t<div class=\"elementor-widget-wrap elementor-element-populated\">\n\t\t\t\t\t\t<div class=\"elementor-element elementor-element-0395d7e elementor-widget elementor-widget-heading\" data-id=\"0395d7e\" data-element_type=\"widget\" data-e-type=\"widget\" data-widget_type=\"heading.default\">\n\t\t\t\t<div class=\"elementor-widget-container\">\n\t\t\t\t\t<h1 class=\"elementor-heading-title elementor-size-xxl\">Torre Ansaldo<\/h1>\t\t\t\t<\/div>\n\t\t\t\t<\/div>\n\t\t\t\t\t<\/div>\n\t\t<\/div>\n\t\t\t\t\t<\/div>\n\t\t<\/section>\n\t\t\t\t<section class=\"elementor-section elementor-top-section elementor-element elementor-element-d8d9860 elementor-section-boxed elementor-section-height-default elementor-section-height-default\" data-id=\"d8d9860\" data-element_type=\"section\" data-e-type=\"section\">\n\t\t\t\t\t\t<div class=\"elementor-container elementor-column-gap-default\">\n\t\t\t\t\t<div class=\"elementor-column elementor-col-100 elementor-top-column elementor-element elementor-element-a64d8e5\" data-id=\"a64d8e5\" data-element_type=\"column\" data-e-type=\"column\">\n\t\t\t<div class=\"elementor-widget-wrap elementor-element-populated\">\n\t\t\t\t\t\t<div class=\"elementor-element elementor-element-d6da4dd elementor-widget elementor-widget-text-editor\" data-id=\"d6da4dd\" data-element_type=\"widget\" data-e-type=\"widget\" data-widget_type=\"text-editor.default\">\n\t\t\t\t<div class=\"elementor-widget-container\">\n\t\t\t\t\t\t\t\t\t<div class=\"wpb_text_column wpb_content_element \"><div class=\"wpb_wrapper\"><div><p align=\"JUSTIFY\">La torre \u00e9s massissa en la seua planta baixa. S&#8217;accedia al seu interior mitjan\u00e7ant una escala manual que comunicava amb la primera planta. D&#8217;aquesta manera es millorava la defensa de la fortalesa en cas d&#8217;atac. Des de la planta primera es pot ascendir a la segona planta i d&#8217;aquesta a la terrassa de coberta. La base \u00e9s de ma\u00e7oneria arrebossada i les cantonades estan realitzades amb carreus de refor\u00e7. La torre compta amb diverses espitlleres a diferents nivells en totes les seues fa\u00e7anes. Existeix una ermita en el conjunt que conserva pintures amb al\u00b7legories a la just\u00edcia divina, les virtuts teologals i diversos angelotes.<\/p><p align=\"JUSTIFY\">L&#8217;edificaci\u00f3 residencial s&#8217;articulava mitjan\u00e7ant un gran vest\u00edbul que encara mant\u00e9 dos arcs de mig punt. Cap a la part esquerra es troba un magatzem que tamb\u00e9 va ser utilitzat com a estable. Al fons de la planta baixa es trobaven les depend\u00e8ncies del servei de la casa. L&#8217;espai superior estava destinat als senyors de la finca. Existeix un semisoterrani que conserva el celler, espai molt important on s&#8217;elaboraven nombrosos vins. En la part posterior de la casa existia una gran bassa d&#8217;aigua, corrals i diverses alm\u00e0sseres.<\/p><p align=\"JUSTIFY\">Completaven la finca extensos horts d&#8217;oliveres, garroferes, figueres, ametlers i fruiters, regats amb l&#8217;aigua procedent de la hijuela d&#8217;Ansaldo, integrant de la xarxa de s\u00e9quies de l&#8217;Horta d&#8217;Alacant.<\/p><p align=\"JUSTIFY\">La finca rep el seu nom de la <strong>fam\u00edlia Ansaldo<\/strong>, que procedia de G\u00e8nova i va arribar per primera vegada a Alacant durant la reconquesta en el segle XIII, moment en el qual va rebre diverses possessions a Almorad\u00ed. En el segle XV, part de la fam\u00edlia va emigrar a Am\u00e8rica i una altra a Cartagena (M\u00farcia), atreta per les condicions socioecon\u00f2miques de la ciutat. Ja en el segle XVII la fam\u00edlia s&#8217;assentaria definitivament a Alacant on es va dedicar a l&#8217;activitat comercial, especialment a <strong>l&#8217;exportaci\u00f3 de vins<\/strong>.<\/p><p align=\"JUSTIFY\">En l&#8217;actualitat, existeixen diferents propostes per part de la municipalitat per a abordar la restauraci\u00f3 i posada en valor de la Finca Ansaldo, com a espai d&#8217;\u00fas cultural, o com a centre d&#8217;interpretaci\u00f3 de les Torres de l&#8217;Horta. El conjunt est\u00e0 declarat B\u00e9 d&#8217;Inter\u00e9s Cultural.<\/p><\/div><\/div><\/div>\t\t\t\t\t\t\t\t<\/div>\n\t\t\t\t<\/div>\n\t\t\t\t<div class=\"elementor-element elementor-element-0dd0b31 elementor-arrows-position-inside elementor-pagination-position-outside elementor-widget elementor-widget-image-carousel\" data-id=\"0dd0b31\" data-element_type=\"widget\" data-e-type=\"widget\" data-settings=\"{&quot;slides_to_show&quot;:&quot;1&quot;,&quot;navigation&quot;:&quot;both&quot;,&quot;autoplay&quot;:&quot;yes&quot;,&quot;pause_on_hover&quot;:&quot;yes&quot;,&quot;pause_on_interaction&quot;:&quot;yes&quot;,&quot;autoplay_speed&quot;:5000,&quot;infinite&quot;:&quot;yes&quot;,&quot;effect&quot;:&quot;slide&quot;,&quot;speed&quot;:500}\" data-widget_type=\"image-carousel.default\">\n\t\t\t\t<div class=\"elementor-widget-container\">\n\t\t\t\t\t\t\t<div class=\"elementor-image-carousel-wrapper swiper\" role=\"region\" aria-roledescription=\"carousel\" aria-label=\"Image Carousel\" dir=\"ltr\">\n\t\t\t<div class=\"elementor-image-carousel swiper-wrapper\" aria-live=\"off\">\n\t\t\t\t\t\t\t\t<div class=\"swiper-slide\" role=\"group\" aria-roledescription=\"slide\" aria-label=\"1 of 7\"><figure class=\"swiper-slide-inner\"><img decoding=\"async\" class=\"swiper-slide-image\" src=\"https:\/\/turismosantjoan.es\/wp-content\/uploads\/2023\/07\/torre-Ansaldo-02.jpeg\" alt=\"torre Ansaldo-02\" \/><\/figure><\/div><div class=\"swiper-slide\" role=\"group\" aria-roledescription=\"slide\" aria-label=\"2 of 7\"><figure class=\"swiper-slide-inner\"><img decoding=\"async\" class=\"swiper-slide-image\" src=\"https:\/\/turismosantjoan.es\/wp-content\/uploads\/2023\/07\/Torre-Ansaldo.jpeg\" alt=\"Torre Ansaldo\" \/><\/figure><\/div><div class=\"swiper-slide\" role=\"group\" aria-roledescription=\"slide\" aria-label=\"3 of 7\"><figure class=\"swiper-slide-inner\"><img decoding=\"async\" class=\"swiper-slide-image\" src=\"https:\/\/turismosantjoan.es\/wp-content\/uploads\/2023\/07\/TORRE-ANSALDO-1024x680-1.jpg\" alt=\"TORRE-ANSALDO-1024x680\" \/><\/figure><\/div><div class=\"swiper-slide\" role=\"group\" aria-roledescription=\"slide\" aria-label=\"4 of 7\"><figure class=\"swiper-slide-inner\"><img decoding=\"async\" class=\"swiper-slide-image\" src=\"https:\/\/turismosantjoan.es\/wp-content\/uploads\/2023\/09\/FOTO-PARA-CARRUSEL-1.jpg\" alt=\"FOTO PARA CARRUSEL 1\" \/><\/figure><\/div><div class=\"swiper-slide\" role=\"group\" aria-roledescription=\"slide\" aria-label=\"5 of 7\"><figure class=\"swiper-slide-inner\"><img decoding=\"async\" class=\"swiper-slide-image\" src=\"https:\/\/turismosantjoan.es\/wp-content\/uploads\/2023\/09\/FOTO-PARA-CARRUSEL-2-scaled.jpg\" alt=\"FOTO PARA CARRUSEL 2\" \/><\/figure><\/div><div class=\"swiper-slide\" role=\"group\" aria-roledescription=\"slide\" aria-label=\"6 of 7\"><figure class=\"swiper-slide-inner\"><img decoding=\"async\" class=\"swiper-slide-image\" src=\"https:\/\/turismosantjoan.es\/wp-content\/uploads\/2023\/09\/FOTO-PARA-CARRUSEL-3-scaled.jpg\" alt=\"FOTO PARA CARRUSEL 3\" \/><\/figure><\/div><div class=\"swiper-slide\" role=\"group\" aria-roledescription=\"slide\" aria-label=\"7 of 7\"><figure class=\"swiper-slide-inner\"><img decoding=\"async\" class=\"swiper-slide-image\" src=\"https:\/\/turismosantjoan.es\/wp-content\/uploads\/2023\/09\/FOTO-PARA-CARRUSEL-4-scaled.jpg\" alt=\"FOTO PARA CARRUSEL 4\" \/><\/figure><\/div>\t\t\t<\/div>\n\t\t\t\t\t\t\t\t\t\t\t\t<div class=\"elementor-swiper-button elementor-swiper-button-prev\" role=\"button\" tabindex=\"0\">\n\t\t\t\t\t\t<i aria-hidden=\"true\" class=\"eicon-chevron-left\"><\/i>\t\t\t\t\t<\/div>\n\t\t\t\t\t<div class=\"elementor-swiper-button elementor-swiper-button-next\" role=\"button\" tabindex=\"0\">\n\t\t\t\t\t\t<i aria-hidden=\"true\" class=\"eicon-chevron-right\"><\/i>\t\t\t\t\t<\/div>\n\t\t\t\t\n\t\t\t\t\t\t\t\t\t<div class=\"swiper-pagination\"><\/div>\n\t\t\t\t\t\t\t\t\t<\/div>\n\t\t\t\t\t\t<\/div>\n\t\t\t\t<\/div>\n\t\t\t\t\t<\/div>\n\t\t<\/div>\n\t\t\t\t\t<\/div>\n\t\t<\/section>\n\t\t\t\t<section class=\"elementor-section elementor-top-section elementor-element elementor-element-b6730fa elementor-section-boxed elementor-section-height-default elementor-section-height-default\" data-id=\"b6730fa\" data-element_type=\"section\" data-e-type=\"section\">\n\t\t\t\t\t\t<div class=\"elementor-container elementor-column-gap-default\">\n\t\t\t\t\t<div class=\"elementor-column elementor-col-100 elementor-top-column elementor-element elementor-element-88079a4\" data-id=\"88079a4\" data-element_type=\"column\" data-e-type=\"column\">\n\t\t\t<div class=\"elementor-widget-wrap elementor-element-populated\">\n\t\t\t\t\t\t<div class=\"elementor-element elementor-element-24244b0 elementor-widget elementor-widget-heading\" data-id=\"24244b0\" data-element_type=\"widget\" data-e-type=\"widget\" data-widget_type=\"heading.default\">\n\t\t\t\t<div class=\"elementor-widget-container\">\n\t\t\t\t\t<h2 class=\"elementor-heading-title elementor-size-default\">Sabies que\u2026?<\/h2>\t\t\t\t<\/div>\n\t\t\t\t<\/div>\n\t\t\t\t<div class=\"elementor-element elementor-element-de91f04 elementor-widget elementor-widget-text-editor\" data-id=\"de91f04\" data-element_type=\"widget\" data-e-type=\"widget\" data-widget_type=\"text-editor.default\">\n\t\t\t\t<div class=\"elementor-widget-container\">\n\t\t\t\t\t\t\t\t\t<p align=\"JUSTIFY\"><strong>Sr. Juan Agust\u00edn Ansaldo<\/strong>, el fundador de la finca, era visitador real pel que tenia nombroses possessions de llarg a llarg de la prov\u00edncia i en la capital. Va ser tal el seu estatus que es va guanyar el dret de ser enterrat en la llavors Col\u00b7legiata de Sant Nicol\u00e1s d&#8217;Alacant. El fill de Sr. Juan Agust\u00edn, anomenat <strong>Sr. Henrique<\/strong>, va aconseguir el c\u00e0rrec de Jurat en Cap del Consell de la ciutat a Alacant. El llinatge de la fam\u00edlia est\u00e0 replet de personatges il\u00b7lustres, com a Sr. Agust\u00edn Ansaldo, fiscal del Rei en l&#8217;Horta d&#8217;Alacant en el segle XVIII. Un altre personatge insigne de la fam\u00edlia va ser <strong>Sr. Ignacio Ansaldo<\/strong>, que es convertiria en capit\u00e0 de les mil\u00edcies urbanes en la Guerra de la Independ\u00e8ncia a Alacant.<\/p><p align=\"JUSTIFY\">En 1852 naix en la Finca Ansaldo de <strong>Sr. Manuel G\u00f3miz<\/strong>, que seria alcalde d&#8217;Alacant entre 1890 i 1893. Sr. Manuel era descendent de la fam\u00edlia, per\u00f2 el fet d&#8217;haver nascut en la finca va ser determinant perqu\u00e8 li sobrenomenaren amb el nom d&#8217;Ansaldo. La ciutat d&#8217;Alacant li va dedicar un passeig al costat de la mar i en 1893. En la finca es va col\u00b7locar una placa hui desapareguda en record d&#8217;aquest personatge. El Sr. G\u00f3miz era un dels majors contribuents de la prov\u00edncia d&#8217;Alacant. En 1977, <strong>Sr. Manuel Montesinos G\u00f3miz<\/strong> un dels \u00faltims descendents de la fam\u00edlia i alcalde d&#8217;Alacant en la postguerra, va vendre la finca a una promotora immobili\u00e0ria.<\/p><p align=\"JUSTIFY\">El conjunt actualment \u00e9s propietat municipal. Nombroses associacions ciutadanes, com <a href=\"http:\/\/caminsantjoan.blogspot.com\/\">Camins Sant Joan d\u2019Alacant<\/a> i <a href=\"http:\/\/aclloixa.blogspot.com.es\/\">Lloixa<\/a>, contribueixen mitjan\u00e7ant visites guiades i publicacions especialitzades a mantindre viu el seu record. L&#8217;esdevenir futur de Finca Ansaldo tamb\u00e9 dep\u00e9n de les accions compromeses de ciutadans an\u00f2nims. Recorre Sant Joan d&#8217;Alacant i no deixes d&#8217;acostar-te a veure el que un dia va ser Finca Ansaldo.<\/p>\t\t\t\t\t\t\t\t<\/div>\n\t\t\t\t<\/div>\n\t\t\t\t<div class=\"elementor-element elementor-element-8f82e8d elementor-widget elementor-widget-google_maps\" data-id=\"8f82e8d\" data-element_type=\"widget\" data-e-type=\"widget\" data-widget_type=\"google_maps.default\">\n\t\t\t\t<div class=\"elementor-widget-container\">\n\t\t\t\t\t\t\t<div class=\"elementor-custom-embed\">\n\t\t\t<iframe loading=\"lazy\"\n\t\t\t\t\tsrc=\"https:\/\/maps.google.com\/maps?q=torre%20ansaldo&#038;t=m&#038;z=13&#038;output=embed&#038;iwloc=near\"\n\t\t\t\t\ttitle=\"torre ansaldo\"\n\t\t\t\t\taria-label=\"torre ansaldo\"\n\t\t\t><\/iframe>\n\t\t<\/div>\n\t\t\t\t\t\t<\/div>\n\t\t\t\t<\/div>\n\t\t\t\t\t<\/div>\n\t\t<\/div>\n\t\t\t\t\t<\/div>\n\t\t<\/section>\n\t\t\t\t<\/div>\n\t\t","protected":false},"excerpt":{"rendered":"<p>Torre Ansaldo La torre \u00e9s massissa en la seua planta baixa. S&#8217;accedia al seu interior mitjan\u00e7ant una escala manual que comunicava amb la primera planta. D&#8217;aquesta manera es millorava la defensa de la fortalesa en cas d&#8217;atac. Des de la planta primera es pot ascendir a la segona planta i d&#8217;aquesta a la terrassa de [&hellip;]<\/p>\n","protected":false},"author":1,"featured_media":0,"parent":0,"menu_order":0,"comment_status":"closed","ping_status":"closed","template":"","meta":{"footnotes":""},"class_list":["post-7445","page","type-page","status-publish","hentry"],"_links":{"self":[{"href":"https:\/\/turismosantjoan.es\/ca\/wp-json\/wp\/v2\/pages\/7445","targetHints":{"allow":["GET"]}}],"collection":[{"href":"https:\/\/turismosantjoan.es\/ca\/wp-json\/wp\/v2\/pages"}],"about":[{"href":"https:\/\/turismosantjoan.es\/ca\/wp-json\/wp\/v2\/types\/page"}],"author":[{"embeddable":true,"href":"https:\/\/turismosantjoan.es\/ca\/wp-json\/wp\/v2\/users\/1"}],"replies":[{"embeddable":true,"href":"https:\/\/turismosantjoan.es\/ca\/wp-json\/wp\/v2\/comments?post=7445"}],"version-history":[{"count":0,"href":"https:\/\/turismosantjoan.es\/ca\/wp-json\/wp\/v2\/pages\/7445\/revisions"}],"wp:attachment":[{"href":"https:\/\/turismosantjoan.es\/ca\/wp-json\/wp\/v2\/media?parent=7445"}],"curies":[{"name":"wp","href":"https:\/\/api.w.org\/{rel}","templated":true}]}}