{"id":7451,"date":"2023-07-21T10:32:15","date_gmt":"2023-07-21T10:32:15","guid":{"rendered":"https:\/\/turismo-sj.developersasapglobalsolution.com\/torre-salafranca\/"},"modified":"2023-09-20T08:36:08","modified_gmt":"2023-09-20T08:36:08","slug":"torre-salafranca","status":"publish","type":"page","link":"https:\/\/turismosantjoan.es\/ca\/torre-salafranca\/","title":{"rendered":"Torre Salafranca"},"content":{"rendered":"\t\t<div data-elementor-type=\"wp-page\" data-elementor-id=\"7451\" class=\"elementor elementor-7451 elementor-2681\" data-elementor-post-type=\"page\">\n\t\t\t\t\t\t<section class=\"elementor-section elementor-top-section elementor-element elementor-element-8ba7d4e elementor-section-boxed elementor-section-height-default elementor-section-height-default\" data-id=\"8ba7d4e\" data-element_type=\"section\" data-e-type=\"section\" data-settings=\"{&quot;shape_divider_top&quot;:&quot;mountains&quot;,&quot;background_background&quot;:&quot;classic&quot;}\">\n\t\t\t\t\t<div class=\"elementor-shape elementor-shape-top\" aria-hidden=\"true\" data-negative=\"false\">\n\t\t\t<svg xmlns=\"http:\/\/www.w3.org\/2000\/svg\" viewBox=\"0 0 1000 100\" preserveAspectRatio=\"none\">\n\t<path class=\"elementor-shape-fill\" opacity=\"0.33\" d=\"M473,67.3c-203.9,88.3-263.1-34-320.3,0C66,119.1,0,59.7,0,59.7V0h1000v59.7 c0,0-62.1,26.1-94.9,29.3c-32.8,3.3-62.8-12.3-75.8-22.1C806,49.6,745.3,8.7,694.9,4.7S492.4,59,473,67.3z\"\/>\n\t<path class=\"elementor-shape-fill\" opacity=\"0.66\" d=\"M734,67.3c-45.5,0-77.2-23.2-129.1-39.1c-28.6-8.7-150.3-10.1-254,39.1 s-91.7-34.4-149.2,0C115.7,118.3,0,39.8,0,39.8V0h1000v36.5c0,0-28.2-18.5-92.1-18.5C810.2,18.1,775.7,67.3,734,67.3z\"\/>\n\t<path class=\"elementor-shape-fill\" d=\"M766.1,28.9c-200-57.5-266,65.5-395.1,19.5C242,1.8,242,5.4,184.8,20.6C128,35.8,132.3,44.9,89.9,52.5C28.6,63.7,0,0,0,0 h1000c0,0-9.9,40.9-83.6,48.1S829.6,47,766.1,28.9z\"\/>\n<\/svg>\t\t<\/div>\n\t\t\t\t\t<div class=\"elementor-container elementor-column-gap-no\">\n\t\t\t\t\t<div class=\"elementor-column elementor-col-100 elementor-top-column elementor-element elementor-element-2963e78\" data-id=\"2963e78\" data-element_type=\"column\" data-e-type=\"column\">\n\t\t\t<div class=\"elementor-widget-wrap elementor-element-populated\">\n\t\t\t\t\t\t<div class=\"elementor-element elementor-element-291bfa4 elementor-widget elementor-widget-heading\" data-id=\"291bfa4\" data-element_type=\"widget\" data-e-type=\"widget\" data-widget_type=\"heading.default\">\n\t\t\t\t<div class=\"elementor-widget-container\">\n\t\t\t\t\t<h1 class=\"elementor-heading-title elementor-size-xxl\">Torre Salafranca<\/h1>\t\t\t\t<\/div>\n\t\t\t\t<\/div>\n\t\t\t\t\t<\/div>\n\t\t<\/div>\n\t\t\t\t\t<\/div>\n\t\t<\/section>\n\t\t\t\t<section class=\"elementor-section elementor-top-section elementor-element elementor-element-c3a71b8 elementor-section-boxed elementor-section-height-default elementor-section-height-default\" data-id=\"c3a71b8\" data-element_type=\"section\" data-e-type=\"section\">\n\t\t\t\t\t\t<div class=\"elementor-container elementor-column-gap-default\">\n\t\t\t\t\t<div class=\"elementor-column elementor-col-100 elementor-top-column elementor-element elementor-element-702f3d7\" data-id=\"702f3d7\" data-element_type=\"column\" data-e-type=\"column\">\n\t\t\t<div class=\"elementor-widget-wrap elementor-element-populated\">\n\t\t\t\t\t\t<div class=\"elementor-element elementor-element-cc402d6 elementor-widget elementor-widget-text-editor\" data-id=\"cc402d6\" data-element_type=\"widget\" data-e-type=\"widget\" data-widget_type=\"text-editor.default\">\n\t\t\t\t<div class=\"elementor-widget-container\">\n\t\t\t\t\t\t\t\t\t<p align=\"justify\">La torre constru\u00efda en cadirat t\u00e9 planta prism\u00e0tica i base atalussada, aconsegueix els 10 metres d&#8217;altura gr\u00e0cies als seus murs que arriben a superar el metre de gross\u00e0ria. L&#8217;espai interior consta de planta baixa i dues altures, rematades amb una terrassa en coberta. Les plantes superiors es comuniquen amb una escala de caragol. La solidesa de l&#8217;arquitectura exterior contrasta amb la mod\u00e8stia dels materials constructius emprats a l&#8217;interior de la fortalesa, ja que els sostres es configuren mitjan\u00e7ant un entrebigat rematat en revolt\u00f3n d&#8217;algeps descansant sobre els murs. La cara sud la torre comptava amb dos troneres, hui encegades, es tractava d&#8217;unes finestres estretes que servien a la defensa del conjunt. La fa\u00e7ana noble de l&#8217;habitatge compta amb un escut nobiliari.<\/p><p align=\"justify\">Apareixen en l&#8217;enclavament dues peculiaritats vinculades directament amb l&#8217;aigua. D&#8217;una banda, la torre compta amb un aljub al qual s&#8217;accedeix per una xicoteta porta des de l&#8217;exterior. Els cronistes <a href=\"https:\/\/www.turismosantjoan.es\/?page_id=99995026\">Sr. Isidro Buades<\/a> i D. J. Ram\u00f3n Mart\u00ednez ens conten que resulta enigm\u00e0tic que l&#8217;acc\u00e9s a l&#8217;aljub es fa\u00e7a des de l&#8217;exterior. Pensem que si hagu\u00e9rem de buscar refugi a l&#8217;interior de la torre perqu\u00e8 estem sent atacats per un grup de pirates, no resultaria molt recomanable eixir a l&#8217;exterior per a proveir-nos d&#8217;aigua. Aix\u00f2 pot indicar-nos que b\u00e9 el pou es va construir una vegada que la torre va perdre la seua funci\u00f3 defensiva, o b\u00e9 que va poder existir un acc\u00e9s des de l&#8217;habitatge a l&#8217;interior del pou. Com l&#8217;habitatge ha patit nombroses modificacions al llarg del segle XX, tampoc resulta f\u00e0cil datar la seua \u00e8poca de construcci\u00f3, per la qual cosa de moment deixem aquest interrogant sense resposta.<\/p><p align=\"justify\">Una altra de les curiositats de la torre relacionada amb l&#8217;aigua t\u00e9 a veure amb el sistema de reg. Si b\u00e9 l&#8217;estatge compta amb una bassa a l&#8217;interior de la finca i molt prop del paratge, entre Salafranca i l&#8217;ermita de <a href=\"https:\/\/www.turismosantjoan.es\/?page_id=99993400\">Santa Ana<\/a>, trobem una altra, existeix una bella fotografia dels anys 40 en la qual podem veure un altre estany de gran grand\u00e0ria que lamentablement no perdura en l&#8217;actualitat.<\/p><p align=\"justify\">Con\u00e9ixer i difondre el meravell\u00f3s llegat cultural que perviu al Camp d\u2019Alacant pot contribuir a evitar la futura p\u00e8rdua d&#8217;altres vestigis heretats del seu fascinant passat.<\/p>\t\t\t\t\t\t\t\t<\/div>\n\t\t\t\t<\/div>\n\t\t\t\t<div class=\"elementor-element elementor-element-2795fbd elementor-arrows-position-inside elementor-pagination-position-outside elementor-widget elementor-widget-image-carousel\" data-id=\"2795fbd\" data-element_type=\"widget\" data-e-type=\"widget\" data-settings=\"{&quot;slides_to_show&quot;:&quot;1&quot;,&quot;navigation&quot;:&quot;both&quot;,&quot;autoplay&quot;:&quot;yes&quot;,&quot;pause_on_hover&quot;:&quot;yes&quot;,&quot;pause_on_interaction&quot;:&quot;yes&quot;,&quot;autoplay_speed&quot;:5000,&quot;infinite&quot;:&quot;yes&quot;,&quot;effect&quot;:&quot;slide&quot;,&quot;speed&quot;:500}\" data-widget_type=\"image-carousel.default\">\n\t\t\t\t<div class=\"elementor-widget-container\">\n\t\t\t\t\t\t\t<div class=\"elementor-image-carousel-wrapper swiper\" role=\"region\" aria-roledescription=\"carousel\" aria-label=\"Image Carousel\" dir=\"ltr\">\n\t\t\t<div class=\"elementor-image-carousel swiper-wrapper\" aria-live=\"off\">\n\t\t\t\t\t\t\t\t<div class=\"swiper-slide\" role=\"group\" aria-roledescription=\"slide\" aria-label=\"1 of 5\"><figure class=\"swiper-slide-inner\"><img decoding=\"async\" class=\"swiper-slide-image\" src=\"https:\/\/turismosantjoan.es\/wp-content\/uploads\/elementor\/thumbs\/FOTO-DE-SUSTITUCION-EN-CARRUSEL-1-scaled-qbpzey53me59zuxjzxnlqukgdgmdxbzy8p8we1p3t4.jpg\" alt=\"FOTO DE SUSTITUCI\u00d3N EN CARRUSEL 1\" \/><\/figure><\/div><div class=\"swiper-slide\" role=\"group\" aria-roledescription=\"slide\" aria-label=\"2 of 5\"><figure class=\"swiper-slide-inner\"><img decoding=\"async\" class=\"swiper-slide-image\" src=\"https:\/\/turismosantjoan.es\/wp-content\/uploads\/elementor\/thumbs\/FOTO-DE-SUSTITUCION-EN-CARRUSEL-2-scaled-qbpzfbaua2naieefv3cdpr8woutix3g6yidp3x5le0.jpg\" alt=\"FOTO DE SUSTITUCI\u00d3N EN CARRUSEL 2\" \/><\/figure><\/div><div class=\"swiper-slide\" role=\"group\" aria-roledescription=\"slide\" aria-label=\"3 of 5\"><figure class=\"swiper-slide-inner\"><img decoding=\"async\" class=\"swiper-slide-image\" src=\"https:\/\/turismosantjoan.es\/wp-content\/uploads\/elementor\/thumbs\/FOTO-DE-SUSTITUCION-EN-CARRUSEL-3-scaled-qbpzfln2d91g23zf6pt9z6mz83ek9rl8nxk1dyq9hk.jpg\" alt=\"FOTO DE SUSTITUCI\u00d3N EN CARRUSEL 3\" \/><\/figure><\/div><div class=\"swiper-slide\" role=\"group\" aria-roledescription=\"slide\" aria-label=\"4 of 5\"><figure class=\"swiper-slide-inner\"><img decoding=\"async\" class=\"swiper-slide-image\" src=\"https:\/\/turismosantjoan.es\/wp-content\/uploads\/elementor\/thumbs\/FOTO-DE-SUSTITUCION-EN-CARRUSEL-4-qbpzfu3m2rd0yln4tbgx3mi4kk8v71itp3fepgdpxk.jpg\" alt=\"FOTO DE SUSTITUCI\u00d3N EN CARRUSEL 4\" \/><\/figure><\/div><div class=\"swiper-slide\" role=\"group\" aria-roledescription=\"slide\" aria-label=\"5 of 5\"><figure class=\"swiper-slide-inner\"><img decoding=\"async\" class=\"swiper-slide-image\" src=\"https:\/\/turismosantjoan.es\/wp-content\/uploads\/elementor\/thumbs\/FOTO-DE-SUSTITUCION-EN-CARRUSEL-5-scaled-qbpzg1mblfnbjhc7lepxnkltbn7swmcoe4najo2kjs.jpg\" alt=\"FOTO DE SUSTITUCI\u00d3N EN CARRUSEL 5\" \/><\/figure><\/div>\t\t\t<\/div>\n\t\t\t\t\t\t\t\t\t\t\t\t<div class=\"elementor-swiper-button elementor-swiper-button-prev\" role=\"button\" tabindex=\"0\">\n\t\t\t\t\t\t<i aria-hidden=\"true\" class=\"eicon-chevron-left\"><\/i>\t\t\t\t\t<\/div>\n\t\t\t\t\t<div class=\"elementor-swiper-button elementor-swiper-button-next\" role=\"button\" tabindex=\"0\">\n\t\t\t\t\t\t<i aria-hidden=\"true\" class=\"eicon-chevron-right\"><\/i>\t\t\t\t\t<\/div>\n\t\t\t\t\n\t\t\t\t\t\t\t\t\t<div class=\"swiper-pagination\"><\/div>\n\t\t\t\t\t\t\t\t\t<\/div>\n\t\t\t\t\t\t<\/div>\n\t\t\t\t<\/div>\n\t\t\t\t\t<\/div>\n\t\t<\/div>\n\t\t\t\t\t<\/div>\n\t\t<\/section>\n\t\t\t\t<\/div>\n\t\t","protected":false},"excerpt":{"rendered":"<p>Torre Salafranca La torre constru\u00efda en cadirat t\u00e9 planta prism\u00e0tica i base atalussada, aconsegueix els 10 metres d&#8217;altura gr\u00e0cies als seus murs que arriben a superar el metre de gross\u00e0ria. L&#8217;espai interior consta de planta baixa i dues altures, rematades amb una terrassa en coberta. Les plantes superiors es comuniquen amb una escala de caragol. [&hellip;]<\/p>\n","protected":false},"author":1,"featured_media":0,"parent":0,"menu_order":0,"comment_status":"closed","ping_status":"closed","template":"","meta":{"footnotes":""},"class_list":["post-7451","page","type-page","status-publish","hentry"],"_links":{"self":[{"href":"https:\/\/turismosantjoan.es\/ca\/wp-json\/wp\/v2\/pages\/7451","targetHints":{"allow":["GET"]}}],"collection":[{"href":"https:\/\/turismosantjoan.es\/ca\/wp-json\/wp\/v2\/pages"}],"about":[{"href":"https:\/\/turismosantjoan.es\/ca\/wp-json\/wp\/v2\/types\/page"}],"author":[{"embeddable":true,"href":"https:\/\/turismosantjoan.es\/ca\/wp-json\/wp\/v2\/users\/1"}],"replies":[{"embeddable":true,"href":"https:\/\/turismosantjoan.es\/ca\/wp-json\/wp\/v2\/comments?post=7451"}],"version-history":[{"count":0,"href":"https:\/\/turismosantjoan.es\/ca\/wp-json\/wp\/v2\/pages\/7451\/revisions"}],"wp:attachment":[{"href":"https:\/\/turismosantjoan.es\/ca\/wp-json\/wp\/v2\/media?parent=7451"}],"curies":[{"name":"wp","href":"https:\/\/api.w.org\/{rel}","templated":true}]}}