{"id":7453,"date":"2023-07-21T10:24:23","date_gmt":"2023-07-21T10:24:23","guid":{"rendered":"https:\/\/turismo-sj.developersasapglobalsolution.com\/torres-de-lhorta\/"},"modified":"2023-09-20T08:41:33","modified_gmt":"2023-09-20T08:41:33","slug":"torres-de-lhorta","status":"publish","type":"page","link":"https:\/\/turismosantjoan.es\/ca\/torres-de-lhorta\/","title":{"rendered":"Torres de l&#8217;Horta"},"content":{"rendered":"\t\t<div data-elementor-type=\"wp-page\" data-elementor-id=\"7453\" class=\"elementor elementor-7453 elementor-2664\" data-elementor-post-type=\"page\">\n\t\t\t\t\t\t<section class=\"elementor-section elementor-top-section elementor-element elementor-element-1af750f elementor-section-boxed elementor-section-height-default elementor-section-height-default\" data-id=\"1af750f\" data-element_type=\"section\" data-e-type=\"section\" data-settings=\"{&quot;shape_divider_top&quot;:&quot;mountains&quot;,&quot;background_background&quot;:&quot;classic&quot;}\">\n\t\t\t\t\t<div class=\"elementor-shape elementor-shape-top\" aria-hidden=\"true\" data-negative=\"false\">\n\t\t\t<svg xmlns=\"http:\/\/www.w3.org\/2000\/svg\" viewBox=\"0 0 1000 100\" preserveAspectRatio=\"none\">\n\t<path class=\"elementor-shape-fill\" opacity=\"0.33\" d=\"M473,67.3c-203.9,88.3-263.1-34-320.3,0C66,119.1,0,59.7,0,59.7V0h1000v59.7 c0,0-62.1,26.1-94.9,29.3c-32.8,3.3-62.8-12.3-75.8-22.1C806,49.6,745.3,8.7,694.9,4.7S492.4,59,473,67.3z\"\/>\n\t<path class=\"elementor-shape-fill\" opacity=\"0.66\" d=\"M734,67.3c-45.5,0-77.2-23.2-129.1-39.1c-28.6-8.7-150.3-10.1-254,39.1 s-91.7-34.4-149.2,0C115.7,118.3,0,39.8,0,39.8V0h1000v36.5c0,0-28.2-18.5-92.1-18.5C810.2,18.1,775.7,67.3,734,67.3z\"\/>\n\t<path class=\"elementor-shape-fill\" d=\"M766.1,28.9c-200-57.5-266,65.5-395.1,19.5C242,1.8,242,5.4,184.8,20.6C128,35.8,132.3,44.9,89.9,52.5C28.6,63.7,0,0,0,0 h1000c0,0-9.9,40.9-83.6,48.1S829.6,47,766.1,28.9z\"\/>\n<\/svg>\t\t<\/div>\n\t\t\t\t\t<div class=\"elementor-container elementor-column-gap-no\">\n\t\t\t\t\t<div class=\"elementor-column elementor-col-100 elementor-top-column elementor-element elementor-element-2f7ae69\" data-id=\"2f7ae69\" data-element_type=\"column\" data-e-type=\"column\">\n\t\t\t<div class=\"elementor-widget-wrap elementor-element-populated\">\n\t\t\t\t\t\t<div class=\"elementor-element elementor-element-969b63e elementor-widget elementor-widget-heading\" data-id=\"969b63e\" data-element_type=\"widget\" data-e-type=\"widget\" data-widget_type=\"heading.default\">\n\t\t\t\t<div class=\"elementor-widget-container\">\n\t\t\t\t\t<h1 class=\"elementor-heading-title elementor-size-xxl\">Torres De l'Horta<\/h1>\t\t\t\t<\/div>\n\t\t\t\t<\/div>\n\t\t\t\t\t<\/div>\n\t\t<\/div>\n\t\t\t\t\t<\/div>\n\t\t<\/section>\n\t\t\t\t<section class=\"elementor-section elementor-top-section elementor-element elementor-element-0927c2c elementor-section-boxed elementor-section-height-default elementor-section-height-default\" data-id=\"0927c2c\" data-element_type=\"section\" data-e-type=\"section\">\n\t\t\t\t\t\t<div class=\"elementor-container elementor-column-gap-default\">\n\t\t\t\t\t<div class=\"elementor-column elementor-col-50 elementor-top-column elementor-element elementor-element-93a6404\" data-id=\"93a6404\" data-element_type=\"column\" data-e-type=\"column\" data-settings=\"{&quot;background_background&quot;:&quot;classic&quot;}\">\n\t\t\t<div class=\"elementor-widget-wrap elementor-element-populated\">\n\t\t\t\t\t\t<div class=\"elementor-element elementor-element-2bc90c5 elementor-position-top elementor-widget elementor-widget-image-box\" data-id=\"2bc90c5\" data-element_type=\"widget\" data-e-type=\"widget\" data-widget_type=\"image-box.default\">\n\t\t\t\t<div class=\"elementor-widget-container\">\n\t\t\t\t\t<div class=\"elementor-image-box-wrapper\"><figure class=\"elementor-image-box-img\"><img fetchpriority=\"high\" decoding=\"async\" width=\"1656\" height=\"1104\" src=\"https:\/\/turismosantjoan.es\/wp-content\/uploads\/2023\/07\/TORRE-SALAFRANCA-4.jpg\" class=\"attachment-full size-full wp-image-2666\" alt=\"\" srcset=\"https:\/\/turismosantjoan.es\/wp-content\/uploads\/2023\/07\/TORRE-SALAFRANCA-4.jpg 1656w, https:\/\/turismosantjoan.es\/wp-content\/uploads\/2023\/07\/TORRE-SALAFRANCA-4-300x200.jpg 300w, https:\/\/turismosantjoan.es\/wp-content\/uploads\/2023\/07\/TORRE-SALAFRANCA-4-1024x683.jpg 1024w, https:\/\/turismosantjoan.es\/wp-content\/uploads\/2023\/07\/TORRE-SALAFRANCA-4-768x512.jpg 768w, https:\/\/turismosantjoan.es\/wp-content\/uploads\/2023\/07\/TORRE-SALAFRANCA-4-1536x1024.jpg 1536w\" sizes=\"(max-width: 1656px) 100vw, 1656px\" \/><\/figure><div class=\"elementor-image-box-content\"><h3 class=\"elementor-image-box-title\">Torre Salafranca<\/h3><p class=\"elementor-image-box-description\">Transitant pel Cam\u00ed del Seren\u00ed ens trobem amb la torre Salafranca. Aquesta noble construcci\u00f3, erigida en el segle XVI, formava part del sistema de torres que proporcionaven vigil\u00e0ncia i salvaguarda als habitants d'aquest enclavament a la fi del Renaixement i tota l'Edat Moderna, \u00e8poca en la qual el Camp d\u2019Alacant era sovint atacat per pirates. Com \u00e9s habitual la torre forma part d'un habitatge. Afortunadament l'estatge continua habitada, la qual cosa ha perm\u00e9s mantindre el conjunt en un bon estat de conservaci\u00f3.<\/p><\/div><\/div>\t\t\t\t<\/div>\n\t\t\t\t<\/div>\n\t\t\t\t<div class=\"elementor-element elementor-element-f23dd8c elementor-mobile-align-justify elementor-align-center elementor-widget elementor-widget-button\" data-id=\"f23dd8c\" data-element_type=\"widget\" data-e-type=\"widget\" data-widget_type=\"button.default\">\n\t\t\t\t<div class=\"elementor-widget-container\">\n\t\t\t\t\t\t\t\t\t<div class=\"elementor-button-wrapper\">\n\t\t\t\t\t<a class=\"elementor-button elementor-button-link elementor-size-sm elementor-animation-push\" href=\"https:\/\/turismosantjoan.es\/ca\/torre-salafranca\/\">\n\t\t\t\t\t\t<span class=\"elementor-button-content-wrapper\">\n\t\t\t\t\t\t\t\t\t<span class=\"elementor-button-text\">Saber m\u00e9s<\/span>\n\t\t\t\t\t<\/span>\n\t\t\t\t\t<\/a>\n\t\t\t\t<\/div>\n\t\t\t\t\t\t\t\t<\/div>\n\t\t\t\t<\/div>\n\t\t\t\t\t<\/div>\n\t\t<\/div>\n\t\t\t\t<div class=\"elementor-column elementor-col-50 elementor-top-column elementor-element elementor-element-9ca973f\" data-id=\"9ca973f\" data-element_type=\"column\" data-e-type=\"column\" data-settings=\"{&quot;background_background&quot;:&quot;classic&quot;}\">\n\t\t\t<div class=\"elementor-widget-wrap elementor-element-populated\">\n\t\t\t\t\t\t<div class=\"elementor-element elementor-element-6915963 elementor-position-top elementor-widget elementor-widget-image-box\" data-id=\"6915963\" data-element_type=\"widget\" data-e-type=\"widget\" data-widget_type=\"image-box.default\">\n\t\t\t\t<div class=\"elementor-widget-container\">\n\t\t\t\t\t<div class=\"elementor-image-box-wrapper\"><figure class=\"elementor-image-box-img\"><img decoding=\"async\" width=\"1656\" height=\"1104\" src=\"https:\/\/turismosantjoan.es\/wp-content\/uploads\/2023\/07\/torre-bonanza.jpg\" class=\"attachment-full size-full wp-image-403\" alt=\"\" srcset=\"https:\/\/turismosantjoan.es\/wp-content\/uploads\/2023\/07\/torre-bonanza.jpg 1656w, https:\/\/turismosantjoan.es\/wp-content\/uploads\/2023\/07\/torre-bonanza-300x200.jpg 300w, https:\/\/turismosantjoan.es\/wp-content\/uploads\/2023\/07\/torre-bonanza-1024x683.jpg 1024w, https:\/\/turismosantjoan.es\/wp-content\/uploads\/2023\/07\/torre-bonanza-768x512.jpg 768w, https:\/\/turismosantjoan.es\/wp-content\/uploads\/2023\/07\/torre-bonanza-1536x1024.jpg 1536w\" sizes=\"(max-width: 1656px) 100vw, 1656px\" \/><\/figure><div class=\"elementor-image-box-content\"><h3 class=\"elementor-image-box-title\">Torre Bonan\u00e7a<\/h3><p class=\"elementor-image-box-description\">Al costat del naixement del cam\u00ed de Lloixa trobem aquesta noble construcci\u00f3 del segle XVI. Lloixa era un enclavament medieval que apareix esmentat en antics documents ja l'any 1300. Si la finca se situa en un enclavament m\u00edtic, no menys llegend\u00e0ria \u00e9s la fam\u00edlia que l'habita, els Pascual de Bonan\u00e7a, d'ac\u00ed el nom de la torre que encara conserva l'escut nobiliari de la fam\u00edlia. Est\u00e0 declarada B\u00e9 d'Inter\u00e9s Cultural, juntament amb la resta de torres defensives de l'Horta.<\/p><\/div><\/div>\t\t\t\t<\/div>\n\t\t\t\t<\/div>\n\t\t\t\t<div class=\"elementor-element elementor-element-31d389b elementor-mobile-align-justify elementor-align-center elementor-widget elementor-widget-button\" data-id=\"31d389b\" data-element_type=\"widget\" data-e-type=\"widget\" data-widget_type=\"button.default\">\n\t\t\t\t<div class=\"elementor-widget-container\">\n\t\t\t\t\t\t\t\t\t<div class=\"elementor-button-wrapper\">\n\t\t\t\t\t<a class=\"elementor-button elementor-button-link elementor-size-sm elementor-animation-push\" href=\"https:\/\/turismosantjoan.es\/ca\/torre-bonanca\/\">\n\t\t\t\t\t\t<span class=\"elementor-button-content-wrapper\">\n\t\t\t\t\t\t\t\t\t<span class=\"elementor-button-text\">Saber m\u00e9s<\/span>\n\t\t\t\t\t<\/span>\n\t\t\t\t\t<\/a>\n\t\t\t\t<\/div>\n\t\t\t\t\t\t\t\t<\/div>\n\t\t\t\t<\/div>\n\t\t\t\t\t<\/div>\n\t\t<\/div>\n\t\t\t\t\t<\/div>\n\t\t<\/section>\n\t\t\t\t<section class=\"elementor-section elementor-top-section elementor-element elementor-element-9a04a7e elementor-section-boxed elementor-section-height-default elementor-section-height-default\" data-id=\"9a04a7e\" data-element_type=\"section\" data-e-type=\"section\">\n\t\t\t\t\t\t<div class=\"elementor-container elementor-column-gap-default\">\n\t\t\t\t\t<div class=\"elementor-column elementor-col-50 elementor-top-column elementor-element elementor-element-33d0bb8\" data-id=\"33d0bb8\" data-element_type=\"column\" data-e-type=\"column\" data-settings=\"{&quot;background_background&quot;:&quot;classic&quot;}\">\n\t\t\t<div class=\"elementor-widget-wrap elementor-element-populated\">\n\t\t\t\t\t\t<div class=\"elementor-element elementor-element-e80c16c elementor-position-top elementor-widget elementor-widget-image-box\" data-id=\"e80c16c\" data-element_type=\"widget\" data-e-type=\"widget\" data-widget_type=\"image-box.default\">\n\t\t\t\t<div class=\"elementor-widget-container\">\n\t\t\t\t\t<div class=\"elementor-image-box-wrapper\"><figure class=\"elementor-image-box-img\"><img decoding=\"async\" width=\"1656\" height=\"1104\" src=\"https:\/\/turismosantjoan.es\/wp-content\/uploads\/2023\/07\/72-horas-TORRE-LA-CADENA-1.jpeg\" class=\"attachment-full size-full wp-image-1194\" alt=\"\" srcset=\"https:\/\/turismosantjoan.es\/wp-content\/uploads\/2023\/07\/72-horas-TORRE-LA-CADENA-1.jpeg 1656w, https:\/\/turismosantjoan.es\/wp-content\/uploads\/2023\/07\/72-horas-TORRE-LA-CADENA-1-300x200.jpeg 300w, https:\/\/turismosantjoan.es\/wp-content\/uploads\/2023\/07\/72-horas-TORRE-LA-CADENA-1-1024x683.jpeg 1024w, https:\/\/turismosantjoan.es\/wp-content\/uploads\/2023\/07\/72-horas-TORRE-LA-CADENA-1-768x512.jpeg 768w, https:\/\/turismosantjoan.es\/wp-content\/uploads\/2023\/07\/72-horas-TORRE-LA-CADENA-1-1536x1024.jpeg 1536w\" sizes=\"(max-width: 1656px) 100vw, 1656px\" \/><\/figure><div class=\"elementor-image-box-content\"><h3 class=\"elementor-image-box-title\">Torre La Cadena<\/h3><p class=\"elementor-image-box-description\">Constru\u00efda en el segle XVII, va ser resid\u00e8ncia dels senyors Comtes de Casa-Rojas. Es troba en l'avinguda Pintor P\u00e9rez Gil, una via molt transitada en connectar la xarxa vi\u00e0ria amb el Campus universitari de Sant Joan, l'hospital cl\u00ednic, i els barris residencials de les platges. Per\u00f2 aquesta carretera es va construir en el primer lustre dels anys 2000. Fins a aqueix moment al sud de la Cadena nom\u00e9s hi havia un vell cam\u00ed envoltat d'horts que s'estenien fins a la ve\u00efna torre de Soto, habitada dels senyors de Soto Am\u00e9.<\/p><\/div><\/div>\t\t\t\t<\/div>\n\t\t\t\t<\/div>\n\t\t\t\t<div class=\"elementor-element elementor-element-53c00b5 elementor-mobile-align-justify elementor-align-center elementor-widget elementor-widget-button\" data-id=\"53c00b5\" data-element_type=\"widget\" data-e-type=\"widget\" data-widget_type=\"button.default\">\n\t\t\t\t<div class=\"elementor-widget-container\">\n\t\t\t\t\t\t\t\t\t<div class=\"elementor-button-wrapper\">\n\t\t\t\t\t<a class=\"elementor-button elementor-button-link elementor-size-sm elementor-animation-push\" href=\"https:\/\/turismosantjoan.es\/ca\/torre-la-cadena\/\">\n\t\t\t\t\t\t<span class=\"elementor-button-content-wrapper\">\n\t\t\t\t\t\t\t\t\t<span class=\"elementor-button-text\">Saber m\u00e9s<\/span>\n\t\t\t\t\t<\/span>\n\t\t\t\t\t<\/a>\n\t\t\t\t<\/div>\n\t\t\t\t\t\t\t\t<\/div>\n\t\t\t\t<\/div>\n\t\t\t\t\t<\/div>\n\t\t<\/div>\n\t\t\t\t<div class=\"elementor-column elementor-col-50 elementor-top-column elementor-element elementor-element-687f3a7\" data-id=\"687f3a7\" data-element_type=\"column\" data-e-type=\"column\" data-settings=\"{&quot;background_background&quot;:&quot;classic&quot;}\">\n\t\t\t<div class=\"elementor-widget-wrap elementor-element-populated\">\n\t\t\t\t\t\t<div class=\"elementor-element elementor-element-d70f285 elementor-position-top elementor-widget elementor-widget-image-box\" data-id=\"d70f285\" data-element_type=\"widget\" data-e-type=\"widget\" data-widget_type=\"image-box.default\">\n\t\t\t\t<div class=\"elementor-widget-container\">\n\t\t\t\t\t<div class=\"elementor-image-box-wrapper\"><figure class=\"elementor-image-box-img\"><img loading=\"lazy\" decoding=\"async\" width=\"1024\" height=\"683\" src=\"https:\/\/turismosantjoan.es\/wp-content\/uploads\/2023\/07\/Torre-Ansaldo.jpeg\" class=\"attachment-full size-full wp-image-407\" alt=\"\" srcset=\"https:\/\/turismosantjoan.es\/wp-content\/uploads\/2023\/07\/Torre-Ansaldo.jpeg 1024w, https:\/\/turismosantjoan.es\/wp-content\/uploads\/2023\/07\/Torre-Ansaldo-300x200.jpeg 300w, https:\/\/turismosantjoan.es\/wp-content\/uploads\/2023\/07\/Torre-Ansaldo-768x512.jpeg 768w\" sizes=\"(max-width: 1024px) 100vw, 1024px\" \/><\/figure><div class=\"elementor-image-box-content\"><h3 class=\"elementor-image-box-title\">Torre Ansaldo<\/h3><p class=\"elementor-image-box-description\">En la partida de Fabraquer Nord, al costat de l'institut Luis Garc\u00eda Berlanga, trobem les restes del que va ser la Finca Ansaldo. Antany un enclavament pr\u00f2sper i f\u00e8rtil, hui immers en l'oblit. A la fi del segle XV es va al\u00e7ar la seua torre defensiva, sent una de les Torres de l'horta m\u00e9s antigues que es conserven a Sant Joan. Posteriorment, en els segles XVI i XVII, es van construir diferents edificacions residencials, agr\u00edcoles i religioses. La finca va pert\u00e0nyer a la c\u00e8lebre fam\u00edlia Ansaldo, origin\u00e0ria de G\u00e8nova, que s'assentisca definitivament a Alacant a mitjan segle XVII.<\/p><\/div><\/div>\t\t\t\t<\/div>\n\t\t\t\t<\/div>\n\t\t\t\t<div class=\"elementor-element elementor-element-03ac76a elementor-mobile-align-justify elementor-align-center elementor-widget elementor-widget-button\" data-id=\"03ac76a\" data-element_type=\"widget\" data-e-type=\"widget\" data-widget_type=\"button.default\">\n\t\t\t\t<div class=\"elementor-widget-container\">\n\t\t\t\t\t\t\t\t\t<div class=\"elementor-button-wrapper\">\n\t\t\t\t\t<a class=\"elementor-button elementor-button-link elementor-size-sm elementor-animation-push\" href=\"https:\/\/turismosantjoan.es\/ca\/torre-ansaldo-info\/\">\n\t\t\t\t\t\t<span class=\"elementor-button-content-wrapper\">\n\t\t\t\t\t\t\t\t\t<span class=\"elementor-button-text\">Saber m\u00e9s<\/span>\n\t\t\t\t\t<\/span>\n\t\t\t\t\t<\/a>\n\t\t\t\t<\/div>\n\t\t\t\t\t\t\t\t<\/div>\n\t\t\t\t<\/div>\n\t\t\t\t\t<\/div>\n\t\t<\/div>\n\t\t\t\t\t<\/div>\n\t\t<\/section>\n\t\t\t\t<\/div>\n\t\t","protected":false},"excerpt":{"rendered":"<p>Torres De l&#8217;Horta Torre Salafranca Transitant pel Cam\u00ed del Seren\u00ed ens trobem amb la torre Salafranca. Aquesta noble construcci\u00f3, erigida en el segle XVI, formava part del sistema de torres que proporcionaven vigil\u00e0ncia i salvaguarda als habitants d&#8217;aquest enclavament a la fi del Renaixement i tota l&#8217;Edat Moderna, \u00e8poca en la qual el Camp d\u2019Alacant [&hellip;]<\/p>\n","protected":false},"author":1,"featured_media":0,"parent":0,"menu_order":0,"comment_status":"closed","ping_status":"closed","template":"","meta":{"footnotes":""},"class_list":["post-7453","page","type-page","status-publish","hentry"],"_links":{"self":[{"href":"https:\/\/turismosantjoan.es\/ca\/wp-json\/wp\/v2\/pages\/7453","targetHints":{"allow":["GET"]}}],"collection":[{"href":"https:\/\/turismosantjoan.es\/ca\/wp-json\/wp\/v2\/pages"}],"about":[{"href":"https:\/\/turismosantjoan.es\/ca\/wp-json\/wp\/v2\/types\/page"}],"author":[{"embeddable":true,"href":"https:\/\/turismosantjoan.es\/ca\/wp-json\/wp\/v2\/users\/1"}],"replies":[{"embeddable":true,"href":"https:\/\/turismosantjoan.es\/ca\/wp-json\/wp\/v2\/comments?post=7453"}],"version-history":[{"count":0,"href":"https:\/\/turismosantjoan.es\/ca\/wp-json\/wp\/v2\/pages\/7453\/revisions"}],"wp:attachment":[{"href":"https:\/\/turismosantjoan.es\/ca\/wp-json\/wp\/v2\/media?parent=7453"}],"curies":[{"name":"wp","href":"https:\/\/api.w.org\/{rel}","templated":true}]}}