{"id":7459,"date":"2023-07-25T09:35:20","date_gmt":"2023-07-25T07:35:20","guid":{"rendered":"https:\/\/turismo-sj.developersasapglobalsolution.com\/vila-marco\/"},"modified":"2023-09-20T09:07:14","modified_gmt":"2023-09-20T09:07:14","slug":"vila-marco","status":"publish","type":"page","link":"https:\/\/turismosantjoan.es\/ca\/vila-marco\/","title":{"rendered":"Vila Marco"},"content":{"rendered":"\t\t<div data-elementor-type=\"wp-page\" data-elementor-id=\"7459\" class=\"elementor elementor-7459\" data-elementor-post-type=\"page\">\n\t\t\t\t\t\t<section class=\"elementor-section elementor-top-section elementor-element elementor-element-24d537ca elementor-section-boxed elementor-section-height-default elementor-section-height-default\" data-id=\"24d537ca\" data-element_type=\"section\" data-e-type=\"section\" data-settings=\"{&quot;shape_divider_top&quot;:&quot;mountains&quot;,&quot;background_background&quot;:&quot;classic&quot;}\">\n\t\t\t\t\t<div class=\"elementor-shape elementor-shape-top\" aria-hidden=\"true\" data-negative=\"false\">\n\t\t\t<svg xmlns=\"http:\/\/www.w3.org\/2000\/svg\" viewBox=\"0 0 1000 100\" preserveAspectRatio=\"none\">\n\t<path class=\"elementor-shape-fill\" opacity=\"0.33\" d=\"M473,67.3c-203.9,88.3-263.1-34-320.3,0C66,119.1,0,59.7,0,59.7V0h1000v59.7 c0,0-62.1,26.1-94.9,29.3c-32.8,3.3-62.8-12.3-75.8-22.1C806,49.6,745.3,8.7,694.9,4.7S492.4,59,473,67.3z\"\/>\n\t<path class=\"elementor-shape-fill\" opacity=\"0.66\" d=\"M734,67.3c-45.5,0-77.2-23.2-129.1-39.1c-28.6-8.7-150.3-10.1-254,39.1 s-91.7-34.4-149.2,0C115.7,118.3,0,39.8,0,39.8V0h1000v36.5c0,0-28.2-18.5-92.1-18.5C810.2,18.1,775.7,67.3,734,67.3z\"\/>\n\t<path class=\"elementor-shape-fill\" d=\"M766.1,28.9c-200-57.5-266,65.5-395.1,19.5C242,1.8,242,5.4,184.8,20.6C128,35.8,132.3,44.9,89.9,52.5C28.6,63.7,0,0,0,0 h1000c0,0-9.9,40.9-83.6,48.1S829.6,47,766.1,28.9z\"\/>\n<\/svg>\t\t<\/div>\n\t\t\t\t\t<div class=\"elementor-container elementor-column-gap-no\">\n\t\t\t\t\t<div class=\"elementor-column elementor-col-100 elementor-top-column elementor-element elementor-element-33d81041\" data-id=\"33d81041\" data-element_type=\"column\" data-e-type=\"column\">\n\t\t\t<div class=\"elementor-widget-wrap elementor-element-populated\">\n\t\t\t\t\t\t<div class=\"elementor-element elementor-element-7a1c1920 elementor-widget elementor-widget-heading\" data-id=\"7a1c1920\" data-element_type=\"widget\" data-e-type=\"widget\" data-widget_type=\"heading.default\">\n\t\t\t\t<div class=\"elementor-widget-container\">\n\t\t\t\t\t<h1 class=\"elementor-heading-title elementor-size-xxl\">Vila Marco<\/h1>\t\t\t\t<\/div>\n\t\t\t\t<\/div>\n\t\t\t\t\t<\/div>\n\t\t<\/div>\n\t\t\t\t\t<\/div>\n\t\t<\/section>\n\t\t\t\t<section class=\"elementor-section elementor-top-section elementor-element elementor-element-34f0ab29 elementor-section-boxed elementor-section-height-default elementor-section-height-default\" data-id=\"34f0ab29\" data-element_type=\"section\" data-e-type=\"section\">\n\t\t\t\t\t\t<div class=\"elementor-container elementor-column-gap-default\">\n\t\t\t\t\t<div class=\"elementor-column elementor-col-100 elementor-top-column elementor-element elementor-element-319b58d9\" data-id=\"319b58d9\" data-element_type=\"column\" data-e-type=\"column\">\n\t\t\t<div class=\"elementor-widget-wrap elementor-element-populated\">\n\t\t\t\t\t\t<div class=\"elementor-element elementor-element-72e514c9 elementor-widget elementor-widget-google_maps\" data-id=\"72e514c9\" data-element_type=\"widget\" data-e-type=\"widget\" data-widget_type=\"google_maps.default\">\n\t\t\t\t<div class=\"elementor-widget-container\">\n\t\t\t\t\t\t\t<div class=\"elementor-custom-embed\">\n\t\t\t<iframe loading=\"lazy\"\n\t\t\t\t\tsrc=\"https:\/\/maps.google.com\/maps?q=Palau%20de%20Villamarco%2C%20Cam%C3%AD%20el%20de%20Marco%2C%2003560%20El%20Campello%2C%20Alicante%2C%20Espa%C3%B1a&#038;t=m&#038;z=15&#038;output=embed&#038;iwloc=near\"\n\t\t\t\t\ttitle=\"Palau de Villamarco, Cam\u00ed el de Marco, 03560 El Campello, Alicante, Espa\u00f1a\"\n\t\t\t\t\taria-label=\"Palau de Villamarco, Cam\u00ed el de Marco, 03560 El Campello, Alicante, Espa\u00f1a\"\n\t\t\t><\/iframe>\n\t\t<\/div>\n\t\t\t\t\t\t<\/div>\n\t\t\t\t<\/div>\n\t\t\t\t\t<\/div>\n\t\t<\/div>\n\t\t\t\t\t<\/div>\n\t\t<\/section>\n\t\t\t\t<section class=\"elementor-section elementor-top-section elementor-element elementor-element-40fddf4d elementor-section-boxed elementor-section-height-default elementor-section-height-default\" data-id=\"40fddf4d\" data-element_type=\"section\" data-e-type=\"section\">\n\t\t\t\t\t\t<div class=\"elementor-container elementor-column-gap-default\">\n\t\t\t\t\t<div class=\"elementor-column elementor-col-100 elementor-top-column elementor-element elementor-element-3e484c8b\" data-id=\"3e484c8b\" data-element_type=\"column\" data-e-type=\"column\">\n\t\t\t<div class=\"elementor-widget-wrap elementor-element-populated\">\n\t\t\t\t\t\t<div class=\"elementor-element elementor-element-49ea4627 elementor-widget elementor-widget-text-editor\" data-id=\"49ea4627\" data-element_type=\"widget\" data-e-type=\"widget\" data-widget_type=\"text-editor.default\">\n\t\t\t\t<div class=\"elementor-widget-container\">\n\t\t\t\t\t\t\t\t\t<p align=\"JUSTIFY\"><a href=\"https:\/\/dialnet.unirioja.es\/servlet\/autor?codigo=98946\">L&#8217;edifici<\/a> d&#8217;aquesta finca t\u00e9 dues plantes i est\u00e0 rematat per un cos de dimensions menors que redueixen el seu sentit piramidal. En l&#8217;actualitat, aquesta resid\u00e8ncia es troba molt modificada i apuntalada.<\/p><p align=\"JUSTIFY\">De <a href=\"http:\/\/rua.ua.es\/dspace\/handle\/10045\/66648\">aquesta finca<\/a> \u00abdestaca la fa\u00e7ana sud-oest gr\u00e0cies a un mirador envidrat que es troba rematat per un front\u00f3 triangular que reflecteix la soluci\u00f3 de dos aiguavessos de la coberta. La fa\u00e7ana que dona al migdia, t\u00e9 un p\u00f2rtic que est\u00e0 recentment restaurat i una torre amb finestres apariades amb un prim trencallums\u00bb.<\/p>\t\t\t\t\t\t\t\t<\/div>\n\t\t\t\t<\/div>\n\t\t\t\t<div class=\"elementor-element elementor-element-43365a2 elementor-widget elementor-widget-image\" data-id=\"43365a2\" data-element_type=\"widget\" data-e-type=\"widget\" data-widget_type=\"image.default\">\n\t\t\t\t<div class=\"elementor-widget-container\">\n\t\t\t\t\t\t\t\t\t\t\t\t\t\t\t<img fetchpriority=\"high\" decoding=\"async\" width=\"768\" height=\"512\" src=\"https:\/\/turismosantjoan.es\/wp-content\/uploads\/2023\/07\/Villa-Marco-1-1200x800-1-768x512.gif\" class=\"attachment-medium_large size-medium_large wp-image-3546\" alt=\"\" srcset=\"https:\/\/turismosantjoan.es\/wp-content\/uploads\/2023\/07\/Villa-Marco-1-1200x800-1-768x512.gif 768w, https:\/\/turismosantjoan.es\/wp-content\/uploads\/2023\/07\/Villa-Marco-1-1200x800-1-300x200.gif 300w, https:\/\/turismosantjoan.es\/wp-content\/uploads\/2023\/07\/Villa-Marco-1-1200x800-1-1024x683.gif 1024w\" sizes=\"(max-width: 768px) 100vw, 768px\" \/>\t\t\t\t\t\t\t\t\t\t\t\t\t\t\t<\/div>\n\t\t\t\t<\/div>\n\t\t\t\t<div class=\"elementor-element elementor-element-7dd7ce6 elementor-widget elementor-widget-text-editor\" data-id=\"7dd7ce6\" data-element_type=\"widget\" data-e-type=\"widget\" data-widget_type=\"text-editor.default\">\n\t\t\t\t<div class=\"elementor-widget-container\">\n\t\t\t\t\t\t\t\t\t<p><em>L&#8217;Umbrade<\/em> \u00e9s un passad\u00eds cobert de vegetaci\u00f3, compost per un immens jazminero (El Campello)<\/p>\t\t\t\t\t\t\t\t<\/div>\n\t\t\t\t<\/div>\n\t\t\t\t<div class=\"elementor-element elementor-element-d81fdd7 elementor-widget elementor-widget-text-editor\" data-id=\"d81fdd7\" data-element_type=\"widget\" data-e-type=\"widget\" data-widget_type=\"text-editor.default\">\n\t\t\t\t<div class=\"elementor-widget-container\">\n\t\t\t\t\t\t\t\t\t<div class=\"wpb_text_column wpb_content_element \"><div class=\"wpb_wrapper\"><p align=\"JUSTIFY\">A m\u00e9s, trobem elements propis del modernisme com l&#8217;\u00fas d&#8217;azulejer\u00eda, ferro forjat en l&#8217;esmentada balustrada i les m\u00e8nsules sota cornises.<\/p><p align=\"JUSTIFY\">El jard\u00ed rehabilitat denominat jard\u00ed hist\u00f2ric d&#8217;estil franc\u00e9s ens acosta al <em><strong>\u2018Umbrade\u2019<\/strong><\/em>, un passad\u00eds cobert per un immens jazminero que ens endinsa al jard\u00ed mediterrani i a una gran pineda. En la part posterior de l&#8217;habitatge, trobem el jard\u00ed musulm\u00e0 utilitzat com a horta origin\u00e0riament i que actualment est\u00e0 plantat amb palmeres, tanques i arbres fruiters que protegeixen del sol el cultiu de verdures, hortalisses i plantes arom\u00e0tiques, regades pel sistema d&#8217;inundaci\u00f3 a trav\u00e9s de diverses canalitzacions. Ac\u00ed podem observar un pou recobert per estalactites de les Cuevas de Canelobre. En aquest espai verd destaca la capella d&#8217;estil neog\u00f2tic i les dues escultures de l&#8217;alacant\u00ed <a href=\"https:\/\/web.ua.es\/es\/actualidad-universitaria\/2016\/noviembre16\/14-20\/homenaje-al-escultor-alicantino-vicente-banuls-en-la-sede-universitaria-ciudad-de-alicante.html\"><strong>Sr. Vicente Ba\u00f1uls<\/strong><\/a>: <strong><em>\u2018La nit\u2019<\/em><\/strong> que es pot apreciar des de la porta d&#8217;acc\u00e9s a la finca i <strong><em>\u2018La Marsellesa\u2019<\/em><\/strong> que porta com a lema \u2018Le Jour de Glorie est arrive\u2019.<\/p><p align=\"JUSTIFY\">Sobre els seus propietaris, es coneix que la fam\u00edlia Marco embene la finca a l&#8217;advocat i empresari <a href=\"http:\/\/rua.ua.es\/dspace\/handle\/10045\/3528\"><strong>Sr. Juan Maisonnave i Cuyatar<\/strong><\/a>. Posteriorment va passar a les mans de l&#8217;advocat alacant\u00ed Sr. Juan Poveda Garc\u00eda, amb resid\u00e8ncia al Carrer Llauradors. Era posse\u00efdor de tres mines a Mutxamel, dues de ferro i una d&#8217;aigua.<\/p><p align=\"JUSTIFY\">Cap a 1915 \u00e9s venuda al <strong>Sr. Te\u00f3filo Renato Bardin Delille<\/strong>, amo de la <a href=\"http:\/\/www.diputacionalicante.es\/es\/IAC_Gil_Albert\/Instituto\/Paginas\/Casa-Bardin.aspx\">casa Bardin<\/a>, c\u00f2nsol honorari de Fran\u00e7a, seria ell qui crearia el jard\u00ed d&#8217;inspiraci\u00f3 versallesca que ha perdurat amb diverses modificacions fins als nostres dies.<\/p><p align=\"JUSTIFY\">En 1950 \u00e9s comprada pel notari Sr. Juli\u00e1n Pe\u00f1alver a la fam\u00edlia Bardin. Posteriorment, cap a 1967 ser\u00e0 adquirida per Sr. Miguel Ranz Iglesias, propietari de l&#8217;Hotel Babieca.<\/p><\/div><\/div>\t\t\t\t\t\t\t\t<\/div>\n\t\t\t\t<\/div>\n\t\t\t\t<div class=\"elementor-element elementor-element-4e16e8c elementor-arrows-position-inside elementor-pagination-position-outside elementor-widget elementor-widget-image-carousel\" data-id=\"4e16e8c\" data-element_type=\"widget\" data-e-type=\"widget\" data-settings=\"{&quot;slides_to_show&quot;:&quot;1&quot;,&quot;navigation&quot;:&quot;both&quot;,&quot;autoplay&quot;:&quot;yes&quot;,&quot;pause_on_hover&quot;:&quot;yes&quot;,&quot;pause_on_interaction&quot;:&quot;yes&quot;,&quot;autoplay_speed&quot;:5000,&quot;infinite&quot;:&quot;yes&quot;,&quot;effect&quot;:&quot;slide&quot;,&quot;speed&quot;:500}\" data-widget_type=\"image-carousel.default\">\n\t\t\t\t<div class=\"elementor-widget-container\">\n\t\t\t\t\t\t\t<div class=\"elementor-image-carousel-wrapper swiper\" role=\"region\" aria-roledescription=\"carousel\" aria-label=\"Image Carousel\" dir=\"ltr\">\n\t\t\t<div class=\"elementor-image-carousel swiper-wrapper\" aria-live=\"off\">\n\t\t\t\t\t\t\t\t<div class=\"swiper-slide\" role=\"group\" aria-roledescription=\"slide\" aria-label=\"1 of 11\"><figure class=\"swiper-slide-inner\"><img decoding=\"async\" class=\"swiper-slide-image\" src=\"https:\/\/turismosantjoan.es\/wp-content\/uploads\/2023\/07\/villa-marco-2-1024x683.gif\" alt=\"villa marco 2\" \/><\/figure><\/div><div class=\"swiper-slide\" role=\"group\" aria-roledescription=\"slide\" aria-label=\"2 of 11\"><figure class=\"swiper-slide-inner\"><img decoding=\"async\" class=\"swiper-slide-image\" src=\"https:\/\/turismosantjoan.es\/wp-content\/uploads\/2023\/07\/villa-marco-1-1024x683.gif\" alt=\"villa-marco 1\" \/><\/figure><\/div><div class=\"swiper-slide\" role=\"group\" aria-roledescription=\"slide\" aria-label=\"3 of 11\"><figure class=\"swiper-slide-inner\"><img decoding=\"async\" class=\"swiper-slide-image\" src=\"https:\/\/turismosantjoan.es\/wp-content\/uploads\/2023\/07\/Villa-Marco-3-1024x683.gif\" alt=\"Villa-Marco-3\" \/><\/figure><\/div><div class=\"swiper-slide\" role=\"group\" aria-roledescription=\"slide\" aria-label=\"4 of 11\"><figure class=\"swiper-slide-inner\"><img decoding=\"async\" class=\"swiper-slide-image\" src=\"https:\/\/turismosantjoan.es\/wp-content\/uploads\/2023\/07\/Villa-Marco-4-1024x683.gif\" alt=\"Villa-Marco-4\" \/><\/figure><\/div><div class=\"swiper-slide\" role=\"group\" aria-roledescription=\"slide\" aria-label=\"5 of 11\"><figure class=\"swiper-slide-inner\"><img decoding=\"async\" class=\"swiper-slide-image\" src=\"https:\/\/turismosantjoan.es\/wp-content\/uploads\/2023\/07\/Villa-Marco-5-1024x683.gif\" alt=\"Villa-Marco-5\" \/><\/figure><\/div><div class=\"swiper-slide\" role=\"group\" aria-roledescription=\"slide\" aria-label=\"6 of 11\"><figure class=\"swiper-slide-inner\"><img decoding=\"async\" class=\"swiper-slide-image\" src=\"https:\/\/turismosantjoan.es\/wp-content\/uploads\/2023\/07\/Villa-Marco-6-1024x683.gif\" alt=\"Villa-Marco-6\" \/><\/figure><\/div><div class=\"swiper-slide\" role=\"group\" aria-roledescription=\"slide\" aria-label=\"7 of 11\"><figure class=\"swiper-slide-inner\"><img decoding=\"async\" class=\"swiper-slide-image\" src=\"https:\/\/turismosantjoan.es\/wp-content\/uploads\/2023\/07\/Villa-Marco-7-1024x683.gif\" alt=\"Villa-Marco-7\" \/><\/figure><\/div><div class=\"swiper-slide\" role=\"group\" aria-roledescription=\"slide\" aria-label=\"8 of 11\"><figure class=\"swiper-slide-inner\"><img decoding=\"async\" class=\"swiper-slide-image\" src=\"https:\/\/turismosantjoan.es\/wp-content\/uploads\/2023\/07\/Villa-Marco-8-1024x683.gif\" alt=\"Villa-Marco-8\" \/><\/figure><\/div><div class=\"swiper-slide\" role=\"group\" aria-roledescription=\"slide\" aria-label=\"9 of 11\"><figure class=\"swiper-slide-inner\"><img decoding=\"async\" class=\"swiper-slide-image\" src=\"https:\/\/turismosantjoan.es\/wp-content\/uploads\/2023\/07\/Villa-Marco-9-1024x683.gif\" alt=\"Villa-Marco-9\" \/><\/figure><\/div><div class=\"swiper-slide\" role=\"group\" aria-roledescription=\"slide\" aria-label=\"10 of 11\"><figure class=\"swiper-slide-inner\"><img decoding=\"async\" class=\"swiper-slide-image\" src=\"https:\/\/turismosantjoan.es\/wp-content\/uploads\/2023\/07\/Villa-Marco-10-1024x683.gif\" alt=\"Villa-Marco-10\" \/><\/figure><\/div><div class=\"swiper-slide\" role=\"group\" aria-roledescription=\"slide\" aria-label=\"11 of 11\"><figure class=\"swiper-slide-inner\"><img decoding=\"async\" class=\"swiper-slide-image\" src=\"https:\/\/turismosantjoan.es\/wp-content\/uploads\/2023\/07\/Villa-Marco-11-1024x683.gif\" alt=\"Villa-Marco-11\" \/><\/figure><\/div>\t\t\t<\/div>\n\t\t\t\t\t\t\t\t\t\t\t\t<div class=\"elementor-swiper-button elementor-swiper-button-prev\" role=\"button\" tabindex=\"0\">\n\t\t\t\t\t\t<i aria-hidden=\"true\" class=\"eicon-chevron-left\"><\/i>\t\t\t\t\t<\/div>\n\t\t\t\t\t<div class=\"elementor-swiper-button elementor-swiper-button-next\" role=\"button\" tabindex=\"0\">\n\t\t\t\t\t\t<i aria-hidden=\"true\" class=\"eicon-chevron-right\"><\/i>\t\t\t\t\t<\/div>\n\t\t\t\t\n\t\t\t\t\t\t\t\t\t<div class=\"swiper-pagination\"><\/div>\n\t\t\t\t\t\t\t\t\t<\/div>\n\t\t\t\t\t\t<\/div>\n\t\t\t\t<\/div>\n\t\t\t\t<div class=\"elementor-element elementor-element-0d3be22 elementor-widget elementor-widget-text-editor\" data-id=\"0d3be22\" data-element_type=\"widget\" data-e-type=\"widget\" data-widget_type=\"text-editor.default\">\n\t\t\t\t<div class=\"elementor-widget-container\">\n\t\t\t\t\t\t\t\t\t<p><strong>Sabies que\u2026?<\/strong><\/p>\t\t\t\t\t\t\t\t<\/div>\n\t\t\t\t<\/div>\n\t\t\t\t<div class=\"elementor-element elementor-element-e2709c5 elementor-widget elementor-widget-text-editor\" data-id=\"e2709c5\" data-element_type=\"widget\" data-e-type=\"widget\" data-widget_type=\"text-editor.default\">\n\t\t\t\t<div class=\"elementor-widget-container\">\n\t\t\t\t\t\t\t\t\t<p><a href=\"http:\/\/pcoloma-blogcoloma.blogspot.com.es\/2015\/03\/fanny-maisonnave-de-la-cuadra-1890-1926.html\"><strong>Sr. Juan Maisonnave i Cuyatar (1843-1923)<\/strong> <\/a>\u00e9s, \u00abdels tres germans <a href=\"http:\/\/rua.ua.es\/dspace\/handle\/10045\/41345\">homes Maisonnave Cutayar<\/a>, el que amb major \u00e8mfasi es va dedicar a fer fructificar les extenses vinyes familiars\u00bb que posse\u00efa el seu pare el franc\u00e9s <strong>Sr. Jaime Maisonnave<\/strong>, el primer membre de la fam\u00edlia que arriba a Alacant en la d\u00e8cada de 1780. El seu pare i mare, l&#8217;alacantina <strong>Sra. Leonor Cuyatar<\/strong>, eren posse\u00efdors de grans propietats vitivin\u00edcoles i hort\u00edcoles repartides per l&#8217;Horta alacantina, fins i tot tenint resid\u00e8ncia a Par\u00eds.<\/p><p align=\"JUSTIFY\">Sr. Juan Maisonnave \u00abva casar, en primeres n\u00fapcies, amb <strong>Sra. Rafaela O\u2019Gorman<\/strong> i, despr\u00e9s d&#8217;enviduar, amb la neboda d&#8217;aquella, <strong>Sra. \u00c1ngela O\u2019Connor White<\/strong>. No va tindre fills de cap de les seues dues esposes\u00bb.<\/p><p align=\"JUSTIFY\">Sr. Juan Maisonnave residia a Madrid i quan venia a Alacant repartia la seua estada entre la <a href=\"http:\/\/docplayer.es\/6218434-Archivo-municipal-de-alicante-historia-de-una-rehabilitacion-en-el-alicante-contemporaneo.html\">carrer de Llauradors<\/a>, hui <strong>Arxiu Municipal d&#8217;Alacant<\/strong>, i la finca O\u2019Gorman de Fabraquer, finca del seu sogre <strong>Sr. Guillermo O\u2019Gorman<\/strong>, on estava el celler en qu\u00e8 elaborava els vins de les seues vinyes de les diferents finques que posse\u00efa en l&#8217;Horta. En 1936 la seua esposa Sra. \u00c1ngela, v\u00eddua i en ple comen\u00e7ament de la contesa, deixa Alacant i marxa a viure a les propietats que tenia a Benicarl\u00f3, Castell\u00f3.<\/p><p align=\"JUSTIFY\">Sr. Juan Maisonnave va fundar la Cambra Agr\u00edcola d&#8217;Alacant. Va ser president de la <a href=\"http:\/\/rua.ua.es\/dspace\/handle\/10045\/3528\"><strong>Societat Espanya Vit\u00edcola i Enol\u00f2gica<\/strong><\/a>, president honorari de la <strong>Societat Espanya Vit\u00edcola i Enol\u00f2gica<\/strong>, president honorari de la <strong>Societat de Toneleros d&#8217;Alacant<\/strong> i representant de la prov\u00edncia alacantina en el <strong>Congr\u00e9s Filox\u00e9rico de 1878<\/strong> a Madrid.<\/p>\t\t\t\t\t\t\t\t<\/div>\n\t\t\t\t<\/div>\n\t\t\t\t<section class=\"elementor-section elementor-inner-section elementor-element elementor-element-504c140 elementor-section-boxed elementor-section-height-default elementor-section-height-default\" data-id=\"504c140\" data-element_type=\"section\" data-e-type=\"section\">\n\t\t\t\t\t\t<div class=\"elementor-container elementor-column-gap-default\">\n\t\t\t\t\t<div class=\"elementor-column elementor-col-50 elementor-inner-column elementor-element elementor-element-f4f3109\" data-id=\"f4f3109\" data-element_type=\"column\" data-e-type=\"column\">\n\t\t\t<div class=\"elementor-widget-wrap elementor-element-populated\">\n\t\t\t\t\t\t<div class=\"elementor-element elementor-element-ba0e521 elementor-widget elementor-widget-image\" data-id=\"ba0e521\" data-element_type=\"widget\" data-e-type=\"widget\" data-widget_type=\"image.default\">\n\t\t\t\t<div class=\"elementor-widget-container\">\n\t\t\t\t\t\t\t\t\t\t\t\t\t\t\t<img decoding=\"async\" width=\"800\" height=\"534\" src=\"https:\/\/turismosantjoan.es\/wp-content\/uploads\/2023\/07\/villa-marco--1024x683.jpeg\" class=\"attachment-large size-large wp-image-3582\" alt=\"\" srcset=\"https:\/\/turismosantjoan.es\/wp-content\/uploads\/2023\/07\/villa-marco--1024x683.jpeg 1024w, https:\/\/turismosantjoan.es\/wp-content\/uploads\/2023\/07\/villa-marco--300x200.jpeg 300w, https:\/\/turismosantjoan.es\/wp-content\/uploads\/2023\/07\/villa-marco--768x512.jpeg 768w, https:\/\/turismosantjoan.es\/wp-content\/uploads\/2023\/07\/villa-marco-.jpeg 1200w\" sizes=\"(max-width: 800px) 100vw, 800px\" \/>\t\t\t\t\t\t\t\t\t\t\t\t\t\t\t<\/div>\n\t\t\t\t<\/div>\n\t\t\t\t<div class=\"elementor-element elementor-element-0dd08a9 elementor-widget elementor-widget-text-editor\" data-id=\"0dd08a9\" data-element_type=\"widget\" data-e-type=\"widget\" data-widget_type=\"text-editor.default\">\n\t\t\t\t<div class=\"elementor-widget-container\">\n\t\t\t\t\t\t\t\t\t<p>Carrer Llauradors (Alacant)<\/p>\t\t\t\t\t\t\t\t<\/div>\n\t\t\t\t<\/div>\n\t\t\t\t\t<\/div>\n\t\t<\/div>\n\t\t\t\t<div class=\"elementor-column elementor-col-50 elementor-inner-column elementor-element elementor-element-060de63\" data-id=\"060de63\" data-element_type=\"column\" data-e-type=\"column\">\n\t\t\t<div class=\"elementor-widget-wrap elementor-element-populated\">\n\t\t\t\t\t\t<div class=\"elementor-element elementor-element-72196e1 elementor-widget elementor-widget-image\" data-id=\"72196e1\" data-element_type=\"widget\" data-e-type=\"widget\" data-widget_type=\"image.default\">\n\t\t\t\t<div class=\"elementor-widget-container\">\n\t\t\t\t\t\t\t\t\t\t\t\t\t\t\t<img decoding=\"async\" width=\"800\" height=\"668\" src=\"https:\/\/turismosantjoan.es\/wp-content\/uploads\/2023\/07\/villa-marco.jpeg\" class=\"attachment-large size-large wp-image-3585\" alt=\"\" srcset=\"https:\/\/turismosantjoan.es\/wp-content\/uploads\/2023\/07\/villa-marco.jpeg 1024w, https:\/\/turismosantjoan.es\/wp-content\/uploads\/2023\/07\/villa-marco-300x250.jpeg 300w, https:\/\/turismosantjoan.es\/wp-content\/uploads\/2023\/07\/villa-marco-768x641.jpeg 768w\" sizes=\"(max-width: 800px) 100vw, 800px\" \/>\t\t\t\t\t\t\t\t\t\t\t\t\t\t\t<\/div>\n\t\t\t\t<\/div>\n\t\t\t\t\t<\/div>\n\t\t<\/div>\n\t\t\t\t\t<\/div>\n\t\t<\/section>\n\t\t\t\t\t<\/div>\n\t\t<\/div>\n\t\t\t\t\t<\/div>\n\t\t<\/section>\n\t\t\t\t<\/div>\n\t\t","protected":false},"excerpt":{"rendered":"<p>Vila Marco L&#8217;edifici d&#8217;aquesta finca t\u00e9 dues plantes i est\u00e0 rematat per un cos de dimensions menors que redueixen el seu sentit piramidal. En l&#8217;actualitat, aquesta resid\u00e8ncia es troba molt modificada i apuntalada. De aquesta finca \u00abdestaca la fa\u00e7ana sud-oest gr\u00e0cies a un mirador envidrat que es troba rematat per un front\u00f3 triangular que reflecteix [&hellip;]<\/p>\n","protected":false},"author":1,"featured_media":0,"parent":0,"menu_order":0,"comment_status":"closed","ping_status":"closed","template":"","meta":{"footnotes":""},"class_list":["post-7459","page","type-page","status-publish","hentry"],"_links":{"self":[{"href":"https:\/\/turismosantjoan.es\/ca\/wp-json\/wp\/v2\/pages\/7459","targetHints":{"allow":["GET"]}}],"collection":[{"href":"https:\/\/turismosantjoan.es\/ca\/wp-json\/wp\/v2\/pages"}],"about":[{"href":"https:\/\/turismosantjoan.es\/ca\/wp-json\/wp\/v2\/types\/page"}],"author":[{"embeddable":true,"href":"https:\/\/turismosantjoan.es\/ca\/wp-json\/wp\/v2\/users\/1"}],"replies":[{"embeddable":true,"href":"https:\/\/turismosantjoan.es\/ca\/wp-json\/wp\/v2\/comments?post=7459"}],"version-history":[{"count":0,"href":"https:\/\/turismosantjoan.es\/ca\/wp-json\/wp\/v2\/pages\/7459\/revisions"}],"wp:attachment":[{"href":"https:\/\/turismosantjoan.es\/ca\/wp-json\/wp\/v2\/media?parent=7459"}],"curies":[{"name":"wp","href":"https:\/\/api.w.org\/{rel}","templated":true}]}}