{"id":7471,"date":"2023-07-25T07:55:03","date_gmt":"2023-07-25T07:55:03","guid":{"rendered":"https:\/\/turismo-sj.developersasapglobalsolution.com\/mosen-saez-house\/"},"modified":"2023-09-20T20:10:40","modified_gmt":"2023-09-20T20:10:40","slug":"mosen-saez-house","status":"publish","type":"page","link":"https:\/\/turismosantjoan.es\/en\/mosen-saez-house\/","title":{"rendered":"Mos\u00e9n S\u00e1ez House"},"content":{"rendered":"\t\t<div data-elementor-type=\"wp-page\" data-elementor-id=\"7471\" class=\"elementor elementor-7471 elementor-3272\" data-elementor-post-type=\"page\">\n\t\t\t\t\t\t<section class=\"elementor-section elementor-top-section elementor-element elementor-element-f53bb24 elementor-section-boxed elementor-section-height-default elementor-section-height-default\" data-id=\"f53bb24\" data-element_type=\"section\" data-e-type=\"section\" data-settings=\"{&quot;shape_divider_top&quot;:&quot;mountains&quot;,&quot;background_background&quot;:&quot;classic&quot;}\">\n\t\t\t\t\t<div class=\"elementor-shape elementor-shape-top\" aria-hidden=\"true\" data-negative=\"false\">\n\t\t\t<svg xmlns=\"http:\/\/www.w3.org\/2000\/svg\" viewBox=\"0 0 1000 100\" preserveAspectRatio=\"none\">\n\t<path class=\"elementor-shape-fill\" opacity=\"0.33\" d=\"M473,67.3c-203.9,88.3-263.1-34-320.3,0C66,119.1,0,59.7,0,59.7V0h1000v59.7 c0,0-62.1,26.1-94.9,29.3c-32.8,3.3-62.8-12.3-75.8-22.1C806,49.6,745.3,8.7,694.9,4.7S492.4,59,473,67.3z\"\/>\n\t<path class=\"elementor-shape-fill\" opacity=\"0.66\" d=\"M734,67.3c-45.5,0-77.2-23.2-129.1-39.1c-28.6-8.7-150.3-10.1-254,39.1 s-91.7-34.4-149.2,0C115.7,118.3,0,39.8,0,39.8V0h1000v36.5c0,0-28.2-18.5-92.1-18.5C810.2,18.1,775.7,67.3,734,67.3z\"\/>\n\t<path class=\"elementor-shape-fill\" d=\"M766.1,28.9c-200-57.5-266,65.5-395.1,19.5C242,1.8,242,5.4,184.8,20.6C128,35.8,132.3,44.9,89.9,52.5C28.6,63.7,0,0,0,0 h1000c0,0-9.9,40.9-83.6,48.1S829.6,47,766.1,28.9z\"\/>\n<\/svg>\t\t<\/div>\n\t\t\t\t\t<div class=\"elementor-container elementor-column-gap-no\">\n\t\t\t\t\t<div class=\"elementor-column elementor-col-100 elementor-top-column elementor-element elementor-element-4be0887\" data-id=\"4be0887\" data-element_type=\"column\" data-e-type=\"column\">\n\t\t\t<div class=\"elementor-widget-wrap elementor-element-populated\">\n\t\t\t\t\t\t<div class=\"elementor-element elementor-element-301f0c9 elementor-widget elementor-widget-heading\" data-id=\"301f0c9\" data-element_type=\"widget\" data-e-type=\"widget\" data-widget_type=\"heading.default\">\n\t\t\t\t<div class=\"elementor-widget-container\">\n\t\t\t\t\t<h1 class=\"elementor-heading-title elementor-size-xxl\">Mos\u00e9n S\u00e1ez House<\/h1>\t\t\t\t<\/div>\n\t\t\t\t<\/div>\n\t\t\t\t\t<\/div>\n\t\t<\/div>\n\t\t\t\t\t<\/div>\n\t\t<\/section>\n\t\t\t\t<section class=\"elementor-section elementor-top-section elementor-element elementor-element-cc92391 elementor-section-boxed elementor-section-height-default elementor-section-height-default\" data-id=\"cc92391\" data-element_type=\"section\" data-e-type=\"section\">\n\t\t\t\t\t\t<div class=\"elementor-container elementor-column-gap-default\">\n\t\t\t\t\t<div class=\"elementor-column elementor-col-100 elementor-top-column elementor-element elementor-element-40354d0\" data-id=\"40354d0\" data-element_type=\"column\" data-e-type=\"column\">\n\t\t\t<div class=\"elementor-widget-wrap elementor-element-populated\">\n\t\t\t\t\t\t<div class=\"elementor-element elementor-element-582aa0d elementor-widget elementor-widget-google_maps\" data-id=\"582aa0d\" data-element_type=\"widget\" data-e-type=\"widget\" data-widget_type=\"google_maps.default\">\n\t\t\t\t<div class=\"elementor-widget-container\">\n\t\t\t\t\t\t\t<div class=\"elementor-custom-embed\">\n\t\t\t<iframe loading=\"lazy\"\n\t\t\t\t\tsrc=\"https:\/\/maps.google.com\/maps?q=38.398204%2C%20-0.422892&#038;t=m&#038;z=10&#038;output=embed&#038;iwloc=near\"\n\t\t\t\t\ttitle=\"38.398204, -0.422892\"\n\t\t\t\t\taria-label=\"38.398204, -0.422892\"\n\t\t\t><\/iframe>\n\t\t<\/div>\n\t\t\t\t\t\t<\/div>\n\t\t\t\t<\/div>\n\t\t\t\t\t<\/div>\n\t\t<\/div>\n\t\t\t\t\t<\/div>\n\t\t<\/section>\n\t\t\t\t<section class=\"elementor-section elementor-top-section elementor-element elementor-element-aa1c81c elementor-section-boxed elementor-section-height-default elementor-section-height-default\" data-id=\"aa1c81c\" data-element_type=\"section\" data-e-type=\"section\">\n\t\t\t\t\t\t<div class=\"elementor-container elementor-column-gap-default\">\n\t\t\t\t\t<div class=\"elementor-column elementor-col-100 elementor-top-column elementor-element elementor-element-969f7a8\" data-id=\"969f7a8\" data-element_type=\"column\" data-e-type=\"column\">\n\t\t\t<div class=\"elementor-widget-wrap elementor-element-populated\">\n\t\t\t\t\t\t<div class=\"elementor-element elementor-element-e20b231 elementor-widget elementor-widget-text-editor\" data-id=\"e20b231\" data-element_type=\"widget\" data-e-type=\"widget\" data-widget_type=\"text-editor.default\">\n\t\t\t\t<div class=\"elementor-widget-container\">\n\t\t\t\t\t\t\t\t\t<div class=\"wpb_text_column wpb_content_element \"><div class=\"wpb_wrapper\"><p align=\"JUSTIFY\">The <a href=\"https:\/\/www.turismosantjoan.es\/?page_id=99994527\"><strong>Cam\u00ed Reial de la Vila Joiosa on its way through Sant Joan<\/strong><\/a> is called Benimagrell sidewalk. The sidewalks are livestock roads declared public property. They are used by shepherds and ranchers to move the cattle, seeking their food and care. <a href=\"http:\/\/rua.ua.es\/dspace\/handle\/10045\/66648\">Mos\u00e9n S\u00e1ez House<\/a> is located in a mythical setting, between the <a href=\"https:\/\/www.turismosantjoan.es\/?page_id=99995405\">Caputxo estate<\/a> and the enclave of Quatre Camins. Four roads is the intersection of the sidewalk of Benimagrell and the road of the Campet. The route still crosses cultivated fields, for almost a kilometer we can forget the desolation to which the Camp d&#8217;Alacant has been reduced. In addition, the path is surrounded by numerous fences resolved with very imaginative solutions, in wood, stone, plastered cements, nuanced with bougainvillea that delights walkers. Road traffic is usually not very frequent so the ride, accompanied by the singing of birds, is a regenerative experience.<\/p><p align=\"JUSTIFY\">As far as the <a href=\"https:\/\/dialnet.unirioja.es\/servlet\/autor?codigo=98946\">Mos\u00e9n S\u00e1ez house<\/a> is concerned, the building has a rectangular plan. It is accessed from a spacious hall, divided into two bays by an arch that separates the house of the settler and the winery. It retains the traditional kitchen with a large bell and the staircase leading to the main floor, where the different bedrooms are located. The main facades have very differentiated treatments. While the elevation that overlooks the sidewalk has hardly any gaps, the front that opens at noon opens with several windows and a balcony on the upper floor. An important pinnacle softens the light on that fa\u00e7ade.<\/p><p align=\"JUSTIFY\">The vestibule has remarkable construction elements, such as the pavement formed by river stone edges, the fascia of the Tuscan arch, the front of the staircase or a well with a rim. Other outbuildings to highlight are a warehouse and the winery, a ship with a flat roof where a cup is still preserved inside, that is, the raft where the grapes were stepped on, and the dryer on the outside, of square type paved with ceramic bricks arranged in spike.<\/p><p align=\"JUSTIFY\">The antiquity of the construction and its attractive elements linked to the oenological imaginary, the agrarian fabric that still occupies a large area, together with the beauty of the road, make this stretch of the sidewalk of Benimagrell one of the landmarks of greater scenic interest of Sant Joan d&#8217;Alacant.<\/p><\/div><\/div>\t\t\t\t\t\t\t\t<\/div>\n\t\t\t\t<\/div>\n\t\t\t\t\t<\/div>\n\t\t<\/div>\n\t\t\t\t\t<\/div>\n\t\t<\/section>\n\t\t\t\t<\/div>\n\t\t","protected":false},"excerpt":{"rendered":"<p>Mos\u00e9n S\u00e1ez House The Cam\u00ed Reial de la Vila Joiosa on its way through Sant Joan is called Benimagrell sidewalk. The sidewalks are livestock roads declared public property. They are used by shepherds and ranchers to move the cattle, seeking their food and care. Mos\u00e9n S\u00e1ez House is located in a mythical setting, between the [&hellip;]<\/p>\n","protected":false},"author":1,"featured_media":0,"parent":0,"menu_order":0,"comment_status":"closed","ping_status":"closed","template":"","meta":{"footnotes":""},"class_list":["post-7471","page","type-page","status-publish","hentry"],"_links":{"self":[{"href":"https:\/\/turismosantjoan.es\/en\/wp-json\/wp\/v2\/pages\/7471","targetHints":{"allow":["GET"]}}],"collection":[{"href":"https:\/\/turismosantjoan.es\/en\/wp-json\/wp\/v2\/pages"}],"about":[{"href":"https:\/\/turismosantjoan.es\/en\/wp-json\/wp\/v2\/types\/page"}],"author":[{"embeddable":true,"href":"https:\/\/turismosantjoan.es\/en\/wp-json\/wp\/v2\/users\/1"}],"replies":[{"embeddable":true,"href":"https:\/\/turismosantjoan.es\/en\/wp-json\/wp\/v2\/comments?post=7471"}],"version-history":[{"count":0,"href":"https:\/\/turismosantjoan.es\/en\/wp-json\/wp\/v2\/pages\/7471\/revisions"}],"wp:attachment":[{"href":"https:\/\/turismosantjoan.es\/en\/wp-json\/wp\/v2\/media?parent=7471"}],"curies":[{"name":"wp","href":"https:\/\/api.w.org\/{rel}","templated":true}]}}