{"id":7501,"date":"2023-07-25T09:35:20","date_gmt":"2023-07-25T07:35:20","guid":{"rendered":"https:\/\/turismo-sj.developersasapglobalsolution.com\/villa-marco\/"},"modified":"2023-09-22T11:22:52","modified_gmt":"2023-09-22T11:22:52","slug":"villa-marco","status":"publish","type":"page","link":"https:\/\/turismosantjoan.es\/en\/villa-marco\/","title":{"rendered":"Villa Marco"},"content":{"rendered":"\t\t<div data-elementor-type=\"wp-page\" data-elementor-id=\"7501\" class=\"elementor elementor-7501\" data-elementor-post-type=\"page\">\n\t\t\t\t\t\t<section class=\"elementor-section elementor-top-section elementor-element elementor-element-24d537ca elementor-section-boxed elementor-section-height-default elementor-section-height-default\" data-id=\"24d537ca\" data-element_type=\"section\" data-e-type=\"section\" data-settings=\"{&quot;shape_divider_top&quot;:&quot;mountains&quot;,&quot;background_background&quot;:&quot;classic&quot;}\">\n\t\t\t\t\t<div class=\"elementor-shape elementor-shape-top\" aria-hidden=\"true\" data-negative=\"false\">\n\t\t\t<svg xmlns=\"http:\/\/www.w3.org\/2000\/svg\" viewBox=\"0 0 1000 100\" preserveAspectRatio=\"none\">\n\t<path class=\"elementor-shape-fill\" opacity=\"0.33\" d=\"M473,67.3c-203.9,88.3-263.1-34-320.3,0C66,119.1,0,59.7,0,59.7V0h1000v59.7 c0,0-62.1,26.1-94.9,29.3c-32.8,3.3-62.8-12.3-75.8-22.1C806,49.6,745.3,8.7,694.9,4.7S492.4,59,473,67.3z\"\/>\n\t<path class=\"elementor-shape-fill\" opacity=\"0.66\" d=\"M734,67.3c-45.5,0-77.2-23.2-129.1-39.1c-28.6-8.7-150.3-10.1-254,39.1 s-91.7-34.4-149.2,0C115.7,118.3,0,39.8,0,39.8V0h1000v36.5c0,0-28.2-18.5-92.1-18.5C810.2,18.1,775.7,67.3,734,67.3z\"\/>\n\t<path class=\"elementor-shape-fill\" d=\"M766.1,28.9c-200-57.5-266,65.5-395.1,19.5C242,1.8,242,5.4,184.8,20.6C128,35.8,132.3,44.9,89.9,52.5C28.6,63.7,0,0,0,0 h1000c0,0-9.9,40.9-83.6,48.1S829.6,47,766.1,28.9z\"\/>\n<\/svg>\t\t<\/div>\n\t\t\t\t\t<div class=\"elementor-container elementor-column-gap-no\">\n\t\t\t\t\t<div class=\"elementor-column elementor-col-100 elementor-top-column elementor-element elementor-element-33d81041\" data-id=\"33d81041\" data-element_type=\"column\" data-e-type=\"column\">\n\t\t\t<div class=\"elementor-widget-wrap elementor-element-populated\">\n\t\t\t\t\t\t<div class=\"elementor-element elementor-element-7a1c1920 elementor-widget elementor-widget-heading\" data-id=\"7a1c1920\" data-element_type=\"widget\" data-e-type=\"widget\" data-widget_type=\"heading.default\">\n\t\t\t\t<div class=\"elementor-widget-container\">\n\t\t\t\t\t<h1 class=\"elementor-heading-title elementor-size-xxl\">Villa Marco<\/h1>\t\t\t\t<\/div>\n\t\t\t\t<\/div>\n\t\t\t\t\t<\/div>\n\t\t<\/div>\n\t\t\t\t\t<\/div>\n\t\t<\/section>\n\t\t\t\t<section class=\"elementor-section elementor-top-section elementor-element elementor-element-34f0ab29 elementor-section-boxed elementor-section-height-default elementor-section-height-default\" data-id=\"34f0ab29\" data-element_type=\"section\" data-e-type=\"section\">\n\t\t\t\t\t\t<div class=\"elementor-container elementor-column-gap-default\">\n\t\t\t\t\t<div class=\"elementor-column elementor-col-100 elementor-top-column elementor-element elementor-element-319b58d9\" data-id=\"319b58d9\" data-element_type=\"column\" data-e-type=\"column\">\n\t\t\t<div class=\"elementor-widget-wrap elementor-element-populated\">\n\t\t\t\t\t\t<div class=\"elementor-element elementor-element-72e514c9 elementor-widget elementor-widget-google_maps\" data-id=\"72e514c9\" data-element_type=\"widget\" data-e-type=\"widget\" data-widget_type=\"google_maps.default\">\n\t\t\t\t<div class=\"elementor-widget-container\">\n\t\t\t\t\t\t\t<div class=\"elementor-custom-embed\">\n\t\t\t<iframe loading=\"lazy\"\n\t\t\t\t\tsrc=\"https:\/\/maps.google.com\/maps?q=Palau%20de%20Villamarco%2C%20Cam%C3%AD%20el%20de%20Marco%2C%2003560%20El%20Campello%2C%20Alicante%2C%20Espa%C3%B1a&#038;t=m&#038;z=15&#038;output=embed&#038;iwloc=near\"\n\t\t\t\t\ttitle=\"Palau de Villamarco, Cam\u00ed el de Marco, 03560 El Campello, Alicante, Espa\u00f1a\"\n\t\t\t\t\taria-label=\"Palau de Villamarco, Cam\u00ed el de Marco, 03560 El Campello, Alicante, Espa\u00f1a\"\n\t\t\t><\/iframe>\n\t\t<\/div>\n\t\t\t\t\t\t<\/div>\n\t\t\t\t<\/div>\n\t\t\t\t\t<\/div>\n\t\t<\/div>\n\t\t\t\t\t<\/div>\n\t\t<\/section>\n\t\t\t\t<section class=\"elementor-section elementor-top-section elementor-element elementor-element-40fddf4d elementor-section-boxed elementor-section-height-default elementor-section-height-default\" data-id=\"40fddf4d\" data-element_type=\"section\" data-e-type=\"section\">\n\t\t\t\t\t\t<div class=\"elementor-container elementor-column-gap-default\">\n\t\t\t\t\t<div class=\"elementor-column elementor-col-100 elementor-top-column elementor-element elementor-element-3e484c8b\" data-id=\"3e484c8b\" data-element_type=\"column\" data-e-type=\"column\">\n\t\t\t<div class=\"elementor-widget-wrap elementor-element-populated\">\n\t\t\t\t\t\t<div class=\"elementor-element elementor-element-49ea4627 elementor-widget elementor-widget-text-editor\" data-id=\"49ea4627\" data-element_type=\"widget\" data-e-type=\"widget\" data-widget_type=\"text-editor.default\">\n\t\t\t\t<div class=\"elementor-widget-container\">\n\t\t\t\t\t\t\t\t\t<p align=\"JUSTIFY\"><a href=\"https:\/\/dialnet.unirioja.es\/servlet\/autor?codigo=98946\">The building<\/a> on this estate has two storeys and is topped by a body of smaller dimensions that reduce its pyramidal shape. Today, this residence is heavily modified and shored up.<\/p><p align=\"JUSTIFY\">From <a href=\"http:\/\/rua.ua.es\/dspace\/handle\/10045\/66648\">this farm<\/a> &#8220;The south-west fa\u00e7ade stands out thanks to a glazed bay window topped by a triangular pediment that reflects the gabled roof. The south-west fa\u00e7ade has a recently restored portico and a tower with paired windows with a slender mullioned window&#8221;.<\/p>\t\t\t\t\t\t\t\t<\/div>\n\t\t\t\t<\/div>\n\t\t\t\t<div class=\"elementor-element elementor-element-43365a2 elementor-widget elementor-widget-image\" data-id=\"43365a2\" data-element_type=\"widget\" data-e-type=\"widget\" data-widget_type=\"image.default\">\n\t\t\t\t<div class=\"elementor-widget-container\">\n\t\t\t\t\t\t\t\t\t\t\t\t\t\t\t<img fetchpriority=\"high\" decoding=\"async\" width=\"768\" height=\"512\" src=\"https:\/\/turismosantjoan.es\/wp-content\/uploads\/2023\/07\/Villa-Marco-1-1200x800-1-768x512.gif\" class=\"attachment-medium_large size-medium_large wp-image-3547\" alt=\"\" srcset=\"https:\/\/turismosantjoan.es\/wp-content\/uploads\/2023\/07\/Villa-Marco-1-1200x800-1-768x512.gif 768w, https:\/\/turismosantjoan.es\/wp-content\/uploads\/2023\/07\/Villa-Marco-1-1200x800-1-300x200.gif 300w, https:\/\/turismosantjoan.es\/wp-content\/uploads\/2023\/07\/Villa-Marco-1-1200x800-1-1024x683.gif 1024w\" sizes=\"(max-width: 768px) 100vw, 768px\" \/>\t\t\t\t\t\t\t\t\t\t\t\t\t\t\t<\/div>\n\t\t\t\t<\/div>\n\t\t\t\t<div class=\"elementor-element elementor-element-7dd7ce6 elementor-widget elementor-widget-text-editor\" data-id=\"7dd7ce6\" data-element_type=\"widget\" data-e-type=\"widget\" data-widget_type=\"text-editor.default\">\n\t\t\t\t<div class=\"elementor-widget-container\">\n\t\t\t\t\t\t\t\t\t<p>The <em>Umbrade<\/em> is a passageway covered with vegetation, consisting of a huge jasmine tree (El Campello).<\/p>\t\t\t\t\t\t\t\t<\/div>\n\t\t\t\t<\/div>\n\t\t\t\t<div class=\"elementor-element elementor-element-d81fdd7 elementor-widget elementor-widget-text-editor\" data-id=\"d81fdd7\" data-element_type=\"widget\" data-e-type=\"widget\" data-widget_type=\"text-editor.default\">\n\t\t\t\t<div class=\"elementor-widget-container\">\n\t\t\t\t\t\t\t\t\t<div class=\"wpb_text_column wpb_content_element \"><div class=\"wpb_wrapper\"><p align=\"JUSTIFY\">In addition, there are modernist elements such as the use of tiles, wrought iron in the aforementioned balustrade and the corbels under the cornices.<\/p><p align=\"JUSTIFY\">The renovated garden, known as the French-style historic garden, leads to the <em><strong>&#8216;Umbrade&#8217;<\/strong><\/em>, a passageway covered by a huge jasmine tree that takes us into the Mediterranean garden and a large pine forest. At the back of the house, we find the Muslim garden, originally used as a vegetable garden, which is now planted with palm trees, hedges and fruit trees that protect from the sun the cultivation of vegetables and aromatic plants, irrigated by the flooding system through various channels. Here we can see a well covered by stalactites from the Canelobre Caves. In this green space, the neo-Gothic style chapel and the two sculptures by <a href=\"https:\/\/web.ua.es\/es\/actualidad-universitaria\/2016\/noviembre16\/14-20\/homenaje-al-escultor-alicantino-vicente-banuls-en-la-sede-universitaria-ciudad-de-alicante.html\"><strong>Vicente Ba\u00f1uls<\/strong><\/a> from Alicante stand out: <strong><em>&#8216;La noche&#8217;<\/em><\/strong> which can be seen from the entrance gate to the estate and <strong><em>&#8216;La Marseillaise&#8217;<\/em><\/strong> which bears the motto &#8216;Le Jour de Glorie est arrive&#8217;.<\/p><p align=\"JUSTIFY\">Regarding its owners, it is known that the Marco family sold the estate to the lawyer and businessman <a href=\"http:\/\/rua.ua.es\/dspace\/handle\/10045\/3528\"><strong>Juan Maisonnave y Cuyatar<\/strong><\/a>. It later passed into the hands of the Alicante lawyer Mr. Juan Poveda Garc\u00eda, with residence in Calle Labradores. He owned three mines in Mutxamel, two iron mines and one water mine.<\/p><p align=\"JUSTIFY\">Around 1915 it was sold to <strong>Mr. Te\u00f3filo Renato Bardin Delille<\/strong>, owner of the <a href=\"http:\/\/www.diputacionalicante.es\/es\/IAC_Gil_Albert\/Instituto\/Paginas\/Casa-Bardin.aspx\">Bardin house<\/a>, honorary consul of France, who was to create the Versailles-inspired garden that has survived with various modifications to the present day.<\/p><p align=\"JUSTIFY\">In 1950 it was bought by the notary Juli\u00e1n Pe\u00f1alver from the Bardin family. Later, around 1967, it was acquired by Mr. Miguel Ranz Iglesias, owner of the Hotel Babieca.<\/p><\/div><\/div>\t\t\t\t\t\t\t\t<\/div>\n\t\t\t\t<\/div>\n\t\t\t\t<div class=\"elementor-element elementor-element-4e16e8c elementor-arrows-position-inside elementor-pagination-position-outside elementor-widget elementor-widget-image-carousel\" data-id=\"4e16e8c\" data-element_type=\"widget\" data-e-type=\"widget\" data-settings=\"{&quot;slides_to_show&quot;:&quot;1&quot;,&quot;navigation&quot;:&quot;both&quot;,&quot;autoplay&quot;:&quot;yes&quot;,&quot;pause_on_hover&quot;:&quot;yes&quot;,&quot;pause_on_interaction&quot;:&quot;yes&quot;,&quot;autoplay_speed&quot;:5000,&quot;infinite&quot;:&quot;yes&quot;,&quot;effect&quot;:&quot;slide&quot;,&quot;speed&quot;:500}\" data-widget_type=\"image-carousel.default\">\n\t\t\t\t<div class=\"elementor-widget-container\">\n\t\t\t\t\t\t\t<div class=\"elementor-image-carousel-wrapper swiper\" role=\"region\" aria-roledescription=\"carousel\" aria-label=\"Image Carousel\" dir=\"ltr\">\n\t\t\t<div class=\"elementor-image-carousel swiper-wrapper\" aria-live=\"off\">\n\t\t\t\t\t\t\t\t<div class=\"swiper-slide\" role=\"group\" aria-roledescription=\"slide\" aria-label=\"1 of 11\"><figure class=\"swiper-slide-inner\"><img decoding=\"async\" class=\"swiper-slide-image\" src=\"https:\/\/turismosantjoan.es\/wp-content\/uploads\/2023\/07\/villa-marco-2-1024x683.gif\" alt=\"villa marco 2\" \/><\/figure><\/div><div class=\"swiper-slide\" role=\"group\" aria-roledescription=\"slide\" aria-label=\"2 of 11\"><figure class=\"swiper-slide-inner\"><img decoding=\"async\" class=\"swiper-slide-image\" src=\"https:\/\/turismosantjoan.es\/wp-content\/uploads\/2023\/07\/villa-marco-1-1024x683.gif\" alt=\"villa-marco 1\" \/><\/figure><\/div><div class=\"swiper-slide\" role=\"group\" aria-roledescription=\"slide\" aria-label=\"3 of 11\"><figure class=\"swiper-slide-inner\"><img decoding=\"async\" class=\"swiper-slide-image\" src=\"https:\/\/turismosantjoan.es\/wp-content\/uploads\/2023\/07\/Villa-Marco-3-1024x683.gif\" alt=\"Villa-Marco-3\" \/><\/figure><\/div><div class=\"swiper-slide\" role=\"group\" aria-roledescription=\"slide\" aria-label=\"4 of 11\"><figure class=\"swiper-slide-inner\"><img decoding=\"async\" class=\"swiper-slide-image\" src=\"https:\/\/turismosantjoan.es\/wp-content\/uploads\/2023\/07\/Villa-Marco-4-1024x683.gif\" alt=\"Villa-Marco-4\" \/><\/figure><\/div><div class=\"swiper-slide\" role=\"group\" aria-roledescription=\"slide\" aria-label=\"5 of 11\"><figure class=\"swiper-slide-inner\"><img decoding=\"async\" class=\"swiper-slide-image\" src=\"https:\/\/turismosantjoan.es\/wp-content\/uploads\/2023\/07\/Villa-Marco-5-1024x683.gif\" alt=\"Villa-Marco-5\" \/><\/figure><\/div><div class=\"swiper-slide\" role=\"group\" aria-roledescription=\"slide\" aria-label=\"6 of 11\"><figure class=\"swiper-slide-inner\"><img decoding=\"async\" class=\"swiper-slide-image\" src=\"https:\/\/turismosantjoan.es\/wp-content\/uploads\/2023\/07\/Villa-Marco-6-1024x683.gif\" alt=\"Villa-Marco-6\" \/><\/figure><\/div><div class=\"swiper-slide\" role=\"group\" aria-roledescription=\"slide\" aria-label=\"7 of 11\"><figure class=\"swiper-slide-inner\"><img decoding=\"async\" class=\"swiper-slide-image\" src=\"https:\/\/turismosantjoan.es\/wp-content\/uploads\/2023\/07\/Villa-Marco-7-1024x683.gif\" alt=\"Villa-Marco-7\" \/><\/figure><\/div><div class=\"swiper-slide\" role=\"group\" aria-roledescription=\"slide\" aria-label=\"8 of 11\"><figure class=\"swiper-slide-inner\"><img decoding=\"async\" class=\"swiper-slide-image\" src=\"https:\/\/turismosantjoan.es\/wp-content\/uploads\/2023\/07\/Villa-Marco-8-1024x683.gif\" alt=\"Villa-Marco-8\" \/><\/figure><\/div><div class=\"swiper-slide\" role=\"group\" aria-roledescription=\"slide\" aria-label=\"9 of 11\"><figure class=\"swiper-slide-inner\"><img decoding=\"async\" class=\"swiper-slide-image\" src=\"https:\/\/turismosantjoan.es\/wp-content\/uploads\/2023\/07\/Villa-Marco-9-1024x683.gif\" alt=\"Villa-Marco-9\" \/><\/figure><\/div><div class=\"swiper-slide\" role=\"group\" aria-roledescription=\"slide\" aria-label=\"10 of 11\"><figure class=\"swiper-slide-inner\"><img decoding=\"async\" class=\"swiper-slide-image\" src=\"https:\/\/turismosantjoan.es\/wp-content\/uploads\/2023\/07\/Villa-Marco-10-1024x683.gif\" alt=\"Villa-Marco-10\" \/><\/figure><\/div><div class=\"swiper-slide\" role=\"group\" aria-roledescription=\"slide\" aria-label=\"11 of 11\"><figure class=\"swiper-slide-inner\"><img decoding=\"async\" class=\"swiper-slide-image\" src=\"https:\/\/turismosantjoan.es\/wp-content\/uploads\/2023\/07\/Villa-Marco-11-1024x683.gif\" alt=\"Villa-Marco-11\" \/><\/figure><\/div>\t\t\t<\/div>\n\t\t\t\t\t\t\t\t\t\t\t\t<div class=\"elementor-swiper-button elementor-swiper-button-prev\" role=\"button\" tabindex=\"0\">\n\t\t\t\t\t\t<i aria-hidden=\"true\" class=\"eicon-chevron-left\"><\/i>\t\t\t\t\t<\/div>\n\t\t\t\t\t<div class=\"elementor-swiper-button elementor-swiper-button-next\" role=\"button\" tabindex=\"0\">\n\t\t\t\t\t\t<i aria-hidden=\"true\" class=\"eicon-chevron-right\"><\/i>\t\t\t\t\t<\/div>\n\t\t\t\t\n\t\t\t\t\t\t\t\t\t<div class=\"swiper-pagination\"><\/div>\n\t\t\t\t\t\t\t\t\t<\/div>\n\t\t\t\t\t\t<\/div>\n\t\t\t\t<\/div>\n\t\t\t\t<div class=\"elementor-element elementor-element-0d3be22 elementor-widget elementor-widget-text-editor\" data-id=\"0d3be22\" data-element_type=\"widget\" data-e-type=\"widget\" data-widget_type=\"text-editor.default\">\n\t\t\t\t<div class=\"elementor-widget-container\">\n\t\t\t\t\t\t\t\t\t<p><strong>Did you know that&#8230;?<\/strong><\/p>\t\t\t\t\t\t\t\t<\/div>\n\t\t\t\t<\/div>\n\t\t\t\t<div class=\"elementor-element elementor-element-e2709c5 elementor-widget elementor-widget-text-editor\" data-id=\"e2709c5\" data-element_type=\"widget\" data-e-type=\"widget\" data-widget_type=\"text-editor.default\">\n\t\t\t\t<div class=\"elementor-widget-container\">\n\t\t\t\t\t\t\t\t\t<p><a href=\"http:\/\/pcoloma-blogcoloma.blogspot.com.es\/2015\/03\/fanny-maisonnave-de-la-cuadra-1890-1926.html\"><strong>Juan Maisonnave y Cuyatar (1843-1923)<\/strong> <\/a>is, &#8220;of the three brothers <a href=\"http:\/\/rua.ua.es\/dspace\/handle\/10045\/41345\">boys Maisonnave Cutayar<\/a>who was most dedicated to making the extensive family vineyards&#8221; owned by his father, the Frenchman, &#8220;fruitful&#8221;. <strong>Maisonnave<\/strong>the first member of the family to arrive in Alicante in the 1780s. His father and mother, the Alicante-born <strong>Mrs. Leonor Cuyatar<\/strong>, they were the owners of large wine and horticultural properties spread throughout the Alicante Huerta, even though they lived in Paris.<\/p><p align=\"JUSTIFY\">D. Juan Maisonnave &#8220;married, in first marriage, with <strong>Mrs. Rafaela O\u2019Gorman<\/strong> and, after being widowed, with her niece, <strong>Mrs. \u00c1ngela O\u2019Connor White<\/strong>. He had no children by either of his two wives&#8221;.<\/p><p align=\"JUSTIFY\">Mr. Juan Maisonnave lived in Madrid and when he came to Alicante, he divided his stay between the <a href=\"http:\/\/docplayer.es\/6218434-Archivo-municipal-de-alicante-historia-de-una-rehabilitacion-en-el-alicante-contemporaneo.html\">Labradores Street<\/a>, today <strong>Alicante Municipal Archives<\/strong>and the O&#8217;Gorman de Fabraquer estate, his father-in-law&#8217;s estate. <strong>Sr. Guillermo O\u2019Gorman<\/strong>, where the winery was located, where he produced the wines from his vineyards from the different estates he owned in the Huerta. In 1936 his wife Mrs. Angela, widowed and at the beginning of the war, l<\/p><p align=\"JUSTIFY\">Angela, widowed and at the beginning of the war, left Alicante and went to live in the properties she owned in Benicarl\u00c3\u00b3, Castell\u00c3\u00b3n. He was president of the <a href=\"http:\/\/rua.ua.es\/dspace\/handle\/10045\/3528\"><strong>Sociedad Espa\u00f1a Vit\u00edcola<\/strong><\/a> y Enol\u00f3gica, honorary president of the <strong>Sociedad Espa\u00f1a Vit\u00edcola y Enol\u00f3gica<\/strong>, honorary president of the <strong>Sociedad de Toneleros de Alicante<\/strong> and representative of the Alicante province at the <strong>1878 Philoxeric Congress<\/strong> in Madrid.<\/p>\t\t\t\t\t\t\t\t<\/div>\n\t\t\t\t<\/div>\n\t\t\t\t<section class=\"elementor-section elementor-inner-section elementor-element elementor-element-504c140 elementor-section-boxed elementor-section-height-default elementor-section-height-default\" data-id=\"504c140\" data-element_type=\"section\" data-e-type=\"section\">\n\t\t\t\t\t\t<div class=\"elementor-container elementor-column-gap-default\">\n\t\t\t\t\t<div class=\"elementor-column elementor-col-50 elementor-inner-column elementor-element elementor-element-f4f3109\" data-id=\"f4f3109\" data-element_type=\"column\" data-e-type=\"column\">\n\t\t\t<div class=\"elementor-widget-wrap elementor-element-populated\">\n\t\t\t\t\t\t<div class=\"elementor-element elementor-element-ba0e521 elementor-widget elementor-widget-image\" data-id=\"ba0e521\" data-element_type=\"widget\" data-e-type=\"widget\" data-widget_type=\"image.default\">\n\t\t\t\t<div class=\"elementor-widget-container\">\n\t\t\t\t\t\t\t\t\t\t\t\t\t\t\t<img decoding=\"async\" width=\"800\" height=\"534\" src=\"https:\/\/turismosantjoan.es\/wp-content\/uploads\/2023\/07\/villa-marco--1024x683.jpeg\" class=\"attachment-large size-large wp-image-3583\" alt=\"\" srcset=\"https:\/\/turismosantjoan.es\/wp-content\/uploads\/2023\/07\/villa-marco--1024x683.jpeg 1024w, https:\/\/turismosantjoan.es\/wp-content\/uploads\/2023\/07\/villa-marco--300x200.jpeg 300w, https:\/\/turismosantjoan.es\/wp-content\/uploads\/2023\/07\/villa-marco--768x512.jpeg 768w, https:\/\/turismosantjoan.es\/wp-content\/uploads\/2023\/07\/villa-marco-.jpeg 1200w\" sizes=\"(max-width: 800px) 100vw, 800px\" \/>\t\t\t\t\t\t\t\t\t\t\t\t\t\t\t<\/div>\n\t\t\t\t<\/div>\n\t\t\t\t<div class=\"elementor-element elementor-element-0dd08a9 elementor-widget elementor-widget-text-editor\" data-id=\"0dd08a9\" data-element_type=\"widget\" data-e-type=\"widget\" data-widget_type=\"text-editor.default\">\n\t\t\t\t<div class=\"elementor-widget-container\">\n\t\t\t\t\t\t\t\t\t<p>Labradores Street (Alicante)<\/p>\t\t\t\t\t\t\t\t<\/div>\n\t\t\t\t<\/div>\n\t\t\t\t\t<\/div>\n\t\t<\/div>\n\t\t\t\t<div class=\"elementor-column elementor-col-50 elementor-inner-column elementor-element elementor-element-060de63\" data-id=\"060de63\" data-element_type=\"column\" data-e-type=\"column\">\n\t\t\t<div class=\"elementor-widget-wrap elementor-element-populated\">\n\t\t\t\t\t\t<div class=\"elementor-element elementor-element-72196e1 elementor-widget elementor-widget-image\" data-id=\"72196e1\" data-element_type=\"widget\" data-e-type=\"widget\" data-widget_type=\"image.default\">\n\t\t\t\t<div class=\"elementor-widget-container\">\n\t\t\t\t\t\t\t\t\t\t\t\t\t\t\t<img decoding=\"async\" width=\"800\" height=\"668\" src=\"https:\/\/turismosantjoan.es\/wp-content\/uploads\/2023\/07\/villa-marco.jpeg\" class=\"attachment-large size-large wp-image-3586\" alt=\"\" srcset=\"https:\/\/turismosantjoan.es\/wp-content\/uploads\/2023\/07\/villa-marco.jpeg 1024w, https:\/\/turismosantjoan.es\/wp-content\/uploads\/2023\/07\/villa-marco-300x250.jpeg 300w, https:\/\/turismosantjoan.es\/wp-content\/uploads\/2023\/07\/villa-marco-768x641.jpeg 768w\" sizes=\"(max-width: 800px) 100vw, 800px\" \/>\t\t\t\t\t\t\t\t\t\t\t\t\t\t\t<\/div>\n\t\t\t\t<\/div>\n\t\t\t\t\t<\/div>\n\t\t<\/div>\n\t\t\t\t\t<\/div>\n\t\t<\/section>\n\t\t\t\t\t<\/div>\n\t\t<\/div>\n\t\t\t\t\t<\/div>\n\t\t<\/section>\n\t\t\t\t<\/div>\n\t\t","protected":false},"excerpt":{"rendered":"<p>Villa Marco The building on this estate has two storeys and is topped by a body of smaller dimensions that reduce its pyramidal shape. Today, this residence is heavily modified and shored up. From this farm &#8220;The south-west fa\u00e7ade stands out thanks to a glazed bay window topped by a triangular pediment that reflects the [&hellip;]<\/p>\n","protected":false},"author":1,"featured_media":0,"parent":0,"menu_order":0,"comment_status":"closed","ping_status":"closed","template":"","meta":{"footnotes":""},"class_list":["post-7501","page","type-page","status-publish","hentry"],"_links":{"self":[{"href":"https:\/\/turismosantjoan.es\/en\/wp-json\/wp\/v2\/pages\/7501","targetHints":{"allow":["GET"]}}],"collection":[{"href":"https:\/\/turismosantjoan.es\/en\/wp-json\/wp\/v2\/pages"}],"about":[{"href":"https:\/\/turismosantjoan.es\/en\/wp-json\/wp\/v2\/types\/page"}],"author":[{"embeddable":true,"href":"https:\/\/turismosantjoan.es\/en\/wp-json\/wp\/v2\/users\/1"}],"replies":[{"embeddable":true,"href":"https:\/\/turismosantjoan.es\/en\/wp-json\/wp\/v2\/comments?post=7501"}],"version-history":[{"count":0,"href":"https:\/\/turismosantjoan.es\/en\/wp-json\/wp\/v2\/pages\/7501\/revisions"}],"wp:attachment":[{"href":"https:\/\/turismosantjoan.es\/en\/wp-json\/wp\/v2\/media?parent=7501"}],"curies":[{"name":"wp","href":"https:\/\/api.w.org\/{rel}","templated":true}]}}