{"id":7511,"date":"2023-07-21T10:48:24","date_gmt":"2023-07-21T10:48:24","guid":{"rendered":"https:\/\/turismo-sj.developersasapglobalsolution.com\/la-cadena-tower\/"},"modified":"2023-09-22T11:31:41","modified_gmt":"2023-09-22T11:31:41","slug":"la-cadena-tower","status":"publish","type":"page","link":"https:\/\/turismosantjoan.es\/en\/la-cadena-tower\/","title":{"rendered":"La Cadena Tower"},"content":{"rendered":"\t\t<div data-elementor-type=\"wp-page\" data-elementor-id=\"7511\" class=\"elementor elementor-7511 elementor-2735\" data-elementor-post-type=\"page\">\n\t\t\t\t\t\t<section class=\"elementor-section elementor-top-section elementor-element elementor-element-b0dfdbe elementor-section-boxed elementor-section-height-default elementor-section-height-default\" data-id=\"b0dfdbe\" data-element_type=\"section\" data-e-type=\"section\" data-settings=\"{&quot;shape_divider_top&quot;:&quot;mountains&quot;,&quot;background_background&quot;:&quot;classic&quot;}\">\n\t\t\t\t\t<div class=\"elementor-shape elementor-shape-top\" aria-hidden=\"true\" data-negative=\"false\">\n\t\t\t<svg xmlns=\"http:\/\/www.w3.org\/2000\/svg\" viewBox=\"0 0 1000 100\" preserveAspectRatio=\"none\">\n\t<path class=\"elementor-shape-fill\" opacity=\"0.33\" d=\"M473,67.3c-203.9,88.3-263.1-34-320.3,0C66,119.1,0,59.7,0,59.7V0h1000v59.7 c0,0-62.1,26.1-94.9,29.3c-32.8,3.3-62.8-12.3-75.8-22.1C806,49.6,745.3,8.7,694.9,4.7S492.4,59,473,67.3z\"\/>\n\t<path class=\"elementor-shape-fill\" opacity=\"0.66\" d=\"M734,67.3c-45.5,0-77.2-23.2-129.1-39.1c-28.6-8.7-150.3-10.1-254,39.1 s-91.7-34.4-149.2,0C115.7,118.3,0,39.8,0,39.8V0h1000v36.5c0,0-28.2-18.5-92.1-18.5C810.2,18.1,775.7,67.3,734,67.3z\"\/>\n\t<path class=\"elementor-shape-fill\" d=\"M766.1,28.9c-200-57.5-266,65.5-395.1,19.5C242,1.8,242,5.4,184.8,20.6C128,35.8,132.3,44.9,89.9,52.5C28.6,63.7,0,0,0,0 h1000c0,0-9.9,40.9-83.6,48.1S829.6,47,766.1,28.9z\"\/>\n<\/svg>\t\t<\/div>\n\t\t\t\t\t<div class=\"elementor-container elementor-column-gap-no\">\n\t\t\t\t\t<div class=\"elementor-column elementor-col-100 elementor-top-column elementor-element elementor-element-75a2f8d\" data-id=\"75a2f8d\" data-element_type=\"column\" data-e-type=\"column\">\n\t\t\t<div class=\"elementor-widget-wrap elementor-element-populated\">\n\t\t\t\t\t\t<div class=\"elementor-element elementor-element-0e2b228 elementor-widget elementor-widget-heading\" data-id=\"0e2b228\" data-element_type=\"widget\" data-e-type=\"widget\" data-widget_type=\"heading.default\">\n\t\t\t\t<div class=\"elementor-widget-container\">\n\t\t\t\t\t<h1 class=\"elementor-heading-title elementor-size-xxl\">La Cadena Tower<\/h1>\t\t\t\t<\/div>\n\t\t\t\t<\/div>\n\t\t\t\t\t<\/div>\n\t\t<\/div>\n\t\t\t\t\t<\/div>\n\t\t<\/section>\n\t\t\t\t<section class=\"elementor-section elementor-top-section elementor-element elementor-element-9140120 elementor-section-boxed elementor-section-height-default elementor-section-height-default\" data-id=\"9140120\" data-element_type=\"section\" data-e-type=\"section\">\n\t\t\t\t\t\t<div class=\"elementor-container elementor-column-gap-default\">\n\t\t\t\t\t<div class=\"elementor-column elementor-col-100 elementor-top-column elementor-element elementor-element-0768495\" data-id=\"0768495\" data-element_type=\"column\" data-e-type=\"column\">\n\t\t\t<div class=\"elementor-widget-wrap elementor-element-populated\">\n\t\t\t\t\t\t<div class=\"elementor-element elementor-element-48f89d0 elementor-widget elementor-widget-text-editor\" data-id=\"48f89d0\" data-element_type=\"widget\" data-e-type=\"widget\" data-widget_type=\"text-editor.default\">\n\t\t\t\t<div class=\"elementor-widget-container\">\n\t\t\t\t\t\t\t\t\t<p>If we look at the boundary between the University Hospital and the road, we can still see the remains of that road, populated by cypresses and marvellous bougainvillea. Moving towards La Cadena, the hermitage appears and next to it is the tower with its old sundial on the fa\u00c3\u00a7ade. It is a prismatic construction with a rectangular base and a plinth or base projection, topped by a moulding. It is built in ashlar masonry with load-bearing walls made of lime mortar and gravel. The tower has three floors and several openings, small windows and two balconies on the first floor, as well as a semi-basement. The old farmhouse is attached to two of its four sides. The estate has a second sundial not visible from the street.<\/p><p>Approaching the end of the condominium, we find an ashlar arch that served as the entrance to the estate. It is a very interesting piece that was moved from its original location. In the past, it was the starting point of a route leading to the house. The arcade was dismantled for several years until it was rebuilt in its current location, next to the roundabout leading to the <a href=\"http:\/\/www.dep17.san.gva.es\/\">Hospital Universitari de Sant Joan d&#8217;Alacant.<\/a> The arch was for several decades a water supply point for the neighbours of Santa Faz. This was possible thanks to the installation of a small tap in 1938, the year in which drinking water was brought to Sant Joan.<\/p><p>The construction of the new avenue disconnected the estate from the adjacent fields, but the orchards on the south-eastern boundary are still preserved. The estate also has beautiful gardens with flowerbeds, cypresses and pine trees. At the entrance we can see a centenary dragon tree and a specimen of araucaria, also centenary, with an inclination of its trunk as remarkable as its ostensible height.<\/p>\t\t\t\t\t\t\t\t<\/div>\n\t\t\t\t<\/div>\n\t\t\t\t<div class=\"elementor-element elementor-element-cf94ce8 elementor-arrows-position-inside elementor-pagination-position-outside elementor-widget elementor-widget-image-carousel\" data-id=\"cf94ce8\" data-element_type=\"widget\" data-e-type=\"widget\" data-settings=\"{&quot;slides_to_show&quot;:&quot;1&quot;,&quot;navigation&quot;:&quot;both&quot;,&quot;autoplay&quot;:&quot;yes&quot;,&quot;pause_on_hover&quot;:&quot;yes&quot;,&quot;pause_on_interaction&quot;:&quot;yes&quot;,&quot;autoplay_speed&quot;:5000,&quot;infinite&quot;:&quot;yes&quot;,&quot;effect&quot;:&quot;slide&quot;,&quot;speed&quot;:500}\" data-widget_type=\"image-carousel.default\">\n\t\t\t\t<div class=\"elementor-widget-container\">\n\t\t\t\t\t\t\t<div class=\"elementor-image-carousel-wrapper swiper\" role=\"region\" aria-roledescription=\"carousel\" aria-label=\"Image Carousel\" dir=\"ltr\">\n\t\t\t<div class=\"elementor-image-carousel swiper-wrapper\" aria-live=\"off\">\n\t\t\t\t\t\t\t\t<div class=\"swiper-slide\" role=\"group\" aria-roledescription=\"slide\" aria-label=\"1 of 2\"><figure class=\"swiper-slide-inner\"><img decoding=\"async\" class=\"swiper-slide-image\" src=\"https:\/\/turismosantjoan.es\/wp-content\/uploads\/2023\/07\/torre-la-cadena.jpg\" alt=\"torre-la-cadena\" \/><\/figure><\/div><div class=\"swiper-slide\" role=\"group\" aria-roledescription=\"slide\" aria-label=\"2 of 2\"><figure class=\"swiper-slide-inner\"><img decoding=\"async\" class=\"swiper-slide-image\" src=\"https:\/\/turismosantjoan.es\/wp-content\/uploads\/2023\/07\/72-horas-TORRE-LA-CADENA-1.jpeg\" alt=\"72 horas TORRE-LA-CADENA-1\" \/><\/figure><\/div>\t\t\t<\/div>\n\t\t\t\t\t\t\t\t\t\t\t\t<div class=\"elementor-swiper-button elementor-swiper-button-prev\" role=\"button\" tabindex=\"0\">\n\t\t\t\t\t\t<i aria-hidden=\"true\" class=\"eicon-chevron-left\"><\/i>\t\t\t\t\t<\/div>\n\t\t\t\t\t<div class=\"elementor-swiper-button elementor-swiper-button-next\" role=\"button\" tabindex=\"0\">\n\t\t\t\t\t\t<i aria-hidden=\"true\" class=\"eicon-chevron-right\"><\/i>\t\t\t\t\t<\/div>\n\t\t\t\t\n\t\t\t\t\t\t\t\t\t<div class=\"swiper-pagination\"><\/div>\n\t\t\t\t\t\t\t\t\t<\/div>\n\t\t\t\t\t\t<\/div>\n\t\t\t\t<\/div>\n\t\t\t\t\t<\/div>\n\t\t<\/div>\n\t\t\t\t\t<\/div>\n\t\t<\/section>\n\t\t\t\t<section class=\"elementor-section elementor-top-section elementor-element elementor-element-67aa6c7 elementor-section-boxed elementor-section-height-default elementor-section-height-default\" data-id=\"67aa6c7\" data-element_type=\"section\" data-e-type=\"section\">\n\t\t\t\t\t\t<div class=\"elementor-container elementor-column-gap-default\">\n\t\t\t\t\t<div class=\"elementor-column elementor-col-100 elementor-top-column elementor-element elementor-element-93f6e83\" data-id=\"93f6e83\" data-element_type=\"column\" data-e-type=\"column\">\n\t\t\t<div class=\"elementor-widget-wrap elementor-element-populated\">\n\t\t\t\t\t\t<div class=\"elementor-element elementor-element-e5ecbd1 elementor-widget elementor-widget-heading\" data-id=\"e5ecbd1\" data-element_type=\"widget\" data-e-type=\"widget\" data-widget_type=\"heading.default\">\n\t\t\t\t<div class=\"elementor-widget-container\">\n\t\t\t\t\t<h2 class=\"elementor-heading-title elementor-size-default\">Did you know that...?<\/h2>\t\t\t\t<\/div>\n\t\t\t\t<\/div>\n\t\t\t\t<div class=\"elementor-element elementor-element-e2658b8 elementor-widget elementor-widget-text-editor\" data-id=\"e2658b8\" data-element_type=\"widget\" data-e-type=\"widget\" data-widget_type=\"text-editor.default\">\n\t\t\t\t<div class=\"elementor-widget-container\">\n\t\t\t\t\t\t\t\t\t<div class=\"wpb_text_column wpb_content_element \"><div class=\"wpb_wrapper\"><p align=\"JUSTIFY\">The estate belonged to the noble family of the <strong>Counts of Casa-Rojas<\/strong>. This family came from the city of Burgos and played a crucial role in the conquest of Al-Andalus, with some members of the lineage later settling in Alicante and Valencia. Important personalities belonging to the family stand out, such as<strong>. Jos\u00e9 Miguel de Rojas y P\u00e9rez de Sarri\u00f3 (1786-1833), III Count of Casa Rojas<\/strong>, Maestrante of Seville and painter of the Academy of Fine Arts of San Fernando. Mention should also be made of <strong>Jos\u00e9 Mar\u00eda de Rojas y Canicia (1819-1895), 4th Count of Casa Rojas<\/strong>, Knight of Calatrava and Maestrante of Valencia. Among those born in Sant Joan and baptised in its church, we would highlight <strong>Rafael de Rojas y Galiano (1852-1936), 5th Count of Casa Rojas and Marquis of Algorfa<\/strong>, who would later be assassinated at the beginning of the Civil War.<\/p><\/div><\/div>\t\t\t\t\t\t\t\t<\/div>\n\t\t\t\t<\/div>\n\t\t\t\t<div class=\"elementor-element elementor-element-b4c44dc elementor-widget elementor-widget-image\" data-id=\"b4c44dc\" data-element_type=\"widget\" data-e-type=\"widget\" data-widget_type=\"image.default\">\n\t\t\t\t<div class=\"elementor-widget-container\">\n\t\t\t\t\t\t\t\t\t\t\t\t\t\t\t<img fetchpriority=\"high\" decoding=\"async\" width=\"800\" height=\"600\" src=\"https:\/\/turismosantjoan.es\/wp-content\/uploads\/2023\/07\/caminos-tradicionales-camino-las-cadenas-800x600-1.jpeg\" class=\"attachment-large size-large wp-image-634\" alt=\"\" srcset=\"https:\/\/turismosantjoan.es\/wp-content\/uploads\/2023\/07\/caminos-tradicionales-camino-las-cadenas-800x600-1.jpeg 800w, https:\/\/turismosantjoan.es\/wp-content\/uploads\/2023\/07\/caminos-tradicionales-camino-las-cadenas-800x600-1-300x225.jpeg 300w, https:\/\/turismosantjoan.es\/wp-content\/uploads\/2023\/07\/caminos-tradicionales-camino-las-cadenas-800x600-1-768x576.jpeg 768w\" sizes=\"(max-width: 800px) 100vw, 800px\" \/>\t\t\t\t\t\t\t\t\t\t\t\t\t\t\t<\/div>\n\t\t\t\t<\/div>\n\t\t\t\t\t<\/div>\n\t\t<\/div>\n\t\t\t\t\t<\/div>\n\t\t<\/section>\n\t\t\t\t<\/div>\n\t\t","protected":false},"excerpt":{"rendered":"<p>La Cadena Tower If we look at the boundary between the University Hospital and the road, we can still see the remains of that road, populated by cypresses and marvellous bougainvillea. Moving towards La Cadena, the hermitage appears and next to it is the tower with its old sundial on the fa\u00c3\u00a7ade. It is a [&hellip;]<\/p>\n","protected":false},"author":1,"featured_media":0,"parent":0,"menu_order":0,"comment_status":"closed","ping_status":"closed","template":"","meta":{"footnotes":""},"class_list":["post-7511","page","type-page","status-publish","hentry"],"_links":{"self":[{"href":"https:\/\/turismosantjoan.es\/en\/wp-json\/wp\/v2\/pages\/7511","targetHints":{"allow":["GET"]}}],"collection":[{"href":"https:\/\/turismosantjoan.es\/en\/wp-json\/wp\/v2\/pages"}],"about":[{"href":"https:\/\/turismosantjoan.es\/en\/wp-json\/wp\/v2\/types\/page"}],"author":[{"embeddable":true,"href":"https:\/\/turismosantjoan.es\/en\/wp-json\/wp\/v2\/users\/1"}],"replies":[{"embeddable":true,"href":"https:\/\/turismosantjoan.es\/en\/wp-json\/wp\/v2\/comments?post=7511"}],"version-history":[{"count":0,"href":"https:\/\/turismosantjoan.es\/en\/wp-json\/wp\/v2\/pages\/7511\/revisions"}],"wp:attachment":[{"href":"https:\/\/turismosantjoan.es\/en\/wp-json\/wp\/v2\/media?parent=7511"}],"curies":[{"name":"wp","href":"https:\/\/api.w.org\/{rel}","templated":true}]}}