{"id":7513,"date":"2023-07-21T10:41:41","date_gmt":"2023-07-21T10:41:41","guid":{"rendered":"https:\/\/turismo-sj.developersasapglobalsolution.com\/bonanza-tower\/"},"modified":"2023-09-22T11:36:57","modified_gmt":"2023-09-22T11:36:57","slug":"bonanza-tower","status":"publish","type":"page","link":"https:\/\/turismosantjoan.es\/en\/bonanza-tower\/","title":{"rendered":"Bonanza Tower"},"content":{"rendered":"\t\t<div data-elementor-type=\"wp-page\" data-elementor-id=\"7513\" class=\"elementor elementor-7513 elementor-2702\" data-elementor-post-type=\"page\">\n\t\t\t\t\t\t<section class=\"elementor-section elementor-top-section elementor-element elementor-element-0010e59 elementor-section-boxed elementor-section-height-default elementor-section-height-default\" data-id=\"0010e59\" data-element_type=\"section\" data-e-type=\"section\" data-settings=\"{&quot;shape_divider_top&quot;:&quot;mountains&quot;,&quot;background_background&quot;:&quot;classic&quot;}\">\n\t\t\t\t\t<div class=\"elementor-shape elementor-shape-top\" aria-hidden=\"true\" data-negative=\"false\">\n\t\t\t<svg xmlns=\"http:\/\/www.w3.org\/2000\/svg\" viewBox=\"0 0 1000 100\" preserveAspectRatio=\"none\">\n\t<path class=\"elementor-shape-fill\" opacity=\"0.33\" d=\"M473,67.3c-203.9,88.3-263.1-34-320.3,0C66,119.1,0,59.7,0,59.7V0h1000v59.7 c0,0-62.1,26.1-94.9,29.3c-32.8,3.3-62.8-12.3-75.8-22.1C806,49.6,745.3,8.7,694.9,4.7S492.4,59,473,67.3z\"\/>\n\t<path class=\"elementor-shape-fill\" opacity=\"0.66\" d=\"M734,67.3c-45.5,0-77.2-23.2-129.1-39.1c-28.6-8.7-150.3-10.1-254,39.1 s-91.7-34.4-149.2,0C115.7,118.3,0,39.8,0,39.8V0h1000v36.5c0,0-28.2-18.5-92.1-18.5C810.2,18.1,775.7,67.3,734,67.3z\"\/>\n\t<path class=\"elementor-shape-fill\" d=\"M766.1,28.9c-200-57.5-266,65.5-395.1,19.5C242,1.8,242,5.4,184.8,20.6C128,35.8,132.3,44.9,89.9,52.5C28.6,63.7,0,0,0,0 h1000c0,0-9.9,40.9-83.6,48.1S829.6,47,766.1,28.9z\"\/>\n<\/svg>\t\t<\/div>\n\t\t\t\t\t<div class=\"elementor-container elementor-column-gap-no\">\n\t\t\t\t\t<div class=\"elementor-column elementor-col-100 elementor-top-column elementor-element elementor-element-438940a\" data-id=\"438940a\" data-element_type=\"column\" data-e-type=\"column\">\n\t\t\t<div class=\"elementor-widget-wrap elementor-element-populated\">\n\t\t\t\t\t\t<div class=\"elementor-element elementor-element-4720a1f elementor-widget elementor-widget-heading\" data-id=\"4720a1f\" data-element_type=\"widget\" data-e-type=\"widget\" data-widget_type=\"heading.default\">\n\t\t\t\t<div class=\"elementor-widget-container\">\n\t\t\t\t\t<h1 class=\"elementor-heading-title elementor-size-xxl\">Bonanza Tower<\/h1>\t\t\t\t<\/div>\n\t\t\t\t<\/div>\n\t\t\t\t\t<\/div>\n\t\t<\/div>\n\t\t\t\t\t<\/div>\n\t\t<\/section>\n\t\t\t\t<section class=\"elementor-section elementor-top-section elementor-element elementor-element-b47c2bb elementor-section-boxed elementor-section-height-default elementor-section-height-default\" data-id=\"b47c2bb\" data-element_type=\"section\" data-e-type=\"section\">\n\t\t\t\t\t\t<div class=\"elementor-container elementor-column-gap-default\">\n\t\t\t\t\t<div class=\"elementor-column elementor-col-100 elementor-top-column elementor-element elementor-element-76cca3e\" data-id=\"76cca3e\" data-element_type=\"column\" data-e-type=\"column\">\n\t\t\t<div class=\"elementor-widget-wrap elementor-element-populated\">\n\t\t\t\t\t\t<div class=\"elementor-element elementor-element-2d5a336 elementor-widget elementor-widget-text-editor\" data-id=\"2d5a336\" data-element_type=\"widget\" data-e-type=\"widget\" data-widget_type=\"text-editor.default\">\n\t\t\t\t<div class=\"elementor-widget-container\">\n\t\t\t\t\t\t\t\t\t<p align=\"JUSTIFY\">The Bonanza tower probably formed part of the group of towers in charge of Jer\u00c3\u00b3nimo Arrufat, ombudsman to King Philip II on matters related to defensive towers in the Huerta in 1553. This would make it possible to date the work to the 16th century. The tower has a square base with a three-storey, prismatic layout. As in most cases, it is attached to the house on two of its four sides.<\/p><p align=\"JUSTIFY\">The <strong>Pascual de Bonanza<\/strong> family belonged to the extensive lineage of the Pascual family, from the Z\u00e1rate Valley in the Se\u00f1or\u00edo de Vizcaya. They settled in Alicante at the time of the Christian conquest. The Pascuals were closely linked to the monarchs, especially to King James I, with whom they maintained close relations. Among the descendants linked to the Huerta de Alicante, there are several branches such as the Pobil, de la Ver\u00f3nica or Ibarra families. In the branch of the Pascual de Bonanza family, outstanding personalities included <strong>Tom\u00e1s Pascual de Bonanza y Mart\u00ednez<\/strong>, an illustrious military man nicknamed &#8220;el Mayor&#8221;, who was the justice of Alicante between 1555 and 1556, and who also attended the courts of Monz\u00f3n. Most members of the family held important positions in the city and the kingdom. Many of the Pascuals were born in Sant Joan and were baptised in our parish church. Among others, mention should be made of <strong>Mr. Jos\u00e9 Mariano Jaime Pascual del Pobil y Estell\u00e9s (1819-1852)<\/strong> or <strong>Mr. Luis Pascual del Pobil y Martos (1851-1911). Luis Pascual del Pobil y Martos (1851-1911)<\/strong>.<\/p><p align=\"JUSTIFY\">The building has undergone several transformations throughout its history. In the mid-20th century, the tower underwent some alterations that changed its original morphology. The walls were plastered in an unfortunate manner, openings were made and a small roof was added. Fortunately, however, a recent architectural intervention brought the building closer to its original appearance, removing the roof and trying to recover the original tone of the fa\u00c3\u00a7ade, allowing the ashlar masonry and part of the masonry of the building to emerge. The final top of the towers was configured by means of a solution reminiscent of the crenellated layout of the towers.<\/p><p align=\"JUSTIFY\">The house is surrounded by various citrus orchards accompanied by pines, cypresses, araucarias, carob, yucca and palm trees, respecting the character that the estate may have had in the past. Fortunately, the Pascual de Bonanza family continues to live in this dwelling, which has allowed the complex to be kept in an impeccable state of preservation. If we continue along the Seren\u00ed path we will find the neighbouring <a href=\"https:\/\/www.turismosantjoan.es\/?page_id=99993337\">tower of Salafranca<\/a> very close by.<\/p>\t\t\t\t\t\t\t\t<\/div>\n\t\t\t\t<\/div>\n\t\t\t\t<div class=\"elementor-element elementor-element-03855b6 elementor-arrows-position-inside elementor-pagination-position-outside elementor-widget elementor-widget-image-carousel\" data-id=\"03855b6\" data-element_type=\"widget\" data-e-type=\"widget\" data-settings=\"{&quot;slides_to_show&quot;:&quot;1&quot;,&quot;navigation&quot;:&quot;both&quot;,&quot;autoplay&quot;:&quot;yes&quot;,&quot;pause_on_hover&quot;:&quot;yes&quot;,&quot;pause_on_interaction&quot;:&quot;yes&quot;,&quot;autoplay_speed&quot;:5000,&quot;infinite&quot;:&quot;yes&quot;,&quot;effect&quot;:&quot;slide&quot;,&quot;speed&quot;:500}\" data-widget_type=\"image-carousel.default\">\n\t\t\t\t<div class=\"elementor-widget-container\">\n\t\t\t\t\t\t\t<div class=\"elementor-image-carousel-wrapper swiper\" role=\"region\" aria-roledescription=\"carousel\" aria-label=\"Image Carousel\" dir=\"ltr\">\n\t\t\t<div class=\"elementor-image-carousel swiper-wrapper\" aria-live=\"off\">\n\t\t\t\t\t\t\t\t<div class=\"swiper-slide\" role=\"group\" aria-roledescription=\"slide\" aria-label=\"1 of 5\"><figure class=\"swiper-slide-inner\"><img decoding=\"async\" class=\"swiper-slide-image\" src=\"https:\/\/turismosantjoan.es\/wp-content\/uploads\/2023\/07\/Torre-bonanza-2-1024x683.gif\" alt=\"Torre bonanza 2\" \/><\/figure><\/div><div class=\"swiper-slide\" role=\"group\" aria-roledescription=\"slide\" aria-label=\"2 of 5\"><figure class=\"swiper-slide-inner\"><img decoding=\"async\" class=\"swiper-slide-image\" src=\"https:\/\/turismosantjoan.es\/wp-content\/uploads\/2023\/07\/Torre-bonanza-3-1024x683.gif\" alt=\"Torre bonanza 3\" \/><\/figure><\/div><div class=\"swiper-slide\" role=\"group\" aria-roledescription=\"slide\" aria-label=\"3 of 5\"><figure class=\"swiper-slide-inner\"><img decoding=\"async\" class=\"swiper-slide-image\" src=\"https:\/\/turismosantjoan.es\/wp-content\/uploads\/2023\/07\/Torre-bonanza-1-1024x683.gif\" alt=\"Torre bonanza 1\" \/><\/figure><\/div><div class=\"swiper-slide\" role=\"group\" aria-roledescription=\"slide\" aria-label=\"4 of 5\"><figure class=\"swiper-slide-inner\"><img decoding=\"async\" class=\"swiper-slide-image\" src=\"https:\/\/turismosantjoan.es\/wp-content\/uploads\/2023\/07\/Torre-bonanza-4-1024x683.jpeg\" alt=\"Torre bonanza 4\" \/><\/figure><\/div><div class=\"swiper-slide\" role=\"group\" aria-roledescription=\"slide\" aria-label=\"5 of 5\"><figure class=\"swiper-slide-inner\"><img decoding=\"async\" class=\"swiper-slide-image\" src=\"https:\/\/turismosantjoan.es\/wp-content\/uploads\/2023\/07\/Torre-Bonanza-1024x683.gif\" alt=\"Torre-Bonanza\" \/><\/figure><\/div>\t\t\t<\/div>\n\t\t\t\t\t\t\t\t\t\t\t\t<div class=\"elementor-swiper-button elementor-swiper-button-prev\" role=\"button\" tabindex=\"0\">\n\t\t\t\t\t\t<i aria-hidden=\"true\" class=\"eicon-chevron-left\"><\/i>\t\t\t\t\t<\/div>\n\t\t\t\t\t<div class=\"elementor-swiper-button elementor-swiper-button-next\" role=\"button\" tabindex=\"0\">\n\t\t\t\t\t\t<i aria-hidden=\"true\" class=\"eicon-chevron-right\"><\/i>\t\t\t\t\t<\/div>\n\t\t\t\t\n\t\t\t\t\t\t\t\t\t<div class=\"swiper-pagination\"><\/div>\n\t\t\t\t\t\t\t\t\t<\/div>\n\t\t\t\t\t\t<\/div>\n\t\t\t\t<\/div>\n\t\t\t\t\t<\/div>\n\t\t<\/div>\n\t\t\t\t\t<\/div>\n\t\t<\/section>\n\t\t\t\t<section class=\"elementor-section elementor-top-section elementor-element elementor-element-5902f58 elementor-section-boxed elementor-section-height-default elementor-section-height-default\" data-id=\"5902f58\" data-element_type=\"section\" data-e-type=\"section\">\n\t\t\t\t\t\t<div class=\"elementor-container elementor-column-gap-default\">\n\t\t\t\t\t<div class=\"elementor-column elementor-col-100 elementor-top-column elementor-element elementor-element-247f2b1\" data-id=\"247f2b1\" data-element_type=\"column\" data-e-type=\"column\">\n\t\t\t<div class=\"elementor-widget-wrap elementor-element-populated\">\n\t\t\t\t\t\t<div class=\"elementor-element elementor-element-bb90f54 elementor-widget elementor-widget-heading\" data-id=\"bb90f54\" data-element_type=\"widget\" data-e-type=\"widget\" data-widget_type=\"heading.default\">\n\t\t\t\t<div class=\"elementor-widget-container\">\n\t\t\t\t\t<h2 class=\"elementor-heading-title elementor-size-default\">Did you know that...?<\/h2>\t\t\t\t<\/div>\n\t\t\t\t<\/div>\n\t\t\t\t<div class=\"elementor-element elementor-element-553728e elementor-widget elementor-widget-text-editor\" data-id=\"553728e\" data-element_type=\"widget\" data-e-type=\"widget\" data-widget_type=\"text-editor.default\">\n\t\t\t\t<div class=\"elementor-widget-container\">\n\t\t\t\t\t\t\t\t\t<p align=\"JUSTIFY\">The coat of arms of this family features a walking lamb on a green field. The lamb carries a white flag with a cross reminiscent of the Montesa cross. The mast of the cross rests on a fountain from which a water spout with a gold border emerges. Bordering the emblem we can read written in blue letters: <em>&#8220;Sub cuius pede fons vives emanat&#8221;<\/em>. This coat of arms later became more complex and was divided into four parts. Two banners are repeated alternately to form the quarters. On the one hand, the original coat of arms with the lamb is used, on the other hand, an emblem with two golden castles and towers under a golden star. Curiously, the coat of arms of Sant Joan is reminiscent of that of the Pascual family, as it shows the lamb carrying the cross with the inscription <em>&#8220;Agnus Dei&#8221;<\/em>, which refers to Saint John the Baptist.<\/p><p align=\"JUSTIFY\">Another curiosity concerns the Pobil family branch. During the second half of the 18th century <strong>D. Juan Pascual de Pobil y Rovira<\/strong> married his daughter <strong>Mrs. Tomasa Pascual de Pobil y Sannazar with Count Lumiares<\/strong>. The couple lived in the estate called <a href=\"https:\/\/www.turismosantjoan.es\/?page_id=99992914\">La Princesa<\/a>, also known as <strong>El Jard\u00edn del Pr\u00edncipe P\u00edo<\/strong>.<\/p><p align=\"JUSTIFY\">But undoubtedly one of the most famous members of the family was <strong>Guillem Pascual de la Ver\u00f3nica<\/strong>, for his active participation in the miracle of the <a href=\"https:\/\/www.turismosantjoan.es\/?page_id=99995037\">Santa Faz<\/a>. The miracle took place in an enclave not far from this tower in 1489. A few years earlier, a priest from Sant Joan, D. Mos\u00e9n Pedro Mena, had brought from Rome one of the three alleged folds of the cloth with which Veronica had wiped the face of Christ on his way to Golgotha in Jerusalem. After stowing it in the bottom of an ark, he watched as it miraculously unfolded at the top of the ark. Apparently this phenomenon would occur repeatedly, so it was decided to expose it to veneration and organise a rogation to Alicante.<\/p><p align=\"JUSTIFY\">Such acts were very common at the time, mainly to pray for rain. Tradition has it that on 17th March, when passing through the Juncaret ravine, tears flowed from one of the eyes of the relic. It was then that Mr. Guillem Pascual himself verified the veracity of these images, ruling out the possibility that it was an illusion. After the event the rain came, and with it came the recognition of the miracle by the Church. It was decided to build a monastery there, coinciding with the thanksgiving, which came under the jurisdiction of the parish of Sant Joan. From then on, D. Guillem Pascual always wore a silver thimble on his finger, and gave the land for the construction of the monastery of the Santa Faz monastery, adding the appellative &#8220;de la Ver\u00f3nica&#8221; to his noble surname Pascual.<\/p>\t\t\t\t\t\t\t\t<\/div>\n\t\t\t\t<\/div>\n\t\t\t\t\t<\/div>\n\t\t<\/div>\n\t\t\t\t\t<\/div>\n\t\t<\/section>\n\t\t\t\t<\/div>\n\t\t","protected":false},"excerpt":{"rendered":"<p>Bonanza Tower The Bonanza tower probably formed part of the group of towers in charge of Jer\u00c3\u00b3nimo Arrufat, ombudsman to King Philip II on matters related to defensive towers in the Huerta in 1553. This would make it possible to date the work to the 16th century. The tower has a square base with a [&hellip;]<\/p>\n","protected":false},"author":1,"featured_media":0,"parent":0,"menu_order":0,"comment_status":"closed","ping_status":"closed","template":"","meta":{"footnotes":""},"class_list":["post-7513","page","type-page","status-publish","hentry"],"_links":{"self":[{"href":"https:\/\/turismosantjoan.es\/en\/wp-json\/wp\/v2\/pages\/7513","targetHints":{"allow":["GET"]}}],"collection":[{"href":"https:\/\/turismosantjoan.es\/en\/wp-json\/wp\/v2\/pages"}],"about":[{"href":"https:\/\/turismosantjoan.es\/en\/wp-json\/wp\/v2\/types\/page"}],"author":[{"embeddable":true,"href":"https:\/\/turismosantjoan.es\/en\/wp-json\/wp\/v2\/users\/1"}],"replies":[{"embeddable":true,"href":"https:\/\/turismosantjoan.es\/en\/wp-json\/wp\/v2\/comments?post=7513"}],"version-history":[{"count":0,"href":"https:\/\/turismosantjoan.es\/en\/wp-json\/wp\/v2\/pages\/7513\/revisions"}],"wp:attachment":[{"href":"https:\/\/turismosantjoan.es\/en\/wp-json\/wp\/v2\/media?parent=7513"}],"curies":[{"name":"wp","href":"https:\/\/api.w.org\/{rel}","templated":true}]}}