{"id":7531,"date":"2023-07-20T09:50:18","date_gmt":"2023-07-20T07:50:18","guid":{"rendered":"https:\/\/turismo-sj.developersasapglobalsolution.com\/wine-route\/"},"modified":"2024-11-19T09:34:18","modified_gmt":"2024-11-19T08:34:18","slug":"wine-route","status":"publish","type":"page","link":"https:\/\/turismosantjoan.es\/en\/wine-route\/","title":{"rendered":"Wine Route"},"content":{"rendered":"\t\t<div data-elementor-type=\"wp-page\" data-elementor-id=\"7531\" class=\"elementor elementor-7531 elementor-2257\" data-elementor-post-type=\"page\">\n\t\t\t\t\t\t<section class=\"elementor-section elementor-top-section elementor-element elementor-element-36eb50d elementor-section-boxed elementor-section-height-default elementor-section-height-default\" data-id=\"36eb50d\" data-element_type=\"section\" data-e-type=\"section\">\n\t\t\t\t\t\t<div class=\"elementor-container elementor-column-gap-default\">\n\t\t\t\t\t<div class=\"elementor-column elementor-col-100 elementor-top-column elementor-element elementor-element-1bf1cf8\" data-id=\"1bf1cf8\" data-element_type=\"column\" data-e-type=\"column\">\n\t\t\t<div class=\"elementor-widget-wrap elementor-element-populated\">\n\t\t\t\t\t\t<div class=\"elementor-element elementor-element-f15717b elementor-widget elementor-widget-image\" data-id=\"f15717b\" data-element_type=\"widget\" data-e-type=\"widget\" data-widget_type=\"image.default\">\n\t\t\t\t<div class=\"elementor-widget-container\">\n\t\t\t\t\t\t\t\t\t\t\t\t\t\t\t<img fetchpriority=\"high\" decoding=\"async\" width=\"800\" height=\"534\" src=\"https:\/\/turismosantjoan.es\/wp-content\/uploads\/2023\/07\/Foto-NdP-1024x683.jpeg\" class=\"attachment-large size-large wp-image-157\" alt=\"\" srcset=\"https:\/\/turismosantjoan.es\/wp-content\/uploads\/2023\/07\/Foto-NdP-1024x683.jpeg 1024w, https:\/\/turismosantjoan.es\/wp-content\/uploads\/2023\/07\/Foto-NdP-300x200.jpeg 300w, https:\/\/turismosantjoan.es\/wp-content\/uploads\/2023\/07\/Foto-NdP-768x512.jpeg 768w, https:\/\/turismosantjoan.es\/wp-content\/uploads\/2023\/07\/Foto-NdP.jpeg 1368w\" sizes=\"(max-width: 800px) 100vw, 800px\" \/>\t\t\t\t\t\t\t\t\t\t\t\t\t\t\t<\/div>\n\t\t\t\t<\/div>\n\t\t\t\t\t<\/div>\n\t\t<\/div>\n\t\t\t\t\t<\/div>\n\t\t<\/section>\n\t\t\t\t<section class=\"elementor-section elementor-top-section elementor-element elementor-element-7a1cd03 elementor-section-boxed elementor-section-height-default elementor-section-height-default\" data-id=\"7a1cd03\" data-element_type=\"section\" data-e-type=\"section\">\n\t\t\t\t\t\t<div class=\"elementor-container elementor-column-gap-default\">\n\t\t\t\t\t<div class=\"elementor-column elementor-col-100 elementor-top-column elementor-element elementor-element-6b5130a\" data-id=\"6b5130a\" data-element_type=\"column\" data-e-type=\"column\">\n\t\t\t<div class=\"elementor-widget-wrap elementor-element-populated\">\n\t\t\t\t\t\t<div class=\"elementor-element elementor-element-3cc60cd elementor-widget elementor-widget-image\" data-id=\"3cc60cd\" data-element_type=\"widget\" data-e-type=\"widget\" data-widget_type=\"image.default\">\n\t\t\t\t<div class=\"elementor-widget-container\">\n\t\t\t\t\t\t\t\t\t\t\t\t\t\t\t<img decoding=\"async\" width=\"740\" height=\"236\" src=\"https:\/\/turismosantjoan.es\/wp-content\/uploads\/2024\/01\/logos-nota-de-prensa-ruta-del-vino.jpg\" class=\"attachment-large size-large wp-image-9987\" alt=\"\" srcset=\"https:\/\/turismosantjoan.es\/wp-content\/uploads\/2024\/01\/logos-nota-de-prensa-ruta-del-vino.jpg 740w, https:\/\/turismosantjoan.es\/wp-content\/uploads\/2024\/01\/logos-nota-de-prensa-ruta-del-vino-300x96.jpg 300w\" sizes=\"(max-width: 740px) 100vw, 740px\" \/>\t\t\t\t\t\t\t\t\t\t\t\t\t\t\t<\/div>\n\t\t\t\t<\/div>\n\t\t\t\t<div class=\"elementor-element elementor-element-176ab83 elementor-widget elementor-widget-text-editor\" data-id=\"176ab83\" data-element_type=\"widget\" data-e-type=\"widget\" data-widget_type=\"text-editor.default\">\n\t\t\t\t<div class=\"elementor-widget-container\">\n\t\t\t\t\t\t\t\t\t<p><strong>\u00a0 \u00a0 \u00a0 \u00a0 \u00a0 \u00a0 \u00a0 \u00a0 \u00a0 \u00a0 \u00a0 \u00a0 \u00a0 \u00a0 \u00a0 \u00a0 \u00a0 \u00a0 \u00a0 \u00a0 \u00a0 \u00a0 \u00a0 \u00a0 \u00a0 \u00a0 \u00a0 \u00a0 \u00a0 \u00a0 \u00a0<span style=\"text-decoration: underline;\">Sant Joan d&#8217;Alacant becomes part of the Alicante Wine Route<\/span><\/strong><\/p><p>\u00a0<\/p><p>Both institutions approved the accession just a few days ago. The members of the Wine Route as a whole approved, in the assembly held last Monday, July 18, the registration of the new destination. With Sant Joan d&#8217;Alacant there are 12 destinations that become part of the route, along with the Vall de Pop, l&#8217;Alf\u00e0s del Pi, Villena, Salinas, Algue\u00f1a, Pinoso, Mon\u00f3var, Petrer, Novelda, Sax, Calpe and Teulada-Moraira.<\/p><p>For its part, the Sant Joan d&#8217;Alacant City Council, in a plenary agreement held last Friday, July 15, also determined its membership in the association.<\/p><p>With this incorporation, the Wine Route aims to continue growing in a coherent manner, following the quality standards set by the Spanish Wine Routes in its product manual. The next logical step will be the incorporation of companies from the municipality; catering establishments, accommodation, as well as other tourist service companies.<\/p><p>One of the factors that have determined this decision is the municipality&#8217;s winemaking footprint evidenced in Finca Ansaldo, a municipally owned BIC. The estate receives its name from the Genoese Ansaldo family who, after settling in Sant Joan in the 17th century, dedicated themselves to the trade and export of wine. Recently restored, the architectural complex consists of: defense tower, kitchens, hermitage, winery and old wineries. The property today houses multipurpose rooms, museum spaces and an interpretation center of the Huerta de Alicante. A disseminating element, the latter, which will contribute historical value to the existing offer of wine museums on the Wine Route, made up of the Ethnological Museum of Alcalal\u00ed, the Maserof Museum Winery in Xal\u00f3 or the House of Marble and Wine in Pinoso.<\/p><p>For Mar\u00eda Mi\u00f1ano, president of the Alicante Wine Route, \u201cthe incorporation of Sant Joan d&#8217;Alacant to the Wine Route expands and enriches the existing wine tourism offer, constituting an interesting connection node between the Vinalop\u00f3 regions in the interior south and the of the Marina to the northeast and opening the door to possible incorporations from neighboring municipalities.\u201d<\/p><p>In the words of Manel Giner, Councilor for Economic Development of Sant Joan, \u201cthat our municipality has joined the Alicante Wine Route as the first in the Alacant\u00ed Region, is a reason for joy and pride, as it will allow that Sant Joan is reunited with its wine-growing past and that our economic activity benefits from the advantages of working, together with the rest of the public and private partners of this product club, participating in its training, training, improvement and dissemination actions of our offer. And all this, thanks to the public-private collaboration that the Wine Route represents.\u201d<\/p>\t\t\t\t\t\t\t\t<\/div>\n\t\t\t\t<\/div>\n\t\t\t\t\t<\/div>\n\t\t<\/div>\n\t\t\t\t\t<\/div>\n\t\t<\/section>\n\t\t\t\t<\/div>\n\t\t","protected":false},"excerpt":{"rendered":"<p>\u00a0 \u00a0 \u00a0 \u00a0 \u00a0 \u00a0 \u00a0 \u00a0 \u00a0 \u00a0 \u00a0 \u00a0 \u00a0 \u00a0 \u00a0 \u00a0 \u00a0 \u00a0 \u00a0 \u00a0 \u00a0 \u00a0 \u00a0 \u00a0 \u00a0 \u00a0 \u00a0 \u00a0 \u00a0 \u00a0 \u00a0Sant Joan d&#8217;Alacant becomes part of the Alicante Wine Route \u00a0 Both institutions approved the accession just a few days ago. The members of the [&hellip;]<\/p>\n","protected":false},"author":1,"featured_media":0,"parent":0,"menu_order":0,"comment_status":"closed","ping_status":"closed","template":"","meta":{"footnotes":""},"class_list":["post-7531","page","type-page","status-publish","hentry"],"_links":{"self":[{"href":"https:\/\/turismosantjoan.es\/en\/wp-json\/wp\/v2\/pages\/7531","targetHints":{"allow":["GET"]}}],"collection":[{"href":"https:\/\/turismosantjoan.es\/en\/wp-json\/wp\/v2\/pages"}],"about":[{"href":"https:\/\/turismosantjoan.es\/en\/wp-json\/wp\/v2\/types\/page"}],"author":[{"embeddable":true,"href":"https:\/\/turismosantjoan.es\/en\/wp-json\/wp\/v2\/users\/1"}],"replies":[{"embeddable":true,"href":"https:\/\/turismosantjoan.es\/en\/wp-json\/wp\/v2\/comments?post=7531"}],"version-history":[{"count":0,"href":"https:\/\/turismosantjoan.es\/en\/wp-json\/wp\/v2\/pages\/7531\/revisions"}],"wp:attachment":[{"href":"https:\/\/turismosantjoan.es\/en\/wp-json\/wp\/v2\/media?parent=7531"}],"curies":[{"name":"wp","href":"https:\/\/api.w.org\/{rel}","templated":true}]}}