{"id":7539,"date":"2023-07-21T09:42:33","date_gmt":"2023-07-21T09:42:33","guid":{"rendered":"https:\/\/turismo-sj.developersasapglobalsolution.com\/pedro-jose-refuge\/"},"modified":"2023-09-22T12:15:23","modified_gmt":"2023-09-22T12:15:23","slug":"pedro-jose-refuge","status":"publish","type":"page","link":"https:\/\/turismosantjoan.es\/en\/pedro-jose-refuge\/","title":{"rendered":"Pedro Jos\u00e9 Refuge"},"content":{"rendered":"\t\t<div data-elementor-type=\"wp-page\" data-elementor-id=\"7539\" class=\"elementor elementor-7539 elementor-2601\" data-elementor-post-type=\"page\">\n\t\t\t\t\t\t<section class=\"elementor-section elementor-top-section elementor-element elementor-element-aff0802 elementor-section-boxed elementor-section-height-default elementor-section-height-default\" data-id=\"aff0802\" data-element_type=\"section\" data-e-type=\"section\" data-settings=\"{&quot;shape_divider_top&quot;:&quot;mountains&quot;,&quot;background_background&quot;:&quot;classic&quot;}\">\n\t\t\t\t\t<div class=\"elementor-shape elementor-shape-top\" aria-hidden=\"true\" data-negative=\"false\">\n\t\t\t<svg xmlns=\"http:\/\/www.w3.org\/2000\/svg\" viewBox=\"0 0 1000 100\" preserveAspectRatio=\"none\">\n\t<path class=\"elementor-shape-fill\" opacity=\"0.33\" d=\"M473,67.3c-203.9,88.3-263.1-34-320.3,0C66,119.1,0,59.7,0,59.7V0h1000v59.7 c0,0-62.1,26.1-94.9,29.3c-32.8,3.3-62.8-12.3-75.8-22.1C806,49.6,745.3,8.7,694.9,4.7S492.4,59,473,67.3z\"\/>\n\t<path class=\"elementor-shape-fill\" opacity=\"0.66\" d=\"M734,67.3c-45.5,0-77.2-23.2-129.1-39.1c-28.6-8.7-150.3-10.1-254,39.1 s-91.7-34.4-149.2,0C115.7,118.3,0,39.8,0,39.8V0h1000v36.5c0,0-28.2-18.5-92.1-18.5C810.2,18.1,775.7,67.3,734,67.3z\"\/>\n\t<path class=\"elementor-shape-fill\" d=\"M766.1,28.9c-200-57.5-266,65.5-395.1,19.5C242,1.8,242,5.4,184.8,20.6C128,35.8,132.3,44.9,89.9,52.5C28.6,63.7,0,0,0,0 h1000c0,0-9.9,40.9-83.6,48.1S829.6,47,766.1,28.9z\"\/>\n<\/svg>\t\t<\/div>\n\t\t\t\t\t<div class=\"elementor-container elementor-column-gap-no\">\n\t\t\t\t\t<div class=\"elementor-column elementor-col-100 elementor-top-column elementor-element elementor-element-0e5296a\" data-id=\"0e5296a\" data-element_type=\"column\" data-e-type=\"column\">\n\t\t\t<div class=\"elementor-widget-wrap elementor-element-populated\">\n\t\t\t\t\t\t<div class=\"elementor-element elementor-element-bd901a5 elementor-widget elementor-widget-heading\" data-id=\"bd901a5\" data-element_type=\"widget\" data-e-type=\"widget\" data-widget_type=\"heading.default\">\n\t\t\t\t<div class=\"elementor-widget-container\">\n\t\t\t\t\t<h1 class=\"elementor-heading-title elementor-size-xxl\">Pedro Jos\u00e9 Refuge<\/h1>\t\t\t\t<\/div>\n\t\t\t\t<\/div>\n\t\t\t\t\t<\/div>\n\t\t<\/div>\n\t\t\t\t\t<\/div>\n\t\t<\/section>\n\t\t\t\t<section class=\"elementor-section elementor-top-section elementor-element elementor-element-f84ba4c elementor-section-boxed elementor-section-height-default elementor-section-height-default\" data-id=\"f84ba4c\" data-element_type=\"section\" data-e-type=\"section\">\n\t\t\t\t\t\t<div class=\"elementor-container elementor-column-gap-default\">\n\t\t\t\t\t<div class=\"elementor-column elementor-col-100 elementor-top-column elementor-element elementor-element-bd9e65c\" data-id=\"bd9e65c\" data-element_type=\"column\" data-e-type=\"column\">\n\t\t\t<div class=\"elementor-widget-wrap elementor-element-populated\">\n\t\t\t\t\t\t<section class=\"elementor-section elementor-inner-section elementor-element elementor-element-f51526f elementor-section-boxed elementor-section-height-default elementor-section-height-default\" data-id=\"f51526f\" data-element_type=\"section\" data-e-type=\"section\">\n\t\t\t\t\t\t<div class=\"elementor-container elementor-column-gap-default\">\n\t\t\t\t\t<div class=\"elementor-column elementor-col-50 elementor-inner-column elementor-element elementor-element-e2575db\" data-id=\"e2575db\" data-element_type=\"column\" data-e-type=\"column\">\n\t\t\t<div class=\"elementor-widget-wrap elementor-element-populated\">\n\t\t\t\t\t\t<div class=\"elementor-element elementor-element-a813ed9 elementor-widget elementor-widget-image\" data-id=\"a813ed9\" data-element_type=\"widget\" data-e-type=\"widget\" data-widget_type=\"image.default\">\n\t\t\t\t<div class=\"elementor-widget-container\">\n\t\t\t\t\t\t\t\t\t\t\t\t\t\t\t<img fetchpriority=\"high\" decoding=\"async\" width=\"800\" height=\"532\" src=\"https:\/\/turismosantjoan.es\/wp-content\/uploads\/2023\/07\/Finca-Pedro-Jose-1024x681-1.jpg\" class=\"attachment-large size-large wp-image-117\" alt=\"\" srcset=\"https:\/\/turismosantjoan.es\/wp-content\/uploads\/2023\/07\/Finca-Pedro-Jose-1024x681-1.jpg 1024w, https:\/\/turismosantjoan.es\/wp-content\/uploads\/2023\/07\/Finca-Pedro-Jose-1024x681-1-300x200.jpg 300w, https:\/\/turismosantjoan.es\/wp-content\/uploads\/2023\/07\/Finca-Pedro-Jose-1024x681-1-768x511.jpg 768w\" sizes=\"(max-width: 800px) 100vw, 800px\" \/>\t\t\t\t\t\t\t\t\t\t\t\t\t\t\t<\/div>\n\t\t\t\t<\/div>\n\t\t\t\t\t<\/div>\n\t\t<\/div>\n\t\t\t\t<div class=\"elementor-column elementor-col-50 elementor-inner-column elementor-element elementor-element-50ca5e3\" data-id=\"50ca5e3\" data-element_type=\"column\" data-e-type=\"column\">\n\t\t\t<div class=\"elementor-widget-wrap elementor-element-populated\">\n\t\t\t\t\t\t<div class=\"elementor-element elementor-element-b72515d elementor-widget elementor-widget-text-editor\" data-id=\"b72515d\" data-element_type=\"widget\" data-e-type=\"widget\" data-widget_type=\"text-editor.default\">\n\t\t\t\t<div class=\"elementor-widget-container\">\n\t\t\t\t\t\t\t\t\t<p align=\"JUSTIFY\">The Pedro Jos\u00c3\u00a9 estate, today the Peace Courts, houses one of the most relevant traces that the Civil War has left on the Alicante landscape: a tunnel-type air-raid shelter that was the protagonist of the final chapter of the conflict.<\/p><p align=\"JUSTIFY\">These types of constructions, thanks to the modification of the cultural heritage law of the Valencian community, are today considered real estate of local relevance, and therefore, are protected. Until not many years ago, these were hidden, but thanks to the work of recovery and dissemination of Historical Memory we can learn about these elements, silent witnesses of the episodes in which they were protagonists.<\/p><p align=\"JUSTIFY\"> <\/p><p align=\"JUSTIFY\"> <\/p>\t\t\t\t\t\t\t\t<\/div>\n\t\t\t\t<\/div>\n\t\t\t\t\t<\/div>\n\t\t<\/div>\n\t\t\t\t\t<\/div>\n\t\t<\/section>\n\t\t\t\t<section class=\"elementor-section elementor-inner-section elementor-element elementor-element-51fe609 elementor-section-boxed elementor-section-height-default elementor-section-height-default\" data-id=\"51fe609\" data-element_type=\"section\" data-e-type=\"section\">\n\t\t\t\t\t\t<div class=\"elementor-container elementor-column-gap-default\">\n\t\t\t\t\t<div class=\"elementor-column elementor-col-50 elementor-inner-column elementor-element elementor-element-2310481\" data-id=\"2310481\" data-element_type=\"column\" data-e-type=\"column\">\n\t\t\t<div class=\"elementor-widget-wrap elementor-element-populated\">\n\t\t\t\t\t\t<div class=\"elementor-element elementor-element-d917be1 elementor-widget elementor-widget-text-editor\" data-id=\"d917be1\" data-element_type=\"widget\" data-e-type=\"widget\" data-widget_type=\"text-editor.default\">\n\t\t\t\t<div class=\"elementor-widget-container\">\n\t\t\t\t\t\t\t\t\t<p>Although the city of Alicante was the target of the bombings due to its status as a republican rearguard city during the conflict, Sant Joan d&#8217;Alacant, as the geographical center of the Alicante Huerta, was an enclave of several private refuges in farms seized by the military. Among these is that of the Finca El Reloj, occupied by General Jos\u00e9 Miaja. Furthermore, Sant Joan d&#8217;Alacant was also the destination of those Alicante residents who, terrified, fled every night taking the tram to spend the night in the neighboring towns of Huerta Alicante, an episode known as &#8220;the column of fear.&#8221;<\/p><p align=\"JUSTIFY\"> <\/p>\t\t\t\t\t\t\t\t<\/div>\n\t\t\t\t<\/div>\n\t\t\t\t\t<\/div>\n\t\t<\/div>\n\t\t\t\t<div class=\"elementor-column elementor-col-50 elementor-inner-column elementor-element elementor-element-4b1d249\" data-id=\"4b1d249\" data-element_type=\"column\" data-e-type=\"column\">\n\t\t\t<div class=\"elementor-widget-wrap elementor-element-populated\">\n\t\t\t\t\t\t<div class=\"elementor-element elementor-element-2537b37 elementor-widget elementor-widget-image\" data-id=\"2537b37\" data-element_type=\"widget\" data-e-type=\"widget\" data-widget_type=\"image.default\">\n\t\t\t\t<div class=\"elementor-widget-container\">\n\t\t\t\t\t\t\t\t\t\t\t\t\t\t\t<img decoding=\"async\" width=\"800\" height=\"570\" src=\"https:\/\/turismosantjoan.es\/wp-content\/uploads\/2023\/07\/refugioPedrojose-1024x729.jpg\" class=\"attachment-large size-large wp-image-384\" alt=\"\" srcset=\"https:\/\/turismosantjoan.es\/wp-content\/uploads\/2023\/07\/refugioPedrojose-1024x729.jpg 1024w, https:\/\/turismosantjoan.es\/wp-content\/uploads\/2023\/07\/refugioPedrojose-300x214.jpg 300w, https:\/\/turismosantjoan.es\/wp-content\/uploads\/2023\/07\/refugioPedrojose-768x547.jpg 768w, https:\/\/turismosantjoan.es\/wp-content\/uploads\/2023\/07\/refugioPedrojose-1536x1094.jpg 1536w, https:\/\/turismosantjoan.es\/wp-content\/uploads\/2023\/07\/refugioPedrojose.jpg 1656w\" sizes=\"(max-width: 800px) 100vw, 800px\" \/>\t\t\t\t\t\t\t\t\t\t\t\t\t\t\t<\/div>\n\t\t\t\t<\/div>\n\t\t\t\t\t<\/div>\n\t\t<\/div>\n\t\t\t\t\t<\/div>\n\t\t<\/section>\n\t\t\t\t\t<\/div>\n\t\t<\/div>\n\t\t\t\t\t<\/div>\n\t\t<\/section>\n\t\t\t\t<section class=\"elementor-section elementor-top-section elementor-element elementor-element-5951614 elementor-section-boxed elementor-section-height-default elementor-section-height-default\" data-id=\"5951614\" data-element_type=\"section\" data-e-type=\"section\">\n\t\t\t\t\t\t<div class=\"elementor-container elementor-column-gap-default\">\n\t\t\t\t\t<div class=\"elementor-column elementor-col-100 elementor-top-column elementor-element elementor-element-fc4f339\" data-id=\"fc4f339\" data-element_type=\"column\" data-e-type=\"column\">\n\t\t\t<div class=\"elementor-widget-wrap elementor-element-populated\">\n\t\t\t\t\t\t<div class=\"elementor-element elementor-element-cd4fb20 elementor-widget elementor-widget-text-editor\" data-id=\"cd4fb20\" data-element_type=\"widget\" data-e-type=\"widget\" data-widget_type=\"text-editor.default\">\n\t\t\t\t<div class=\"elementor-widget-container\">\n\t\t\t\t\t\t\t\t\t<p align=\"JUSTIFY\">The location of the air raid shelter on the Pedro Jos\u00e9 farm has been possible thanks to ethnographic research work. This has allowed us to know that at the beginning of the conflict it was seized from the Ivorra family, who had to move to another property and became the residence of Carabinieri Lieutenant Jos\u00c3\u00a9 Mu\u00c3\u00b1oz Vizca\u00c3\u00adno, who ordered the construction of the air-raid shelter under the house. Among the oral sources consulted, the last owner of the estate, Carmen Ivorra, and the daughter of the estate&#8217;s landlady, Rafaela Baeza Seva, stand out, who made a description of how they remembered the structure and the entries it had.<\/p><p align=\"JUSTIFY\">From this information it was possible to begin the intervention phase in 2016 and 2017 directed through an archaeological action to locate the entrances and excavate them, which has revealed an air raid shelter with three entrances: the first, on the main fa\u00c3\u00a7ade of the House; the second, in the back; and a third that has not yet been located exactly but is known to be connected to the house&#8217;s cellar. This entrance, according to oral sources, was large, and would be the main one. The other two entrances have been excavated, revealing the stairs and the central hallway.<\/p><p align=\"JUSTIFY\">The central room of the shelter has a cupboard and a small shelf. In addition, a barn has been discovered closing the corridor that would connect with the winery. This barn was built in the post-war period, when the Ivorra family returned to the farm. Some elements have also been found that would indicate the presence of lighting inside the shelter.<\/p><p align=\"JUSTIFY\">Beyond its architectural characteristics, this refuge stands out because it was the scene of the last chapter of the Civil War: the change of powers in the Alicante capital, a diplomatic surrender that would seal the end of the conflict. The Falange representative in Alicante, Jos\u00e9 Mallol Alberola, was in charge of negotiating with Carabineros Lieutenant Colonel Jos\u00e9 Mu\u00f1oz Vizca\u00edno to organize a bloodless end to the War in the province. This occurred in the shelter&#8217;s warehouse in a series of interviews between the two. Once the Alicante authorities abandoned the city, Jos\u00c3\u00a9 Mu\u00c3\u00b1oz acquired the position of military governor, the transfer taking place in an office in the capital. Jos\u00c3\u00a9 Mallol, for his part, acquired the position of civil governor, being in command until the troops entered the city. Thanks to Mallol&#8217;s autobiography \u201cLa Estampida\u201d (2000), these historical events have been documented, among other publications of great historical rigor such as the publication by Aldeguer and Santo (1999), \u201cAlicante, 1939\u201d.<\/p><p align=\"JUSTIFY\">In recent years, due to the enhancement of the traces of the defensive and war heritage that have lasted to this day, it has led local rulers to become aware in their locality about the tourist and educational potential that these resources have in the contribution of the symbolic values \u00e2\u20ac\u2039\u00e2\u20ac\u2039identifying a territory. Without a doubt, the Finca Pedro Jos\u00e9 shelter meets this potential in addition to being the only one currently excavated in the municipality. The proposal to enhance and museumize it is, therefore, logical. This proposal seeks to achieve a greater historical understanding and knowledge of the territory shared by Alicante and Sant Joan during the period of the Civil War. Thus, the Pedro Jos\u00e9 refuge would become part of an essential stop on a route on the defensive heritage of the Civil War between both towns in order to offer alternative tourism to the sun and beach so characteristic of the Costa Blanca.<\/p>\t\t\t\t\t\t\t\t<\/div>\n\t\t\t\t<\/div>\n\t\t\t\t\t<\/div>\n\t\t<\/div>\n\t\t\t\t\t<\/div>\n\t\t<\/section>\n\t\t\t\t<\/div>\n\t\t","protected":false},"excerpt":{"rendered":"<p>Pedro Jos\u00e9 Refuge The Pedro Jos\u00c3\u00a9 estate, today the Peace Courts, houses one of the most relevant traces that the Civil War has left on the Alicante landscape: a tunnel-type air-raid shelter that was the protagonist of the final chapter of the conflict. These types of constructions, thanks to the modification of the cultural heritage [&hellip;]<\/p>\n","protected":false},"author":1,"featured_media":0,"parent":0,"menu_order":0,"comment_status":"closed","ping_status":"closed","template":"","meta":{"footnotes":""},"class_list":["post-7539","page","type-page","status-publish","hentry"],"_links":{"self":[{"href":"https:\/\/turismosantjoan.es\/en\/wp-json\/wp\/v2\/pages\/7539","targetHints":{"allow":["GET"]}}],"collection":[{"href":"https:\/\/turismosantjoan.es\/en\/wp-json\/wp\/v2\/pages"}],"about":[{"href":"https:\/\/turismosantjoan.es\/en\/wp-json\/wp\/v2\/types\/page"}],"author":[{"embeddable":true,"href":"https:\/\/turismosantjoan.es\/en\/wp-json\/wp\/v2\/users\/1"}],"replies":[{"embeddable":true,"href":"https:\/\/turismosantjoan.es\/en\/wp-json\/wp\/v2\/comments?post=7539"}],"version-history":[{"count":0,"href":"https:\/\/turismosantjoan.es\/en\/wp-json\/wp\/v2\/pages\/7539\/revisions"}],"wp:attachment":[{"href":"https:\/\/turismosantjoan.es\/en\/wp-json\/wp\/v2\/media?parent=7539"}],"curies":[{"name":"wp","href":"https:\/\/api.w.org\/{rel}","templated":true}]}}