{"id":7557,"date":"2023-07-21T08:57:52","date_gmt":"2023-07-21T08:57:52","guid":{"rendered":"https:\/\/turismo-sj.developersasapglobalsolution.com\/our-archeology\/"},"modified":"2023-09-22T16:18:33","modified_gmt":"2023-09-22T16:18:33","slug":"our-archeology","status":"publish","type":"page","link":"https:\/\/turismosantjoan.es\/en\/our-archeology\/","title":{"rendered":"Our archeology"},"content":{"rendered":"\t\t<div data-elementor-type=\"wp-page\" data-elementor-id=\"7557\" class=\"elementor elementor-7557 elementor-2523\" data-elementor-post-type=\"page\">\n\t\t\t\t\t\t<section class=\"elementor-section elementor-top-section elementor-element elementor-element-99f167a elementor-section-boxed elementor-section-height-default elementor-section-height-default\" data-id=\"99f167a\" data-element_type=\"section\" data-e-type=\"section\" data-settings=\"{&quot;shape_divider_top&quot;:&quot;mountains&quot;,&quot;background_background&quot;:&quot;classic&quot;}\">\n\t\t\t\t\t<div class=\"elementor-shape elementor-shape-top\" aria-hidden=\"true\" data-negative=\"false\">\n\t\t\t<svg xmlns=\"http:\/\/www.w3.org\/2000\/svg\" viewBox=\"0 0 1000 100\" preserveAspectRatio=\"none\">\n\t<path class=\"elementor-shape-fill\" opacity=\"0.33\" d=\"M473,67.3c-203.9,88.3-263.1-34-320.3,0C66,119.1,0,59.7,0,59.7V0h1000v59.7 c0,0-62.1,26.1-94.9,29.3c-32.8,3.3-62.8-12.3-75.8-22.1C806,49.6,745.3,8.7,694.9,4.7S492.4,59,473,67.3z\"\/>\n\t<path class=\"elementor-shape-fill\" opacity=\"0.66\" d=\"M734,67.3c-45.5,0-77.2-23.2-129.1-39.1c-28.6-8.7-150.3-10.1-254,39.1 s-91.7-34.4-149.2,0C115.7,118.3,0,39.8,0,39.8V0h1000v36.5c0,0-28.2-18.5-92.1-18.5C810.2,18.1,775.7,67.3,734,67.3z\"\/>\n\t<path class=\"elementor-shape-fill\" d=\"M766.1,28.9c-200-57.5-266,65.5-395.1,19.5C242,1.8,242,5.4,184.8,20.6C128,35.8,132.3,44.9,89.9,52.5C28.6,63.7,0,0,0,0 h1000c0,0-9.9,40.9-83.6,48.1S829.6,47,766.1,28.9z\"\/>\n<\/svg>\t\t<\/div>\n\t\t\t\t\t<div class=\"elementor-container elementor-column-gap-no\">\n\t\t\t\t\t<div class=\"elementor-column elementor-col-100 elementor-top-column elementor-element elementor-element-26c3a5a\" data-id=\"26c3a5a\" data-element_type=\"column\" data-e-type=\"column\">\n\t\t\t<div class=\"elementor-widget-wrap elementor-element-populated\">\n\t\t\t\t\t\t<div class=\"elementor-element elementor-element-5b370af elementor-widget elementor-widget-heading\" data-id=\"5b370af\" data-element_type=\"widget\" data-e-type=\"widget\" data-widget_type=\"heading.default\">\n\t\t\t\t<div class=\"elementor-widget-container\">\n\t\t\t\t\t<h1 class=\"elementor-heading-title elementor-size-xxl\">Our archeology<\/h1>\t\t\t\t<\/div>\n\t\t\t\t<\/div>\n\t\t\t\t\t<\/div>\n\t\t<\/div>\n\t\t\t\t\t<\/div>\n\t\t<\/section>\n\t\t\t\t<section class=\"elementor-section elementor-top-section elementor-element elementor-element-4d66f5b elementor-section-boxed elementor-section-height-default elementor-section-height-default\" data-id=\"4d66f5b\" data-element_type=\"section\" data-e-type=\"section\">\n\t\t\t\t\t\t<div class=\"elementor-container elementor-column-gap-default\">\n\t\t\t\t\t<div class=\"elementor-column elementor-col-50 elementor-top-column elementor-element elementor-element-70bef9e\" data-id=\"70bef9e\" data-element_type=\"column\" data-e-type=\"column\" data-settings=\"{&quot;background_background&quot;:&quot;classic&quot;}\">\n\t\t\t<div class=\"elementor-widget-wrap elementor-element-populated\">\n\t\t\t\t\t\t<div class=\"elementor-element elementor-element-0e121fb elementor-position-top elementor-widget elementor-widget-image-box\" data-id=\"0e121fb\" data-element_type=\"widget\" data-e-type=\"widget\" data-widget_type=\"image-box.default\">\n\t\t\t\t<div class=\"elementor-widget-container\">\n\t\t\t\t\t<div class=\"elementor-image-box-wrapper\"><figure class=\"elementor-image-box-img\"><img fetchpriority=\"high\" decoding=\"async\" width=\"662\" height=\"495\" src=\"https:\/\/turismosantjoan.es\/wp-content\/uploads\/2023\/08\/Imagen-1.png\" class=\"attachment-full size-full wp-image-5770\" alt=\"\" srcset=\"https:\/\/turismosantjoan.es\/wp-content\/uploads\/2023\/08\/Imagen-1.png 662w, https:\/\/turismosantjoan.es\/wp-content\/uploads\/2023\/08\/Imagen-1-300x224.png 300w\" sizes=\"(max-width: 662px) 100vw, 662px\" \/><\/figure><div class=\"elementor-image-box-content\"><h3 class=\"elementor-image-box-title\">Archaeology in the Orchard<\/h3><p class=\"elementor-image-box-description\">The Parish of San Juan Bautista, the old town, the imposing Torres de la Huerta or the magnificent stately and farm estates, are just an example of the rich heritage of Sant Joan, but the orchard itself, with its system of irrigation ditches, farming, the work techniques used in the field and the traditions of its people are also part of this material and intangible heritage and the history of the town.<\/p><\/div><\/div>\t\t\t\t<\/div>\n\t\t\t\t<\/div>\n\t\t\t\t<div class=\"elementor-element elementor-element-ce58b5f elementor-mobile-align-justify elementor-align-center elementor-widget elementor-widget-button\" data-id=\"ce58b5f\" data-element_type=\"widget\" data-e-type=\"widget\" data-widget_type=\"button.default\">\n\t\t\t\t<div class=\"elementor-widget-container\">\n\t\t\t\t\t\t\t\t\t<div class=\"elementor-button-wrapper\">\n\t\t\t\t\t<a class=\"elementor-button elementor-button-link elementor-size-sm elementor-animation-push\" href=\"https:\/\/turismosantjoan.es\/en\/archaeology-in-the-orchard\/\">\n\t\t\t\t\t\t<span class=\"elementor-button-content-wrapper\">\n\t\t\t\t\t\t\t\t\t<span class=\"elementor-button-text\">Read more<\/span>\n\t\t\t\t\t<\/span>\n\t\t\t\t\t<\/a>\n\t\t\t\t<\/div>\n\t\t\t\t\t\t\t\t<\/div>\n\t\t\t\t<\/div>\n\t\t\t\t\t<\/div>\n\t\t<\/div>\n\t\t\t\t<div class=\"elementor-column elementor-col-50 elementor-top-column elementor-element elementor-element-252b40a\" data-id=\"252b40a\" data-element_type=\"column\" data-e-type=\"column\" data-settings=\"{&quot;background_background&quot;:&quot;classic&quot;}\">\n\t\t\t<div class=\"elementor-widget-wrap elementor-element-populated\">\n\t\t\t\t\t\t<div class=\"elementor-element elementor-element-798efde elementor-position-top elementor-widget elementor-widget-image-box\" data-id=\"798efde\" data-element_type=\"widget\" data-e-type=\"widget\" data-widget_type=\"image-box.default\">\n\t\t\t\t<div class=\"elementor-widget-container\">\n\t\t\t\t\t<div class=\"elementor-image-box-wrapper\"><figure class=\"elementor-image-box-img\"><img decoding=\"async\" width=\"1067\" height=\"800\" src=\"https:\/\/turismosantjoan.es\/wp-content\/uploads\/2023\/07\/TESORILLO-DE-SANT-JOAN-1067x800-1.jpg\" class=\"attachment-full size-full wp-image-379\" alt=\"\" srcset=\"https:\/\/turismosantjoan.es\/wp-content\/uploads\/2023\/07\/TESORILLO-DE-SANT-JOAN-1067x800-1.jpg 1067w, https:\/\/turismosantjoan.es\/wp-content\/uploads\/2023\/07\/TESORILLO-DE-SANT-JOAN-1067x800-1-300x225.jpg 300w, https:\/\/turismosantjoan.es\/wp-content\/uploads\/2023\/07\/TESORILLO-DE-SANT-JOAN-1067x800-1-1024x768.jpg 1024w, https:\/\/turismosantjoan.es\/wp-content\/uploads\/2023\/07\/TESORILLO-DE-SANT-JOAN-1067x800-1-768x576.jpg 768w\" sizes=\"(max-width: 1067px) 100vw, 1067px\" \/><\/figure><div class=\"elementor-image-box-content\"><h3 class=\"elementor-image-box-title\">Treasure of Sant Joan<\/h3><p class=\"elementor-image-box-description\">This extraordinary set of coins from contemporary times was found in our municipality on April 13, 1963. It is the most interesting and important treasure of these characteristics in the province of Alicante due to the richness and attractiveness of its coins, due to the splendid state of conservation of some of them and because it is an excellent example of gold coinage and, above all, of silver that was in circulation in the L'Alacant\u00ed region during the first quarter of the 19th century. Currently, the MARQ (Provincial Archaeological Museum of Alicante) is in charge of its custody.<\/p><\/div><\/div>\t\t\t\t<\/div>\n\t\t\t\t<\/div>\n\t\t\t\t<div class=\"elementor-element elementor-element-75d1324 elementor-mobile-align-justify elementor-align-center elementor-widget elementor-widget-button\" data-id=\"75d1324\" data-element_type=\"widget\" data-e-type=\"widget\" data-widget_type=\"button.default\">\n\t\t\t\t<div class=\"elementor-widget-container\">\n\t\t\t\t\t\t\t\t\t<div class=\"elementor-button-wrapper\">\n\t\t\t\t\t<a class=\"elementor-button elementor-button-link elementor-size-sm elementor-animation-push\" href=\"https:\/\/turismosantjoan.es\/el-tesoro-de-sant-joan-dalacant\/\">\n\t\t\t\t\t\t<span class=\"elementor-button-content-wrapper\">\n\t\t\t\t\t\t\t\t\t<span class=\"elementor-button-text\">Read more<\/span>\n\t\t\t\t\t<\/span>\n\t\t\t\t\t<\/a>\n\t\t\t\t<\/div>\n\t\t\t\t\t\t\t\t<\/div>\n\t\t\t\t<\/div>\n\t\t\t\t\t<\/div>\n\t\t<\/div>\n\t\t\t\t\t<\/div>\n\t\t<\/section>\n\t\t\t\t<section class=\"elementor-section elementor-top-section elementor-element elementor-element-72c5b31 elementor-section-boxed elementor-section-height-default elementor-section-height-default\" data-id=\"72c5b31\" data-element_type=\"section\" data-e-type=\"section\">\n\t\t\t\t\t\t<div class=\"elementor-container elementor-column-gap-default\">\n\t\t\t\t\t<div class=\"elementor-column elementor-col-50 elementor-top-column elementor-element elementor-element-a34957b\" data-id=\"a34957b\" data-element_type=\"column\" data-e-type=\"column\" data-settings=\"{&quot;background_background&quot;:&quot;classic&quot;}\">\n\t\t\t<div class=\"elementor-widget-wrap elementor-element-populated\">\n\t\t\t\t\t\t<div class=\"elementor-element elementor-element-79616b2 elementor-position-top elementor-widget elementor-widget-image-box\" data-id=\"79616b2\" data-element_type=\"widget\" data-e-type=\"widget\" data-widget_type=\"image-box.default\">\n\t\t\t\t<div class=\"elementor-widget-container\">\n\t\t\t\t\t<div class=\"elementor-image-box-wrapper\"><figure class=\"elementor-image-box-img\"><img decoding=\"async\" width=\"1656\" height=\"1179\" src=\"https:\/\/turismosantjoan.es\/wp-content\/uploads\/2023\/07\/refugioPedrojose.jpg\" class=\"attachment-full size-full wp-image-382\" alt=\"\" srcset=\"https:\/\/turismosantjoan.es\/wp-content\/uploads\/2023\/07\/refugioPedrojose.jpg 1656w, https:\/\/turismosantjoan.es\/wp-content\/uploads\/2023\/07\/refugioPedrojose-300x214.jpg 300w, https:\/\/turismosantjoan.es\/wp-content\/uploads\/2023\/07\/refugioPedrojose-1024x729.jpg 1024w, https:\/\/turismosantjoan.es\/wp-content\/uploads\/2023\/07\/refugioPedrojose-768x547.jpg 768w, https:\/\/turismosantjoan.es\/wp-content\/uploads\/2023\/07\/refugioPedrojose-1536x1094.jpg 1536w\" sizes=\"(max-width: 1656px) 100vw, 1656px\" \/><\/figure><div class=\"elementor-image-box-content\"><h3 class=\"elementor-image-box-title\">Pedro Jos\u00e9 Refuge<\/h3><p class=\"elementor-image-box-description\">Currently, the MARQ is in charge of its custody (The Pedro Jos\u00e9 estate was built in the last third of the 19th century and has served as a bourgeois orchard estate. Provincial Archaeological Museum of Alicante). Three generations of the Els Pi\u00f1olets family have lived there. A house that will be inherited by women will become the family home of a renowned military man. At the beginning of the Civil War, it was seized by the then Carabineros Lieutenant Colonel, Jos\u00e9 Mu\u00f1oz Vizca\u00edno. It will be then that an anti-aircraft shelter will be built in the bowels of it, approximately 7 meters deep, which will be the protagonist of the final chapter of the conflict.\n\n<\/p><\/div><\/div>\t\t\t\t<\/div>\n\t\t\t\t<\/div>\n\t\t\t\t<div class=\"elementor-element elementor-element-b3a2128 elementor-mobile-align-justify elementor-align-center elementor-widget elementor-widget-button\" data-id=\"b3a2128\" data-element_type=\"widget\" data-e-type=\"widget\" data-widget_type=\"button.default\">\n\t\t\t\t<div class=\"elementor-widget-container\">\n\t\t\t\t\t\t\t\t\t<div class=\"elementor-button-wrapper\">\n\t\t\t\t\t<a class=\"elementor-button elementor-button-link elementor-size-sm elementor-animation-push\" href=\"https:\/\/turismosantjoan.es\/en\/pedro-jose-refuge\/\">\n\t\t\t\t\t\t<span class=\"elementor-button-content-wrapper\">\n\t\t\t\t\t\t\t\t\t<span class=\"elementor-button-text\">Read more<\/span>\n\t\t\t\t\t<\/span>\n\t\t\t\t\t<\/a>\n\t\t\t\t<\/div>\n\t\t\t\t\t\t\t\t<\/div>\n\t\t\t\t<\/div>\n\t\t\t\t\t<\/div>\n\t\t<\/div>\n\t\t\t\t<div class=\"elementor-column elementor-col-50 elementor-top-column elementor-element elementor-element-1a35761\" data-id=\"1a35761\" data-element_type=\"column\" data-e-type=\"column\" data-settings=\"{&quot;background_background&quot;:&quot;classic&quot;}\">\n\t\t\t<div class=\"elementor-widget-wrap elementor-element-populated\">\n\t\t\t\t\t\t<div class=\"elementor-element elementor-element-384db9a elementor-position-top elementor-widget elementor-widget-image-box\" data-id=\"384db9a\" data-element_type=\"widget\" data-e-type=\"widget\" data-widget_type=\"image-box.default\">\n\t\t\t\t<div class=\"elementor-widget-container\">\n\t\t\t\t\t<div class=\"elementor-image-box-wrapper\"><figure class=\"elementor-image-box-img\"><img loading=\"lazy\" decoding=\"async\" width=\"1024\" height=\"683\" src=\"https:\/\/turismosantjoan.es\/wp-content\/uploads\/2023\/07\/Partidor-del-Toril.jpeg\" class=\"attachment-full size-full wp-image-2526\" alt=\"\" srcset=\"https:\/\/turismosantjoan.es\/wp-content\/uploads\/2023\/07\/Partidor-del-Toril.jpeg 1024w, https:\/\/turismosantjoan.es\/wp-content\/uploads\/2023\/07\/Partidor-del-Toril-300x200.jpeg 300w, https:\/\/turismosantjoan.es\/wp-content\/uploads\/2023\/07\/Partidor-del-Toril-768x512.jpeg 768w\" sizes=\"(max-width: 1024px) 100vw, 1024px\" \/><\/figure><div class=\"elementor-image-box-content\"><h3 class=\"elementor-image-box-title\">Toril Splitter<\/h3><p class=\"elementor-image-box-description\">The Toril splitter (or Turil) \u2013 according to local authors it derives from the Arabic tura which means channel \u2013 was a key element in the irrigation system. Built between the 15th and 16th centuries, probably next to the disappeared defensive tower of Juan Senia, it allowed the flow of the Acequia Mayor to be divided in two and create a main irrigation channel that continued along Calle Mayor and Calle del Carmen as a Sant Joan armband. towards Benimagrell and another secondary road on the left called Brazal de la Moleta towards the lands of Fabraquer watered by the daughters of Moleta de Dins and Fora, among others. The original shape of this splitter was smaller and rectangular, with an edge of ashlars that supported the door and the system that allowed the water to be directed to one side or the other; However, after successive urban reforms the divider was modified as we can see it today.<\/p><\/div><\/div>\t\t\t\t<\/div>\n\t\t\t\t<\/div>\n\t\t\t\t<div class=\"elementor-element elementor-element-478717e elementor-mobile-align-justify elementor-align-center elementor-widget elementor-widget-button\" data-id=\"478717e\" data-element_type=\"widget\" data-e-type=\"widget\" data-widget_type=\"button.default\">\n\t\t\t\t<div class=\"elementor-widget-container\">\n\t\t\t\t\t\t\t\t\t<div class=\"elementor-button-wrapper\">\n\t\t\t\t\t<a class=\"elementor-button elementor-button-link elementor-size-sm elementor-animation-push\" href=\"https:\/\/turismosantjoan.es\/en\/toril-splitter\/\">\n\t\t\t\t\t\t<span class=\"elementor-button-content-wrapper\">\n\t\t\t\t\t\t\t\t\t<span class=\"elementor-button-text\">Read more<\/span>\n\t\t\t\t\t<\/span>\n\t\t\t\t\t<\/a>\n\t\t\t\t<\/div>\n\t\t\t\t\t\t\t\t<\/div>\n\t\t\t\t<\/div>\n\t\t\t\t\t<\/div>\n\t\t<\/div>\n\t\t\t\t\t<\/div>\n\t\t<\/section>\n\t\t\t\t<\/div>\n\t\t","protected":false},"excerpt":{"rendered":"<p>Our archeology Archaeology in the Orchard The Parish of San Juan Bautista, the old town, the imposing Torres de la Huerta or the magnificent stately and farm estates, are just an example of the rich heritage of Sant Joan, but the orchard itself, with its system of irrigation ditches, farming, the work techniques used in [&hellip;]<\/p>\n","protected":false},"author":1,"featured_media":0,"parent":0,"menu_order":0,"comment_status":"closed","ping_status":"closed","template":"","meta":{"footnotes":""},"class_list":["post-7557","page","type-page","status-publish","hentry"],"_links":{"self":[{"href":"https:\/\/turismosantjoan.es\/en\/wp-json\/wp\/v2\/pages\/7557","targetHints":{"allow":["GET"]}}],"collection":[{"href":"https:\/\/turismosantjoan.es\/en\/wp-json\/wp\/v2\/pages"}],"about":[{"href":"https:\/\/turismosantjoan.es\/en\/wp-json\/wp\/v2\/types\/page"}],"author":[{"embeddable":true,"href":"https:\/\/turismosantjoan.es\/en\/wp-json\/wp\/v2\/users\/1"}],"replies":[{"embeddable":true,"href":"https:\/\/turismosantjoan.es\/en\/wp-json\/wp\/v2\/comments?post=7557"}],"version-history":[{"count":0,"href":"https:\/\/turismosantjoan.es\/en\/wp-json\/wp\/v2\/pages\/7557\/revisions"}],"wp:attachment":[{"href":"https:\/\/turismosantjoan.es\/en\/wp-json\/wp\/v2\/media?parent=7557"}],"curies":[{"name":"wp","href":"https:\/\/api.w.org\/{rel}","templated":true}]}}