{"id":7595,"date":"2023-08-03T10:42:46","date_gmt":"2023-08-03T10:42:46","guid":{"rendered":"https:\/\/turismo-sj.developersasapglobalsolution.com\/fogueres-de-sant-joan\/"},"modified":"2023-09-22T17:16:46","modified_gmt":"2023-09-22T17:16:46","slug":"fogueres-de-sant-joan","status":"publish","type":"page","link":"https:\/\/turismosantjoan.es\/en\/fogueres-de-sant-joan\/","title":{"rendered":"Fogueres de Sant Joan"},"content":{"rendered":"\t\t<div data-elementor-type=\"wp-page\" data-elementor-id=\"7595\" class=\"elementor elementor-7595 elementor-4171\" data-elementor-post-type=\"page\">\n\t\t\t\t\t\t<section class=\"elementor-section elementor-top-section elementor-element elementor-element-3414e7ce elementor-section-boxed elementor-section-height-default elementor-section-height-default\" data-id=\"3414e7ce\" data-element_type=\"section\" data-e-type=\"section\" data-settings=\"{&quot;shape_divider_top&quot;:&quot;mountains&quot;,&quot;background_background&quot;:&quot;classic&quot;}\">\n\t\t\t\t\t<div class=\"elementor-shape elementor-shape-top\" aria-hidden=\"true\" data-negative=\"false\">\n\t\t\t<svg xmlns=\"http:\/\/www.w3.org\/2000\/svg\" viewBox=\"0 0 1000 100\" preserveAspectRatio=\"none\">\n\t<path class=\"elementor-shape-fill\" opacity=\"0.33\" d=\"M473,67.3c-203.9,88.3-263.1-34-320.3,0C66,119.1,0,59.7,0,59.7V0h1000v59.7 c0,0-62.1,26.1-94.9,29.3c-32.8,3.3-62.8-12.3-75.8-22.1C806,49.6,745.3,8.7,694.9,4.7S492.4,59,473,67.3z\"\/>\n\t<path class=\"elementor-shape-fill\" opacity=\"0.66\" d=\"M734,67.3c-45.5,0-77.2-23.2-129.1-39.1c-28.6-8.7-150.3-10.1-254,39.1 s-91.7-34.4-149.2,0C115.7,118.3,0,39.8,0,39.8V0h1000v36.5c0,0-28.2-18.5-92.1-18.5C810.2,18.1,775.7,67.3,734,67.3z\"\/>\n\t<path class=\"elementor-shape-fill\" d=\"M766.1,28.9c-200-57.5-266,65.5-395.1,19.5C242,1.8,242,5.4,184.8,20.6C128,35.8,132.3,44.9,89.9,52.5C28.6,63.7,0,0,0,0 h1000c0,0-9.9,40.9-83.6,48.1S829.6,47,766.1,28.9z\"\/>\n<\/svg>\t\t<\/div>\n\t\t\t\t\t<div class=\"elementor-container elementor-column-gap-no\">\n\t\t\t\t\t<div class=\"elementor-column elementor-col-100 elementor-top-column elementor-element elementor-element-76070d75\" data-id=\"76070d75\" data-element_type=\"column\" data-e-type=\"column\">\n\t\t\t<div class=\"elementor-widget-wrap elementor-element-populated\">\n\t\t\t\t\t\t<div class=\"elementor-element elementor-element-637d6cca elementor-widget elementor-widget-heading\" data-id=\"637d6cca\" data-element_type=\"widget\" data-e-type=\"widget\" data-widget_type=\"heading.default\">\n\t\t\t\t<div class=\"elementor-widget-container\">\n\t\t\t\t\t<h1 class=\"elementor-heading-title elementor-size-xxl\">Fogueres de Sant Joan<\/h1>\t\t\t\t<\/div>\n\t\t\t\t<\/div>\n\t\t\t\t\t<\/div>\n\t\t<\/div>\n\t\t\t\t\t<\/div>\n\t\t<\/section>\n\t\t\t\t<section class=\"elementor-section elementor-top-section elementor-element elementor-element-1a4e1fdd elementor-section-boxed elementor-section-height-default elementor-section-height-default\" data-id=\"1a4e1fdd\" data-element_type=\"section\" data-e-type=\"section\">\n\t\t\t\t\t\t<div class=\"elementor-container elementor-column-gap-default\">\n\t\t\t\t\t<div class=\"elementor-column elementor-col-100 elementor-top-column elementor-element elementor-element-62821b48\" data-id=\"62821b48\" data-element_type=\"column\" data-e-type=\"column\">\n\t\t\t<div class=\"elementor-widget-wrap elementor-element-populated\">\n\t\t\t\t\t\t<div class=\"elementor-element elementor-element-42864790 elementor-widget elementor-widget-text-editor\" data-id=\"42864790\" data-element_type=\"widget\" data-e-type=\"widget\" data-widget_type=\"text-editor.default\">\n\t\t\t\t<div class=\"elementor-widget-container\">\n\t\t\t\t\t\t\t\t\t<div class=\"wpb_text_column wpb_content_element \"><div class=\"wpb_wrapper\"><p align=\"JUSTIFY\">The Feast of the Bonfires of Sant Joan are the Patron Saint Festivals of Sant Joan of Alicante, which are celebrated annually between the 20th and 24th of June in honor of San Juan Bautista, the patron saint of the municipality.<\/p><p align=\"JUSTIFY\">This festival has great antiquity in Sant Joan, since, since the Christian conquest, the first church located in the mosque of the Islamic period was dedicated to Saint John the Baptist and the town took this same name. The importance and devotion to Saint John the Baptist goes back a long way, since in the Second Synod of the Diocese of Orihuela held in 1600, the festival of June 24 was granted the status of precept, along with that of the Degollation of Saint Juan of August 29.<\/p><p align=\"JUSTIFY\">The original festival was celebrated with a popular character and included religious acts in honor of the titular saint, among which the procession stood out and also other secular acts typical of popular festivals such as dances, games, parades and other entertainment, these focusing especially on Calle del Mar, where San Juan was considered the patron saint of the street, therefore acquiring the category of &#8216;Sant de Carrer&#8217; here, in addition to being venerated by the entire town.<\/p><p align=\"JUSTIFY\">Furthermore, on the night of San Juan, between June 23 and 24, coinciding with the summer solstice, the gardeners burned wood and old junk in numerous bonfires, symbolizing the transition to the new summer stage, fulfilling an ancestral tradition.<\/p><p align=\"JUSTIFY\">In 1928, in the city of Alicante, coinciding with the festival of San Juan and taking the idea of \u200b\u200btraditional bonfires, the current bonfires began to be celebrated thanks to the impulse of several enthusiasts such as Mr. Jos\u00e9 Mar\u00eda Py.te with the solstice. In the summer, the orchardists burned wood and old junk in numerous bonfires, symbolizing the transition to the new summer stage, fulfilling an ancestral tradition. They were wooden and cardboard monuments made up of ninots, very similar to those of the Valencia Fallas. It was the takeoff of the official festival of the city of Alicante, which in turn caused the decline of the San Juan festivities, which timidly remained with their simple festive events.<\/p><p align=\"JUSTIFY\">However, in 1967 the Alicante custom of bonfires with ninots ended up reaching Sant Joan. That year, some neighbors formed the Pe\u00f1a Bullfighting Club of Palomo Linares, among whom were Mr. Jos\u00e9 Garc\u00eda G\u00e1lvez, president and soul of the festival for many years. With a surplus amount from the club, they decided to fund a party for San Juan&#8217;s Day and set up a bonfire by the artist D. Ram\u00f3n Marco. To carry it out they had the help of the residents of San Antonio Street and Maisonnave Square. A Bellea was also appointed for the festivities, a representative figure of indisputable importance in any fire commission.<\/p><\/div><\/div>\t\t\t\t\t\t\t\t<\/div>\n\t\t\t\t<\/div>\n\t\t\t\t<div class=\"elementor-element elementor-element-c6447f2 elementor-arrows-position-inside elementor-pagination-position-outside elementor-widget elementor-widget-image-carousel\" data-id=\"c6447f2\" data-element_type=\"widget\" data-e-type=\"widget\" data-settings=\"{&quot;slides_to_show&quot;:&quot;1&quot;,&quot;navigation&quot;:&quot;both&quot;,&quot;autoplay&quot;:&quot;yes&quot;,&quot;pause_on_hover&quot;:&quot;yes&quot;,&quot;pause_on_interaction&quot;:&quot;yes&quot;,&quot;autoplay_speed&quot;:5000,&quot;infinite&quot;:&quot;yes&quot;,&quot;effect&quot;:&quot;slide&quot;,&quot;speed&quot;:500}\" data-widget_type=\"image-carousel.default\">\n\t\t\t\t<div class=\"elementor-widget-container\">\n\t\t\t\t\t\t\t<div class=\"elementor-image-carousel-wrapper swiper\" role=\"region\" aria-roledescription=\"carousel\" aria-label=\"Image Carousel\" dir=\"ltr\">\n\t\t\t<div class=\"elementor-image-carousel swiper-wrapper\" aria-live=\"off\">\n\t\t\t\t\t\t\t\t<div class=\"swiper-slide\" role=\"group\" aria-roledescription=\"slide\" aria-label=\"1 of 6\"><figure class=\"swiper-slide-inner\"><img decoding=\"async\" class=\"swiper-slide-image\" src=\"https:\/\/turismosantjoan.es\/wp-content\/uploads\/elementor\/thumbs\/FOTO-CARRUSEL-1-1-qbrll5m73c6di1hn1sicncv5exjvbrmr90ke9ldod0.jpg\" alt=\"FOTO CARRUSEL 1\" \/><\/figure><\/div><div class=\"swiper-slide\" role=\"group\" aria-roledescription=\"slide\" aria-label=\"2 of 6\"><figure class=\"swiper-slide-inner\"><img decoding=\"async\" class=\"swiper-slide-image\" src=\"https:\/\/turismosantjoan.es\/wp-content\/uploads\/elementor\/thumbs\/FOTO-CARRUSEL-2-2-scaled-qbrlld4wm0go2x6ptvrd7ayu60it1cgly1sa3t2iz8.jpg\" alt=\"FOTO CARRUSEL 2\" \/><\/figure><\/div><div class=\"swiper-slide\" role=\"group\" aria-roledescription=\"slide\" aria-label=\"3 of 6\"><figure class=\"swiper-slide-inner\"><img decoding=\"async\" class=\"swiper-slide-image\" src=\"https:\/\/turismosantjoan.es\/wp-content\/uploads\/elementor\/thumbs\/FOTO-CARRUSEL-3-2-scaled-qbrllknm4oqynsvslz0dr92ix3hqqxagn305y0rdlg.jpg\" alt=\"FOTO CARRUSEL 3\" \/><\/figure><\/div><div class=\"swiper-slide\" role=\"group\" aria-roledescription=\"slide\" aria-label=\"4 of 6\"><figure class=\"swiper-slide-inner\"><img decoding=\"async\" class=\"swiper-slide-image\" src=\"https:\/\/turismosantjoan.es\/wp-content\/uploads\/elementor\/thumbs\/FOTO-CARRUSEL-4-2-scaled-qbrllu20113tvwi5332ng6p4uy7evwbs0dj0qsdfv8.jpg\" alt=\"FOTO CARRUSEL 4\" \/><\/figure><\/div><div class=\"swiper-slide\" role=\"group\" aria-roledescription=\"slide\" aria-label=\"5 of 6\"><figure class=\"swiper-slide-inner\"><img decoding=\"async\" class=\"swiper-slide-image\" src=\"https:\/\/turismosantjoan.es\/wp-content\/uploads\/elementor\/thumbs\/FOTO-CARRUSEL-5-2-qbrlm4e847hzfm34epjjpm37e6sg8kgtpspd0ty3ys.jpg\" alt=\"FOTO CARRUSEL 5\" \/><\/figure><\/div><div class=\"swiper-slide\" role=\"group\" aria-roledescription=\"slide\" aria-label=\"6 of 6\"><figure class=\"swiper-slide-inner\"><img decoding=\"async\" class=\"swiper-slide-image\" src=\"https:\/\/turismosantjoan.es\/wp-content\/uploads\/elementor\/thumbs\/FOTO-CARRUSEL-6-1-scaled-qbrlm93f2dof1nwan9kok2wid45ab1zhefysf7r53o.jpg\" alt=\"FOTO CARRUSEL 6\" \/><\/figure><\/div>\t\t\t<\/div>\n\t\t\t\t\t\t\t\t\t\t\t\t<div class=\"elementor-swiper-button elementor-swiper-button-prev\" role=\"button\" tabindex=\"0\">\n\t\t\t\t\t\t<i aria-hidden=\"true\" class=\"eicon-chevron-left\"><\/i>\t\t\t\t\t<\/div>\n\t\t\t\t\t<div class=\"elementor-swiper-button elementor-swiper-button-next\" role=\"button\" tabindex=\"0\">\n\t\t\t\t\t\t<i aria-hidden=\"true\" class=\"eicon-chevron-right\"><\/i>\t\t\t\t\t<\/div>\n\t\t\t\t\n\t\t\t\t\t\t\t\t\t<div class=\"swiper-pagination\"><\/div>\n\t\t\t\t\t\t\t\t\t<\/div>\n\t\t\t\t\t\t<\/div>\n\t\t\t\t<\/div>\n\t\t\t\t<div class=\"elementor-element elementor-element-644cba8 elementor-widget elementor-widget-text-editor\" data-id=\"644cba8\" data-element_type=\"widget\" data-e-type=\"widget\" data-widget_type=\"text-editor.default\">\n\t\t\t\t<div class=\"elementor-widget-container\">\n\t\t\t\t\t\t\t\t\t<div class=\"wpb_text_column wpb_content_element \"><div class=\"wpb_wrapper\"><p align=\"JUSTIFY\">In 1969 the bonfire was formalized as a festive commission and these festivities began to take place with all their events and characteristics. A few years later, the bonfire began to be built by the commission along with the children&#8217;s bonfire that was planted for many years in the market by the neighbors&#8217; hobby. Between the 70s and 80s, the bonfires of the town of Sant Joan lived their years of splendor, generating a great hobby on the part of many residents who planted monuments and barracks in numerous areas. Some neighborhoods such as Navarregui or Canyaret stood out for being especially fogueriles. However, the bonfire festivals declined in favor of the Christ festivals and currently there is only the Plaza Maisonnave Bonfire Commission, originally created in 1969, which currently plants three bonfires: Plaza Maisonnave, the largest and children&#8217;s playground, and Plaza de la Constituci\u00f3n.<\/p><p align=\"JUSTIFY\">Currently the previous events begin with the Presentation of the Llibret and the Election and Coronation of the Belles and Senior and Children Ladies of the festivities, who wear the costume adopted for this celebration, as in the city of Alicante, clothing designed by D. Tom\u00e1s Valc\u00e1rcel Deza after the Civil War. The Bonfire Proclamation and the Fire Parade are also held, with the assistance of commissions from the city of Alicante and the city&#8217;s Bellea del Foc.<\/p><p align=\"JUSTIFY\">The festival begins on June 20 with the bonfire plant. This day it is typical to consume coca amb tonyina and bacores, which are two of the typical products of bonfire days. The Bonfire commission also plants the barracks next to its main monument and there the meals, dinners and the night and day party of these festive days are held.<\/p><p align=\"JUSTIFY\">Throughout these days, the awakenings, parades, and visits of the commission to different places in the municipality take place, also participating in the events that take place in the city of Alicante such as the Entry of Bands and the Offering of Flowers to the Virgen del Remedio, patron saint of the city.<\/p><p align=\"JUSTIFY\">On the 23rd, St. John&#8217;s Eve, the main events of the festivities begin with the evening Offering of Flowers and Fruits to the saint, in which numerous festive entities participate. On the night of the 23rd, traditional San Juan night, the sobaquillo dinner and the old-fashioned bonfire of old junk are celebrated, following the tradition of the orchardists. This bonfire was recovered years ago by the <a href=\"http:\/\/aclloixa.blogspot.com.es\/\">Lloixa Cultural Association<\/a> and brings together a large number of people who come to enjoy the fire and the water that the firefighters throw to put out the flames once they have reached their zenith. After the burning, the party continues at night in the bonfire rac\u00f3.<\/p><p align=\"JUSTIFY\">The 24th begins with the awakening of gunpowder, music and bells. At noon the High Mass of San Juan takes place and after the traditional lunch of this day, the masclet\u00e0 is fired. In the afternoon, the main event is the San Juan procession that runs through the main streets of the municipality accompanied by neighbors and devotees. The image carries, usually tied to one of its hands, a cluster formed by figs, referring to the typical fruit of these dates and to the traditional Valencian saying: \u201cPer Sant Joan bacores, green or ripe, but safe.\u201d<\/p><p align=\"JUSTIFY\">At night, after dinner at the rac\u00f3, the long-awaited crem\u00e0 takes place. The neighbors accompanied by the music band walk through the main streets proceeding to burn the three fire monuments, but not before having saved the pardoned ninots. During the crem\u00e0 there is never a lack of fireworks, the now customary bany\u00e0 to relieve the heat of the flames and the sounds of the bonfire hymn by maestro D. Luis Torregrosa Garc\u00eda.<\/p><\/div><\/div>\t\t\t\t\t\t\t\t<\/div>\n\t\t\t\t<\/div>\n\t\t\t\t\t<\/div>\n\t\t<\/div>\n\t\t\t\t\t<\/div>\n\t\t<\/section>\n\t\t\t\t<section class=\"elementor-section elementor-top-section elementor-element elementor-element-5b995a27 elementor-section-boxed elementor-section-height-default elementor-section-height-default\" data-id=\"5b995a27\" data-element_type=\"section\" data-e-type=\"section\">\n\t\t\t\t\t\t<div class=\"elementor-container elementor-column-gap-default\">\n\t\t\t\t\t<div class=\"elementor-column elementor-col-100 elementor-top-column elementor-element elementor-element-733c4ed6\" data-id=\"733c4ed6\" data-element_type=\"column\" data-e-type=\"column\">\n\t\t\t<div class=\"elementor-widget-wrap elementor-element-populated\">\n\t\t\t\t\t\t<div class=\"elementor-element elementor-element-2c80a83d elementor-widget elementor-widget-heading\" data-id=\"2c80a83d\" data-element_type=\"widget\" data-e-type=\"widget\" data-widget_type=\"heading.default\">\n\t\t\t\t<div class=\"elementor-widget-container\">\n\t\t\t\t\t<h2 class=\"elementor-heading-title elementor-size-default\">Did you know that...?<\/h2>\t\t\t\t<\/div>\n\t\t\t\t<\/div>\n\t\t\t\t<div class=\"elementor-element elementor-element-7667fca9 elementor-widget elementor-widget-text-editor\" data-id=\"7667fca9\" data-element_type=\"widget\" data-e-type=\"widget\" data-widget_type=\"text-editor.default\">\n\t\t\t\t<div class=\"elementor-widget-container\">\n\t\t\t\t\t\t\t\t\t<p align=\"JUSTIFY\">The San Juan Night festival, coinciding with the summer solstice, is one of the most widespread throughout the Mediterranean and part of Europe. It is especially celebrated throughout our geography and has a symbolic and magical character, in which water and fire come together, with numerous rituals taking place around both elements. On our nearby beaches, especially, it is common to find several groups of friends and families who come to dine on the sand and shortly after improvise their bonfires among which they sing, jump, dance and drink.<\/p><p align=\"JUSTIFY\">Saint John the Baptist, second cousin of Christ, is the only saint whose name day is celebrated on the day of his birth, June 24, and not the day of his death, August 29. In Sant Joan d&#8217;Alacant the date of martyrdom, already declared a precept for our people at the beginning of the 17th century, has also been celebrated on many occasions. The well-known festival of Sant Joan el Degollat \u200b\u200bincluded vespers, solemn mass and cloister procession with the artistic image of the head of Saint John placed on a silver tray that traveled under a small red canopy carried by children. In addition, popular dances were performed in honor of the saint. The festival disappeared with the Civil War and was not recovered until 1999 when the bimillennial of the birth of Saint John the Baptist was commemorated. Since then, it has been celebrated on a few occasions.<\/p><p align=\"JUSTIFY\">The main image of Saint John has presided over the main altar of the church since the creation of the temple. One of those that disappeared in the Civil War and that was located in the presbytery was donated by Mr. Juan Maisonnave Cuyatar, who spent the summer on the Villa Marco estate while his brother, Mr. Eleuterio, lived on the beautiful Abril estate. After the civil war, a large one was made for the main altar and another smaller processional one for which the sculptor specified a child and a lamb as models.<\/p>\t\t\t\t\t\t\t\t<\/div>\n\t\t\t\t<\/div>\n\t\t\t\t<div class=\"elementor-element elementor-element-9466d69 elementor-arrows-position-inside elementor-pagination-position-outside elementor-widget elementor-widget-image-carousel\" data-id=\"9466d69\" data-element_type=\"widget\" data-e-type=\"widget\" data-settings=\"{&quot;slides_to_show&quot;:&quot;1&quot;,&quot;navigation&quot;:&quot;both&quot;,&quot;autoplay&quot;:&quot;yes&quot;,&quot;pause_on_hover&quot;:&quot;yes&quot;,&quot;pause_on_interaction&quot;:&quot;yes&quot;,&quot;autoplay_speed&quot;:5000,&quot;infinite&quot;:&quot;yes&quot;,&quot;effect&quot;:&quot;slide&quot;,&quot;speed&quot;:500}\" data-widget_type=\"image-carousel.default\">\n\t\t\t\t<div class=\"elementor-widget-container\">\n\t\t\t\t\t\t\t<div class=\"elementor-image-carousel-wrapper swiper\" role=\"region\" aria-roledescription=\"carousel\" aria-label=\"Image Carousel\" dir=\"ltr\">\n\t\t\t<div class=\"elementor-image-carousel swiper-wrapper\" aria-live=\"off\">\n\t\t\t\t\t\t\t\t<div class=\"swiper-slide\" role=\"group\" aria-roledescription=\"slide\" aria-label=\"1 of 2\"><figure class=\"swiper-slide-inner\"><img decoding=\"async\" class=\"swiper-slide-image\" src=\"https:\/\/turismosantjoan.es\/wp-content\/uploads\/elementor\/thumbs\/FOTO-DE-SUSTITUCION-1-CREMA-DE-LES-FOGUERES-scaled-qbrlmgm4l1ypmjldfctp410747480mtc3h6o9ffzpw.jpg\" alt=\"FOTO DE SUSTITUCI\u00d3N 1 - CREM\u00c1 DE LES FOGUERES\" \/><\/figure><\/div><div class=\"swiper-slide\" role=\"group\" aria-roledescription=\"slide\" aria-label=\"2 of 2\"><figure class=\"swiper-slide-inner\"><img decoding=\"async\" class=\"swiper-slide-image\" src=\"https:\/\/turismosantjoan.es\/wp-content\/uploads\/elementor\/thumbs\/FOTO-DE-SUSTITUCION-2-CREMA-DE-LAS-FOGUERES--scaled-qbrlmuppfki0gp0w50x3nfg40z6q83db5eyygkv34k.jpg\" alt=\"FOTO DE SUSTITUCI\u00d3N 2 - CREM\u00c1 DE LAS FOGUERES\" \/><\/figure><\/div>\t\t\t<\/div>\n\t\t\t\t\t\t\t\t\t\t\t\t<div class=\"elementor-swiper-button elementor-swiper-button-prev\" role=\"button\" tabindex=\"0\">\n\t\t\t\t\t\t<i aria-hidden=\"true\" class=\"eicon-chevron-left\"><\/i>\t\t\t\t\t<\/div>\n\t\t\t\t\t<div class=\"elementor-swiper-button elementor-swiper-button-next\" role=\"button\" tabindex=\"0\">\n\t\t\t\t\t\t<i aria-hidden=\"true\" class=\"eicon-chevron-right\"><\/i>\t\t\t\t\t<\/div>\n\t\t\t\t\n\t\t\t\t\t\t\t\t\t<div class=\"swiper-pagination\"><\/div>\n\t\t\t\t\t\t\t\t\t<\/div>\n\t\t\t\t\t\t<\/div>\n\t\t\t\t<\/div>\n\t\t\t\t\t<\/div>\n\t\t<\/div>\n\t\t\t\t\t<\/div>\n\t\t<\/section>\n\t\t\t\t<\/div>\n\t\t","protected":false},"excerpt":{"rendered":"<p>Fogueres de Sant Joan The Feast of the Bonfires of Sant Joan are the Patron Saint Festivals of Sant Joan of Alicante, which are celebrated annually between the 20th and 24th of June in honor of San Juan Bautista, the patron saint of the municipality. This festival has great antiquity in Sant Joan, since, since [&hellip;]<\/p>\n","protected":false},"author":1,"featured_media":0,"parent":0,"menu_order":0,"comment_status":"closed","ping_status":"closed","template":"","meta":{"footnotes":""},"class_list":["post-7595","page","type-page","status-publish","hentry"],"_links":{"self":[{"href":"https:\/\/turismosantjoan.es\/en\/wp-json\/wp\/v2\/pages\/7595","targetHints":{"allow":["GET"]}}],"collection":[{"href":"https:\/\/turismosantjoan.es\/en\/wp-json\/wp\/v2\/pages"}],"about":[{"href":"https:\/\/turismosantjoan.es\/en\/wp-json\/wp\/v2\/types\/page"}],"author":[{"embeddable":true,"href":"https:\/\/turismosantjoan.es\/en\/wp-json\/wp\/v2\/users\/1"}],"replies":[{"embeddable":true,"href":"https:\/\/turismosantjoan.es\/en\/wp-json\/wp\/v2\/comments?post=7595"}],"version-history":[{"count":0,"href":"https:\/\/turismosantjoan.es\/en\/wp-json\/wp\/v2\/pages\/7595\/revisions"}],"wp:attachment":[{"href":"https:\/\/turismosantjoan.es\/en\/wp-json\/wp\/v2\/media?parent=7595"}],"curies":[{"name":"wp","href":"https:\/\/api.w.org\/{rel}","templated":true}]}}