{"id":7607,"date":"2023-07-24T11:35:19","date_gmt":"2023-07-24T11:35:19","guid":{"rendered":"https:\/\/turismo-sj.developersasapglobalsolution.com\/finca-san-eduardo-or-lampa\/"},"modified":"2023-09-22T17:36:28","modified_gmt":"2023-09-22T17:36:28","slug":"finca-san-eduardo-or-lampa","status":"publish","type":"page","link":"https:\/\/turismosantjoan.es\/en\/finca-san-eduardo-or-lampa\/","title":{"rendered":"Finca San Eduardo or Lampa"},"content":{"rendered":"\t\t<div data-elementor-type=\"wp-page\" data-elementor-id=\"7607\" class=\"elementor elementor-7607 elementor-3181\" data-elementor-post-type=\"page\">\n\t\t\t\t\t\t<section class=\"elementor-section elementor-top-section elementor-element elementor-element-eeadea7 elementor-section-boxed elementor-section-height-default elementor-section-height-default\" data-id=\"eeadea7\" data-element_type=\"section\" data-e-type=\"section\" data-settings=\"{&quot;shape_divider_top&quot;:&quot;mountains&quot;,&quot;background_background&quot;:&quot;classic&quot;}\">\n\t\t\t\t\t<div class=\"elementor-shape elementor-shape-top\" aria-hidden=\"true\" data-negative=\"false\">\n\t\t\t<svg xmlns=\"http:\/\/www.w3.org\/2000\/svg\" viewBox=\"0 0 1000 100\" preserveAspectRatio=\"none\">\n\t<path class=\"elementor-shape-fill\" opacity=\"0.33\" d=\"M473,67.3c-203.9,88.3-263.1-34-320.3,0C66,119.1,0,59.7,0,59.7V0h1000v59.7 c0,0-62.1,26.1-94.9,29.3c-32.8,3.3-62.8-12.3-75.8-22.1C806,49.6,745.3,8.7,694.9,4.7S492.4,59,473,67.3z\"\/>\n\t<path class=\"elementor-shape-fill\" opacity=\"0.66\" d=\"M734,67.3c-45.5,0-77.2-23.2-129.1-39.1c-28.6-8.7-150.3-10.1-254,39.1 s-91.7-34.4-149.2,0C115.7,118.3,0,39.8,0,39.8V0h1000v36.5c0,0-28.2-18.5-92.1-18.5C810.2,18.1,775.7,67.3,734,67.3z\"\/>\n\t<path class=\"elementor-shape-fill\" d=\"M766.1,28.9c-200-57.5-266,65.5-395.1,19.5C242,1.8,242,5.4,184.8,20.6C128,35.8,132.3,44.9,89.9,52.5C28.6,63.7,0,0,0,0 h1000c0,0-9.9,40.9-83.6,48.1S829.6,47,766.1,28.9z\"\/>\n<\/svg>\t\t<\/div>\n\t\t\t\t\t<div class=\"elementor-container elementor-column-gap-no\">\n\t\t\t\t\t<div class=\"elementor-column elementor-col-100 elementor-top-column elementor-element elementor-element-dbb39b6\" data-id=\"dbb39b6\" data-element_type=\"column\" data-e-type=\"column\">\n\t\t\t<div class=\"elementor-widget-wrap elementor-element-populated\">\n\t\t\t\t\t\t<div class=\"elementor-element elementor-element-2f8cf63 elementor-widget elementor-widget-heading\" data-id=\"2f8cf63\" data-element_type=\"widget\" data-e-type=\"widget\" data-widget_type=\"heading.default\">\n\t\t\t\t<div class=\"elementor-widget-container\">\n\t\t\t\t\t<h1 class=\"elementor-heading-title elementor-size-xxl\">Finca San Eduardo or Lampa<\/h1>\t\t\t\t<\/div>\n\t\t\t\t<\/div>\n\t\t\t\t\t<\/div>\n\t\t<\/div>\n\t\t\t\t\t<\/div>\n\t\t<\/section>\n\t\t\t\t<section class=\"elementor-section elementor-top-section elementor-element elementor-element-656e769 elementor-section-boxed elementor-section-height-default elementor-section-height-default\" data-id=\"656e769\" data-element_type=\"section\" data-e-type=\"section\">\n\t\t\t\t\t\t<div class=\"elementor-container elementor-column-gap-default\">\n\t\t\t\t\t<div class=\"elementor-column elementor-col-100 elementor-top-column elementor-element elementor-element-45ad05a\" data-id=\"45ad05a\" data-element_type=\"column\" data-e-type=\"column\">\n\t\t\t<div class=\"elementor-widget-wrap elementor-element-populated\">\n\t\t\t\t\t\t<div class=\"elementor-element elementor-element-b9fa57e elementor-widget elementor-widget-google_maps\" data-id=\"b9fa57e\" data-element_type=\"widget\" data-e-type=\"widget\" data-widget_type=\"google_maps.default\">\n\t\t\t\t<div class=\"elementor-widget-container\">\n\t\t\t\t\t\t\t<div class=\"elementor-custom-embed\">\n\t\t\t<iframe loading=\"lazy\"\n\t\t\t\t\tsrc=\"https:\/\/maps.google.com\/maps?q=%2038.404901%2C%20-0.428157&#038;t=m&#038;z=15&#038;output=embed&#038;iwloc=near\"\n\t\t\t\t\ttitle=\" 38.404901, -0.428157\"\n\t\t\t\t\taria-label=\" 38.404901, -0.428157\"\n\t\t\t><\/iframe>\n\t\t<\/div>\n\t\t\t\t\t\t<\/div>\n\t\t\t\t<\/div>\n\t\t\t\t\t<\/div>\n\t\t<\/div>\n\t\t\t\t\t<\/div>\n\t\t<\/section>\n\t\t\t\t<section class=\"elementor-section elementor-top-section elementor-element elementor-element-7fe0a2d elementor-section-boxed elementor-section-height-default elementor-section-height-default\" data-id=\"7fe0a2d\" data-element_type=\"section\" data-e-type=\"section\">\n\t\t\t\t\t\t<div class=\"elementor-container elementor-column-gap-default\">\n\t\t\t\t\t<div class=\"elementor-column elementor-col-100 elementor-top-column elementor-element elementor-element-815adfb\" data-id=\"815adfb\" data-element_type=\"column\" data-e-type=\"column\">\n\t\t\t<div class=\"elementor-widget-wrap elementor-element-populated\">\n\t\t\t\t\t\t<div class=\"elementor-element elementor-element-8028d7d elementor-widget elementor-widget-text-editor\" data-id=\"8028d7d\" data-element_type=\"widget\" data-e-type=\"widget\" data-widget_type=\"text-editor.default\">\n\t\t\t\t<div class=\"elementor-widget-container\">\n\t\t\t\t\t\t\t\t\t<div class=\"wpb_text_column wpb_content_element \"><div class=\"wpb_wrapper\"><p align=\"JUSTIFY\"><a href=\"https:\/\/dialnet.unirioja.es\/servlet\/autor?codigo=98946\">San Eduardo<\/a> presents a very sober composition, with an arrangement of regular openings on the main fa\u00e7ade, facing east. On that fa\u00e7ade there are three small balconies with stone overhangs and square wrought iron railings. The top of the fa\u00e7ade is crowned by a cornice with moldings on which the channel rests. On the north side, we observe the presence of the tower while on the south side, there is a terrace on the bedroom floor. The three-sided roof finished in curved tiles stands out. The west fa\u00e7ade faces a path that separates the <a href=\"https:\/\/www.turismosantjoan.es\/?page_id=99993676\">Palmeretes estate<\/a>.<\/p><p align=\"JUSTIFY\"><a href=\"http:\/\/rua.ua.es\/dspace\/handle\/10045\/66648\">Finca San Eduardo<\/a> marks the end of the <a href=\"https:\/\/www.turismosantjoan.es\/?page_id=99994527\">Camino de Palmeretes<\/a>. Following the same path along the Campet road, you crossed the fields and the <strong>Cuatre Camins<\/strong> enclave until you reached the beach. Historically, both roads, along with what is now Secretary Basilio Sala Street, had a single nickname, <strong>the Cam\u00ed de la Alquer\u00eda del Canonge<\/strong>, which extended to the <a href=\"https:\/\/www.turismosantjoan.es\/?page_id=99992696\"><strong>Ansaldo farm.<\/strong><\/a> The path is still usable today thanks to a pedestrian walkway that crosses the national highway. The conversion of the N-332 into an urban avenue, Miguel Hern\u00e1ndez Avenue, is planned, which will involve the elimination of walkways and the creation of appropriate crossings for pedestrians and cyclists, as well as a comprehensive improvement of the road&#8217;s image. When the reform is addressed, the link between Sant Joan and Fabraquer Sur will be re-sewn. With this, Sant Joan d&#8217;Alacant will recover its relationship with its old countryside and with what was once its beach.<\/p><\/div><\/div>\t\t\t\t\t\t\t\t<\/div>\n\t\t\t\t<\/div>\n\t\t\t\t\t<\/div>\n\t\t<\/div>\n\t\t\t\t\t<\/div>\n\t\t<\/section>\n\t\t\t\t<\/div>\n\t\t","protected":false},"excerpt":{"rendered":"<p>Finca San Eduardo or Lampa San Eduardo presents a very sober composition, with an arrangement of regular openings on the main fa\u00e7ade, facing east. On that fa\u00e7ade there are three small balconies with stone overhangs and square wrought iron railings. The top of the fa\u00e7ade is crowned by a cornice with moldings on which the [&hellip;]<\/p>\n","protected":false},"author":1,"featured_media":0,"parent":0,"menu_order":0,"comment_status":"closed","ping_status":"closed","template":"","meta":{"footnotes":""},"class_list":["post-7607","page","type-page","status-publish","hentry"],"_links":{"self":[{"href":"https:\/\/turismosantjoan.es\/en\/wp-json\/wp\/v2\/pages\/7607","targetHints":{"allow":["GET"]}}],"collection":[{"href":"https:\/\/turismosantjoan.es\/en\/wp-json\/wp\/v2\/pages"}],"about":[{"href":"https:\/\/turismosantjoan.es\/en\/wp-json\/wp\/v2\/types\/page"}],"author":[{"embeddable":true,"href":"https:\/\/turismosantjoan.es\/en\/wp-json\/wp\/v2\/users\/1"}],"replies":[{"embeddable":true,"href":"https:\/\/turismosantjoan.es\/en\/wp-json\/wp\/v2\/comments?post=7607"}],"version-history":[{"count":0,"href":"https:\/\/turismosantjoan.es\/en\/wp-json\/wp\/v2\/pages\/7607\/revisions"}],"wp:attachment":[{"href":"https:\/\/turismosantjoan.es\/en\/wp-json\/wp\/v2\/media?parent=7607"}],"curies":[{"name":"wp","href":"https:\/\/api.w.org\/{rel}","templated":true}]}}