{"id":7617,"date":"2023-07-25T09:06:52","date_gmt":"2023-07-25T09:06:52","guid":{"rendered":"https:\/\/turismo-sj.developersasapglobalsolution.com\/manzaneta-estate\/"},"modified":"2023-09-22T17:49:36","modified_gmt":"2023-09-22T17:49:36","slug":"manzaneta-estate","status":"publish","type":"page","link":"https:\/\/turismosantjoan.es\/en\/manzaneta-estate\/","title":{"rendered":"Manzaneta Estate"},"content":{"rendered":"\t\t<div data-elementor-type=\"wp-page\" data-elementor-id=\"7617\" class=\"elementor elementor-7617 elementor-3436\" data-elementor-post-type=\"page\">\n\t\t\t\t\t\t<section class=\"elementor-section elementor-top-section elementor-element elementor-element-db3dc28 elementor-section-boxed elementor-section-height-default elementor-section-height-default\" data-id=\"db3dc28\" data-element_type=\"section\" data-e-type=\"section\" data-settings=\"{&quot;shape_divider_top&quot;:&quot;mountains&quot;,&quot;background_background&quot;:&quot;classic&quot;}\">\n\t\t\t\t\t<div class=\"elementor-shape elementor-shape-top\" aria-hidden=\"true\" data-negative=\"false\">\n\t\t\t<svg xmlns=\"http:\/\/www.w3.org\/2000\/svg\" viewBox=\"0 0 1000 100\" preserveAspectRatio=\"none\">\n\t<path class=\"elementor-shape-fill\" opacity=\"0.33\" d=\"M473,67.3c-203.9,88.3-263.1-34-320.3,0C66,119.1,0,59.7,0,59.7V0h1000v59.7 c0,0-62.1,26.1-94.9,29.3c-32.8,3.3-62.8-12.3-75.8-22.1C806,49.6,745.3,8.7,694.9,4.7S492.4,59,473,67.3z\"\/>\n\t<path class=\"elementor-shape-fill\" opacity=\"0.66\" d=\"M734,67.3c-45.5,0-77.2-23.2-129.1-39.1c-28.6-8.7-150.3-10.1-254,39.1 s-91.7-34.4-149.2,0C115.7,118.3,0,39.8,0,39.8V0h1000v36.5c0,0-28.2-18.5-92.1-18.5C810.2,18.1,775.7,67.3,734,67.3z\"\/>\n\t<path class=\"elementor-shape-fill\" d=\"M766.1,28.9c-200-57.5-266,65.5-395.1,19.5C242,1.8,242,5.4,184.8,20.6C128,35.8,132.3,44.9,89.9,52.5C28.6,63.7,0,0,0,0 h1000c0,0-9.9,40.9-83.6,48.1S829.6,47,766.1,28.9z\"\/>\n<\/svg>\t\t<\/div>\n\t\t\t\t\t<div class=\"elementor-container elementor-column-gap-no\">\n\t\t\t\t\t<div class=\"elementor-column elementor-col-100 elementor-top-column elementor-element elementor-element-3192feef\" data-id=\"3192feef\" data-element_type=\"column\" data-e-type=\"column\">\n\t\t\t<div class=\"elementor-widget-wrap elementor-element-populated\">\n\t\t\t\t\t\t<div class=\"elementor-element elementor-element-7e01cbd1 elementor-widget elementor-widget-heading\" data-id=\"7e01cbd1\" data-element_type=\"widget\" data-e-type=\"widget\" data-widget_type=\"heading.default\">\n\t\t\t\t<div class=\"elementor-widget-container\">\n\t\t\t\t\t<h1 class=\"elementor-heading-title elementor-size-xxl\">Manzaneta Estate<\/h1>\t\t\t\t<\/div>\n\t\t\t\t<\/div>\n\t\t\t\t\t<\/div>\n\t\t<\/div>\n\t\t\t\t\t<\/div>\n\t\t<\/section>\n\t\t\t\t<section class=\"elementor-section elementor-top-section elementor-element elementor-element-1e7330c2 elementor-section-boxed elementor-section-height-default elementor-section-height-default\" data-id=\"1e7330c2\" data-element_type=\"section\" data-e-type=\"section\">\n\t\t\t\t\t\t<div class=\"elementor-container elementor-column-gap-default\">\n\t\t\t\t\t<div class=\"elementor-column elementor-col-100 elementor-top-column elementor-element elementor-element-7915df27\" data-id=\"7915df27\" data-element_type=\"column\" data-e-type=\"column\">\n\t\t\t<div class=\"elementor-widget-wrap elementor-element-populated\">\n\t\t\t\t\t\t<div class=\"elementor-element elementor-element-2b234333 elementor-widget elementor-widget-google_maps\" data-id=\"2b234333\" data-element_type=\"widget\" data-e-type=\"widget\" data-widget_type=\"google_maps.default\">\n\t\t\t\t<div class=\"elementor-widget-container\">\n\t\t\t\t\t\t\t<div class=\"elementor-custom-embed\">\n\t\t\t<iframe loading=\"lazy\"\n\t\t\t\t\tsrc=\"https:\/\/maps.google.com\/maps?q=C.%20Hern%C3%A1n%20Cort%C3%A9s%2C%2049%2C%2003550%20San%20Juan%20de%20Alicante%2C%20Alicante%2C%20Espa%C3%B1a&#038;t=m&#038;z=10&#038;output=embed&#038;iwloc=near\"\n\t\t\t\t\ttitle=\"C. Hern\u00e1n Cort\u00e9s, 49, 03550 San Juan de Alicante, Alicante, Espa\u00f1a\"\n\t\t\t\t\taria-label=\"C. Hern\u00e1n Cort\u00e9s, 49, 03550 San Juan de Alicante, Alicante, Espa\u00f1a\"\n\t\t\t><\/iframe>\n\t\t<\/div>\n\t\t\t\t\t\t<\/div>\n\t\t\t\t<\/div>\n\t\t\t\t\t<\/div>\n\t\t<\/div>\n\t\t\t\t\t<\/div>\n\t\t<\/section>\n\t\t\t\t<section class=\"elementor-section elementor-top-section elementor-element elementor-element-5ec673d6 elementor-section-boxed elementor-section-height-default elementor-section-height-default\" data-id=\"5ec673d6\" data-element_type=\"section\" data-e-type=\"section\">\n\t\t\t\t\t\t<div class=\"elementor-container elementor-column-gap-default\">\n\t\t\t\t\t<div class=\"elementor-column elementor-col-100 elementor-top-column elementor-element elementor-element-682f61d1\" data-id=\"682f61d1\" data-element_type=\"column\" data-e-type=\"column\">\n\t\t\t<div class=\"elementor-widget-wrap elementor-element-populated\">\n\t\t\t\t\t\t<div class=\"elementor-element elementor-element-48e31a09 elementor-widget elementor-widget-text-editor\" data-id=\"48e31a09\" data-element_type=\"widget\" data-e-type=\"widget\" data-widget_type=\"text-editor.default\">\n\t\t\t\t<div class=\"elementor-widget-container\">\n\t\t\t\t\t\t\t\t\t<p align=\"JUSTIFY\"><a href=\"http:\/\/rua.ua.es\/dspace\/handle\/10045\/66648\">The complex is made up<\/a> of various free-standing buildings. <a href=\"http:\/\/www.academia.edu\/17595632\/Un_paseo_por_la_arquitectura_residencial_del_siglo_XIX_de_Alicante\">The main construction<\/a> houses the house, which sits on a plinth. It consists of a basement and two floors with well differentiated uses. On the ground floor there are rooms intended for social uses, while on the second floor we find the bedrooms where private life takes place. On the top floor, between the trusses of the structure that supports the roof, a chamber was installed. The roofs, made of flat, hipped tiles, have a strong inclination.<\/p><p align=\"JUSTIFY\">The exterior appearance of the mansion has a very unitary configuration, with great homogeneity in the work of its facades. The composition of the house is developed through a prism with a three-sided roof. The volume is subdivided by attaching to the north, south and east facades, two bodies as a viewpoint. In addition, the south doorway has a continuous balcony.<\/p><p align=\"JUSTIFY\">In addition, two minor buildings stand out on the property. On the one hand we could be looking at what was originally the landlord&#8217;s home, later converted into a service house. This construction has two floors with flooring and carpentry typical of the traditional Huerta, which suggests an older origin. On the other hand, we find a small free-standing neo-Gothic style chapel.<\/p><p align=\"JUSTIFY\">In the complex there is an important iconography of modernist influence, as shown by the treatment of the inclined flat tile roofs, decorated with a typical Alicante cresting. Also noteworthy are the joint covers and blind covers, the balcony sills, the cast iron railings and the fencing of the openings.<\/p><p align=\"JUSTIFY\"><strong>Did you know that&#8230;?<\/strong><\/p><p align=\"JUSTIFY\">The Manzaneta farm was owned by <strong>Mr. Antonio Campos y Domenech (1809-1887) and his wife Mrs. Juana Carrera Bell\u00f3n.<\/strong> Their son, <strong>Mr. Guillermo<\/strong>, was co-founder of the first electrical company in Alicante called <a href=\"http:\/\/rua.ua.es\/dspace\/handle\/10045\/3528\"><strong>Prytz<\/strong> <strong>&amp; Campos Collective Society, created in 1891.<\/strong><\/a> Together with Mr. Hugo Prytz Carter \u2013 owner of the <a href=\"https:\/\/www.turismosantjoan.es\/?page_id=99995142\">Prytz House<\/a> \u2013 who contributed in equal parts an initial capital of 100,000 pesetas. This waste shows the socioeconomic level that the aforementioned representatives had. Starting in 1900, Mr. Guillermo Campos lived on the Manzaneta farm with his wife <strong>Mrs. Clementina Greetings Vassallo<\/strong>, whose family owned large urban properties and rural farms in the Los Angeles neighborhood of Alicante.<\/p><p align=\"JUSTIFY\"><strong>Mrs. Juana Carreras Bell\u00f3n<\/strong> She was a woman of intense charitable work. In 1869, he was part of the Charity Board. From that institution, he influenced the improvement of the functioning of the Provincial Maternity and Foundling Home for Orphans and Homeless of Alicante. In the first decades of the 20th century, the farm belonged to Mr. Guillermo Campos. During the Civil War, it was a nursery school for the University School Foundation (FUE).<\/p><p align=\"JUSTIFY\">Only a small part of the <a href=\"https:\/\/dialnet.unirioja.es\/servlet\/autor?codigo=98946\">original garden<\/a> remains. It is made up of a walkway hidden between iron structures covered with vines. The rest of the garden areas currently constitute a beautiful municipal park, articulated by walkways that make up the flower beds. Various benches and ceramic planters stand out. But without a doubt the most interesting elements of the park are its monumental trees, such as its dragon tree, its palmettos and two ficuses, which are more than a century old.<\/p>\t\t\t\t\t\t\t\t<\/div>\n\t\t\t\t<\/div>\n\t\t\t\t\t<\/div>\n\t\t<\/div>\n\t\t\t\t\t<\/div>\n\t\t<\/section>\n\t\t\t\t<section class=\"elementor-section elementor-top-section elementor-element elementor-element-755a1eaf elementor-section-boxed elementor-section-height-default elementor-section-height-default\" data-id=\"755a1eaf\" data-element_type=\"section\" data-e-type=\"section\">\n\t\t\t\t\t\t<div class=\"elementor-container elementor-column-gap-default\">\n\t\t\t\t\t<div class=\"elementor-column elementor-col-100 elementor-top-column elementor-element elementor-element-35100d2\" data-id=\"35100d2\" data-element_type=\"column\" data-e-type=\"column\">\n\t\t\t<div class=\"elementor-widget-wrap elementor-element-populated\">\n\t\t\t\t\t\t<div class=\"elementor-element elementor-element-53c842e9 elementor-arrows-position-inside elementor-pagination-position-outside elementor-widget elementor-widget-image-carousel\" data-id=\"53c842e9\" data-element_type=\"widget\" data-e-type=\"widget\" data-settings=\"{&quot;slides_to_show&quot;:&quot;1&quot;,&quot;navigation&quot;:&quot;both&quot;,&quot;autoplay&quot;:&quot;yes&quot;,&quot;pause_on_hover&quot;:&quot;yes&quot;,&quot;pause_on_interaction&quot;:&quot;yes&quot;,&quot;autoplay_speed&quot;:5000,&quot;infinite&quot;:&quot;yes&quot;,&quot;effect&quot;:&quot;slide&quot;,&quot;speed&quot;:500}\" data-widget_type=\"image-carousel.default\">\n\t\t\t\t<div class=\"elementor-widget-container\">\n\t\t\t\t\t\t\t<div class=\"elementor-image-carousel-wrapper swiper\" role=\"region\" aria-roledescription=\"carousel\" aria-label=\"Image Carousel\" dir=\"ltr\">\n\t\t\t<div class=\"elementor-image-carousel swiper-wrapper\" aria-live=\"off\">\n\t\t\t\t\t\t\t\t<div class=\"swiper-slide\" role=\"group\" aria-roledescription=\"slide\" aria-label=\"1 of 6\"><figure class=\"swiper-slide-inner\"><img decoding=\"async\" class=\"swiper-slide-image\" src=\"https:\/\/turismosantjoan.es\/wp-content\/uploads\/2023\/07\/finca-manzaneta-1.jpeg\" alt=\"finca-manzaneta 1\" \/><\/figure><\/div><div class=\"swiper-slide\" role=\"group\" aria-roledescription=\"slide\" aria-label=\"2 of 6\"><figure class=\"swiper-slide-inner\"><img decoding=\"async\" class=\"swiper-slide-image\" src=\"https:\/\/turismosantjoan.es\/wp-content\/uploads\/2023\/07\/finca-manzaneta-2.jpeg\" alt=\"finca-manzaneta 2\" \/><\/figure><\/div><div class=\"swiper-slide\" role=\"group\" aria-roledescription=\"slide\" aria-label=\"3 of 6\"><figure class=\"swiper-slide-inner\"><img decoding=\"async\" class=\"swiper-slide-image\" src=\"https:\/\/turismosantjoan.es\/wp-content\/uploads\/2023\/07\/finca-manzaneta-3.jpeg\" alt=\"finca-manzaneta 3\" \/><\/figure><\/div><div class=\"swiper-slide\" role=\"group\" aria-roledescription=\"slide\" aria-label=\"4 of 6\"><figure class=\"swiper-slide-inner\"><img decoding=\"async\" class=\"swiper-slide-image\" src=\"https:\/\/turismosantjoan.es\/wp-content\/uploads\/2023\/07\/finca-manzaneta-4.jpeg\" alt=\"finca-manzaneta 4\" \/><\/figure><\/div><div class=\"swiper-slide\" role=\"group\" aria-roledescription=\"slide\" aria-label=\"5 of 6\"><figure class=\"swiper-slide-inner\"><img decoding=\"async\" class=\"swiper-slide-image\" src=\"https:\/\/turismosantjoan.es\/wp-content\/uploads\/2023\/07\/finca-manzaneta-5.gif\" alt=\"finca-manzaneta 5\" \/><\/figure><\/div><div class=\"swiper-slide\" role=\"group\" aria-roledescription=\"slide\" aria-label=\"6 of 6\"><figure class=\"swiper-slide-inner\"><img decoding=\"async\" class=\"swiper-slide-image\" src=\"https:\/\/turismosantjoan.es\/wp-content\/uploads\/2023\/07\/finca-manzaneta-6.gif\" alt=\"finca-manzaneta 6\" \/><\/figure><\/div>\t\t\t<\/div>\n\t\t\t\t\t\t\t\t\t\t\t\t<div class=\"elementor-swiper-button elementor-swiper-button-prev\" role=\"button\" tabindex=\"0\">\n\t\t\t\t\t\t<i aria-hidden=\"true\" class=\"eicon-chevron-left\"><\/i>\t\t\t\t\t<\/div>\n\t\t\t\t\t<div class=\"elementor-swiper-button elementor-swiper-button-next\" role=\"button\" tabindex=\"0\">\n\t\t\t\t\t\t<i aria-hidden=\"true\" class=\"eicon-chevron-right\"><\/i>\t\t\t\t\t<\/div>\n\t\t\t\t\n\t\t\t\t\t\t\t\t\t<div class=\"swiper-pagination\"><\/div>\n\t\t\t\t\t\t\t\t\t<\/div>\n\t\t\t\t\t\t<\/div>\n\t\t\t\t<\/div>\n\t\t\t\t\t<\/div>\n\t\t<\/div>\n\t\t\t\t\t<\/div>\n\t\t<\/section>\n\t\t\t\t<\/div>\n\t\t","protected":false},"excerpt":{"rendered":"<p>Manzaneta Estate The complex is made up of various free-standing buildings. The main construction houses the house, which sits on a plinth. It consists of a basement and two floors with well differentiated uses. On the ground floor there are rooms intended for social uses, while on the second floor we find the bedrooms where [&hellip;]<\/p>\n","protected":false},"author":1,"featured_media":0,"parent":0,"menu_order":0,"comment_status":"closed","ping_status":"closed","template":"","meta":{"footnotes":""},"class_list":["post-7617","page","type-page","status-publish","hentry"],"_links":{"self":[{"href":"https:\/\/turismosantjoan.es\/en\/wp-json\/wp\/v2\/pages\/7617","targetHints":{"allow":["GET"]}}],"collection":[{"href":"https:\/\/turismosantjoan.es\/en\/wp-json\/wp\/v2\/pages"}],"about":[{"href":"https:\/\/turismosantjoan.es\/en\/wp-json\/wp\/v2\/types\/page"}],"author":[{"embeddable":true,"href":"https:\/\/turismosantjoan.es\/en\/wp-json\/wp\/v2\/users\/1"}],"replies":[{"embeddable":true,"href":"https:\/\/turismosantjoan.es\/en\/wp-json\/wp\/v2\/comments?post=7617"}],"version-history":[{"count":0,"href":"https:\/\/turismosantjoan.es\/en\/wp-json\/wp\/v2\/pages\/7617\/revisions"}],"wp:attachment":[{"href":"https:\/\/turismosantjoan.es\/en\/wp-json\/wp\/v2\/media?parent=7617"}],"curies":[{"name":"wp","href":"https:\/\/api.w.org\/{rel}","templated":true}]}}