{"id":7646,"date":"2023-07-25T08:47:09","date_gmt":"2023-07-25T08:47:09","guid":{"rendered":"https:\/\/turismo-sj.developersasapglobalsolution.com\/capucho-estate\/"},"modified":"2023-09-22T18:29:30","modified_gmt":"2023-09-22T18:29:30","slug":"capucho-estate","status":"publish","type":"page","link":"https:\/\/turismosantjoan.es\/en\/capucho-estate\/","title":{"rendered":"Capucho Estate"},"content":{"rendered":"\t\t<div data-elementor-type=\"wp-page\" data-elementor-id=\"7646\" class=\"elementor elementor-7646 elementor-3376\" data-elementor-post-type=\"page\">\n\t\t\t\t\t\t<section class=\"elementor-section elementor-top-section elementor-element elementor-element-4a70a0e4 elementor-section-boxed elementor-section-height-default elementor-section-height-default\" data-id=\"4a70a0e4\" data-element_type=\"section\" data-e-type=\"section\" data-settings=\"{&quot;shape_divider_top&quot;:&quot;mountains&quot;,&quot;background_background&quot;:&quot;classic&quot;}\">\n\t\t\t\t\t<div class=\"elementor-shape elementor-shape-top\" aria-hidden=\"true\" data-negative=\"false\">\n\t\t\t<svg xmlns=\"http:\/\/www.w3.org\/2000\/svg\" viewBox=\"0 0 1000 100\" preserveAspectRatio=\"none\">\n\t<path class=\"elementor-shape-fill\" opacity=\"0.33\" d=\"M473,67.3c-203.9,88.3-263.1-34-320.3,0C66,119.1,0,59.7,0,59.7V0h1000v59.7 c0,0-62.1,26.1-94.9,29.3c-32.8,3.3-62.8-12.3-75.8-22.1C806,49.6,745.3,8.7,694.9,4.7S492.4,59,473,67.3z\"\/>\n\t<path class=\"elementor-shape-fill\" opacity=\"0.66\" d=\"M734,67.3c-45.5,0-77.2-23.2-129.1-39.1c-28.6-8.7-150.3-10.1-254,39.1 s-91.7-34.4-149.2,0C115.7,118.3,0,39.8,0,39.8V0h1000v36.5c0,0-28.2-18.5-92.1-18.5C810.2,18.1,775.7,67.3,734,67.3z\"\/>\n\t<path class=\"elementor-shape-fill\" d=\"M766.1,28.9c-200-57.5-266,65.5-395.1,19.5C242,1.8,242,5.4,184.8,20.6C128,35.8,132.3,44.9,89.9,52.5C28.6,63.7,0,0,0,0 h1000c0,0-9.9,40.9-83.6,48.1S829.6,47,766.1,28.9z\"\/>\n<\/svg>\t\t<\/div>\n\t\t\t\t\t<div class=\"elementor-container elementor-column-gap-no\">\n\t\t\t\t\t<div class=\"elementor-column elementor-col-100 elementor-top-column elementor-element elementor-element-1fae2ad0\" data-id=\"1fae2ad0\" data-element_type=\"column\" data-e-type=\"column\">\n\t\t\t<div class=\"elementor-widget-wrap elementor-element-populated\">\n\t\t\t\t\t\t<div class=\"elementor-element elementor-element-7dce040c elementor-widget elementor-widget-heading\" data-id=\"7dce040c\" data-element_type=\"widget\" data-e-type=\"widget\" data-widget_type=\"heading.default\">\n\t\t\t\t<div class=\"elementor-widget-container\">\n\t\t\t\t\t<h1 class=\"elementor-heading-title elementor-size-xxl\">Capucho Estate<\/h1>\t\t\t\t<\/div>\n\t\t\t\t<\/div>\n\t\t\t\t\t<\/div>\n\t\t<\/div>\n\t\t\t\t\t<\/div>\n\t\t<\/section>\n\t\t\t\t<section class=\"elementor-section elementor-top-section elementor-element elementor-element-283c514e elementor-section-boxed elementor-section-height-default elementor-section-height-default\" data-id=\"283c514e\" data-element_type=\"section\" data-e-type=\"section\">\n\t\t\t\t\t\t<div class=\"elementor-container elementor-column-gap-default\">\n\t\t\t\t\t<div class=\"elementor-column elementor-col-100 elementor-top-column elementor-element elementor-element-6ec79b14\" data-id=\"6ec79b14\" data-element_type=\"column\" data-e-type=\"column\">\n\t\t\t<div class=\"elementor-widget-wrap elementor-element-populated\">\n\t\t\t\t\t\t<div class=\"elementor-element elementor-element-66b21948 elementor-widget elementor-widget-google_maps\" data-id=\"66b21948\" data-element_type=\"widget\" data-e-type=\"widget\" data-widget_type=\"google_maps.default\">\n\t\t\t\t<div class=\"elementor-widget-container\">\n\t\t\t\t\t\t\t<div class=\"elementor-custom-embed\">\n\t\t\t<iframe loading=\"lazy\"\n\t\t\t\t\tsrc=\"https:\/\/maps.google.com\/maps?q=C.%20Menorca%2C%2015%2C%2003550%20San%20Juan%20de%20Alicante%2C%20Alicante&#038;t=m&#038;z=15&#038;output=embed&#038;iwloc=near\"\n\t\t\t\t\ttitle=\"C. Menorca, 15, 03550 San Juan de Alicante, Alicante\"\n\t\t\t\t\taria-label=\"C. Menorca, 15, 03550 San Juan de Alicante, Alicante\"\n\t\t\t><\/iframe>\n\t\t<\/div>\n\t\t\t\t\t\t<\/div>\n\t\t\t\t<\/div>\n\t\t\t\t\t<\/div>\n\t\t<\/div>\n\t\t\t\t\t<\/div>\n\t\t<\/section>\n\t\t\t\t<section class=\"elementor-section elementor-top-section elementor-element elementor-element-32424ac0 elementor-section-boxed elementor-section-height-default elementor-section-height-default\" data-id=\"32424ac0\" data-element_type=\"section\" data-e-type=\"section\">\n\t\t\t\t\t\t<div class=\"elementor-container elementor-column-gap-default\">\n\t\t\t\t\t<div class=\"elementor-column elementor-col-100 elementor-top-column elementor-element elementor-element-563b29e8\" data-id=\"563b29e8\" data-element_type=\"column\" data-e-type=\"column\">\n\t\t\t<div class=\"elementor-widget-wrap elementor-element-populated\">\n\t\t\t\t\t\t<div class=\"elementor-element elementor-element-64aba362 elementor-widget elementor-widget-text-editor\" data-id=\"64aba362\" data-element_type=\"widget\" data-e-type=\"widget\" data-widget_type=\"text-editor.default\">\n\t\t\t\t<div class=\"elementor-widget-container\">\n\t\t\t\t\t\t\t\t\t<div class=\"wpb_text_column wpb_content_element \"><div class=\"wpb_wrapper\"><p align=\"JUSTIFY\">Located in the Fabraquer area, next to the Camino Reial de la Vila Joiosa. There is evidence that the <a href=\"http:\/\/www.academia.edu\/17595632\/Un_paseo_por_la_arquitectura_residencial_del_siglo_XIX_de_Alicante\">Capucho estate<\/a> already existed in the 17th century, but it could have been built earlier. Since then it has been the gardening residence of the <strong>Barons of Finestrat<\/strong>. The wines and silks harvested on this estate were so famous that they were exhibited as worthy Alicante articles at the <strong><a href=\"http:\/\/rua.ua.es\/dspace\/handle\/10045\/9896\">Great London Exhibition of 1851<\/a><\/strong>, where different types of wine and silks, products from the estates of the area, were selected.<strong> <\/strong>Fifth Baron of Finestrat.<\/p><p align=\"JUSTIFY\">The lineage of the Barons of Finestrat has been linked to Finca Capucho since its origins. The <strong>First Baron of Finestrat, D. Jacinto Forner y Bernab\u00e9u<\/strong> together with his wife <strong>Mrs. Jacinta Talayero y Torres<\/strong> They celebrated their daughter&#8217;s wedding in the oratory of the estate. <strong>II Baroness of Finestrat, Mrs. Josefa Jorner y Talayero (1661-1718)<\/strong> who married here the prestigious jury of Alicante, <a href=\"http:\/\/www.abcgenealogia.com\/PasqualPobil00.html\"><strong>Mr. Jos\u00e9 Pascual del Pobil y Gisbert<\/strong><\/a>, famous for his defense of the city of Alicante, from the bastion of San Carlos, during the bombardment by sea by the French Navy in 1691. Since that marriage, the fertility of the family has been the dominant trend, since the Barons of Finestrat had at least 10 children for each generation, at least until the middle of the 19th century.<\/p><p align=\"JUSTIFY\">During the first half of the 18th century, the Capucho estate was owned by the <strong>5th Baron of Finestrat from Alicante, D. Jos\u00e9 Mar\u00eda Pascual del Pobil y Guzm\u00e1n (1777-1864).<\/strong> In 1816 he married the Valencian woman in the Capucho oratory. <strong>Mrs. Esperanza Estell\u00e9s and Cervera<\/strong>, with whom he had fourteen children. One of his daughters, <strong>Mrs. Easter Conception of Pobil Estell\u00e9<\/strong>s, the thirteenth that would end up residing on the farm that gave it its name, <a href=\"https:\/\/www.turismosantjoan.es\/?page_id=99995417\">La Concepci\u00f3n farm<\/a>, located in the urban area of \u200b\u200bSant Joan d&#8217;Alacant.<\/p><\/div><\/div>\t\t\t\t\t\t\t\t<\/div>\n\t\t\t\t<\/div>\n\t\t\t\t<div class=\"elementor-element elementor-element-fcbfa33 elementor-widget elementor-widget-image\" data-id=\"fcbfa33\" data-element_type=\"widget\" data-e-type=\"widget\" data-widget_type=\"image.default\">\n\t\t\t\t<div class=\"elementor-widget-container\">\n\t\t\t\t\t\t\t\t\t\t\t\t\t\t\t<img fetchpriority=\"high\" decoding=\"async\" width=\"768\" height=\"461\" src=\"https:\/\/turismosantjoan.es\/wp-content\/uploads\/2023\/07\/finca-capucho-exposicion-universal-1851orig-768x461.jpeg\" class=\"attachment-medium_large size-medium_large wp-image-3383\" alt=\"\" srcset=\"https:\/\/turismosantjoan.es\/wp-content\/uploads\/2023\/07\/finca-capucho-exposicion-universal-1851orig-768x461.jpeg 768w, https:\/\/turismosantjoan.es\/wp-content\/uploads\/2023\/07\/finca-capucho-exposicion-universal-1851orig-300x180.jpeg 300w, https:\/\/turismosantjoan.es\/wp-content\/uploads\/2023\/07\/finca-capucho-exposicion-universal-1851orig-1024x615.jpeg 1024w, https:\/\/turismosantjoan.es\/wp-content\/uploads\/2023\/07\/finca-capucho-exposicion-universal-1851orig.jpeg 1100w\" sizes=\"(max-width: 768px) 100vw, 768px\" \/>\t\t\t\t\t\t\t\t\t\t\t\t\t\t\t<\/div>\n\t\t\t\t<\/div>\n\t\t\t\t<div class=\"elementor-element elementor-element-91a4470 elementor-widget elementor-widget-text-editor\" data-id=\"91a4470\" data-element_type=\"widget\" data-e-type=\"widget\" data-widget_type=\"text-editor.default\">\n\t\t\t\t<div class=\"elementor-widget-container\">\n\t\t\t\t\t\t\t\t\t<p>Universal Exhibition in London where products from Alicante were exhibited. 1851<\/p>\t\t\t\t\t\t\t\t<\/div>\n\t\t\t\t<\/div>\n\t\t\t\t<div class=\"elementor-element elementor-element-751f220 elementor-widget elementor-widget-text-editor\" data-id=\"751f220\" data-element_type=\"widget\" data-e-type=\"widget\" data-widget_type=\"text-editor.default\">\n\t\t\t\t<div class=\"elementor-widget-container\">\n\t\t\t\t\t\t\t\t\t<div class=\"wpb_text_column wpb_content_element \"><div class=\"wpb_wrapper\"><p align=\"JUSTIFY\"><a href=\"https:\/\/dialnet.unirioja.es\/servlet\/autor?codigo=98946\">La finca Capucho<\/a> is made up of several buildings that have been attached to the main one in addition to other buildings distributed throughout the farm. It is still possible to recognize the oldest building with characteristics from the 18th century, such as the sloping gable roofs and eaves with pronounced projections, trimmed wooden flashings and flat tiles. On the ground floor there is a passage that connects the interior of this building with the patio, allowing agricultural work to be separated from domestic work. The ocher facades are the result of different transformations over the centuries. The original property was divided into two parts, one is inhabited and in good condition, while the other is abandoned and very deteriorated. The oratory or chapel is not preserved.<\/p><p align=\"JUSTIFY\">The rooms for social life are located on the main floor, while on the upper floor we find the rooms for private life. Throughout the last decades of the 20th century, the structure of this property has been modified to house different single-family homes, in one of which the famous 20th century architect, <a href=\"http:\/\/www.via-arquitectura.net\/04_prem\/04p-144.htm\"><strong>Mr. Juan Guardiola Gaya<\/strong><\/a>, resided. \u00abAlthough Catalan by origin, academic training and character, almost all of his professional work is developed in the province of Alicante since, since he arrived in this city (1959) he carried out his profession uninterruptedly from his studios on San Francisco Street, from Gerona street in Alicante and from his Capucho estate in Sant Joan d&#8217;Alacant. Mr. Juan Guardiola rehabilitated the stables and other storage rooms. On top of the stables themselves, maintaining part and building a new height, Guardiola built his house-studio in which he lived until his death in October 2005. Juan was passionate about gardens and the exotic species with which he rehabilitated those of Capucho, so he managed to ensure that the vegetation sheltered, trapped and hid the different built bodies.<\/p><p align=\"JUSTIFY\">The Capucho garden has always been one of the most famous in ancient times, crossed by two cross-shaped paths, with a pond in the center and various plant areas of great interest. Currently, it preserves countless protected specimens of species such as cork oak, cypress, holm oak, ficus, elm, pine, oak, yucca, hackberry and much more. In the past there was a un<em>foille<\/em> or small construction that was intended for the delight of garden users.<\/p><\/div><\/div>\t\t\t\t\t\t\t\t<\/div>\n\t\t\t\t<\/div>\n\t\t\t\t<div class=\"elementor-element elementor-element-595e3d5 elementor-widget elementor-widget-image\" data-id=\"595e3d5\" data-element_type=\"widget\" data-e-type=\"widget\" data-widget_type=\"image.default\">\n\t\t\t\t<div class=\"elementor-widget-container\">\n\t\t\t\t\t\t\t\t\t\t\t\t\t\t\t<img decoding=\"async\" width=\"768\" height=\"531\" src=\"https:\/\/turismosantjoan.es\/wp-content\/uploads\/2023\/07\/finca-capucho-follie-768x531.jpg\" class=\"attachment-medium_large size-medium_large wp-image-3386\" alt=\"\" srcset=\"https:\/\/turismosantjoan.es\/wp-content\/uploads\/2023\/07\/finca-capucho-follie-768x531.jpg 768w, https:\/\/turismosantjoan.es\/wp-content\/uploads\/2023\/07\/finca-capucho-follie-300x208.jpg 300w, https:\/\/turismosantjoan.es\/wp-content\/uploads\/2023\/07\/finca-capucho-follie-1024x708.jpg 1024w, https:\/\/turismosantjoan.es\/wp-content\/uploads\/2023\/07\/finca-capucho-follie.jpg 1350w\" sizes=\"(max-width: 768px) 100vw, 768px\" \/>\t\t\t\t\t\t\t\t\t\t\t\t\t\t\t<\/div>\n\t\t\t\t<\/div>\n\t\t\t\t<div class=\"elementor-element elementor-element-12e97cb elementor-widget elementor-widget-text-editor\" data-id=\"12e97cb\" data-element_type=\"widget\" data-e-type=\"widget\" data-widget_type=\"text-editor.default\">\n\t\t\t\t<div class=\"elementor-widget-container\">\n\t\t\t\t\t\t\t\t\t<p>Follie from Finca Capucho, not currently preserved (Sant Joan d&#8217;Alacant)<\/p>\t\t\t\t\t\t\t\t<\/div>\n\t\t\t\t<\/div>\n\t\t\t\t<div class=\"elementor-element elementor-element-2de5525 elementor-widget elementor-widget-text-editor\" data-id=\"2de5525\" data-element_type=\"widget\" data-e-type=\"widget\" data-widget_type=\"text-editor.default\">\n\t\t\t\t<div class=\"elementor-widget-container\">\n\t\t\t\t\t\t\t\t\t<div class=\"wpb_text_column wpb_content_element \"><div class=\"wpb_wrapper\"><div class=\"wpb_text_column wpb_content_element \"><div class=\"wpb_wrapper\"><p align=\"JUSTIFY\">The farm borders the Benimagrell path, forming one of the four roads that gives its name to the mythical enclave. This area is one of the few in Fabraquer that still preserves farm fields. But the greatest period of prosperity for Alicante agriculture was in the mid-19th century, when vineyard cultivation was in full expansion. At that time, owners of large areas of the Huerta, such as those of the Capucho estate, &#8220;expanded the agricultural area dedicated to the cultivation of vines&#8221;<em>&#8230;<\/em> <a href=\"http:\/\/rua.ua.es\/dspace\/handle\/10045\/9896\">which distributed<\/a> <em>&#8220;<\/em>&#8230;in the English and French markets the fondillon wine from Alicante, the Jijona grape or the Denia raisin.<\/p><p align=\"JUSTIFY\">The quality of Alicante wine was so high that it enjoyed tremendous demand abroad. For this reason, when the Great Exhibition in London was held in 1851, the Spanish government prepared a catalog with the Spanish products that would attend on behalf of the country. The Ministry of Commerce selected all the agricultural products of Alicante: almonds, esparto grass, barralla and, most notably, <a href=\"http:\/\/rua.ua.es\/dspace\/handle\/10045\/9896\">fondillon wine<\/a>.<\/p><\/div><\/div><\/div><\/div>\t\t\t\t\t\t\t\t<\/div>\n\t\t\t\t<\/div>\n\t\t\t\t\t<\/div>\n\t\t<\/div>\n\t\t\t\t\t<\/div>\n\t\t<\/section>\n\t\t\t\t<section class=\"elementor-section elementor-top-section elementor-element elementor-element-31687d6d elementor-section-boxed elementor-section-height-default elementor-section-height-default\" data-id=\"31687d6d\" data-element_type=\"section\" data-e-type=\"section\">\n\t\t\t\t\t\t<div class=\"elementor-container elementor-column-gap-default\">\n\t\t\t\t\t<div class=\"elementor-column elementor-col-100 elementor-top-column elementor-element elementor-element-59c4f129\" data-id=\"59c4f129\" data-element_type=\"column\" data-e-type=\"column\">\n\t\t\t<div class=\"elementor-widget-wrap elementor-element-populated\">\n\t\t\t\t\t\t<div class=\"elementor-element elementor-element-3e7e424c elementor-arrows-position-inside elementor-pagination-position-outside elementor-widget elementor-widget-image-carousel\" data-id=\"3e7e424c\" data-element_type=\"widget\" data-e-type=\"widget\" data-settings=\"{&quot;slides_to_show&quot;:&quot;1&quot;,&quot;navigation&quot;:&quot;both&quot;,&quot;autoplay&quot;:&quot;yes&quot;,&quot;pause_on_hover&quot;:&quot;yes&quot;,&quot;pause_on_interaction&quot;:&quot;yes&quot;,&quot;autoplay_speed&quot;:5000,&quot;infinite&quot;:&quot;yes&quot;,&quot;effect&quot;:&quot;slide&quot;,&quot;speed&quot;:500}\" data-widget_type=\"image-carousel.default\">\n\t\t\t\t<div class=\"elementor-widget-container\">\n\t\t\t\t\t\t\t<div class=\"elementor-image-carousel-wrapper swiper\" role=\"region\" aria-roledescription=\"carousel\" aria-label=\"Image Carousel\" dir=\"ltr\">\n\t\t\t<div class=\"elementor-image-carousel swiper-wrapper\" aria-live=\"off\">\n\t\t\t\t\t\t\t\t<div class=\"swiper-slide\" role=\"group\" aria-roledescription=\"slide\" aria-label=\"1 of 5\"><figure class=\"swiper-slide-inner\"><img decoding=\"async\" class=\"swiper-slide-image\" src=\"https:\/\/turismosantjoan.es\/wp-content\/uploads\/2023\/07\/finca-capucho-2.jpeg\" alt=\"finca capucho 2\" \/><\/figure><\/div><div class=\"swiper-slide\" role=\"group\" aria-roledescription=\"slide\" aria-label=\"2 of 5\"><figure class=\"swiper-slide-inner\"><img decoding=\"async\" class=\"swiper-slide-image\" src=\"https:\/\/turismosantjoan.es\/wp-content\/uploads\/2023\/07\/finca-capucho-3.gif\" alt=\"finca capucho 3\" \/><\/figure><\/div><div class=\"swiper-slide\" role=\"group\" aria-roledescription=\"slide\" aria-label=\"3 of 5\"><figure class=\"swiper-slide-inner\"><img decoding=\"async\" class=\"swiper-slide-image\" src=\"https:\/\/turismosantjoan.es\/wp-content\/uploads\/2023\/07\/finca-capucho-1.jpeg\" alt=\"finca-capucho 1\" \/><\/figure><\/div><div class=\"swiper-slide\" role=\"group\" aria-roledescription=\"slide\" aria-label=\"4 of 5\"><figure class=\"swiper-slide-inner\"><img decoding=\"async\" class=\"swiper-slide-image\" src=\"https:\/\/turismosantjoan.es\/wp-content\/uploads\/2023\/07\/fincha-capucho-3.gif\" alt=\"fincha capucho 3\" \/><\/figure><\/div><div class=\"swiper-slide\" role=\"group\" aria-roledescription=\"slide\" aria-label=\"5 of 5\"><figure class=\"swiper-slide-inner\"><img decoding=\"async\" class=\"swiper-slide-image\" src=\"https:\/\/turismosantjoan.es\/wp-content\/uploads\/2023\/07\/caminos-tradicionales-1200x800-1.gif\" alt=\"caminos-tradicionales-1200x800\" \/><\/figure><\/div>\t\t\t<\/div>\n\t\t\t\t\t\t\t\t\t\t\t\t<div class=\"elementor-swiper-button elementor-swiper-button-prev\" role=\"button\" tabindex=\"0\">\n\t\t\t\t\t\t<i aria-hidden=\"true\" class=\"eicon-chevron-left\"><\/i>\t\t\t\t\t<\/div>\n\t\t\t\t\t<div class=\"elementor-swiper-button elementor-swiper-button-next\" role=\"button\" tabindex=\"0\">\n\t\t\t\t\t\t<i aria-hidden=\"true\" class=\"eicon-chevron-right\"><\/i>\t\t\t\t\t<\/div>\n\t\t\t\t\n\t\t\t\t\t\t\t\t\t<div class=\"swiper-pagination\"><\/div>\n\t\t\t\t\t\t\t\t\t<\/div>\n\t\t\t\t\t\t<\/div>\n\t\t\t\t<\/div>\n\t\t\t\t\t<\/div>\n\t\t<\/div>\n\t\t\t\t\t<\/div>\n\t\t<\/section>\n\t\t\t\t<section class=\"elementor-section elementor-top-section elementor-element elementor-element-26039d22 elementor-section-boxed elementor-section-height-default elementor-section-height-default\" data-id=\"26039d22\" data-element_type=\"section\" data-e-type=\"section\">\n\t\t\t\t\t\t<div class=\"elementor-container elementor-column-gap-default\">\n\t\t\t\t\t<div class=\"elementor-column elementor-col-100 elementor-top-column elementor-element elementor-element-11caa7e5\" data-id=\"11caa7e5\" data-element_type=\"column\" data-e-type=\"column\">\n\t\t\t<div class=\"elementor-widget-wrap elementor-element-populated\">\n\t\t\t\t\t\t<div class=\"elementor-element elementor-element-32b00ec2 elementor-widget elementor-widget-heading\" data-id=\"32b00ec2\" data-element_type=\"widget\" data-e-type=\"widget\" data-widget_type=\"heading.default\">\n\t\t\t\t<div class=\"elementor-widget-container\">\n\t\t\t\t\t<h2 class=\"elementor-heading-title elementor-size-default\">Did you know that...?<\/h2>\t\t\t\t<\/div>\n\t\t\t\t<\/div>\n\t\t\t\t<div class=\"elementor-element elementor-element-af17f82 elementor-widget elementor-widget-text-editor\" data-id=\"af17f82\" data-element_type=\"widget\" data-e-type=\"widget\" data-widget_type=\"text-editor.default\">\n\t\t\t\t<div class=\"elementor-widget-container\">\n\t\t\t\t\t\t\t\t\t<p align=\"JUSTIFY\"><strong>The III Baron of Finestrat, D. Nicol\u00e1s Pasqual del Pobil y Forner (1692-1771)<\/strong>, married the <strong>Alicante Ms. Vicenta Rovira y Salafranca<\/strong> and they had 13 children. Next in line is the <strong>IV Baron, Mr. Francisco Pasqual del Pobil y Rovira<\/strong>, who married <strong>Mar\u00eda Magdalena Guzm\u00e1n y Soler<\/strong> in Madrid, who also had 13 other children. His daughter Mrs. Vicenta Pasqual del Pobil y Guzm\u00e1n, died at the Capucho ranch and was buried at Santa Faz.<\/p><p align=\"JUSTIFY\">The <strong>V Baron of Finestrat<\/strong> from Alicante, Mr. Jos\u00e9 Mar\u00eda Pascual del Pobil y Guzm\u00e1n (1777-1864) and his wife Mrs. Esperanza Estell\u00e9s and Cervera had fourteen children. Viravens, in his chronicle published in 1876, cites as owners of the Capucho estate <strong>the son of Baron Mr. Emilio Pascual del Pobil y Estell\u00e9s (1830-1902)<\/strong>, born on the estate, and his brother-in-law, <strong>Mr. Juan Pasqual de Bonanza y Roca de Togores<\/strong>. , who was mayor of Alicante, married to Mrs. Mar\u00eda Josefa.<\/p><p align=\"JUSTIFY\">Brother <strong>Mr. Jos\u00e9 Pascual del Pobil y Estell\u00e9s<\/strong> married <strong>Mrs. Rosa Martos Postestad<\/strong> and they had the <strong>VI Baron of Finestrat, Mr. Jos\u00e9 Mar\u00eda Pascual del Pobil y Marcos<\/strong>, who was president of the Alicante Huerta Irrigation Union until 1879.<\/p><p align=\"JUSTIFY\"><strong>Mr. Emilio Pasqual del Pobil y Estell\u00e9s<\/strong>, entered the Royal Navy and took a position in the Military Naval College in 1846. As a Lieutenant, he commanded the felucca &#8220;San Fernando&#8221; in Philippine waters. He went around the world in the corvette &#8220;Ferrolana&#8221;, being Commander of the Alicante Navy in 1890. He married Elisa Wallace and Dugraise in 1859, and his second wife was his sister-in-law. <strong>Mrs. Mar\u00eda Luisa Chicheri y Ars\u00fa<\/strong>, in 1866 in the city of Rome.<\/p><p align=\"JUSTIFY\">The son of the second marriage, <strong>Mr. Emilio Pasqual del Pobil y Chicheri<\/strong> married <strong>Concepci\u00f3n Sandoval y Bassecourt (1864-1904)<\/strong>. The granddaughter <strong>Mrs. Pascual Conception of Pobil and Sandoval<\/strong> She married in 1891 with <strong>Nicol\u00e1s Franco Bahamonde (brother of the Caudillo)<\/strong>.<\/p><p align=\"JUSTIFY\">On the other hand, Mr. Francisco Pasqual del Pobil y Estell\u00e9s, (1829-1863) married Mar\u00eda Luisa Chicheri y Ars\u00fa (1839-1916), in 1862 in Alicante. Three years after his death, Mar\u00eda Luisa married her brother-in-law, D. Emilio. From that second marriage, their son married Mrs. Mar\u00eda Victoria Ravello S\u00e1nchez, the birth of what would be the second wife of the Caudillo&#8217;s brother, D. Nicol\u00e1s, <strong>Mrs. Isabel Pascual del Pobil and Ravello<\/strong>.<\/p><p align=\"JUSTIFY\">It is deduced therefore that the granddaughter of Mrs. Mar\u00eda Luisa Chicheri y Ars\u00fa, <strong>Mrs. Isabel Pascual del Pobil and Ravello<\/strong>, gets married two years after the death of her other granddaughter, <strong>Mrs. Pascual Conception of Pobil and Sandoval<\/strong> in 1930, with the same man, the Inspector General of the Corps of Naval Engineers and Ambassador of Spain, D. Nicol\u00e1s Franco. Therefore, Mr. Nicol\u00e1s was able to enjoy the Capucho estate from his first marriage in 1924 until his death in 1977. At his bedside in Madrid, he was accompanied to the funeral by his wife and son, <strong>Mr. Nicol\u00e1s Franco Pascual de Pobil, nephew of General Franco<\/strong>, and some other relatives, as well as a group of senior Navy officers.<\/p><p align=\"JUSTIFY\"><a href=\"http:\/\/queaprendemoshoy.com\/don-juan-carlos-y-santiago-carrillo-dos-hombres-obligados-a-entenderse\/\">Mr. Nicol\u00e1s Franco Pascual del Pobil<\/a> He played an important role at the end of the Franco regime, where he contributed to the first rapprochement of D. Juan Carlos, named Head of State, because he was his childhood friend and at the same time he was Franco&#8217;s nephew with D. Santiago Carrillo, who was in exile. in France. Don Juan Carlos knew that after the death of the dictator, a path was necessary that would lead Spain to democracy, which is why he was trying to contact the communist leader and hold the first conversations in favor of harmony.<\/p>\t\t\t\t\t\t\t\t<\/div>\n\t\t\t\t<\/div>\n\t\t\t\t\t<\/div>\n\t\t<\/div>\n\t\t\t\t\t<\/div>\n\t\t<\/section>\n\t\t\t\t<\/div>\n\t\t","protected":false},"excerpt":{"rendered":"<p>Capucho Estate Located in the Fabraquer area, next to the Camino Reial de la Vila Joiosa. There is evidence that the Capucho estate already existed in the 17th century, but it could have been built earlier. Since then it has been the gardening residence of the Barons of Finestrat. The wines and silks harvested on [&hellip;]<\/p>\n","protected":false},"author":1,"featured_media":0,"parent":0,"menu_order":0,"comment_status":"closed","ping_status":"closed","template":"","meta":{"footnotes":""},"class_list":["post-7646","page","type-page","status-publish","hentry"],"_links":{"self":[{"href":"https:\/\/turismosantjoan.es\/en\/wp-json\/wp\/v2\/pages\/7646","targetHints":{"allow":["GET"]}}],"collection":[{"href":"https:\/\/turismosantjoan.es\/en\/wp-json\/wp\/v2\/pages"}],"about":[{"href":"https:\/\/turismosantjoan.es\/en\/wp-json\/wp\/v2\/types\/page"}],"author":[{"embeddable":true,"href":"https:\/\/turismosantjoan.es\/en\/wp-json\/wp\/v2\/users\/1"}],"replies":[{"embeddable":true,"href":"https:\/\/turismosantjoan.es\/en\/wp-json\/wp\/v2\/comments?post=7646"}],"version-history":[{"count":0,"href":"https:\/\/turismosantjoan.es\/en\/wp-json\/wp\/v2\/pages\/7646\/revisions"}],"wp:attachment":[{"href":"https:\/\/turismosantjoan.es\/en\/wp-json\/wp\/v2\/media?parent=7646"}],"curies":[{"name":"wp","href":"https:\/\/api.w.org\/{rel}","templated":true}]}}