{"id":7686,"date":"2023-08-03T09:43:34","date_gmt":"2023-08-03T09:43:34","guid":{"rendered":"https:\/\/turismo-sj.developersasapglobalsolution.com\/the-song-of-sorrows\/"},"modified":"2023-09-22T19:36:39","modified_gmt":"2023-09-22T19:36:39","slug":"the-song-of-sorrows","status":"publish","type":"page","link":"https:\/\/turismosantjoan.es\/en\/the-song-of-sorrows\/","title":{"rendered":"The Song of Sorrows"},"content":{"rendered":"\t\t<div data-elementor-type=\"wp-page\" data-elementor-id=\"7686\" class=\"elementor elementor-7686 elementor-4054\" data-elementor-post-type=\"page\">\n\t\t\t\t\t\t<section class=\"elementor-section elementor-top-section elementor-element elementor-element-74b93970 elementor-section-boxed elementor-section-height-default elementor-section-height-default\" data-id=\"74b93970\" data-element_type=\"section\" data-e-type=\"section\" data-settings=\"{&quot;shape_divider_top&quot;:&quot;mountains&quot;,&quot;background_background&quot;:&quot;classic&quot;}\">\n\t\t\t\t\t<div class=\"elementor-shape elementor-shape-top\" aria-hidden=\"true\" data-negative=\"false\">\n\t\t\t<svg xmlns=\"http:\/\/www.w3.org\/2000\/svg\" viewBox=\"0 0 1000 100\" preserveAspectRatio=\"none\">\n\t<path class=\"elementor-shape-fill\" opacity=\"0.33\" d=\"M473,67.3c-203.9,88.3-263.1-34-320.3,0C66,119.1,0,59.7,0,59.7V0h1000v59.7 c0,0-62.1,26.1-94.9,29.3c-32.8,3.3-62.8-12.3-75.8-22.1C806,49.6,745.3,8.7,694.9,4.7S492.4,59,473,67.3z\"\/>\n\t<path class=\"elementor-shape-fill\" opacity=\"0.66\" d=\"M734,67.3c-45.5,0-77.2-23.2-129.1-39.1c-28.6-8.7-150.3-10.1-254,39.1 s-91.7-34.4-149.2,0C115.7,118.3,0,39.8,0,39.8V0h1000v36.5c0,0-28.2-18.5-92.1-18.5C810.2,18.1,775.7,67.3,734,67.3z\"\/>\n\t<path class=\"elementor-shape-fill\" d=\"M766.1,28.9c-200-57.5-266,65.5-395.1,19.5C242,1.8,242,5.4,184.8,20.6C128,35.8,132.3,44.9,89.9,52.5C28.6,63.7,0,0,0,0 h1000c0,0-9.9,40.9-83.6,48.1S829.6,47,766.1,28.9z\"\/>\n<\/svg>\t\t<\/div>\n\t\t\t\t\t<div class=\"elementor-container elementor-column-gap-no\">\n\t\t\t\t\t<div class=\"elementor-column elementor-col-100 elementor-top-column elementor-element elementor-element-49223f08\" data-id=\"49223f08\" data-element_type=\"column\" data-e-type=\"column\">\n\t\t\t<div class=\"elementor-widget-wrap elementor-element-populated\">\n\t\t\t\t\t\t<div class=\"elementor-element elementor-element-7d51dccf elementor-widget elementor-widget-heading\" data-id=\"7d51dccf\" data-element_type=\"widget\" data-e-type=\"widget\" data-widget_type=\"heading.default\">\n\t\t\t\t<div class=\"elementor-widget-container\">\n\t\t\t\t\t<h1 class=\"elementor-heading-title elementor-size-xxl\">The Song of Sorrows<\/h1>\t\t\t\t<\/div>\n\t\t\t\t<\/div>\n\t\t\t\t\t<\/div>\n\t\t<\/div>\n\t\t\t\t\t<\/div>\n\t\t<\/section>\n\t\t\t\t<section class=\"elementor-section elementor-top-section elementor-element elementor-element-2c5dcbde elementor-section-boxed elementor-section-height-default elementor-section-height-default\" data-id=\"2c5dcbde\" data-element_type=\"section\" data-e-type=\"section\">\n\t\t\t\t\t\t<div class=\"elementor-container elementor-column-gap-default\">\n\t\t\t\t\t<div class=\"elementor-column elementor-col-100 elementor-top-column elementor-element elementor-element-3c424687\" data-id=\"3c424687\" data-element_type=\"column\" data-e-type=\"column\">\n\t\t\t<div class=\"elementor-widget-wrap elementor-element-populated\">\n\t\t\t\t\t\t<div class=\"elementor-element elementor-element-7e084821 elementor-widget elementor-widget-text-editor\" data-id=\"7e084821\" data-element_type=\"widget\" data-e-type=\"widget\" data-widget_type=\"text-editor.default\">\n\t\t\t\t<div class=\"elementor-widget-container\">\n\t\t\t\t\t\t\t\t\t<div class=\"wpb_text_column wpb_content_element \"><div class=\"wpb_wrapper\"><p align=\"JUSTIFY\">The Song of the Seven Sorrows of the Virgin is a polyphonic musical work, which the Basque maestro D. Juan Mar\u00eda Go\u00f1i L\u00f3pez de Muna\u00edn composed in Sant Joan in 1883, and which more than 130 years later is still sung in the Church of <a href=\"https:\/\/turismosantjoan.es\/en\/san-juan-bautista-parish-church\/\">San Juan Bautista<\/a> On Saturday of Passion, as an official beginning of the Santjoanera Holy Week. This prayer of simple harmonies combines the religious part with the historical and cultural part, since, over the years, it has become the most important legacy of the religious and popular music of Sant Joan.<\/p><p align=\"JUSTIFY\">Every Passion Saturday, hours before Palm Sunday, the Greater Board of Brotherhoods and Brotherhoods invites the singers of the Orfe\u00f3n San Juan and the instrumentalists of the La Paz Musical Society to the Song of Sorrows (in recent years a group has performed of students from the Professional Conservatory of Music &#8216;Villa de Sant Joan&#8217;). Nearly a hundred performers, who each year are directed by a musician or conductor invited by the Mayor Board, who offers the possibility of participating in the direction of this prayer to an outstanding artist.<\/p><\/div><\/div>\t\t\t\t\t\t\t\t<\/div>\n\t\t\t\t<\/div>\n\t\t\t\t<section class=\"elementor-section elementor-inner-section elementor-element elementor-element-9f52261 elementor-section-boxed elementor-section-height-default elementor-section-height-default\" data-id=\"9f52261\" data-element_type=\"section\" data-e-type=\"section\">\n\t\t\t\t\t\t<div class=\"elementor-container elementor-column-gap-default\">\n\t\t\t\t\t<div class=\"elementor-column elementor-col-50 elementor-inner-column elementor-element elementor-element-e4804a1\" data-id=\"e4804a1\" data-element_type=\"column\" data-e-type=\"column\">\n\t\t\t<div class=\"elementor-widget-wrap elementor-element-populated\">\n\t\t\t\t\t\t<div class=\"elementor-element elementor-element-acb1438 elementor-widget elementor-widget-image\" data-id=\"acb1438\" data-element_type=\"widget\" data-e-type=\"widget\" data-widget_type=\"image.default\">\n\t\t\t\t<div class=\"elementor-widget-container\">\n\t\t\t\t\t\t\t\t\t\t\t\t\t\t\t<img fetchpriority=\"high\" decoding=\"async\" width=\"800\" height=\"534\" src=\"https:\/\/turismosantjoan.es\/wp-content\/uploads\/2023\/09\/FOTO-DE-SUSTITUCION-1-OFRENDA-1024x683.jpg\" class=\"attachment-large size-large wp-image-6043\" alt=\"\" srcset=\"https:\/\/turismosantjoan.es\/wp-content\/uploads\/2023\/09\/FOTO-DE-SUSTITUCION-1-OFRENDA-1024x683.jpg 1024w, https:\/\/turismosantjoan.es\/wp-content\/uploads\/2023\/09\/FOTO-DE-SUSTITUCION-1-OFRENDA-300x200.jpg 300w, https:\/\/turismosantjoan.es\/wp-content\/uploads\/2023\/09\/FOTO-DE-SUSTITUCION-1-OFRENDA-768x512.jpg 768w, https:\/\/turismosantjoan.es\/wp-content\/uploads\/2023\/09\/FOTO-DE-SUSTITUCION-1-OFRENDA-1536x1024.jpg 1536w, https:\/\/turismosantjoan.es\/wp-content\/uploads\/2023\/09\/FOTO-DE-SUSTITUCION-1-OFRENDA-2048x1365.jpg 2048w\" sizes=\"(max-width: 800px) 100vw, 800px\" \/>\t\t\t\t\t\t\t\t\t\t\t\t\t\t\t<\/div>\n\t\t\t\t<\/div>\n\t\t\t\t\t<\/div>\n\t\t<\/div>\n\t\t\t\t<div class=\"elementor-column elementor-col-50 elementor-inner-column elementor-element elementor-element-9e56178\" data-id=\"9e56178\" data-element_type=\"column\" data-e-type=\"column\">\n\t\t\t<div class=\"elementor-widget-wrap elementor-element-populated\">\n\t\t\t\t\t\t<div class=\"elementor-element elementor-element-4186753 elementor-widget elementor-widget-image\" data-id=\"4186753\" data-element_type=\"widget\" data-e-type=\"widget\" data-widget_type=\"image.default\">\n\t\t\t\t<div class=\"elementor-widget-container\">\n\t\t\t\t\t\t\t\t\t\t\t\t\t\t\t<img decoding=\"async\" width=\"800\" height=\"534\" src=\"https:\/\/turismosantjoan.es\/wp-content\/uploads\/2023\/09\/FOTO-DE-SUSTITUCION-2-PARROQUIA-SAN-JUAN-BAUTISTA-1024x683.jpg\" class=\"attachment-large size-large wp-image-6046\" alt=\"\" srcset=\"https:\/\/turismosantjoan.es\/wp-content\/uploads\/2023\/09\/FOTO-DE-SUSTITUCION-2-PARROQUIA-SAN-JUAN-BAUTISTA-1024x683.jpg 1024w, https:\/\/turismosantjoan.es\/wp-content\/uploads\/2023\/09\/FOTO-DE-SUSTITUCION-2-PARROQUIA-SAN-JUAN-BAUTISTA-300x200.jpg 300w, https:\/\/turismosantjoan.es\/wp-content\/uploads\/2023\/09\/FOTO-DE-SUSTITUCION-2-PARROQUIA-SAN-JUAN-BAUTISTA-768x512.jpg 768w, https:\/\/turismosantjoan.es\/wp-content\/uploads\/2023\/09\/FOTO-DE-SUSTITUCION-2-PARROQUIA-SAN-JUAN-BAUTISTA-1536x1024.jpg 1536w, https:\/\/turismosantjoan.es\/wp-content\/uploads\/2023\/09\/FOTO-DE-SUSTITUCION-2-PARROQUIA-SAN-JUAN-BAUTISTA-2048x1365.jpg 2048w\" sizes=\"(max-width: 800px) 100vw, 800px\" \/>\t\t\t\t\t\t\t\t\t\t\t\t\t\t\t<\/div>\n\t\t\t\t<\/div>\n\t\t\t\t\t<\/div>\n\t\t<\/div>\n\t\t\t\t\t<\/div>\n\t\t<\/section>\n\t\t\t\t<div class=\"elementor-element elementor-element-cb07261 elementor-widget elementor-widget-text-editor\" data-id=\"cb07261\" data-element_type=\"widget\" data-e-type=\"widget\" data-widget_type=\"text-editor.default\">\n\t\t\t\t<div class=\"elementor-widget-container\">\n\t\t\t\t\t\t\t\t\t<div class=\"wpb_text_column wpb_content_element \"><div class=\"wpb_wrapper\"><p align=\"JUSTIFY\">Regardless of who the director is, what does not change is that the Dolores will be performed before the entire town, and that as has been traditional, for more than a hundred years, the &#8216;salary&#8217; that will be paid to the musicians is a dozen of eggs. Of course, the priests carry two dozen.<\/p><p align=\"JUSTIFY\">The data about the first representation of the Song of Sorrows date back to the end of the 19th century. Originally they were sung &#8216;a cappella&#8217; and it is not certain that any instrument or instrumental group, for which the scores had been lost, accompanied the voices, specifically, by low voices. Through information from the Parish Archive, the image of the Virgin of Sorrows has been venerated in our church since 1830, which would suggest the increase in devotion to the tradition of Los Dolores. We know in the town two different compositions made by the teachers Mr. Francisco Senante Laudes and Mr. Juan Mar\u00eda Go\u00f1i L\u00f3pez (1822-1884). Maestro Senante&#8217;s composition is probably older, but the one that is currently performed is that of maestro Go\u00f1i, a Basque composer, born in Salvatierra (\u00c1lava) who lived in Sant Joan during the final years of his life and was director of the Band. Musical de Sant Joan from 1877 until his death (he died precisely in 1884, possibly shortly after premiering the Song of Sorrows in 1883).<\/p><\/div><\/div>\t\t\t\t\t\t\t\t<\/div>\n\t\t\t\t<\/div>\n\t\t\t\t<section class=\"elementor-section elementor-inner-section elementor-element elementor-element-a207231 elementor-section-boxed elementor-section-height-default elementor-section-height-default\" data-id=\"a207231\" data-element_type=\"section\" data-e-type=\"section\">\n\t\t\t\t\t\t<div class=\"elementor-container elementor-column-gap-default\">\n\t\t\t\t\t<div class=\"elementor-column elementor-col-50 elementor-inner-column elementor-element elementor-element-b8168c0\" data-id=\"b8168c0\" data-element_type=\"column\" data-e-type=\"column\">\n\t\t\t<div class=\"elementor-widget-wrap elementor-element-populated\">\n\t\t\t\t\t\t<div class=\"elementor-element elementor-element-036125f elementor-widget elementor-widget-image\" data-id=\"036125f\" data-element_type=\"widget\" data-e-type=\"widget\" data-widget_type=\"image.default\">\n\t\t\t\t<div class=\"elementor-widget-container\">\n\t\t\t\t\t\t\t\t\t\t\t\t\t\t\t<img decoding=\"async\" width=\"800\" height=\"534\" src=\"https:\/\/turismosantjoan.es\/wp-content\/uploads\/2023\/09\/FOTO-DE-SUSTITUCION-3-CORO-1024x683.jpg\" class=\"attachment-large size-large wp-image-6049\" alt=\"\" srcset=\"https:\/\/turismosantjoan.es\/wp-content\/uploads\/2023\/09\/FOTO-DE-SUSTITUCION-3-CORO-1024x683.jpg 1024w, https:\/\/turismosantjoan.es\/wp-content\/uploads\/2023\/09\/FOTO-DE-SUSTITUCION-3-CORO-300x200.jpg 300w, https:\/\/turismosantjoan.es\/wp-content\/uploads\/2023\/09\/FOTO-DE-SUSTITUCION-3-CORO-768x512.jpg 768w, https:\/\/turismosantjoan.es\/wp-content\/uploads\/2023\/09\/FOTO-DE-SUSTITUCION-3-CORO.jpg 1500w\" sizes=\"(max-width: 800px) 100vw, 800px\" \/>\t\t\t\t\t\t\t\t\t\t\t\t\t\t\t<\/div>\n\t\t\t\t<\/div>\n\t\t\t\t\t<\/div>\n\t\t<\/div>\n\t\t\t\t<div class=\"elementor-column elementor-col-50 elementor-inner-column elementor-element elementor-element-faf5f26\" data-id=\"faf5f26\" data-element_type=\"column\" data-e-type=\"column\">\n\t\t\t<div class=\"elementor-widget-wrap elementor-element-populated\">\n\t\t\t\t\t\t<div class=\"elementor-element elementor-element-d50224f elementor-widget elementor-widget-image\" data-id=\"d50224f\" data-element_type=\"widget\" data-e-type=\"widget\" data-widget_type=\"image.default\">\n\t\t\t\t<div class=\"elementor-widget-container\">\n\t\t\t\t\t\t\t\t\t\t\t\t\t\t\t<img loading=\"lazy\" decoding=\"async\" width=\"800\" height=\"534\" src=\"https:\/\/turismosantjoan.es\/wp-content\/uploads\/2023\/09\/FOTO-DE-SUSTITUCION-3-CORO2-1024x683.jpg\" class=\"attachment-large size-large wp-image-6052\" alt=\"\" srcset=\"https:\/\/turismosantjoan.es\/wp-content\/uploads\/2023\/09\/FOTO-DE-SUSTITUCION-3-CORO2-1024x683.jpg 1024w, https:\/\/turismosantjoan.es\/wp-content\/uploads\/2023\/09\/FOTO-DE-SUSTITUCION-3-CORO2-300x200.jpg 300w, https:\/\/turismosantjoan.es\/wp-content\/uploads\/2023\/09\/FOTO-DE-SUSTITUCION-3-CORO2-768x512.jpg 768w, https:\/\/turismosantjoan.es\/wp-content\/uploads\/2023\/09\/FOTO-DE-SUSTITUCION-3-CORO2-1536x1024.jpg 1536w, https:\/\/turismosantjoan.es\/wp-content\/uploads\/2023\/09\/FOTO-DE-SUSTITUCION-3-CORO2-2048x1365.jpg 2048w\" sizes=\"(max-width: 800px) 100vw, 800px\" \/>\t\t\t\t\t\t\t\t\t\t\t\t\t\t\t<\/div>\n\t\t\t\t<\/div>\n\t\t\t\t\t<\/div>\n\t\t<\/div>\n\t\t\t\t\t<\/div>\n\t\t<\/section>\n\t\t\t\t<div class=\"elementor-element elementor-element-281fd12 elementor-widget elementor-widget-text-editor\" data-id=\"281fd12\" data-element_type=\"widget\" data-e-type=\"widget\" data-widget_type=\"text-editor.default\">\n\t\t\t\t<div class=\"elementor-widget-container\">\n\t\t\t\t\t\t\t\t\t<div class=\"wpb_text_column wpb_content_element \"><div class=\"wpb_wrapper\"><p align=\"JUSTIFY\">Therefore, the Sorrows were performed from its creation until the seventies, with the exception of the years of the Civil War, during Passion Week, prior to Holy Week. In the 70s they stopped ringing, but in 1994 the Board of Brotherhoods promoted its recovery by collecting the testimony of some people such as Ms. Dolores Caturla Ant\u00f3n or D. Antonio Climent Ferr\u00e1ndiz, thanks to whom the vocal part could be recovered. The latter, then director of the music band, created the new instrumentation based on the original according to memories and old scores. Los Dolores sounded again on March 22, 1997, Passion Saturday, in the Parish Church with the participation of the Orfe\u00f3n San Juan and the La Paz Musical Society. In 2002, the former director of the Orfe\u00f3n San Juan, Alberto Alcaraz Pastor, made the adaptation for four mixed voices and a band, which is how they are currently performed by the Orfe\u00f3n itself and a section of the La Paz Musical Society.<\/p><\/div><\/div>\t\t\t\t\t\t\t\t<\/div>\n\t\t\t\t<\/div>\n\t\t\t\t<div class=\"elementor-element elementor-element-f0b4462 elementor-widget elementor-widget-text-editor\" data-id=\"f0b4462\" data-element_type=\"widget\" data-e-type=\"widget\" data-widget_type=\"text-editor.default\">\n\t\t\t\t<div class=\"elementor-widget-container\">\n\t\t\t\t\t\t\t\t\t<p><a href=\"https:\/\/turismosantjoan.es\/wp-content\/uploads\/2023\/08\/letra-canto-de-los-dolores.pdf\">LETTER SONG OF PAINS<\/a><\/p>\t\t\t\t\t\t\t\t<\/div>\n\t\t\t\t<\/div>\n\t\t\t\t\t<\/div>\n\t\t<\/div>\n\t\t\t\t\t<\/div>\n\t\t<\/section>\n\t\t\t\t<section class=\"elementor-section elementor-top-section elementor-element elementor-element-21b539a5 elementor-section-boxed elementor-section-height-default elementor-section-height-default\" data-id=\"21b539a5\" data-element_type=\"section\" data-e-type=\"section\">\n\t\t\t\t\t\t<div class=\"elementor-container elementor-column-gap-default\">\n\t\t\t\t\t<div class=\"elementor-column elementor-col-100 elementor-top-column elementor-element elementor-element-e558675\" data-id=\"e558675\" data-element_type=\"column\" data-e-type=\"column\">\n\t\t\t<div class=\"elementor-widget-wrap elementor-element-populated\">\n\t\t\t\t\t\t<div class=\"elementor-element elementor-element-55b3513d elementor-widget elementor-widget-heading\" data-id=\"55b3513d\" data-element_type=\"widget\" data-e-type=\"widget\" data-widget_type=\"heading.default\">\n\t\t\t\t<div class=\"elementor-widget-container\">\n\t\t\t\t\t<h2 class=\"elementor-heading-title elementor-size-default\">Did you know that...?<\/h2>\t\t\t\t<\/div>\n\t\t\t\t<\/div>\n\t\t\t\t<div class=\"elementor-element elementor-element-f09e9e9 elementor-widget elementor-widget-text-editor\" data-id=\"f09e9e9\" data-element_type=\"widget\" data-e-type=\"widget\" data-widget_type=\"text-editor.default\">\n\t\t\t\t<div class=\"elementor-widget-container\">\n\t\t\t\t\t\t\t\t\t<p align=\"JUSTIFY\">Popular devotion to the Sorrows of the Virgin began throughout Christendom around the Middle Ages. As part of the devotion, some associated songs appeared that were performed during Lent and Holy Week, along with the rest of the pious and devotional acts, such as the cults and processions with the images of the Passion. In the old Kingdom of Valencia, some data place these songs in the 16th century. The work, originally, presented characteristics very similar to those of other &#8216;Dolores&#8217; to the Virgin, framed in the popular European Marian tradition, closely related to the Via Crucis, and whose origin is found in the late Middle Ages. With a predominantly homophonic structure, with simple harmonies, full of lyricism and described in a minor key, the elements of each season (pain) are described in the Bible (Gospels) following the most dramatic moments in Mary&#8217;s life. The Seven Sorrows of the Virgin Mary are based on biblical episodes from the Gospels: the prophecy to Simeon, the flight to Egypt, the loss of Jesus in the temple, the encounter with Jesus on the way to Calvary, Mary at the foot of the Cross, the death of Jesus and the burial of Christ.<\/p>\t\t\t\t\t\t\t\t<\/div>\n\t\t\t\t<\/div>\n\t\t\t\t\t<\/div>\n\t\t<\/div>\n\t\t\t\t\t<\/div>\n\t\t<\/section>\n\t\t\t\t<\/div>\n\t\t","protected":false},"excerpt":{"rendered":"<p>The Song of Sorrows The Song of the Seven Sorrows of the Virgin is a polyphonic musical work, which the Basque maestro D. Juan Mar\u00eda Go\u00f1i L\u00f3pez de Muna\u00edn composed in Sant Joan in 1883, and which more than 130 years later is still sung in the Church of San Juan Bautista On Saturday of [&hellip;]<\/p>\n","protected":false},"author":1,"featured_media":0,"parent":0,"menu_order":0,"comment_status":"closed","ping_status":"closed","template":"","meta":{"footnotes":""},"class_list":["post-7686","page","type-page","status-publish","hentry"],"_links":{"self":[{"href":"https:\/\/turismosantjoan.es\/en\/wp-json\/wp\/v2\/pages\/7686","targetHints":{"allow":["GET"]}}],"collection":[{"href":"https:\/\/turismosantjoan.es\/en\/wp-json\/wp\/v2\/pages"}],"about":[{"href":"https:\/\/turismosantjoan.es\/en\/wp-json\/wp\/v2\/types\/page"}],"author":[{"embeddable":true,"href":"https:\/\/turismosantjoan.es\/en\/wp-json\/wp\/v2\/users\/1"}],"replies":[{"embeddable":true,"href":"https:\/\/turismosantjoan.es\/en\/wp-json\/wp\/v2\/comments?post=7686"}],"version-history":[{"count":0,"href":"https:\/\/turismosantjoan.es\/en\/wp-json\/wp\/v2\/pages\/7686\/revisions"}],"wp:attachment":[{"href":"https:\/\/turismosantjoan.es\/en\/wp-json\/wp\/v2\/media?parent=7686"}],"curies":[{"name":"wp","href":"https:\/\/api.w.org\/{rel}","templated":true}]}}